{"id":4909,"date":"2023-12-17T09:46:28","date_gmt":"2023-12-17T09:46:28","guid":{"rendered":"https:\/\/bodymed.ee\/kkk\/"},"modified":"2023-12-20T10:16:39","modified_gmt":"2023-12-20T10:16:39","slug":"kkk","status":"publish","type":"page","link":"https:\/\/bodymed.ee\/az\/kkk\/","title":{"rendered":"KKK"},"content":{"rendered":"\t\t<div data-elementor-type=\"wp-page\" data-elementor-id=\"4909\" class=\"elementor elementor-4909 elementor-1256\">\n\t\t\t\t\t\t<section class=\"elementor-section elementor-top-section elementor-element elementor-element-5f73501f elementor-section-content-middle elementor-section-boxed elementor-section-height-default elementor-section-height-default\" data-id=\"5f73501f\" data-element_type=\"section\" data-e-type=\"section\">\n\t\t\t\t\t\t<div class=\"elementor-container elementor-column-gap-no\">\n\t\t\t\t\t<div class=\"elementor-column elementor-col-100 elementor-top-column elementor-element elementor-element-7a62596b\" data-id=\"7a62596b\" data-element_type=\"column\" data-e-type=\"column\">\n\t\t\t<div class=\"elementor-widget-wrap elementor-element-populated\">\n\t\t\t\t\t\t<div class=\"elementor-element elementor-element-2654cf4 elementor-widget elementor-widget-heading\" data-id=\"2654cf4\" data-element_type=\"widget\" data-e-type=\"widget\" data-widget_type=\"heading.default\">\n\t\t\t\t<div class=\"elementor-widget-container\">\n\t\t\t\t\t<h3 class=\"elementor-heading-title elementor-size-default\">TEZ-TEZ SORU\u015eULAN SUALLAR<\/h3>\t\t\t\t<\/div>\n\t\t\t\t<\/div>\n\t\t\t\t<div class=\"elementor-element elementor-element-3ce65727 elementor-widget elementor-widget-toggle\" data-id=\"3ce65727\" data-element_type=\"widget\" data-e-type=\"widget\" data-widget_type=\"toggle.default\">\n\t\t\t\t<div class=\"elementor-widget-container\">\n\t\t\t\t\t\t\t<div class=\"elementor-toggle\">\n\t\t\t\t\t\t\t<div class=\"elementor-toggle-item\">\n\t\t\t\t\t<div id=\"elementor-tab-title-1021\" class=\"elementor-tab-title\" data-tab=\"1\" role=\"button\" aria-controls=\"elementor-tab-content-1021\" aria-expanded=\"false\">\n\t\t\t\t\t\t\t\t\t\t\t\t<span class=\"elementor-toggle-icon elementor-toggle-icon-right\" aria-hidden=\"true\">\n\t\t\t\t\t\t\t\t\t\t\t\t\t\t\t<span class=\"elementor-toggle-icon-closed\"><i class=\"fas fa-caret-right\"><\/i><\/span>\n\t\t\t\t\t\t\t\t<span class=\"elementor-toggle-icon-opened\"><i class=\"elementor-toggle-icon-opened fas fa-caret-up\"><\/i><\/span>\n\t\t\t\t\t\t\t\t\t\t\t\t\t<\/span>\n\t\t\t\t\t\t\t\t\t\t\t\t<a class=\"elementor-toggle-title\" tabindex=\"0\">\u0130stanbula s\u0259yah\u0259t nec\u0259dir?<\/a>\n\t\t\t\t\t<\/div>\n\n\t\t\t\t\t<div id=\"elementor-tab-content-1021\" class=\"elementor-tab-content elementor-clearfix\" data-tab=\"1\" role=\"region\" aria-labelledby=\"elementor-tab-title-1021\"><p>M\u00fc\u015ft\u0259rinin \u00f6z\u00fcn\u0259 diqq\u0259t etm\u0259li oldu\u011fu yegan\u0259 \u015fey t\u0259yyar\u0259 biletl\u0259ridir. Biletl\u0259ri momondo.com v\u0259 ya ba\u015fqa aviabilet provayderind\u0259n alma\u011f\u0131 t\u00f6vsiy\u0259 edirik.<\/p><\/div>\n\t\t\t\t<\/div>\n\t\t\t\t\t\t\t<div class=\"elementor-toggle-item\">\n\t\t\t\t\t<div id=\"elementor-tab-title-1022\" class=\"elementor-tab-title\" data-tab=\"2\" role=\"button\" aria-controls=\"elementor-tab-content-1022\" aria-expanded=\"false\">\n\t\t\t\t\t\t\t\t\t\t\t\t<span class=\"elementor-toggle-icon elementor-toggle-icon-right\" aria-hidden=\"true\">\n\t\t\t\t\t\t\t\t\t\t\t\t\t\t\t<span class=\"elementor-toggle-icon-closed\"><i class=\"fas fa-caret-right\"><\/i><\/span>\n\t\t\t\t\t\t\t\t<span class=\"elementor-toggle-icon-opened\"><i class=\"elementor-toggle-icon-opened fas fa-caret-up\"><\/i><\/span>\n\t\t\t\t\t\t\t\t\t\t\t\t\t<\/span>\n\t\t\t\t\t\t\t\t\t\t\t\t<a class=\"elementor-toggle-title\" tabindex=\"0\">\u0130stanbul hava liman\u0131nda qar\u015f\u0131lama nec\u0259dir? Nec\u0259?<\/a>\n\t\t\t\t\t<\/div>\n\n\t\t\t\t\t<div id=\"elementor-tab-content-1022\" class=\"elementor-tab-content elementor-clearfix\" data-tab=\"2\" role=\"region\" aria-labelledby=\"elementor-tab-title-1022\"><p>\u0130stanbul hava liman\u0131nda m\u00fc\u015ft\u0259rini klinika i\u015far\u0259si v\u0259 \u015f\u0259xsi transferi olan s\u00fcr\u00fcc\u00fc g\u00f6zl\u0259y\u0259c\u0259k v\u0259 bu m\u00fc\u015ft\u0259rini m\u00fcqavil\u0259y\u0259 \u0259sas\u0259n ya otel\u0259, ya da klinikaya aparacaq. \u201cWhatsApp\u201d rabit\u0259 kanal\u0131 vasit\u0259sil\u0259 m\u00fc\u015ft\u0259rinin g\u0259li\u015f vaxt\u0131 \u0259vv\u0259lc\u0259d\u0259n raz\u0131la\u015fd\u0131r\u0131l\u0131b v\u0259 m\u00fc\u015ft\u0259ri s\u00fcr\u00fcc\u00fcn\u00fcn asanl\u0131qla tan\u0131nmas\u0131 \u00fc\u00e7\u00fcn \u00f6z fotosunu g\u00f6nd\u0259rm\u0259lidir.<\/p><\/div>\n\t\t\t\t<\/div>\n\t\t\t\t\t\t\t<div class=\"elementor-toggle-item\">\n\t\t\t\t\t<div id=\"elementor-tab-title-1023\" class=\"elementor-tab-title\" data-tab=\"3\" role=\"button\" aria-controls=\"elementor-tab-content-1023\" aria-expanded=\"false\">\n\t\t\t\t\t\t\t\t\t\t\t\t<span class=\"elementor-toggle-icon elementor-toggle-icon-right\" aria-hidden=\"true\">\n\t\t\t\t\t\t\t\t\t\t\t\t\t\t\t<span class=\"elementor-toggle-icon-closed\"><i class=\"fas fa-caret-right\"><\/i><\/span>\n\t\t\t\t\t\t\t\t<span class=\"elementor-toggle-icon-opened\"><i class=\"elementor-toggle-icon-opened fas fa-caret-up\"><\/i><\/span>\n\t\t\t\t\t\t\t\t\t\t\t\t\t<\/span>\n\t\t\t\t\t\t\t\t\t\t\t\t<a class=\"elementor-toggle-title\" tabindex=\"0\">Prosedurlar \u00fc\u00e7\u00fcn \u00f6d\u0259ni\u015f<\/a>\n\t\t\t\t\t<\/div>\n\n\t\t\t\t\t<div id=\"elementor-tab-content-1023\" class=\"elementor-tab-content elementor-clearfix\" data-tab=\"3\" role=\"region\" aria-labelledby=\"elementor-tab-title-1023\"><p>Prosedurlar\u0131n \u00f6d\u0259ni\u015fi klinikada yerind\u0259 h\u0259yata ke\u00e7irilir. Bizim vasit\u0259mizl\u0259 Esto taksit m\u00fcqavil\u0259si ba\u011flam\u0131s\u0131n\u0131zsa, \u0130stanbul klinikas\u0131na prosedur(lar) \u00fc\u00e7\u00fcn \u00f6d\u0259ni\u015f \u0259vv\u0259lc\u0259d\u0259n h\u0259yata ke\u00e7iril\u0259c\u0259k.<\/p><\/div>\n\t\t\t\t<\/div>\n\t\t\t\t\t\t\t<div class=\"elementor-toggle-item\">\n\t\t\t\t\t<div id=\"elementor-tab-title-1024\" class=\"elementor-tab-title\" data-tab=\"4\" role=\"button\" aria-controls=\"elementor-tab-content-1024\" aria-expanded=\"false\">\n\t\t\t\t\t\t\t\t\t\t\t\t<span class=\"elementor-toggle-icon elementor-toggle-icon-right\" aria-hidden=\"true\">\n\t\t\t\t\t\t\t\t\t\t\t\t\t\t\t<span class=\"elementor-toggle-icon-closed\"><i class=\"fas fa-caret-right\"><\/i><\/span>\n\t\t\t\t\t\t\t\t<span class=\"elementor-toggle-icon-opened\"><i class=\"elementor-toggle-icon-opened fas fa-caret-up\"><\/i><\/span>\n\t\t\t\t\t\t\t\t\t\t\t\t\t<\/span>\n\t\t\t\t\t\t\t\t\t\t\t\t<a class=\"elementor-toggle-title\" tabindex=\"0\">\u0130stanbulda oldu\u011funuz m\u00fcdd\u0259td\u0259 harada ya\u015famaq laz\u0131md\u0131r?<\/a>\n\t\t\t\t\t<\/div>\n\n\t\t\t\t\t<div id=\"elementor-tab-content-1024\" class=\"elementor-tab-content elementor-clearfix\" data-tab=\"4\" role=\"region\" aria-labelledby=\"elementor-tab-title-1024\"><p>Yerl\u0259\u015fdirm\u0259 rezervasiyas\u0131 ya 4*, h\u0259m d\u0259 5* oteld\u0259 \u0259vv\u0259lc\u0259d\u0259n t\u0259\u015fkil edilir, bron v\u0259 t\u0259sdiq \u0130stanbula s\u0259yah\u0259t etm\u0259zd\u0259n \u0259vv\u0259l m\u00fc\u015ft\u0259riy\u0259 g\u00f6nd\u0259ril\u0259c\u0259k.<\/p><\/div>\n\t\t\t\t<\/div>\n\t\t\t\t\t\t\t<div class=\"elementor-toggle-item\">\n\t\t\t\t\t<div id=\"elementor-tab-title-1025\" class=\"elementor-tab-title\" data-tab=\"5\" role=\"button\" aria-controls=\"elementor-tab-content-1025\" aria-expanded=\"false\">\n\t\t\t\t\t\t\t\t\t\t\t\t<span class=\"elementor-toggle-icon elementor-toggle-icon-right\" aria-hidden=\"true\">\n\t\t\t\t\t\t\t\t\t\t\t\t\t\t\t<span class=\"elementor-toggle-icon-closed\"><i class=\"fas fa-caret-right\"><\/i><\/span>\n\t\t\t\t\t\t\t\t<span class=\"elementor-toggle-icon-opened\"><i class=\"elementor-toggle-icon-opened fas fa-caret-up\"><\/i><\/span>\n\t\t\t\t\t\t\t\t\t\t\t\t\t<\/span>\n\t\t\t\t\t\t\t\t\t\t\t\t<a class=\"elementor-toggle-title\" tabindex=\"0\">Transferl\u0259r<\/a>\n\t\t\t\t\t<\/div>\n\n\t\t\t\t\t<div id=\"elementor-tab-content-1025\" class=\"elementor-tab-content elementor-clearfix\" data-tab=\"5\" role=\"region\" aria-labelledby=\"elementor-tab-title-1025\"><p>\u015e\u0259xsi transfer \u0130stanbul hava liman\u0131na \u00e7atan g\u00fcnd\u0259n b\u00fct\u00fcn mar\u015frutlar\u0131 g\u00f6t\u00fcr\u00fcr v\u0259 g\u0259tirir. Paket qiym\u0259tin\u0259 gedi\u015f g\u00fcn\u00fc otel\u0259, klinikaya v\u0259 \u0130stanbul hava liman\u0131na b\u00fct\u00fcn transferl\u0259r daxildir.<\/p><\/div>\n\t\t\t\t<\/div>\n\t\t\t\t\t\t\t<div class=\"elementor-toggle-item\">\n\t\t\t\t\t<div id=\"elementor-tab-title-1026\" class=\"elementor-tab-title\" data-tab=\"6\" role=\"button\" aria-controls=\"elementor-tab-content-1026\" aria-expanded=\"false\">\n\t\t\t\t\t\t\t\t\t\t\t\t<span class=\"elementor-toggle-icon elementor-toggle-icon-right\" aria-hidden=\"true\">\n\t\t\t\t\t\t\t\t\t\t\t\t\t\t\t<span class=\"elementor-toggle-icon-closed\"><i class=\"fas fa-caret-right\"><\/i><\/span>\n\t\t\t\t\t\t\t\t<span class=\"elementor-toggle-icon-opened\"><i class=\"elementor-toggle-icon-opened fas fa-caret-up\"><\/i><\/span>\n\t\t\t\t\t\t\t\t\t\t\t\t\t<\/span>\n\t\t\t\t\t\t\t\t\t\t\t\t<a class=\"elementor-toggle-title\" tabindex=\"0\">Prosedurun ke\u00e7irildiyi g\u00fcn<\/a>\n\t\t\t\t\t<\/div>\n\n\t\t\t\t\t<div id=\"elementor-tab-content-1026\" class=\"elementor-tab-content elementor-clearfix\" data-tab=\"6\" role=\"region\" aria-labelledby=\"elementor-tab-title-1026\"><p>Prosedur g\u00fcn\u00fc siz h\u0259kim v\u0259 ya m\u00fct\u0259x\u0259ssisin t\u00f6vsiy\u0259l\u0259rin\u0259 \u0259m\u0259l edirsiniz, z\u0259rur\u0259t yarand\u0131qda \u0259lav\u0259 m\u00fcayin\u0259l\u0259r apar\u0131l\u0131r, h\u0259kimin q\u0259bulu v\u0259 prosedurla ba\u011fl\u0131 konsultasiyas\u0131 ba\u015f tutacaq. \u0130lkin m\u0259sl\u0259h\u0259tl\u0259\u015fm\u0259 zaman\u0131 g\u0259ldikd\u0259n sonra prosedurdan as\u0131l\u0131 olaraq daha \u0259trafl\u0131 m\u0259lumat.<\/p><\/div>\n\t\t\t\t<\/div>\n\t\t\t\t\t\t\t<div class=\"elementor-toggle-item\">\n\t\t\t\t\t<div id=\"elementor-tab-title-1027\" class=\"elementor-tab-title\" data-tab=\"7\" role=\"button\" aria-controls=\"elementor-tab-content-1027\" aria-expanded=\"false\">\n\t\t\t\t\t\t\t\t\t\t\t\t<span class=\"elementor-toggle-icon elementor-toggle-icon-right\" aria-hidden=\"true\">\n\t\t\t\t\t\t\t\t\t\t\t\t\t\t\t<span class=\"elementor-toggle-icon-closed\"><i class=\"fas fa-caret-right\"><\/i><\/span>\n\t\t\t\t\t\t\t\t<span class=\"elementor-toggle-icon-opened\"><i class=\"elementor-toggle-icon-opened fas fa-caret-up\"><\/i><\/span>\n\t\t\t\t\t\t\t\t\t\t\t\t\t<\/span>\n\t\t\t\t\t\t\t\t\t\t\t\t<a class=\"elementor-toggle-title\" tabindex=\"0\">Bo\u015f vaxt<\/a>\n\t\t\t\t\t<\/div>\n\n\t\t\t\t\t<div id=\"elementor-tab-content-1027\" class=\"elementor-tab-content elementor-clearfix\" data-tab=\"7\" role=\"region\" aria-labelledby=\"elementor-tab-title-1027\"><p>\u0130stanbulda asud\u0259 vaxtlar\u0131n\u0131zda yerli h\u0259yatla tan\u0131\u015f ola bil\u0259rsiniz. Attraksionlar\u0131, ticar\u0259t m\u0259rk\u0259zl\u0259rini ziyar\u0259t edin v\u0259 T\u00fcrkiy\u0259nin yerli \u0259yl\u0259nc\u0259sind\u0259n h\u0259zz al\u0131n.<\/p><\/div>\n\t\t\t\t<\/div>\n\t\t\t\t\t\t\t<div class=\"elementor-toggle-item\">\n\t\t\t\t\t<div id=\"elementor-tab-title-1028\" class=\"elementor-tab-title\" data-tab=\"8\" role=\"button\" aria-controls=\"elementor-tab-content-1028\" aria-expanded=\"false\">\n\t\t\t\t\t\t\t\t\t\t\t\t<span class=\"elementor-toggle-icon elementor-toggle-icon-right\" aria-hidden=\"true\">\n\t\t\t\t\t\t\t\t\t\t\t\t\t\t\t<span class=\"elementor-toggle-icon-closed\"><i class=\"fas fa-caret-right\"><\/i><\/span>\n\t\t\t\t\t\t\t\t<span class=\"elementor-toggle-icon-opened\"><i class=\"elementor-toggle-icon-opened fas fa-caret-up\"><\/i><\/span>\n\t\t\t\t\t\t\t\t\t\t\t\t\t<\/span>\n\t\t\t\t\t\t\t\t\t\t\t\t<a class=\"elementor-toggle-title\" tabindex=\"0\">N\u0259 g\u0259tirm\u0259yi m\u0259sl\u0259h\u0259t g\u00f6r\u00fcr\u00fck?<\/a>\n\t\t\t\t\t<\/div>\n\n\t\t\t\t\t<div id=\"elementor-tab-content-1028\" class=\"elementor-tab-content elementor-clearfix\" data-tab=\"8\" role=\"region\" aria-labelledby=\"elementor-tab-title-1028\"><p>\u018fks\u0259r hallarda, tibbi turizm s\u0259f\u0259ri ed\u0259n m\u00fc\u015ft\u0259ri eyni vaxtda bir ne\u00e7\u0259 prosedurdan ke\u00e7ir v\u0259 prosedurdan as\u0131l\u0131 olaraq \u0259vv\u0259lc\u0259d\u0259n h\u0259kim v\u0259 ya m\u00fct\u0259x\u0259ssisin t\u00f6vsiy\u0259l\u0259rini oxuma\u011f\u0131 t\u00f6vsiy\u0259 edirik.<\/p><p>T\u00fcrkiy\u0259d\u0259 s\u0259rin d\u00f6vr noyabr ay\u0131ndan ba\u015flay\u0131r, ona g\u00f6r\u0259 d\u0259 isti paltar g\u0259tirin. G\u00fcn\u0259\u015fli, isti m\u00f6vs\u00fcm oktyabr\u0131n sonuna q\u0259d\u0259r davam edir v\u0259 q\u0131sa paltar t\u0259l\u0259b olunur. Oteld\u0259n as\u0131l\u0131 olaraq siz spa v\u0259 hovuzdan da istifad\u0259 ed\u0259, \u00fczg\u00fc\u00e7\u00fcl\u00fck paltar\u0131n\u0131z\u0131 g\u0259tir\u0259 bil\u0259rsiniz. \u00d6z\u00fcn\u00fcz\u00fc qida \u0259lav\u0259l\u0259ri il\u0259, m\u0259s\u0259l\u0259n, probiyotikl\u0259r, mumiolarla t\u0259min etm\u0259k laz\u0131md\u0131rsa, onlar\u0131 \u0259vv\u0259lc\u0259d\u0259n haz\u0131rlay\u0131n.<\/p><\/div>\n\t\t\t\t<\/div>\n\t\t\t\t\t\t\t<div class=\"elementor-toggle-item\">\n\t\t\t\t\t<div id=\"elementor-tab-title-1029\" class=\"elementor-tab-title\" data-tab=\"9\" role=\"button\" aria-controls=\"elementor-tab-content-1029\" aria-expanded=\"false\">\n\t\t\t\t\t\t\t\t\t\t\t\t<span class=\"elementor-toggle-icon elementor-toggle-icon-right\" aria-hidden=\"true\">\n\t\t\t\t\t\t\t\t\t\t\t\t\t\t\t<span class=\"elementor-toggle-icon-closed\"><i class=\"fas fa-caret-right\"><\/i><\/span>\n\t\t\t\t\t\t\t\t<span class=\"elementor-toggle-icon-opened\"><i class=\"elementor-toggle-icon-opened fas fa-caret-up\"><\/i><\/span>\n\t\t\t\t\t\t\t\t\t\t\t\t\t<\/span>\n\t\t\t\t\t\t\t\t\t\t\t\t<a class=\"elementor-toggle-title\" tabindex=\"0\">S\u0131\u011forta<\/a>\n\t\t\t\t\t<\/div>\n\n\t\t\t\t\t<div id=\"elementor-tab-content-1029\" class=\"elementor-tab-content elementor-clearfix\" data-tab=\"9\" role=\"region\" aria-labelledby=\"elementor-tab-title-1029\"><p>H\u0259r hans\u0131 bir s\u0259f\u0259rd\u0259 oldu\u011fu kimi, uy\u011fun bir xidm\u0259t t\u0259minat\u00e7\u0131s\u0131ndan s\u0259yah\u0259t s\u0131\u011fortas\u0131 se\u00e7m\u0259k t\u00f6vsiy\u0259 olunur.<\/p><\/div>\n\t\t\t\t<\/div>\n\t\t\t\t\t\t\t<div class=\"elementor-toggle-item\">\n\t\t\t\t\t<div id=\"elementor-tab-title-10210\" class=\"elementor-tab-title\" data-tab=\"10\" role=\"button\" aria-controls=\"elementor-tab-content-10210\" aria-expanded=\"false\">\n\t\t\t\t\t\t\t\t\t\t\t\t<span class=\"elementor-toggle-icon elementor-toggle-icon-right\" aria-hidden=\"true\">\n\t\t\t\t\t\t\t\t\t\t\t\t\t\t\t<span class=\"elementor-toggle-icon-closed\"><i class=\"fas fa-caret-right\"><\/i><\/span>\n\t\t\t\t\t\t\t\t<span class=\"elementor-toggle-icon-opened\"><i class=\"elementor-toggle-icon-opened fas fa-caret-up\"><\/i><\/span>\n\t\t\t\t\t\t\t\t\t\t\t\t\t<\/span>\n\t\t\t\t\t\t\t\t\t\t\t\t<a class=\"elementor-toggle-title\" tabindex=\"0\">Sa\u00e7 \u0259kilm\u0259si proseduru nec\u0259 i\u015fl\u0259yir?<\/a>\n\t\t\t\t\t<\/div>\n\n\t\t\t\t\t<div id=\"elementor-tab-content-10210\" class=\"elementor-tab-content elementor-clearfix\" data-tab=\"10\" role=\"region\" aria-labelledby=\"elementor-tab-title-10210\"><p>Follikullar x\u00fcsusi avadanl\u0131qdan istifad\u0259 ed\u0259r\u0259k m\u00fc\u015ft\u0259rinin sa\u00e7\u0131na implantasiya edilir. Prosedurun m\u00fcdd\u0259ti 5-8 saatd\u0131r v\u0259 implantasiya olunan sa\u00e7lara \u00f6m\u00fcrl\u00fck z\u0259man\u0259t verilir.<\/p><\/div>\n\t\t\t\t<\/div>\n\t\t\t\t\t\t\t<div class=\"elementor-toggle-item\">\n\t\t\t\t\t<div id=\"elementor-tab-title-10211\" class=\"elementor-tab-title\" data-tab=\"11\" role=\"button\" aria-controls=\"elementor-tab-content-10211\" aria-expanded=\"false\">\n\t\t\t\t\t\t\t\t\t\t\t\t<span class=\"elementor-toggle-icon elementor-toggle-icon-right\" aria-hidden=\"true\">\n\t\t\t\t\t\t\t\t\t\t\t\t\t\t\t<span class=\"elementor-toggle-icon-closed\"><i class=\"fas fa-caret-right\"><\/i><\/span>\n\t\t\t\t\t\t\t\t<span class=\"elementor-toggle-icon-opened\"><i class=\"elementor-toggle-icon-opened fas fa-caret-up\"><\/i><\/span>\n\t\t\t\t\t\t\t\t\t\t\t\t\t<\/span>\n\t\t\t\t\t\t\t\t\t\t\t\t<a class=\"elementor-toggle-title\" tabindex=\"0\">Di\u015f kronlar\u0131n\u0131n qura\u015fd\u0131r\u0131lmas\u0131<\/a>\n\t\t\t\t\t<\/div>\n\n\t\t\t\t\t<div id=\"elementor-tab-content-10211\" class=\"elementor-tab-content elementor-clearfix\" data-tab=\"11\" role=\"region\" aria-labelledby=\"elementor-tab-title-10211\"><p>\u0130lkin m\u0259sl\u0259h\u0259tl\u0259\u015fm\u0259 zaman\u0131 di\u015fl\u0259m\u0259nin yeni panoramik \u015f\u0259kli \u00e7\u0259kilir v\u0259 siz hans\u0131 n\u0259tic\u0259ni ist\u0259diyinizi izah edirsiniz v\u0259 ya \u015f\u0259kild\u0259 g\u00f6st\u0259rirsiniz. Siz k\u00f6lg\u0259 se\u00e7irsiniz v\u0259 sonra di\u015fl\u0259r cilalan\u0131r, haz\u0131rlan\u0131r v\u0259 m\u00fcv\u0259qq\u0259ti taclar \u0259lav\u0259 olunur. 4-5 g\u00fcnd\u0259n sonra laboratoriyada \u0259l i\u015fi taclar yarad\u0131l\u0131r v\u0259 n\u00f6vb\u0259ti ziyar\u0259t zaman\u0131 taclar a\u011f\u0131z bo\u015flu\u011funa qoyulur. T\u00fcrkiy\u0259d\u0259 qalma m\u00fcdd\u0259tind\u0259 b\u00fct\u00fcn prosedurun m\u00fcdd\u0259ti t\u0259xmin\u0259n 5 saat idi.<\/p><\/div>\n\t\t\t\t<\/div>\n\t\t\t\t\t\t\t<div class=\"elementor-toggle-item\">\n\t\t\t\t\t<div id=\"elementor-tab-title-10212\" class=\"elementor-tab-title\" data-tab=\"12\" role=\"button\" aria-controls=\"elementor-tab-content-10212\" aria-expanded=\"false\">\n\t\t\t\t\t\t\t\t\t\t\t\t<span class=\"elementor-toggle-icon elementor-toggle-icon-right\" aria-hidden=\"true\">\n\t\t\t\t\t\t\t\t\t\t\t\t\t\t\t<span class=\"elementor-toggle-icon-closed\"><i class=\"fas fa-caret-right\"><\/i><\/span>\n\t\t\t\t\t\t\t\t<span class=\"elementor-toggle-icon-opened\"><i class=\"elementor-toggle-icon-opened fas fa-caret-up\"><\/i><\/span>\n\t\t\t\t\t\t\t\t\t\t\t\t\t<\/span>\n\t\t\t\t\t\t\t\t\t\t\t\t<a class=\"elementor-toggle-title\" tabindex=\"0\">D\u00f6\u015f implantlar\u0131<\/a>\n\t\t\t\t\t<\/div>\n\n\t\t\t\t\t<div id=\"elementor-tab-content-10212\" class=\"elementor-tab-content elementor-clearfix\" data-tab=\"12\" role=\"region\" aria-labelledby=\"elementor-tab-title-10212\"><p>Klinikada h\u0259kimin konsultasiyas\u0131 zaman\u0131 uy\u011fun implantlar (d\u0259yirmi protezl\u0259r) se\u00e7ilir, ya Motiva, ya da Sebbin.<\/p><\/div>\n\t\t\t\t<\/div>\n\t\t\t\t\t\t\t\t<\/div>\n\t\t\t\t\t\t<\/div>\n\t\t\t\t<\/div>\n\t\t\t\t\t<\/div>\n\t\t<\/div>\n\t\t\t\t\t<\/div>\n\t\t<\/section>\n\t\t\t\t<\/div>\n\t\t","protected":false},"excerpt":{"rendered":"<p>TEZ-TEZ SORU\u015eULAN SUALLAR \u0130stanbula s\u0259yah\u0259t nec\u0259dir? M\u00fc\u015ft\u0259rinin \u00f6z\u00fcn\u0259 diqq\u0259t etm\u0259li oldu\u011fu yegan\u0259 \u015fey t\u0259yyar\u0259 biletl\u0259ridir. Biletl\u0259ri momondo.com v\u0259 ya ba\u015fqa aviabilet provayderind\u0259n alma\u011f\u0131 t\u00f6vsiy\u0259 edirik. \u0130stanbul hava liman\u0131nda qar\u015f\u0131lama nec\u0259dir? Nec\u0259? \u0130stanbul hava liman\u0131nda m\u00fc\u015ft\u0259rini klinika i\u015far\u0259si v\u0259 \u015f\u0259xsi transferi olan s\u00fcr\u00fcc\u00fc g\u00f6zl\u0259y\u0259c\u0259k v\u0259 bu m\u00fc\u015ft\u0259rini m\u00fcqavil\u0259y\u0259 \u0259sas\u0259n ya otel\u0259, ya da klinikaya aparacaq. \u201cWhatsApp\u201d [&hellip;]<\/p>\n","protected":false},"author":1,"featured_media":0,"parent":0,"menu_order":0,"comment_status":"closed","ping_status":"closed","template":"","meta":{"site-sidebar-layout":"no-sidebar","site-content-layout":"page-builder","ast-site-content-layout":"default","site-content-style":"default","site-sidebar-style":"default","ast-global-header-display":"","ast-banner-title-visibility":"","ast-main-header-display":"","ast-hfb-above-header-display":"","ast-hfb-below-header-display":"","ast-hfb-mobile-header-display":"","site-post-title":"disabled","ast-breadcrumbs-content":"","ast-featured-img":"disabled","footer-sml-layout":"","ast-disable-related-posts":"","theme-transparent-header-meta":"default","adv-header-id-meta":"","stick-header-meta":"","header-above-stick-meta":"","header-main-stick-meta":"","header-below-stick-meta":"","astra-migrate-meta-layouts":"default","ast-page-background-enabled":"default","ast-page-background-meta":{"desktop":{"background-color":"","background-image":"","background-repeat":"repeat","background-position":"center center","background-size":"auto","background-attachment":"scroll","background-type":"","background-media":"","overlay-type":"","overlay-color":"","overlay-opacity":"","overlay-gradient":""},"tablet":{"background-color":"","background-image":"","background-repeat":"repeat","background-position":"center center","background-size":"auto","background-attachment":"scroll","background-type":"","background-media":"","overlay-type":"","overlay-color":"","overlay-opacity":"","overlay-gradient":""},"mobile":{"background-color":"","background-image":"","background-repeat":"repeat","background-position":"center center","background-size":"auto","background-attachment":"scroll","background-type":"","background-media":"","overlay-type":"","overlay-color":"","overlay-opacity":"","overlay-gradient":""}},"ast-content-background-meta":{"desktop":{"background-color":"var(--ast-global-color-5)","background-image":"","background-repeat":"repeat","background-position":"center center","background-size":"auto","background-attachment":"scroll","background-type":"","background-media":"","overlay-type":"","overlay-color":"","overlay-opacity":"","overlay-gradient":""},"tablet":{"background-color":"var(--ast-global-color-5)","background-image":"","background-repeat":"repeat","background-position":"center center","background-size":"auto","background-attachment":"scroll","background-type":"","background-media":"","overlay-type":"","overlay-color":"","overlay-opacity":"","overlay-gradient":""},"mobile":{"background-color":"var(--ast-global-color-5)","background-image":"","background-repeat":"repeat","background-position":"center center","background-size":"auto","background-attachment":"scroll","background-type":"","background-media":"","overlay-type":"","overlay-color":"","overlay-opacity":"","overlay-gradient":""}},"_themeisle_gutenberg_block_has_review":false,"footnotes":""},"class_list":["post-4909","page","type-page","status-publish","hentry"],"_links":{"self":[{"href":"https:\/\/bodymed.ee\/az\/wp-json\/wp\/v2\/pages\/4909","targetHints":{"allow":["GET"]}}],"collection":[{"href":"https:\/\/bodymed.ee\/az\/wp-json\/wp\/v2\/pages"}],"about":[{"href":"https:\/\/bodymed.ee\/az\/wp-json\/wp\/v2\/types\/page"}],"author":[{"embeddable":true,"href":"https:\/\/bodymed.ee\/az\/wp-json\/wp\/v2\/users\/1"}],"replies":[{"embeddable":true,"href":"https:\/\/bodymed.ee\/az\/wp-json\/wp\/v2\/comments?post=4909"}],"version-history":[{"count":4,"href":"https:\/\/bodymed.ee\/az\/wp-json\/wp\/v2\/pages\/4909\/revisions"}],"predecessor-version":[{"id":4929,"href":"https:\/\/bodymed.ee\/az\/wp-json\/wp\/v2\/pages\/4909\/revisions\/4929"}],"wp:attachment":[{"href":"https:\/\/bodymed.ee\/az\/wp-json\/wp\/v2\/media?parent=4909"}],"curies":[{"name":"wp","href":"https:\/\/api.w.org\/{rel}","templated":true}]}}