{"id":4911,"date":"2023-12-17T09:46:59","date_gmt":"2023-12-17T09:46:59","guid":{"rendered":"https:\/\/bodymed.ee\/teenused\/"},"modified":"2024-07-25T11:09:52","modified_gmt":"2024-07-25T11:09:52","slug":"teenused","status":"publish","type":"page","link":"https:\/\/bodymed.ee\/az\/teenused\/","title":{"rendered":"TEENUSED"},"content":{"rendered":"\t\t<div data-elementor-type=\"wp-page\" data-elementor-id=\"4911\" class=\"elementor elementor-4911 elementor-1169\">\n\t\t\t\t\t\t<section class=\"elementor-section elementor-top-section elementor-element elementor-element-f60ec45 elementor-section-boxed elementor-section-height-default elementor-section-height-default\" data-id=\"f60ec45\" data-element_type=\"section\" data-e-type=\"section\">\n\t\t\t\t\t\t<div class=\"elementor-container elementor-column-gap-default\">\n\t\t\t\t\t<div class=\"elementor-column elementor-col-50 elementor-top-column elementor-element elementor-element-e69bec2\" data-id=\"e69bec2\" data-element_type=\"column\" data-e-type=\"column\">\n\t\t\t<div class=\"elementor-widget-wrap elementor-element-populated\">\n\t\t\t\t\t\t<div class=\"elementor-element elementor-element-8199b52 elementor-widget elementor-widget-text-editor\" data-id=\"8199b52\" data-element_type=\"widget\" data-e-type=\"widget\" data-widget_type=\"text-editor.default\">\n\t\t\t\t<div class=\"elementor-widget-container\">\n\t\t\t\t\t\t\t\t\t<p><strong>Biz t\u0259klif ed\u0259n t\u0259sdiql\u0259nmi\u015f klinikalara m\u00fcraci\u0259t edirik:<\/strong><\/p><p>D\u0130\u015e M\u00dcAL\u0130C\u018fS\u0130 (\u0130mplant v\u0259 kronlar), SA\u00c7 EKK\u0130M\u0130, PLAST\u0130K v\u0259 dig\u0259r g\u00f6z\u0259llik xidm\u0259tl\u0259ri.<\/p><p>D\u018fST\u018fK X\u0130DM\u018fT\u0130 onlayn<\/p><p>PULSUZ D\u018fST\u018fK \u015e\u018fXS\u0130 xidm\u0259ti<\/p><p>D\u0259st\u0259k xidm\u0259ti (onlayn) sual yaranarsa m\u00fc\u015ft\u0259ri \u00fc\u00e7\u00fcn haz\u0131rl\u0131q v\u0259 24\/7 haz\u0131rd\u0131r.<\/p><p>D\u0259st\u0259k i\u015f\u00e7isi sor\u011fu \u0259sas\u0131nda g\u0259lir v\u0259 t\u0259rc\u00fcm\u0259 yard\u0131m\u0131ndan \u0259lav\u0259 m\u00fc\u015ft\u0259ri il\u0259 b\u00fct\u00fcn q\u0259bullarda i\u015ftirak edir.<\/p><p>R\u0259hb\u0259rlikl\u0259 \u0259laq\u0259l\u0259rimiz var v\u0259 h\u0259r hans\u0131 anla\u015f\u0131lmazl\u0131q olarsa, suallara daha tez cavab alma\u011fa k\u00f6m\u0259k ed\u0259 bil\u0259rik.<\/p><p>Biz vasit\u0259\u00e7i DEY\u0130L v\u0259 sitat birba\u015fa klinikadan VAS\u0130T\u018fL\u0130K \u00d6D\u018fN\u0130\u015eS\u0130ZD\u0130R!<\/p>\t\t\t\t\t\t\t\t<\/div>\n\t\t\t\t<\/div>\n\t\t\t\t\t<\/div>\n\t\t<\/div>\n\t\t\t\t<div class=\"elementor-column elementor-col-50 elementor-top-column elementor-element elementor-element-8edb2bd\" data-id=\"8edb2bd\" data-element_type=\"column\" data-e-type=\"column\">\n\t\t\t<div class=\"elementor-widget-wrap elementor-element-populated\">\n\t\t\t\t\t\t<div class=\"elementor-element elementor-element-4fba748 elementor-widget elementor-widget-heading\" data-id=\"4fba748\" data-element_type=\"widget\" data-e-type=\"widget\" data-widget_type=\"heading.default\">\n\t\t\t\t<div class=\"elementor-widget-container\">\n\t\t\t\t\t<h4 class=\"elementor-heading-title elementor-size-default\">Sa\u011flaml\u0131q turizmi s\u0259yah\u0259ti xo\u015f v\u0259 h\u0259yat\u0131 d\u0259yi\u015f\u0259n bir t\u0259cr\u00fcb\u0259dir! D\u0259st\u0259k i\u015f\u00e7isi Elery il\u0259 m\u00fcsahib\u0259<\/h4>\t\t\t\t<\/div>\n\t\t\t\t<\/div>\n\t\t\t\t<div class=\"elementor-element elementor-element-14d2a1a elementor-widget elementor-widget-video\" data-id=\"14d2a1a\" data-element_type=\"widget\" data-e-type=\"widget\" data-settings=\"{&quot;youtube_url&quot;:&quot;https:\\\/\\\/youtu.be\\\/T4c2NEQZmzc&quot;,&quot;video_type&quot;:&quot;youtube&quot;,&quot;controls&quot;:&quot;yes&quot;}\" data-widget_type=\"video.default\">\n\t\t\t\t<div class=\"elementor-widget-container\">\n\t\t\t\t\t\t\t<div class=\"elementor-wrapper elementor-open-inline\">\n\t\t\t<div class=\"elementor-video\"><\/div>\t\t<\/div>\n\t\t\t\t\t\t<\/div>\n\t\t\t\t<\/div>\n\t\t\t\t\t<\/div>\n\t\t<\/div>\n\t\t\t\t\t<\/div>\n\t\t<\/section>\n\t\t\t\t<\/div>\n\t\t","protected":false},"excerpt":{"rendered":"<p>Biz t\u0259klif ed\u0259n t\u0259sdiql\u0259nmi\u015f klinikalara m\u00fcraci\u0259t edirik: D\u0130\u015e M\u00dcAL\u0130C\u018fS\u0130 (\u0130mplant v\u0259 kronlar), SA\u00c7 EKK\u0130M\u0130, PLAST\u0130K v\u0259 dig\u0259r g\u00f6z\u0259llik xidm\u0259tl\u0259ri. D\u018fST\u018fK X\u0130DM\u018fT\u0130 onlayn PULSUZ D\u018fST\u018fK \u015e\u018fXS\u0130 xidm\u0259ti D\u0259st\u0259k xidm\u0259ti (onlayn) sual yaranarsa m\u00fc\u015ft\u0259ri \u00fc\u00e7\u00fcn haz\u0131rl\u0131q v\u0259 24\/7 haz\u0131rd\u0131r. D\u0259st\u0259k i\u015f\u00e7isi sor\u011fu \u0259sas\u0131nda g\u0259lir v\u0259 t\u0259rc\u00fcm\u0259 yard\u0131m\u0131ndan \u0259lav\u0259 m\u00fc\u015ft\u0259ri il\u0259 b\u00fct\u00fcn q\u0259bullarda i\u015ftirak edir. R\u0259hb\u0259rlikl\u0259 \u0259laq\u0259l\u0259rimiz var [&hellip;]<\/p>\n","protected":false},"author":1,"featured_media":0,"parent":0,"menu_order":0,"comment_status":"closed","ping_status":"closed","template":"","meta":{"site-sidebar-layout":"no-sidebar","site-content-layout":"page-builder","ast-site-content-layout":"default","site-content-style":"default","site-sidebar-style":"default","ast-global-header-display":"","ast-banner-title-visibility":"","ast-main-header-display":"","ast-hfb-above-header-display":"","ast-hfb-below-header-display":"","ast-hfb-mobile-header-display":"","site-post-title":"disabled","ast-breadcrumbs-content":"","ast-featured-img":"disabled","footer-sml-layout":"","ast-disable-related-posts":"","theme-transparent-header-meta":"","adv-header-id-meta":"","stick-header-meta":"","header-above-stick-meta":"","header-main-stick-meta":"","header-below-stick-meta":"","astra-migrate-meta-layouts":"default","ast-page-background-enabled":"default","ast-page-background-meta":{"desktop":{"background-color":"","background-image":"","background-repeat":"repeat","background-position":"center center","background-size":"auto","background-attachment":"scroll","background-type":"","background-media":"","overlay-type":"","overlay-color":"","overlay-opacity":"","overlay-gradient":""},"tablet":{"background-color":"","background-image":"","background-repeat":"repeat","background-position":"center center","background-size":"auto","background-attachment":"scroll","background-type":"","background-media":"","overlay-type":"","overlay-color":"","overlay-opacity":"","overlay-gradient":""},"mobile":{"background-color":"","background-image":"","background-repeat":"repeat","background-position":"center center","background-size":"auto","background-attachment":"scroll","background-type":"","background-media":"","overlay-type":"","overlay-color":"","overlay-opacity":"","overlay-gradient":""}},"ast-content-background-meta":{"desktop":{"background-color":"var(--ast-global-color-5)","background-image":"","background-repeat":"repeat","background-position":"center center","background-size":"auto","background-attachment":"scroll","background-type":"","background-media":"","overlay-type":"","overlay-color":"","overlay-opacity":"","overlay-gradient":""},"tablet":{"background-color":"var(--ast-global-color-5)","background-image":"","background-repeat":"repeat","background-position":"center center","background-size":"auto","background-attachment":"scroll","background-type":"","background-media":"","overlay-type":"","overlay-color":"","overlay-opacity":"","overlay-gradient":""},"mobile":{"background-color":"var(--ast-global-color-5)","background-image":"","background-repeat":"repeat","background-position":"center center","background-size":"auto","background-attachment":"scroll","background-type":"","background-media":"","overlay-type":"","overlay-color":"","overlay-opacity":"","overlay-gradient":""}},"_themeisle_gutenberg_block_has_review":false,"footnotes":""},"class_list":["post-4911","page","type-page","status-publish","hentry"],"_links":{"self":[{"href":"https:\/\/bodymed.ee\/az\/wp-json\/wp\/v2\/pages\/4911","targetHints":{"allow":["GET"]}}],"collection":[{"href":"https:\/\/bodymed.ee\/az\/wp-json\/wp\/v2\/pages"}],"about":[{"href":"https:\/\/bodymed.ee\/az\/wp-json\/wp\/v2\/types\/page"}],"author":[{"embeddable":true,"href":"https:\/\/bodymed.ee\/az\/wp-json\/wp\/v2\/users\/1"}],"replies":[{"embeddable":true,"href":"https:\/\/bodymed.ee\/az\/wp-json\/wp\/v2\/comments?post=4911"}],"version-history":[{"count":7,"href":"https:\/\/bodymed.ee\/az\/wp-json\/wp\/v2\/pages\/4911\/revisions"}],"predecessor-version":[{"id":6617,"href":"https:\/\/bodymed.ee\/az\/wp-json\/wp\/v2\/pages\/4911\/revisions\/6617"}],"wp:attachment":[{"href":"https:\/\/bodymed.ee\/az\/wp-json\/wp\/v2\/media?parent=4911"}],"curies":[{"name":"wp","href":"https:\/\/api.w.org\/{rel}","templated":true}]}}