{"id":4932,"date":"2023-12-21T07:22:46","date_gmt":"2023-12-21T07:22:46","guid":{"rendered":"https:\/\/bodymed.ee\/esteetikaturismi-teenuste-kasutamise-kiirkursus\/"},"modified":"2023-12-21T07:28:05","modified_gmt":"2023-12-21T07:28:05","slug":"estetik-turizm-xidm%c9%99tl%c9%99rind%c9%99n-istifad%c9%99-uzr%c9%99-q%c9%99za-kursu","status":"publish","type":"page","link":"https:\/\/bodymed.ee\/az\/estetik-turizm-xidm%c9%99tl%c9%99rind%c9%99n-istifad%c9%99-uzr%c9%99-q%c9%99za-kursu\/","title":{"rendered":"Estetik turizm xidm\u0259tl\u0259rind\u0259n istifad\u0259 \u00fczr\u0259 q\u0259za kursu"},"content":{"rendered":"\t\t<div data-elementor-type=\"wp-page\" data-elementor-id=\"4932\" class=\"elementor elementor-4932 elementor-4700\">\n\t\t\t\t\t\t<section class=\"elementor-section elementor-top-section elementor-element elementor-element-9945ac4 elementor-section-boxed elementor-section-height-default elementor-section-height-default\" data-id=\"9945ac4\" data-element_type=\"section\" data-e-type=\"section\">\n\t\t\t\t\t\t<div class=\"elementor-container elementor-column-gap-default\">\n\t\t\t\t\t<div class=\"elementor-column elementor-col-100 elementor-top-column elementor-element elementor-element-3660bb6\" data-id=\"3660bb6\" data-element_type=\"column\" data-e-type=\"column\">\n\t\t\t<div class=\"elementor-widget-wrap elementor-element-populated\">\n\t\t\t\t\t\t<div class=\"elementor-element elementor-element-5edc23e elementor-widget elementor-widget-heading\" data-id=\"5edc23e\" data-element_type=\"widget\" data-e-type=\"widget\" data-widget_type=\"heading.default\">\n\t\t\t\t<div class=\"elementor-widget-container\">\n\t\t\t\t\t<h3 class=\"elementor-heading-title elementor-size-default\">Estetik turizm xidm\u0259tl\u0259rind\u0259n istifad\u0259 \u00fczr\u0259 q\u0259za kursu<\/h3>\t\t\t\t<\/div>\n\t\t\t\t<\/div>\n\t\t\t\t<div class=\"elementor-element elementor-element-7753838 elementor-widget elementor-widget-text-editor\" data-id=\"7753838\" data-element_type=\"widget\" data-e-type=\"widget\" data-widget_type=\"text-editor.default\">\n\t\t\t\t<div class=\"elementor-widget-container\">\n\t\t\t\t\t\t\t\t\t<p>Estetik turizmin t\u0259tbiqi v\u0259 xidm\u0259tl\u0259rd\u0259n istifad\u0259 \u00fczr\u0259 q\u0259za kursu ke\u00e7iririk, Bodymed t\u0259r\u0259fda\u015f\u0131 Triin Randloo t\u0259hl\u00fck\u0259siz klinika tapmaq \u00fc\u00e7\u00fcn n\u0259zar\u0259t \u015firk\u0259tinin k\u00f6m\u0259yind\u0259n istifad\u0259 etm\u0259yin vacibliyind\u0259n dan\u0131\u015f\u0131r.<\/p>\t\t\t\t\t\t\t\t<\/div>\n\t\t\t\t<\/div>\n\t\t\t\t<div class=\"elementor-element elementor-element-e4e1e96 elementor-widget elementor-widget-video\" data-id=\"e4e1e96\" data-element_type=\"widget\" data-e-type=\"widget\" data-settings=\"{&quot;youtube_url&quot;:&quot;https:\\\/\\\/www.youtube.com\\\/watch?v=cc4BDgeYiOQ&quot;,&quot;video_type&quot;:&quot;youtube&quot;,&quot;controls&quot;:&quot;yes&quot;}\" data-widget_type=\"video.default\">\n\t\t\t\t<div class=\"elementor-widget-container\">\n\t\t\t\t\t\t\t<div class=\"elementor-wrapper elementor-open-inline\">\n\t\t\t<div class=\"elementor-video\"><\/div>\t\t<\/div>\n\t\t\t\t\t\t<\/div>\n\t\t\t\t<\/div>\n\t\t\t\t\t<\/div>\n\t\t<\/div>\n\t\t\t\t\t<\/div>\n\t\t<\/section>\n\t\t\t\t<\/div>\n\t\t","protected":false},"excerpt":{"rendered":"<p>Estetik turizm xidm\u0259tl\u0259rind\u0259n istifad\u0259 \u00fczr\u0259 q\u0259za kursu Estetik turizmin t\u0259tbiqi v\u0259 xidm\u0259tl\u0259rd\u0259n istifad\u0259 \u00fczr\u0259 q\u0259za kursu ke\u00e7iririk, Bodymed t\u0259r\u0259fda\u015f\u0131 Triin Randloo t\u0259hl\u00fck\u0259siz klinika tapmaq \u00fc\u00e7\u00fcn n\u0259zar\u0259t \u015firk\u0259tinin k\u00f6m\u0259yind\u0259n istifad\u0259 etm\u0259yin vacibliyind\u0259n dan\u0131\u015f\u0131r. https:\/\/www.youtube.com\/watch?v=cc4BDgeYiOQ<\/p>\n","protected":false},"author":14,"featured_media":0,"parent":0,"menu_order":0,"comment_status":"closed","ping_status":"closed","template":"","meta":{"site-sidebar-layout":"no-sidebar","site-content-layout":"page-builder","ast-site-content-layout":"full-width-container","site-content-style":"default","site-sidebar-style":"default","ast-global-header-display":"","ast-banner-title-visibility":"","ast-main-header-display":"","ast-hfb-above-header-display":"","ast-hfb-below-header-display":"","ast-hfb-mobile-header-display":"","site-post-title":"disabled","ast-breadcrumbs-content":"","ast-featured-img":"disabled","footer-sml-layout":"","ast-disable-related-posts":"","theme-transparent-header-meta":"default","adv-header-id-meta":"","stick-header-meta":"","header-above-stick-meta":"","header-main-stick-meta":"","header-below-stick-meta":"","astra-migrate-meta-layouts":"set","ast-page-background-enabled":"default","ast-page-background-meta":{"desktop":{"background-color":"","background-image":"","background-repeat":"repeat","background-position":"center center","background-size":"auto","background-attachment":"scroll","background-type":"","background-media":"","overlay-type":"","overlay-color":"","overlay-opacity":"","overlay-gradient":""},"tablet":{"background-color":"","background-image":"","background-repeat":"repeat","background-position":"center center","background-size":"auto","background-attachment":"scroll","background-type":"","background-media":"","overlay-type":"","overlay-color":"","overlay-opacity":"","overlay-gradient":""},"mobile":{"background-color":"","background-image":"","background-repeat":"repeat","background-position":"center center","background-size":"auto","background-attachment":"scroll","background-type":"","background-media":"","overlay-type":"","overlay-color":"","overlay-opacity":"","overlay-gradient":""}},"ast-content-background-meta":{"desktop":{"background-color":"var(--ast-global-color-5)","background-image":"","background-repeat":"repeat","background-position":"center center","background-size":"auto","background-attachment":"scroll","background-type":"","background-media":"","overlay-type":"","overlay-color":"","overlay-opacity":"","overlay-gradient":""},"tablet":{"background-color":"var(--ast-global-color-5)","background-image":"","background-repeat":"repeat","background-position":"center center","background-size":"auto","background-attachment":"scroll","background-type":"","background-media":"","overlay-type":"","overlay-color":"","overlay-opacity":"","overlay-gradient":""},"mobile":{"background-color":"var(--ast-global-color-5)","background-image":"","background-repeat":"repeat","background-position":"center center","background-size":"auto","background-attachment":"scroll","background-type":"","background-media":"","overlay-type":"","overlay-color":"","overlay-opacity":"","overlay-gradient":""}},"_themeisle_gutenberg_block_has_review":false,"footnotes":""},"class_list":["post-4932","page","type-page","status-publish","hentry"],"_links":{"self":[{"href":"https:\/\/bodymed.ee\/az\/wp-json\/wp\/v2\/pages\/4932","targetHints":{"allow":["GET"]}}],"collection":[{"href":"https:\/\/bodymed.ee\/az\/wp-json\/wp\/v2\/pages"}],"about":[{"href":"https:\/\/bodymed.ee\/az\/wp-json\/wp\/v2\/types\/page"}],"author":[{"embeddable":true,"href":"https:\/\/bodymed.ee\/az\/wp-json\/wp\/v2\/users\/14"}],"replies":[{"embeddable":true,"href":"https:\/\/bodymed.ee\/az\/wp-json\/wp\/v2\/comments?post=4932"}],"version-history":[{"count":5,"href":"https:\/\/bodymed.ee\/az\/wp-json\/wp\/v2\/pages\/4932\/revisions"}],"predecessor-version":[{"id":4943,"href":"https:\/\/bodymed.ee\/az\/wp-json\/wp\/v2\/pages\/4932\/revisions\/4943"}],"wp:attachment":[{"href":"https:\/\/bodymed.ee\/az\/wp-json\/wp\/v2\/media?parent=4932"}],"curies":[{"name":"wp","href":"https:\/\/api.w.org\/{rel}","templated":true}]}}