{"id":4965,"date":"2023-12-23T10:38:53","date_gmt":"2023-12-23T10:38:53","guid":{"rendered":"https:\/\/bodymed.ee\/turvaline-ninaplastika-istanbulis\/"},"modified":"2023-12-23T10:42:11","modified_gmt":"2023-12-23T10:42:11","slug":"istanbulda-t%c9%99hluk%c9%99siz-rinoplastika","status":"publish","type":"page","link":"https:\/\/bodymed.ee\/az\/istanbulda-t%c9%99hluk%c9%99siz-rinoplastika\/","title":{"rendered":"\u0130stanbulda t\u0259hl\u00fck\u0259siz rinoplastika"},"content":{"rendered":"\t\t<div data-elementor-type=\"wp-page\" data-elementor-id=\"4965\" class=\"elementor elementor-4965 elementor-4364\">\n\t\t\t\t\t\t<section class=\"elementor-section elementor-top-section elementor-element elementor-element-3400d7d elementor-section-boxed elementor-section-height-default elementor-section-height-default\" data-id=\"3400d7d\" data-element_type=\"section\" data-e-type=\"section\">\n\t\t\t\t\t\t<div class=\"elementor-container elementor-column-gap-default\">\n\t\t\t\t\t<div class=\"elementor-column elementor-col-100 elementor-top-column elementor-element elementor-element-35ada86\" data-id=\"35ada86\" data-element_type=\"column\" data-e-type=\"column\">\n\t\t\t<div class=\"elementor-widget-wrap elementor-element-populated\">\n\t\t\t\t\t\t<div class=\"elementor-element elementor-element-a7a766c elementor-widget elementor-widget-heading\" data-id=\"a7a766c\" data-element_type=\"widget\" data-e-type=\"widget\" data-widget_type=\"heading.default\">\n\t\t\t\t<div class=\"elementor-widget-container\">\n\t\t\t\t\t<h3 class=\"elementor-heading-title elementor-size-default\">\u0130stanbulda t\u0259hl\u00fck\u0259siz rinoplastika<\/h3>\t\t\t\t<\/div>\n\t\t\t\t<\/div>\n\t\t\t\t<div class=\"elementor-element elementor-element-da1df9b elementor-widget elementor-widget-image\" data-id=\"da1df9b\" data-element_type=\"widget\" data-e-type=\"widget\" data-widget_type=\"image.default\">\n\t\t\t\t<div class=\"elementor-widget-container\">\n\t\t\t\t\t\t\t\t\t\t\t\t\t\t\t<img fetchpriority=\"high\" decoding=\"async\" width=\"1024\" height=\"624\" src=\"https:\/\/bodymed.ee\/wp-content\/uploads\/2023\/10\/bodymed-eesti-buduaar-1024x624.webp\" class=\"attachment-large size-large wp-image-4360\" alt=\"\" srcset=\"https:\/\/bodymed.ee\/wp-content\/uploads\/2023\/10\/bodymed-eesti-buduaar-1024x624.webp 1024w, https:\/\/bodymed.ee\/wp-content\/uploads\/2023\/10\/bodymed-eesti-buduaar-600x365.webp 600w, https:\/\/bodymed.ee\/wp-content\/uploads\/2023\/10\/bodymed-eesti-buduaar-300x183.webp 300w, https:\/\/bodymed.ee\/wp-content\/uploads\/2023\/10\/bodymed-eesti-buduaar-768x468.webp 768w, https:\/\/bodymed.ee\/wp-content\/uploads\/2023\/10\/bodymed-eesti-buduaar-1536x935.webp 1536w, https:\/\/bodymed.ee\/wp-content\/uploads\/2023\/10\/bodymed-eesti-buduaar.webp 1800w\" sizes=\"(max-width: 1024px) 100vw, 1024px\" \/>\t\t\t\t\t\t\t\t\t\t\t\t\t\t\t<\/div>\n\t\t\t\t<\/div>\n\t\t\t\t\t<\/div>\n\t\t<\/div>\n\t\t\t\t\t<\/div>\n\t\t<\/section>\n\t\t\t\t<section class=\"elementor-section elementor-top-section elementor-element elementor-element-b14da6d elementor-section-boxed elementor-section-height-default elementor-section-height-default\" data-id=\"b14da6d\" data-element_type=\"section\" data-e-type=\"section\">\n\t\t\t\t\t\t<div class=\"elementor-container elementor-column-gap-default\">\n\t\t\t\t\t<div class=\"elementor-column elementor-col-100 elementor-top-column elementor-element elementor-element-efd7d76\" data-id=\"efd7d76\" data-element_type=\"column\" data-e-type=\"column\">\n\t\t\t<div class=\"elementor-widget-wrap elementor-element-populated\">\n\t\t\t\t\t\t<div class=\"elementor-element elementor-element-4ae17a6 elementor-widget elementor-widget-text-editor\" data-id=\"4ae17a6\" data-element_type=\"widget\" data-e-type=\"widget\" data-widget_type=\"text-editor.default\">\n\t\t\t\t<div class=\"elementor-widget-container\">\n\t\t\t\t\t\t\t\t\t<p>Rinoplastika n\u0259dir? Rinoplastika e. rinoplastika burnun formas\u0131n\u0131 v\u0259 ya \u00f6l\u00e7\u00fcs\u00fcn\u00fc d\u0259yi\u015fdirm\u0259y\u0259 y\u00f6n\u0259lmi\u015f \u0259m\u0259liyyatd\u0131r.<\/p><p>\u00c7ox vaxt x\u0259st\u0259l\u0259r a\u015fa\u011f\u0131da sadalanan s\u0259b\u0259bl\u0259rd\u0259n birin\u0259 g\u00f6r\u0259 burunlar\u0131n\u0131 d\u00fcz\u0259ltm\u0259k ist\u0259yirl\u0259r:<\/p><p>Burnunuzun \u00fcmumi formas\u0131ndan v\u0259 ya \u00f6l\u00e7\u00fcs\u00fcnd\u0259n naraz\u0131l\u0131q.<\/p><p>Burun x\u0259st\u0259y\u0259 \u00e7ox b\u00f6y\u00fck, asimmetrik v\u0259 ya \u00fcz\u00fcn qalan hiss\u0259si il\u0259 qeyri-m\u00fct\u0259nasib g\u00f6r\u00fcn\u00fcr.<\/p><p>Burun arxas\u0131 \u00e7ox geni\u015f, \u00e7ox h\u00fcnd\u00fcr (qabar var) v\u0259 ya \u00e7ox a\u015fa\u011f\u0131d\u0131r (y\u0259h\u0259r burnu deyil\u0259n bir \u015fey var).<\/p><p>Burun ucu a\u015fa\u011f\u0131 sallanm\u0131\u015f v\u0259 ya \u00e7ox dik, h\u0259ddind\u0259n art\u0131q \u00e7\u0131x\u0131nt\u0131l\u0131 (uzun), xo\u015fag\u0259lm\u0259z d\u0259r\u0259c\u0259d\u0259 yuvarlaq v\u0259 enli.Burun d\u0259likl\u0259rinin formas\u0131ndan v\u0259 \u00f6l\u00e7\u00fcs\u00fcnd\u0259n naraz\u0131l\u0131q.<\/p><p>X\u0259st\u0259 h\u0259ddind\u0259n art\u0131q g\u00f6r\u00fcn\u0259n burun d\u0259likl\u0259ri v\u0259 ya h\u0259ddind\u0259n art\u0131q alovlanan burun d\u0259likl\u0259ri il\u0259 narahat ola bil\u0259r.<\/p><p>\u018fvv\u0259lki travma v\u0259 ya anormall\u0131q n\u0259tic\u0259sind\u0259 burun \u0259yriliyi v\u0259 ya dig\u0259r deformasiya.<\/p><p>Bodymed x\u0259st\u0259l\u0259rinin \u0259vv\u0259l v\u0259 sonrak\u0131 \u015f\u0259kill\u0259rin\u0259 burada bax\u0131n.<\/p>\t\t\t\t\t\t\t\t<\/div>\n\t\t\t\t<\/div>\n\t\t\t\t\t<\/div>\n\t\t<\/div>\n\t\t\t\t\t<\/div>\n\t\t<\/section>\n\t\t\t\t<section class=\"elementor-section elementor-top-section elementor-element elementor-element-b26cb21 elementor-section-boxed elementor-section-height-default elementor-section-height-default\" data-id=\"b26cb21\" data-element_type=\"section\" data-e-type=\"section\">\n\t\t\t\t\t\t<div class=\"elementor-container elementor-column-gap-default\">\n\t\t\t\t\t<div class=\"elementor-column elementor-col-25 elementor-top-column elementor-element elementor-element-4f2d652\" data-id=\"4f2d652\" data-element_type=\"column\" data-e-type=\"column\">\n\t\t\t<div class=\"elementor-widget-wrap elementor-element-populated\">\n\t\t\t\t\t\t<div class=\"elementor-element elementor-element-b79d7d7 elementor-widget elementor-widget-image\" data-id=\"b79d7d7\" data-element_type=\"widget\" data-e-type=\"widget\" data-widget_type=\"image.default\">\n\t\t\t\t<div class=\"elementor-widget-container\">\n\t\t\t\t\t\t\t\t\t\t\t\t\t\t\t<img decoding=\"async\" width=\"1024\" height=\"1024\" src=\"https:\/\/bodymed.ee\/wp-content\/uploads\/2023\/10\/bodymed-enne-parast-1.jpeg\" class=\"attachment-large size-large wp-image-4366\" alt=\"\" srcset=\"https:\/\/bodymed.ee\/wp-content\/uploads\/2023\/10\/bodymed-enne-parast-1.jpeg 1024w, https:\/\/bodymed.ee\/wp-content\/uploads\/2023\/10\/bodymed-enne-parast-1-300x300.jpeg 300w, https:\/\/bodymed.ee\/wp-content\/uploads\/2023\/10\/bodymed-enne-parast-1-100x100.jpeg 100w, https:\/\/bodymed.ee\/wp-content\/uploads\/2023\/10\/bodymed-enne-parast-1-600x600.jpeg 600w, https:\/\/bodymed.ee\/wp-content\/uploads\/2023\/10\/bodymed-enne-parast-1-150x150.jpeg 150w, https:\/\/bodymed.ee\/wp-content\/uploads\/2023\/10\/bodymed-enne-parast-1-768x768.jpeg 768w\" sizes=\"(max-width: 1024px) 100vw, 1024px\" \/>\t\t\t\t\t\t\t\t\t\t\t\t\t\t\t<\/div>\n\t\t\t\t<\/div>\n\t\t\t\t\t<\/div>\n\t\t<\/div>\n\t\t\t\t<div class=\"elementor-column elementor-col-25 elementor-top-column elementor-element elementor-element-8dedb0f\" data-id=\"8dedb0f\" data-element_type=\"column\" data-e-type=\"column\">\n\t\t\t<div class=\"elementor-widget-wrap elementor-element-populated\">\n\t\t\t\t\t\t<div class=\"elementor-element elementor-element-373c8c0 elementor-widget elementor-widget-image\" data-id=\"373c8c0\" data-element_type=\"widget\" data-e-type=\"widget\" data-widget_type=\"image.default\">\n\t\t\t\t<div class=\"elementor-widget-container\">\n\t\t\t\t\t\t\t\t\t\t\t\t\t\t\t<img decoding=\"async\" width=\"1024\" height=\"1024\" src=\"https:\/\/bodymed.ee\/wp-content\/uploads\/2023\/10\/bodymed-enne-parast-2.jpeg\" class=\"attachment-large size-large wp-image-4370\" alt=\"\" srcset=\"https:\/\/bodymed.ee\/wp-content\/uploads\/2023\/10\/bodymed-enne-parast-2.jpeg 1024w, https:\/\/bodymed.ee\/wp-content\/uploads\/2023\/10\/bodymed-enne-parast-2-300x300.jpeg 300w, https:\/\/bodymed.ee\/wp-content\/uploads\/2023\/10\/bodymed-enne-parast-2-100x100.jpeg 100w, https:\/\/bodymed.ee\/wp-content\/uploads\/2023\/10\/bodymed-enne-parast-2-600x600.jpeg 600w, https:\/\/bodymed.ee\/wp-content\/uploads\/2023\/10\/bodymed-enne-parast-2-150x150.jpeg 150w, https:\/\/bodymed.ee\/wp-content\/uploads\/2023\/10\/bodymed-enne-parast-2-768x768.jpeg 768w\" sizes=\"(max-width: 1024px) 100vw, 1024px\" \/>\t\t\t\t\t\t\t\t\t\t\t\t\t\t\t<\/div>\n\t\t\t\t<\/div>\n\t\t\t\t\t<\/div>\n\t\t<\/div>\n\t\t\t\t<div class=\"elementor-column elementor-col-25 elementor-top-column elementor-element elementor-element-26cbf53\" data-id=\"26cbf53\" data-element_type=\"column\" data-e-type=\"column\">\n\t\t\t<div class=\"elementor-widget-wrap elementor-element-populated\">\n\t\t\t\t\t\t<div class=\"elementor-element elementor-element-e98bb14 elementor-widget elementor-widget-image\" data-id=\"e98bb14\" data-element_type=\"widget\" data-e-type=\"widget\" data-widget_type=\"image.default\">\n\t\t\t\t<div class=\"elementor-widget-container\">\n\t\t\t\t\t\t\t\t\t\t\t\t\t\t\t<img loading=\"lazy\" decoding=\"async\" width=\"1024\" height=\"1024\" src=\"https:\/\/bodymed.ee\/wp-content\/uploads\/2023\/10\/bodymed-enne-parast-3.jpeg\" class=\"attachment-large size-large wp-image-4374\" alt=\"\" srcset=\"https:\/\/bodymed.ee\/wp-content\/uploads\/2023\/10\/bodymed-enne-parast-3.jpeg 1024w, https:\/\/bodymed.ee\/wp-content\/uploads\/2023\/10\/bodymed-enne-parast-3-300x300.jpeg 300w, https:\/\/bodymed.ee\/wp-content\/uploads\/2023\/10\/bodymed-enne-parast-3-100x100.jpeg 100w, https:\/\/bodymed.ee\/wp-content\/uploads\/2023\/10\/bodymed-enne-parast-3-600x600.jpeg 600w, https:\/\/bodymed.ee\/wp-content\/uploads\/2023\/10\/bodymed-enne-parast-3-150x150.jpeg 150w, https:\/\/bodymed.ee\/wp-content\/uploads\/2023\/10\/bodymed-enne-parast-3-768x768.jpeg 768w\" sizes=\"(max-width: 1024px) 100vw, 1024px\" \/>\t\t\t\t\t\t\t\t\t\t\t\t\t\t\t<\/div>\n\t\t\t\t<\/div>\n\t\t\t\t\t<\/div>\n\t\t<\/div>\n\t\t\t\t<div class=\"elementor-column elementor-col-25 elementor-top-column elementor-element elementor-element-6662855\" data-id=\"6662855\" data-element_type=\"column\" data-e-type=\"column\">\n\t\t\t<div class=\"elementor-widget-wrap elementor-element-populated\">\n\t\t\t\t\t\t<div class=\"elementor-element elementor-element-ba96eda elementor-widget elementor-widget-image\" data-id=\"ba96eda\" data-element_type=\"widget\" data-e-type=\"widget\" data-widget_type=\"image.default\">\n\t\t\t\t<div class=\"elementor-widget-container\">\n\t\t\t\t\t\t\t\t\t\t\t\t\t\t\t<img loading=\"lazy\" decoding=\"async\" width=\"1024\" height=\"1024\" src=\"https:\/\/bodymed.ee\/wp-content\/uploads\/2023\/10\/bodymed-enne-parast-1-4.jpeg\" class=\"attachment-large size-large wp-image-4378\" alt=\"\" srcset=\"https:\/\/bodymed.ee\/wp-content\/uploads\/2023\/10\/bodymed-enne-parast-1-4.jpeg 1024w, https:\/\/bodymed.ee\/wp-content\/uploads\/2023\/10\/bodymed-enne-parast-1-4-300x300.jpeg 300w, https:\/\/bodymed.ee\/wp-content\/uploads\/2023\/10\/bodymed-enne-parast-1-4-100x100.jpeg 100w, https:\/\/bodymed.ee\/wp-content\/uploads\/2023\/10\/bodymed-enne-parast-1-4-600x600.jpeg 600w, https:\/\/bodymed.ee\/wp-content\/uploads\/2023\/10\/bodymed-enne-parast-1-4-150x150.jpeg 150w, https:\/\/bodymed.ee\/wp-content\/uploads\/2023\/10\/bodymed-enne-parast-1-4-768x768.jpeg 768w\" sizes=\"(max-width: 1024px) 100vw, 1024px\" \/>\t\t\t\t\t\t\t\t\t\t\t\t\t\t\t<\/div>\n\t\t\t\t<\/div>\n\t\t\t\t\t<\/div>\n\t\t<\/div>\n\t\t\t\t\t<\/div>\n\t\t<\/section>\n\t\t\t\t<section class=\"elementor-section elementor-top-section elementor-element elementor-element-711b32a elementor-section-boxed elementor-section-height-default elementor-section-height-default\" data-id=\"711b32a\" data-element_type=\"section\" data-e-type=\"section\">\n\t\t\t\t\t\t<div class=\"elementor-container elementor-column-gap-default\">\n\t\t\t\t\t<div class=\"elementor-column elementor-col-100 elementor-top-column elementor-element elementor-element-67c7ad9\" data-id=\"67c7ad9\" data-element_type=\"column\" data-e-type=\"column\">\n\t\t\t<div class=\"elementor-widget-wrap elementor-element-populated\">\n\t\t\t\t\t\t<div class=\"elementor-element elementor-element-860585d elementor-widget elementor-widget-heading\" data-id=\"860585d\" data-element_type=\"widget\" data-e-type=\"widget\" data-widget_type=\"heading.default\">\n\t\t\t\t<div class=\"elementor-widget-container\">\n\t\t\t\t\t<h3 class=\"elementor-heading-title elementor-size-default\">Niy\u0259 Bodymed vasit\u0259sil\u0259 \u0130stanbulda t\u0259sdiql\u0259nmi\u015f sa\u011flaml\u0131q turizmini se\u00e7irsiniz?<\/h3>\t\t\t\t<\/div>\n\t\t\t\t<\/div>\n\t\t\t\t\t<\/div>\n\t\t<\/div>\n\t\t\t\t\t<\/div>\n\t\t<\/section>\n\t\t\t\t<section class=\"elementor-section elementor-top-section elementor-element elementor-element-064f3fa elementor-section-boxed elementor-section-height-default elementor-section-height-default\" data-id=\"064f3fa\" data-element_type=\"section\" data-e-type=\"section\">\n\t\t\t\t\t\t<div class=\"elementor-container elementor-column-gap-default\">\n\t\t\t\t\t<div class=\"elementor-column elementor-col-100 elementor-top-column elementor-element elementor-element-77b99be\" data-id=\"77b99be\" data-element_type=\"column\" data-e-type=\"column\">\n\t\t\t<div class=\"elementor-widget-wrap elementor-element-populated\">\n\t\t\t\t\t\t<div class=\"elementor-element elementor-element-8d7aacb elementor-widget elementor-widget-text-editor\" data-id=\"8d7aacb\" data-element_type=\"widget\" data-e-type=\"widget\" data-widget_type=\"text-editor.default\">\n\t\t\t\t<div class=\"elementor-widget-container\">\n\t\t\t\t\t\t\t\t\t<p>Bodymed bir ne\u00e7\u0259 x\u0259st\u0259xanan\u0131 yoxlay\u0131b v\u0259 yaln\u0131z t\u0259hl\u00fck\u0259siz yerl\u0259ri t\u00f6vsiy\u0259 edir<br \/>S\u0259yah\u0259tinizd\u0259 siz\u0259 k\u00f6m\u0259k ed\u0259c\u0259k, m\u0259sl\u0259h\u0259t ver\u0259c\u0259k, izah ed\u0259c\u0259k v\u0259 d\u0259st\u0259k olacaq Estoniya \u0259laq\u0259sin\u0259 m\u00fcraci\u0259t etm\u0259k h\u0259r zaman imkan\u0131n\u0131z var.<br \/>\u0130stanbulda oldu\u011funuz zaman prosesl\u0259r\u0259 k\u00f6m\u0259k etm\u0259k v\u0259 ya s\u00fcr\u0259tl\u0259ndirm\u0259k \u00fc\u00e7\u00fcn yaln\u0131z Bodymed klinika menecerl\u0259ri il\u0259 \u0259laq\u0259 saxlay\u0131r.<br \/>Bodymed t\u0259r\u0259find\u0259n axtar\u0131lan klinikalar b\u00f6y\u00fck t\u0259cr\u00fcb\u0259y\u0259 v\u0259 laz\u0131mi sertifikatlara malik \u0259n yax\u015f\u0131 n\u0259tic\u0259l\u0259r\u0259 malik c\u0259rrahlar v\u0259 h\u0259kiml\u0259r t\u0259r\u0259find\u0259n \u00e7al\u0131\u015f\u0131r.<br \/>Bodymed komissiya tutmur, birba\u015fa klinikaya \u00f6d\u0259yirsiniz.<br \/>Xidm\u0259tl\u0259r Estoniyadan qat-qat ucuzdur<\/p><p><br \/>Sa\u011flaml\u0131q turizmi prosesi nec\u0259 g\u00f6r\u00fcn\u00fcr?<br \/>Whatsapp v\u0259 ya +3725111842 n\u00f6mr\u0259sin\u0259 z\u0259ng ed\u0259r\u0259k prosesi izah ed\u0259c\u0259k Bodymed m\u00fct\u0259x\u0259ssisi il\u0259 \u0259laq\u0259<br \/>\u0130lk konsultasiya \u00fc\u00e7\u00fcn \u015f\u0259kill\u0259ri g\u00f6nd\u0259rdiyiniz \u0130stanbul C\u0259rrah\u0131n k\u00f6m\u0259k\u00e7isi sizinl\u0259 \u0259laq\u0259 saxlayacaq, daha sonra telefonla v\u0259 ya yaz\u0131l\u0131 \u015f\u0259kild\u0259 \u0259laq\u0259 saxlayacaq v\u0259 siz\u0259 t\u0259klif veril\u0259c\u0259k.<br \/>Bodymed vasit\u0259sil\u0259 \u0130stanbula getm\u0259y\u0259 q\u0259rar verdinizs\u0259, h\u0259r zaman ana dilinizd\u0259 d\u0259st\u0259k alacaqs\u0131n\u0131z.<br \/>Biletl\u0259r al\u0131nd\u0131qdan v\u0259 \u0130stanbula endikd\u0259n sonra siz\u0259 hava liman\u0131nda \u00e7\u0131x\u0131\u015f \u00fc\u00e7\u00fcn qap\u0131 n\u00f6mr\u0259sinin videosu g\u00f6nd\u0259ril\u0259c\u0259k v\u0259 sizi oteliniz\u0259 aparacaq v\u0259 klinikaya\/x\u0259st\u0259xanaya aparacaq transfer sizi g\u00f6zl\u0259y\u0259c\u0259k. ziyar\u0259tl\u0259r \u00fc\u00e7\u00fcn<br \/>B\u00fct\u00fcn \u0259lav\u0259 t\u0259limatlar whatsapp-da siz\u0259 g\u0259l\u0259c\u0259k. (laz\u0131m olduqda, 24\/7 Estoniya \u0259laq\u0259si var, ona s\u0259f\u0259rl\u0259rinizin vaxtlar\u0131n\u0131 g\u00f6nd\u0259rm\u0259lisiniz ki, o, siz\u0259 d\u0259rhal cavab verm\u0259y\u0259 haz\u0131r olsun)<br \/>\u0130lk s\u0259f\u0259r \u0130stanbul \u00fcslubunda bir y\u00fcks\u0259li\u015fdir, ona g\u00f6r\u0259 d\u0259 \u201c\u0130lk plan\u0131ma sadiq qalaca\u011fam!\u201d ifad\u0259sini i\u015fl\u0259tm\u0259y\u0259 haz\u0131r olun. Son plana q\u0259rar ver\u0259c\u0259k bir h\u0259kim v\u0259 k\u00f6m\u0259k\u00e7isi t\u0259r\u0259find\u0259n m\u00fcayin\u0259 olunacaqs\u0131n\u0131z.<br \/>Sonra, h\u0259r \u015feyin qaydas\u0131nda olmas\u0131 \u00fc\u00e7\u00fcn siz\u0259 \u0259m\u0259liyyat\u0131n vaxt\u0131 v\u0259 ilkin m\u0259rh\u0259l\u0259l\u0259r t\u0259yin olunacaq.<br \/>\u018fm\u0259liyyatdan sonra 1-3 g\u00fcn m\u00fcasir v\u0259 \u00e7ox g\u00fcl\u0259r\u00fcz personal\u0131 olan x\u0259st\u0259xanada qal\u0131rs\u0131n\u0131z.<br \/>X\u0259st\u0259xanadan siz\u0259 laz\u0131m olan b\u00fct\u00fcn antibiotikl\u0259r, probiyotikl\u0259r, sar\u011f\u0131lar v\u0259 a\u011fr\u0131k\u0259sicil\u0259r veril\u0259c\u0259k<br \/>Son ziyar\u0259t h\u0259kim m\u00fcayin\u0259sidir, burada v\u0259ziyy\u0259tiniz yoxlan\u0131l\u0131r v\u0259 siz ev\u0259 u\u00e7ma\u011fa haz\u0131rs\u0131n\u0131z.<\/p><p>\u00a0<\/p><p>Bodymed sa\u011flaml\u0131q turizmi s\u0259yah\u0259tind\u0259 siz\u0259 g\u00fcv\u0259n v\u0259 t\u0259hl\u00fck\u0259siz s\u0259yah\u0259t\u0259 z\u0259man\u0259t verir.<\/p><p>H\u0259r hans\u0131 bir sual\u0131n\u0131z olarsa +3725111842 whatsapp v\u0259 ya info@bodymed.ee \u00fcnvan\u0131na yaz\u0131n.<\/p><p><img loading=\"lazy\" decoding=\"async\" class=\"alignnone size-medium wp-image-4391\" src=\"https:\/\/bodymed.ee\/wp-content\/uploads\/2023\/10\/triin-randloo-bodymed-eesti-kontakt-scaled-1-300x300.jpeg\" alt=\"\" width=\"300\" height=\"300\" srcset=\"https:\/\/bodymed.ee\/wp-content\/uploads\/2023\/10\/triin-randloo-bodymed-eesti-kontakt-scaled-1-300x300.jpeg 300w, https:\/\/bodymed.ee\/wp-content\/uploads\/2023\/10\/triin-randloo-bodymed-eesti-kontakt-scaled-1-100x100.jpeg 100w, https:\/\/bodymed.ee\/wp-content\/uploads\/2023\/10\/triin-randloo-bodymed-eesti-kontakt-scaled-1-600x600.jpeg 600w, https:\/\/bodymed.ee\/wp-content\/uploads\/2023\/10\/triin-randloo-bodymed-eesti-kontakt-scaled-1-1024x1024.jpeg 1024w, https:\/\/bodymed.ee\/wp-content\/uploads\/2023\/10\/triin-randloo-bodymed-eesti-kontakt-scaled-1-150x150.jpeg 150w, https:\/\/bodymed.ee\/wp-content\/uploads\/2023\/10\/triin-randloo-bodymed-eesti-kontakt-scaled-1-768x768.jpeg 768w, https:\/\/bodymed.ee\/wp-content\/uploads\/2023\/10\/triin-randloo-bodymed-eesti-kontakt-scaled-1-1536x1536.jpeg 1536w, https:\/\/bodymed.ee\/wp-content\/uploads\/2023\/10\/triin-randloo-bodymed-eesti-kontakt-scaled-1.jpeg 2000w\" sizes=\"(max-width: 300px) 100vw, 300px\" \/><\/p><p class=\"paragraph has-block-align--none\"><a href=\"http:\/\/www.bodymed.ee\/\" target=\"_blank\" rel=\"noopener\" data-type=\"link\" data-id=\"www.bodymed.ee\">www.bodymed.ee<\/a><\/p><p><a href=\"https:\/\/buduaar.tv3.ee\/sisuturundus\/naised-mis-meil-elektriliste-autode-vastu-on\/\" target=\"_blank\" rel=\"noopener\">Orijinal m\u0259qal\u0259: Buduaar<\/a><\/p>\t\t\t\t\t\t\t\t<\/div>\n\t\t\t\t<\/div>\n\t\t\t\t\t<\/div>\n\t\t<\/div>\n\t\t\t\t\t<\/div>\n\t\t<\/section>\n\t\t\t\t<\/div>\n\t\t","protected":false},"excerpt":{"rendered":"<p>\u0130stanbulda t\u0259hl\u00fck\u0259siz rinoplastika Rinoplastika n\u0259dir? Rinoplastika e. rinoplastika burnun formas\u0131n\u0131 v\u0259 ya \u00f6l\u00e7\u00fcs\u00fcn\u00fc d\u0259yi\u015fdirm\u0259y\u0259 y\u00f6n\u0259lmi\u015f \u0259m\u0259liyyatd\u0131r. \u00c7ox vaxt x\u0259st\u0259l\u0259r a\u015fa\u011f\u0131da sadalanan s\u0259b\u0259bl\u0259rd\u0259n birin\u0259 g\u00f6r\u0259 burunlar\u0131n\u0131 d\u00fcz\u0259ltm\u0259k ist\u0259yirl\u0259r: Burnunuzun \u00fcmumi formas\u0131ndan v\u0259 ya \u00f6l\u00e7\u00fcs\u00fcnd\u0259n naraz\u0131l\u0131q. Burun x\u0259st\u0259y\u0259 \u00e7ox b\u00f6y\u00fck, asimmetrik v\u0259 ya \u00fcz\u00fcn qalan hiss\u0259si il\u0259 qeyri-m\u00fct\u0259nasib g\u00f6r\u00fcn\u00fcr. Burun arxas\u0131 \u00e7ox geni\u015f, \u00e7ox h\u00fcnd\u00fcr (qabar var) [&hellip;]<\/p>\n","protected":false},"author":14,"featured_media":0,"parent":0,"menu_order":0,"comment_status":"closed","ping_status":"closed","template":"","meta":{"site-sidebar-layout":"no-sidebar","site-content-layout":"page-builder","ast-site-content-layout":"full-width-container","site-content-style":"unboxed","site-sidebar-style":"unboxed","ast-global-header-display":"","ast-banner-title-visibility":"","ast-main-header-display":"","ast-hfb-above-header-display":"","ast-hfb-below-header-display":"","ast-hfb-mobile-header-display":"","site-post-title":"disabled","ast-breadcrumbs-content":"","ast-featured-img":"disabled","footer-sml-layout":"","ast-disable-related-posts":"","theme-transparent-header-meta":"default","adv-header-id-meta":"","stick-header-meta":"","header-above-stick-meta":"","header-main-stick-meta":"","header-below-stick-meta":"","astra-migrate-meta-layouts":"set","ast-page-background-enabled":"default","ast-page-background-meta":{"desktop":{"background-color":"","background-image":"","background-repeat":"repeat","background-position":"center center","background-size":"auto","background-attachment":"scroll","background-type":"","background-media":"","overlay-type":"","overlay-color":"","overlay-opacity":"","overlay-gradient":""},"tablet":{"background-color":"","background-image":"","background-repeat":"repeat","background-position":"center center","background-size":"auto","background-attachment":"scroll","background-type":"","background-media":"","overlay-type":"","overlay-color":"","overlay-opacity":"","overlay-gradient":""},"mobile":{"background-color":"","background-image":"","background-repeat":"repeat","background-position":"center center","background-size":"auto","background-attachment":"scroll","background-type":"","background-media":"","overlay-type":"","overlay-color":"","overlay-opacity":"","overlay-gradient":""}},"ast-content-background-meta":{"desktop":{"background-color":"var(--ast-global-color-5)","background-image":"","background-repeat":"repeat","background-position":"center center","background-size":"auto","background-attachment":"scroll","background-type":"","background-media":"","overlay-type":"","overlay-color":"","overlay-opacity":"","overlay-gradient":""},"tablet":{"background-color":"var(--ast-global-color-5)","background-image":"","background-repeat":"repeat","background-position":"center center","background-size":"auto","background-attachment":"scroll","background-type":"","background-media":"","overlay-type":"","overlay-color":"","overlay-opacity":"","overlay-gradient":""},"mobile":{"background-color":"var(--ast-global-color-5)","background-image":"","background-repeat":"repeat","background-position":"center center","background-size":"auto","background-attachment":"scroll","background-type":"","background-media":"","overlay-type":"","overlay-color":"","overlay-opacity":"","overlay-gradient":""}},"_themeisle_gutenberg_block_has_review":false,"footnotes":""},"class_list":["post-4965","page","type-page","status-publish","hentry"],"_links":{"self":[{"href":"https:\/\/bodymed.ee\/az\/wp-json\/wp\/v2\/pages\/4965","targetHints":{"allow":["GET"]}}],"collection":[{"href":"https:\/\/bodymed.ee\/az\/wp-json\/wp\/v2\/pages"}],"about":[{"href":"https:\/\/bodymed.ee\/az\/wp-json\/wp\/v2\/types\/page"}],"author":[{"embeddable":true,"href":"https:\/\/bodymed.ee\/az\/wp-json\/wp\/v2\/users\/14"}],"replies":[{"embeddable":true,"href":"https:\/\/bodymed.ee\/az\/wp-json\/wp\/v2\/comments?post=4965"}],"version-history":[{"count":5,"href":"https:\/\/bodymed.ee\/az\/wp-json\/wp\/v2\/pages\/4965\/revisions"}],"predecessor-version":[{"id":4975,"href":"https:\/\/bodymed.ee\/az\/wp-json\/wp\/v2\/pages\/4965\/revisions\/4975"}],"wp:attachment":[{"href":"https:\/\/bodymed.ee\/az\/wp-json\/wp\/v2\/media?parent=4965"}],"curies":[{"name":"wp","href":"https:\/\/api.w.org\/{rel}","templated":true}]}}