{"id":4979,"date":"2023-12-24T08:19:36","date_gmt":"2023-12-24T08:19:36","guid":{"rendered":"https:\/\/bodymed.ee\/kontrollitud-ja-turvaline-terviseturism\/"},"modified":"2023-12-24T08:27:41","modified_gmt":"2023-12-24T08:27:41","slug":"n%c9%99zar%c9%99t-olunan-v%c9%99-t%c9%99hluk%c9%99siz-saglamliq-turizmi","status":"publish","type":"page","link":"https:\/\/bodymed.ee\/az\/n%c9%99zar%c9%99t-olunan-v%c9%99-t%c9%99hluk%c9%99siz-saglamliq-turizmi\/","title":{"rendered":"N\u0259zar\u0259t olunan v\u0259 t\u0259hl\u00fck\u0259siz sa\u011flaml\u0131q turizmi"},"content":{"rendered":"\t\t<div data-elementor-type=\"wp-page\" data-elementor-id=\"4979\" class=\"elementor elementor-4979 elementor-3544\">\n\t\t\t\t\t\t<section class=\"elementor-section elementor-top-section elementor-element elementor-element-e3bbe05 elementor-section-boxed elementor-section-height-default elementor-section-height-default\" data-id=\"e3bbe05\" data-element_type=\"section\" data-e-type=\"section\">\n\t\t\t\t\t\t<div class=\"elementor-container elementor-column-gap-default\">\n\t\t\t\t\t<div class=\"elementor-column elementor-col-100 elementor-top-column elementor-element elementor-element-dcf956a\" data-id=\"dcf956a\" data-element_type=\"column\" data-e-type=\"column\">\n\t\t\t<div class=\"elementor-widget-wrap elementor-element-populated\">\n\t\t\t\t\t\t<div class=\"elementor-element elementor-element-25ba4e1 elementor-widget elementor-widget-heading\" data-id=\"25ba4e1\" data-element_type=\"widget\" data-e-type=\"widget\" data-widget_type=\"heading.default\">\n\t\t\t\t<div class=\"elementor-widget-container\">\n\t\t\t\t\t<h3 class=\"elementor-heading-title elementor-size-default\">N\u0259zar\u0259t olunan v\u0259 t\u0259hl\u00fck\u0259siz sa\u011flaml\u0131q turizmi<\/h3>\t\t\t\t<\/div>\n\t\t\t\t<\/div>\n\t\t\t\t\t<\/div>\n\t\t<\/div>\n\t\t\t\t\t<\/div>\n\t\t<\/section>\n\t\t\t\t<section class=\"elementor-section elementor-top-section elementor-element elementor-element-13642d1 elementor-section-boxed elementor-section-height-default elementor-section-height-default\" data-id=\"13642d1\" data-element_type=\"section\" data-e-type=\"section\">\n\t\t\t\t\t\t<div class=\"elementor-container elementor-column-gap-default\">\n\t\t\t\t\t<div class=\"elementor-column elementor-col-100 elementor-top-column elementor-element elementor-element-9f50215\" data-id=\"9f50215\" data-element_type=\"column\" data-e-type=\"column\">\n\t\t\t<div class=\"elementor-widget-wrap elementor-element-populated\">\n\t\t\t\t\t\t<div class=\"elementor-element elementor-element-1412a32 elementor-widget elementor-widget-image\" data-id=\"1412a32\" data-element_type=\"widget\" data-e-type=\"widget\" data-widget_type=\"image.default\">\n\t\t\t\t<div class=\"elementor-widget-container\">\n\t\t\t\t\t\t\t\t\t\t\t\t\t\t\t<img fetchpriority=\"high\" decoding=\"async\" width=\"768\" height=\"468\" src=\"https:\/\/bodymed.ee\/wp-content\/uploads\/2023\/09\/bodymed-eesti-terviseturism-turvaline-ja-kontrollitud-768x468.webp\" class=\"attachment-medium_large size-medium_large wp-image-3551\" alt=\"\" srcset=\"https:\/\/bodymed.ee\/wp-content\/uploads\/2023\/09\/bodymed-eesti-terviseturism-turvaline-ja-kontrollitud-768x468.webp 768w, https:\/\/bodymed.ee\/wp-content\/uploads\/2023\/09\/bodymed-eesti-terviseturism-turvaline-ja-kontrollitud-600x365.webp 600w, https:\/\/bodymed.ee\/wp-content\/uploads\/2023\/09\/bodymed-eesti-terviseturism-turvaline-ja-kontrollitud-300x183.webp 300w, https:\/\/bodymed.ee\/wp-content\/uploads\/2023\/09\/bodymed-eesti-terviseturism-turvaline-ja-kontrollitud-1024x624.webp 1024w, https:\/\/bodymed.ee\/wp-content\/uploads\/2023\/09\/bodymed-eesti-terviseturism-turvaline-ja-kontrollitud-1536x935.webp 1536w, https:\/\/bodymed.ee\/wp-content\/uploads\/2023\/09\/bodymed-eesti-terviseturism-turvaline-ja-kontrollitud.webp 1800w\" sizes=\"(max-width: 768px) 100vw, 768px\" \/>\t\t\t\t\t\t\t\t\t\t\t\t\t\t\t<\/div>\n\t\t\t\t<\/div>\n\t\t\t\t<div class=\"elementor-element elementor-element-5d50861 elementor-widget elementor-widget-text-editor\" data-id=\"5d50861\" data-element_type=\"widget\" data-e-type=\"widget\" data-widget_type=\"text-editor.default\">\n\t\t\t\t<div class=\"elementor-widget-container\">\n\t\t\t\t\t\t\t\t\t<div class=\"intro\">\u00a0<\/div><div class=\"content\"><article class=\"content__text text\"><div class=\"content__text-inner\"><div class=\"container container--narrow\"><div class=\"wp-block-post-excerpt\"><p class=\"wp-block-post-excerpt__excerpt\">Sa\u011flaml\u0131q turizmin\u0259 ba\u015flamazdan \u0259vv\u0259l hara getdiyinizi yoxlay\u0131n. 200 avro endirim v\u0259 10 kq halva yax\u015f\u0131 n\u0259tic\u0259 dem\u0259k deyil!<\/p><\/div><\/div><\/div><div class=\"advertising advertising--excerpt js-advertising lazyloaded\"><div class=\"advertising__inner\"><div class=\"advertising__desktop d-none d-lgl-block\"><div class=\"smartad smartad_standard d8302db2-5206-49f7-8f92-f86092f6c086 fbc21c24-9669-4f1a-bdfc-0f1a7a8a2ca2d8302db2-5206-49f7-8f92-f86092f6c086\"><div class=\"smartad_inner\"><div>\u00a0<\/div><\/div><\/div><\/div><\/div><\/div><div class=\"content__text-inner\"><div class=\"container container--narrow\"><p>NB! T\u00fcrkiy\u0259d\u0259 sa\u011flaml\u0131q turizmini planla\u015fd\u0131rark\u0259n n\u0259l\u0259r\u0259 diqq\u0259t etm\u0259k laz\u0131md\u0131r?<\/p><p>T\u0259hl\u00fck\u0259siz klinika tapmaq \u00fc\u00e7\u00fcn yoxlama \u015firk\u0259tinin k\u00f6m\u0259yind\u0259n istifad\u0259 edin. (www.bodymed.ee)<br \/>Yerli m\u0259d\u0259niyy\u0259tin x\u00fcsusiyy\u0259tl\u0259rini n\u0259z\u0259rd\u0259n ke\u00e7irin.<br \/>Klinika \u0259laq\u0259l\u0259ri olan yerli Estoniya t\u0259hl\u00fck\u0259sizlik i\u015f\u00e7iniz.<br \/>H\u0259kiml\u0259rin laz\u0131mi sertifikatlara malik oldu\u011fundan \u0259min olun.<br \/>Vasit\u0259\u00e7il\u0259rd\u0259n istifad\u0259 etm\u0259yin. Maklerl\u0259r daimi d\u0259st\u0259k vermir!<br \/>He\u00e7 vaxt \u0259vv\u0259lc\u0259d\u0259n pul t\u0259l\u0259b olunmur!<br \/>H\u0259mi\u015f\u0259 na\u011fd \u015f\u0259kild\u0259 \u00f6d\u0259yin. Kartla \u00f6d\u0259ni\u015fl\u0259r v\u0259 k\u00f6\u00e7\u00fcrm\u0259l\u0259r zaman\u0131 vergil\u0259r \u0259lav\u0259 olunur v\u0259 qiym\u0259t \u0259h\u0259miyy\u0259tli d\u0259r\u0259c\u0259d\u0259 art\u0131r.<\/p><figure class=\"image\"><picture class=\"image__picture\"><source srcset=\"https:\/\/tv3cdn.ee\/tv3_buduaar\/2023\/09\/img_1709.jpg\" type=\"image\/webp\" sizes=\"742px\" data-srcset=\"https:\/\/tv3cdn.ee\/tv3_buduaar\/2023\/09\/img_1709.jpg\" \/><img decoding=\"async\" class=\"image__img lazyautosizes ls-is-cached lazyloaded\" src=\"https:\/\/tv3cdn.ee\/tv3_buduaar\/2023\/09\/img_1709.jpg\" sizes=\"742px\" srcset=\"https:\/\/tv3cdn.ee\/tv3_buduaar\/thumbnails\/full\/2023\/09\/img_1709.jpg\" alt=\"Terviseturism T\u00fcrki\" width=\"198\" height=\"130\" data-srcset=\"https:\/\/tv3cdn.ee\/tv3_buduaar\/thumbnails\/full\/2023\/09\/img_1709.jpg\" data-sizes=\"auto\" \/><\/picture><figcaption class=\"image__caption\"><\/figcaption><\/figure><p>Saytda n\u0259 q\u0259d\u0259r vaxt olmal\u0131d\u0131r?<\/p><p>Di\u015f m\u00fcalic\u0259si &#8211; 7 g\u00fcn\u0259 q\u0259d\u0259r (2-3 ziyar\u0259t).<\/p><p>Plastik c\u0259rrahiyy\u0259 &#8211; 7 g\u00fcn, onlardan 2-3 g\u00fcn x\u0259st\u0259xanada.<\/p><p>Sa\u00e7 transplantasiyas\u0131 &#8211; 3 g\u00fcn.<\/p><figure class=\"image\"><picture class=\"image__picture\"><source srcset=\"https:\/\/tv3cdn.ee\/tv3_buduaar\/2023\/09\/garantii.jpg\" type=\"image\/webp\" sizes=\"742px\" data-srcset=\"https:\/\/tv3cdn.ee\/tv3_buduaar\/2023\/09\/garantii.jpg\" \/><img decoding=\"async\" class=\"image__img lazyautosizes ls-is-cached lazyloaded\" src=\"https:\/\/tv3cdn.ee\/tv3_buduaar\/2023\/09\/garantii.jpg\" sizes=\"742px\" srcset=\"https:\/\/tv3cdn.ee\/tv3_buduaar\/thumbnails\/full\/2023\/09\/garantii.jpg\" alt=\"Bodymed garantii\" width=\"172\" height=\"216\" data-srcset=\"https:\/\/tv3cdn.ee\/tv3_buduaar\/thumbnails\/full\/2023\/09\/garantii.jpg\" data-sizes=\"auto\" \/><\/picture><figcaption class=\"image__caption\"><\/figcaption><\/figure><p>H\u0259r prosedur z\u0259man\u0259tl\u0259 g\u0259lir!<\/p><p>Prosedurdan sonra evd\u0259 qulluq \u00fc\u00e7\u00fcn laz\u0131m olan h\u0259r \u015fey t\u0259min edilir.<\/p><p>BODYMED \u018fN \u018fLA \u00d6D\u018fN\u0130\u015eL\u018fR\u0130 T\u018fKL\u0130F ED\u0130R<\/p><p>T\u00fcrk m\u0259d\u0259niyy\u0259tini tan\u0131yark\u0259n siz\u0259 d\u0259st\u0259k olacaq v\u0259 asud\u0259 vaxt\u0131n\u0131z\u0131 ke\u00e7ir\u0259 bil\u0259c\u0259yiniz bir dostunuzu g\u0259tirm\u0259yi t\u00f6vsiy\u0259 edirik.<\/p><p>S\u0259yah\u0259t boyu s\u0259nin yan\u0131nda olaca\u011fam v\u0259 h\u0259mi\u015f\u0259 k\u00f6m\u0259k ed\u0259c\u0259y\u0259m!<\/p><figure class=\"image\"><picture class=\"image__picture\"><source srcset=\"https:\/\/tv3cdn.ee\/tv3_buduaar\/2023\/09\/triin-randloo-scaled.jpg\" type=\"image\/webp\" sizes=\"742px\" data-srcset=\"https:\/\/tv3cdn.ee\/tv3_buduaar\/2023\/09\/triin-randloo-scaled.jpg\" \/><img loading=\"lazy\" decoding=\"async\" class=\"image__img lazyautosizes ls-is-cached lazyloaded\" src=\"https:\/\/tv3cdn.ee\/tv3_buduaar\/2023\/09\/triin-randloo-scaled.jpg\" sizes=\"742px\" srcset=\"https:\/\/tv3cdn.ee\/tv3_buduaar\/thumbnails\/full\/2023\/09\/triin-randloo-scaled.jpg\" alt=\"Triin Randloo, Bodymed partner\" width=\"145\" height=\"202\" data-srcset=\"https:\/\/tv3cdn.ee\/tv3_buduaar\/thumbnails\/full\/2023\/09\/triin-randloo-scaled.jpg\" data-sizes=\"auto\" \/><\/picture><figcaption class=\"image__caption\"><\/figcaption><\/figure><p>www.bodymed.ee<\/p><p>WHATSAPP +3725111842<\/p><p>info@bodymed.ee<\/p><\/div><\/div><\/article><\/div>\t\t\t\t\t\t\t\t<\/div>\n\t\t\t\t<\/div>\n\t\t\t\t\t<\/div>\n\t\t<\/div>\n\t\t\t\t\t<\/div>\n\t\t<\/section>\n\t\t\t\t<\/div>\n\t\t","protected":false},"excerpt":{"rendered":"<p>N\u0259zar\u0259t olunan v\u0259 t\u0259hl\u00fck\u0259siz sa\u011flaml\u0131q turizmi Sa\u011flaml\u0131q turizmin\u0259 ba\u015flamazdan \u0259vv\u0259l hara getdiyinizi yoxlay\u0131n. 200 avro endirim v\u0259 10 kq halva yax\u015f\u0131 n\u0259tic\u0259 dem\u0259k deyil! NB! T\u00fcrkiy\u0259d\u0259 sa\u011flaml\u0131q turizmini planla\u015fd\u0131rark\u0259n n\u0259l\u0259r\u0259 diqq\u0259t etm\u0259k laz\u0131md\u0131r? T\u0259hl\u00fck\u0259siz klinika tapmaq \u00fc\u00e7\u00fcn yoxlama \u015firk\u0259tinin k\u00f6m\u0259yind\u0259n istifad\u0259 edin. (www.bodymed.ee) Yerli m\u0259d\u0259niyy\u0259tin x\u00fcsusiyy\u0259tl\u0259rini n\u0259z\u0259rd\u0259n ke\u00e7irin. Klinika \u0259laq\u0259l\u0259ri olan yerli Estoniya t\u0259hl\u00fck\u0259sizlik i\u015f\u00e7iniz. [&hellip;]<\/p>\n","protected":false},"author":14,"featured_media":0,"parent":0,"menu_order":0,"comment_status":"closed","ping_status":"closed","template":"","meta":{"site-sidebar-layout":"no-sidebar","site-content-layout":"page-builder","ast-site-content-layout":"full-width-container","site-content-style":"unboxed","site-sidebar-style":"unboxed","ast-global-header-display":"","ast-banner-title-visibility":"","ast-main-header-display":"","ast-hfb-above-header-display":"","ast-hfb-below-header-display":"","ast-hfb-mobile-header-display":"","site-post-title":"disabled","ast-breadcrumbs-content":"","ast-featured-img":"disabled","footer-sml-layout":"","ast-disable-related-posts":"","theme-transparent-header-meta":"default","adv-header-id-meta":"","stick-header-meta":"","header-above-stick-meta":"","header-main-stick-meta":"","header-below-stick-meta":"","astra-migrate-meta-layouts":"set","ast-page-background-enabled":"default","ast-page-background-meta":{"desktop":{"background-color":"","background-image":"","background-repeat":"repeat","background-position":"center center","background-size":"auto","background-attachment":"scroll","background-type":"","background-media":"","overlay-type":"","overlay-color":"","overlay-opacity":"","overlay-gradient":""},"tablet":{"background-color":"","background-image":"","background-repeat":"repeat","background-position":"center center","background-size":"auto","background-attachment":"scroll","background-type":"","background-media":"","overlay-type":"","overlay-color":"","overlay-opacity":"","overlay-gradient":""},"mobile":{"background-color":"","background-image":"","background-repeat":"repeat","background-position":"center center","background-size":"auto","background-attachment":"scroll","background-type":"","background-media":"","overlay-type":"","overlay-color":"","overlay-opacity":"","overlay-gradient":""}},"ast-content-background-meta":{"desktop":{"background-color":"var(--ast-global-color-5)","background-image":"","background-repeat":"repeat","background-position":"center center","background-size":"auto","background-attachment":"scroll","background-type":"","background-media":"","overlay-type":"","overlay-color":"","overlay-opacity":"","overlay-gradient":""},"tablet":{"background-color":"var(--ast-global-color-5)","background-image":"","background-repeat":"repeat","background-position":"center center","background-size":"auto","background-attachment":"scroll","background-type":"","background-media":"","overlay-type":"","overlay-color":"","overlay-opacity":"","overlay-gradient":""},"mobile":{"background-color":"var(--ast-global-color-5)","background-image":"","background-repeat":"repeat","background-position":"center center","background-size":"auto","background-attachment":"scroll","background-type":"","background-media":"","overlay-type":"","overlay-color":"","overlay-opacity":"","overlay-gradient":""}},"_themeisle_gutenberg_block_has_review":false,"footnotes":""},"class_list":["post-4979","page","type-page","status-publish","hentry"],"_links":{"self":[{"href":"https:\/\/bodymed.ee\/az\/wp-json\/wp\/v2\/pages\/4979","targetHints":{"allow":["GET"]}}],"collection":[{"href":"https:\/\/bodymed.ee\/az\/wp-json\/wp\/v2\/pages"}],"about":[{"href":"https:\/\/bodymed.ee\/az\/wp-json\/wp\/v2\/types\/page"}],"author":[{"embeddable":true,"href":"https:\/\/bodymed.ee\/az\/wp-json\/wp\/v2\/users\/14"}],"replies":[{"embeddable":true,"href":"https:\/\/bodymed.ee\/az\/wp-json\/wp\/v2\/comments?post=4979"}],"version-history":[{"count":5,"href":"https:\/\/bodymed.ee\/az\/wp-json\/wp\/v2\/pages\/4979\/revisions"}],"predecessor-version":[{"id":4985,"href":"https:\/\/bodymed.ee\/az\/wp-json\/wp\/v2\/pages\/4979\/revisions\/4985"}],"wp:attachment":[{"href":"https:\/\/bodymed.ee\/az\/wp-json\/wp\/v2\/media?parent=4979"}],"curies":[{"name":"wp","href":"https:\/\/api.w.org\/{rel}","templated":true}]}}