{"id":4999,"date":"2023-12-25T08:47:30","date_gmt":"2023-12-25T08:47:30","guid":{"rendered":"https:\/\/bodymed.ee\/turgi-kui-meditsiiniturismi-sihtkoht\/"},"modified":"2023-12-30T16:02:54","modified_gmt":"2023-12-30T16:02:54","slug":"turkiy%c9%99-tibbi-turizm-m%c9%99kani-kimi","status":"publish","type":"page","link":"https:\/\/bodymed.ee\/az\/turkiy%c9%99-tibbi-turizm-m%c9%99kani-kimi\/","title":{"rendered":"T\u00fcrkiy\u0259 tibbi turizm m\u0259kan\u0131 kimi"},"content":{"rendered":"\t\t<div data-elementor-type=\"wp-page\" data-elementor-id=\"4999\" class=\"elementor elementor-4999 elementor-2387\">\n\t\t\t\t\t\t<section class=\"elementor-section elementor-top-section elementor-element elementor-element-4a7f74f elementor-section-boxed elementor-section-height-default elementor-section-height-default\" data-id=\"4a7f74f\" data-element_type=\"section\" data-e-type=\"section\">\n\t\t\t\t\t\t<div class=\"elementor-container elementor-column-gap-default\">\n\t\t\t\t\t<div class=\"elementor-column elementor-col-100 elementor-top-column elementor-element elementor-element-c16c510\" data-id=\"c16c510\" data-element_type=\"column\" data-e-type=\"column\">\n\t\t\t<div class=\"elementor-widget-wrap elementor-element-populated\">\n\t\t\t\t\t\t<div class=\"elementor-element elementor-element-9dea7aa elementor-widget elementor-widget-heading\" data-id=\"9dea7aa\" data-element_type=\"widget\" data-e-type=\"widget\" data-widget_type=\"heading.default\">\n\t\t\t\t<div class=\"elementor-widget-container\">\n\t\t\t\t\t<h3 class=\"elementor-heading-title elementor-size-default\">T\u00fcrkiy\u0259 tibbi turizm \u00fc\u00e7\u00fcn m\u0259\u015fhur bir yerdir<\/h3>\t\t\t\t<\/div>\n\t\t\t\t<\/div>\n\t\t\t\t<div class=\"elementor-element elementor-element-1b46da7 elementor-widget elementor-widget-text-editor\" data-id=\"1b46da7\" data-element_type=\"widget\" data-e-type=\"widget\" data-widget_type=\"text-editor.default\">\n\t\t\t\t<div class=\"elementor-widget-container\">\n\t\t\t\t\t\t\t\t\t<p>D\u00fcnyada getdikc\u0259 daha \u00e7ox insan T\u00fcrkiy\u0259ni g\u00f6z\u0259llik prosedurlar\u0131n\u0131n m\u0259kk\u0259si hesab edir. \u0130nsanlar\u0131n estetik prosedurlarla xarici g\u00f6r\u00fcn\u00fc\u015fl\u0259rini d\u00fcz\u0259ltm\u0259y\u0259 q\u0259rar verdiyi d\u00fcnya \u00f6lk\u0259l\u0259ri aras\u0131nda T\u00fcrkiy\u0259 ilk be\u015fliy\u0259 daxildir. Amerika v\u0259 \u015eimali Avropadan g\u0259l\u0259n insanlar, el\u0259c\u0259 d\u0259 \u0130taliya v\u0259 Fransa v\u0259t\u0259nda\u015flar\u0131, m\u0259s\u0259l\u0259n, bu xarici \u00f6lk\u0259nin t\u0259klif etdiyi, qiym\u0259t-keyfiyy\u0259t nisb\u0259ti \u0259n yax\u015f\u0131 olan g\u00f6z\u0259llik xidm\u0259tl\u0259rini se\u00e7irl\u0259r v\u0259 bu, eyni vaxtda t\u0259till\u0259. T\u00fcrk t\u0259bab\u0259ti m\u00fcasirlikd\u0259n dan\u0131\u015f\u0131r v\u0259 h\u0259kiml\u0259rin t\u0259cr\u00fcb\u0259si b\u00f6y\u00fck oldu\u011fu \u00fc\u00e7\u00fcn bel\u0259 pe\u015f\u0259karl\u0131q y\u00fcks\u0259k s\u0259viyy\u0259li xidm\u0259tl\u0259r t\u0259klif etm\u0259y\u0259 imkan verir.<\/p><p>Estoniyada t\u0259klif etdiyimiz g\u00f6z\u0259llik prosedurlar\u0131n\u0131n diapazonu geni\u015fdir, lakin T\u00fcrkiy\u0259d\u0259 m\u00fcalic\u0259 turizmi \u00fc\u00e7\u00fcn populyar bir yer olaraq daha da geni\u015fdir v\u0259 \u0259n g\u00fccl\u00fc \u00fcst\u00fcnl\u00fckl\u0259rd\u0259n biri qiym\u0259tl\u0259rin m\u00fcqayis\u0259li \u00fcst\u00fcnl\u00fcy\u00fcd\u00fcr ki, bu da \u00f6lk\u0259d\u0259n bir ne\u00e7\u0259 d\u0259f\u0259 d\u0259yi\u015fir. \u00f6lk\u0259. Lakin T\u00fcrkiy\u0259 prosedurlar \u00fc\u00e7\u00fcn bel\u0259 s\u0259rf\u0259li qiym\u0259tl\u0259r t\u0259klif ed\u0259 bilir, \u00e7\u00fcnki t\u0259l\u0259bat y\u00fcks\u0259kdir v\u0259 klinikada \u00e7oxlu ixtisasl\u0131 m\u00fct\u0259x\u0259ssisl\u0259r \u00e7al\u0131\u015f\u0131r.<\/p><p>T\u00fcrkiy\u0259d\u0259 tibbi turizm prosedurlar\u0131na vasit\u0259\u00e7ilik ed\u0259n BodyMed \u015firk\u0259ti olaraq biz ilk n\u00f6vb\u0259d\u0259 m\u00fc\u015ft\u0259rinin ist\u0259k v\u0259 ehtiyaclar\u0131na v\u0259 y\u00fcks\u0259k keyfiyy\u0259tli xidm\u0259t g\u00f6st\u0259rm\u0259y\u0259 diqq\u0259t yetiririk. T\u00fcrkiy\u0259d\u0259 oldu\u011funuz m\u00fcdd\u0259td\u0259 m\u00fcxt\u0259lif prosedurlar\u0131 eyni vaxtda birl\u0259\u015fdir\u0259 bil\u0259rsiniz v\u0259 bizim vur\u011fulad\u0131\u011f\u0131m\u0131z T\u00fcrk klinikas\u0131n\u0131n \u0259n yax\u015f\u0131 xidm\u0259ti v\u0259 \u015f\u0259xsi yana\u015fmas\u0131d\u0131r. Biz Estoniyada ba\u015flan\u011f\u0131c \u015firk\u0259tiyik, lakin indiy\u0259d\u0259k g\u00f6r\u00fcn\u00fc\u015f\u00fcn\u00fc yerind\u0259c\u0259 daha g\u00f6z\u0259l ed\u0259n m\u00fc\u015ft\u0259ri t\u0259cr\u00fcb\u0259l\u0259ri \u00f6z s\u00f6z\u00fcn\u00fc deyir. Hava liman\u0131ndan 5* mehmanxanaya transfer xidm\u0259ti, h\u0259kiml\u0259r v\u0259 m\u00fct\u0259x\u0259ssisl\u0259r t\u0259r\u0259find\u0259n yerind\u0259 qar\u015f\u0131lanma g\u00fcn\u0259\u015f \u00f6lk\u0259sin\u0259 yara\u015fan insani s\u0259mimi v\u0259 istidir, prosedurlar v\u0259 sonrak\u0131 qay\u011f\u0131 d\u00fcnya s\u0259viyy\u0259sind\u0259dir. Bunun premium s\u0259viyy\u0259li xidm\u0259t olmas\u0131 m\u0259mnun m\u00fc\u015ft\u0259rid\u0259n e\u015fitdiyimiz \u0259n g\u00fccl\u00fc r\u0259yl\u0259rd\u0259n biridir.<\/p><p>Klinikada t\u0259klif olunan prosedurlar\u0131n siyah\u0131s\u0131 uzundur &#8211; ba\u015flar\u0131 ke\u00e7\u0259l olan ki\u015fil\u0259r sulu sa\u00e7 d\u00fcz\u00fcm\u00fc \u0259ld\u0259 etm\u0259k \u00fc\u00e7\u00fcn sa\u00e7 transplantasiyas\u0131 il\u0259 h\u0259ll tapa bil\u0259rl\u0259r. Di\u015f kronlar\u0131 t\u00fcrkl\u0259rin dediyi kimi parlaq t\u0259b\u0259ss\u00fcm v\u0259 Hollivud \u00fcslubu \u00fc\u00e7\u00fcn qura\u015fd\u0131r\u0131l\u0131r. \u0130mplant v\u0259 ya mastopeksiya il\u0259 d\u00f6\u015f korreksiyas\u0131, y\u0259ni d\u00f6\u015f ki\u00e7iltm\u0259 \u0259m\u0259liyyat\u0131 \u00e7ox populyard\u0131r. Bununla bel\u0259, xidm\u0259tl\u0259rin siyah\u0131s\u0131 davam edir v\u0259 bir ne\u00e7\u0259 prosedur aras\u0131nda birl\u0259\u015fdirildikd\u0259, h\u0259r bir m\u00fc\u015ft\u0259ri estetik c\u0259h\u0259td\u0259n g\u00f6z\u0259l bir n\u0259tic\u0259 \u0259ld\u0259 etm\u0259y\u0259 k\u00f6m\u0259k ed\u0259c\u0259k uy\u011fun birini tapacaqd\u0131r. \u015e\u00fcarlar\u0131m\u0131zdan biri g\u00f6z\u0259llik v\u0259 \u0259l-\u0259l\u0259 dinc\u0259lm\u0259kdir v\u0259 m\u0259qs\u0259dimiz m\u00fc\u015ft\u0259ril\u0259rimizi \u0259n yax\u015f\u0131 m\u00fct\u0259x\u0259ssisl\u0259r\u0259 y\u00f6n\u0259ltm\u0259kl\u0259 insanlara daha g\u00f6z\u0259l olmaq \u00fc\u00e7\u00fcn uzunm\u00fcdd\u0259tli arzular\u0131na h\u0259ll v\u0259 cavab tapmaqda k\u00f6m\u0259k etm\u0259kdir ki, h\u0259m m\u00fc\u015ft\u0259ri, h\u0259m d\u0259 biz arzu olunan n\u0259tic\u0259l\u0259rd\u0259n tam raz\u0131d\u0131r.<\/p><p>Daha g\u00f6z\u0259l h\u0259yat arzulay\u0131ram<\/p><p>BodyMed Estoniya<\/p>\t\t\t\t\t\t\t\t<\/div>\n\t\t\t\t<\/div>\n\t\t\t\t\t<\/div>\n\t\t<\/div>\n\t\t\t\t\t<\/div>\n\t\t<\/section>\n\t\t\t\t<\/div>\n\t\t","protected":false},"excerpt":{"rendered":"<p>T\u00fcrkiy\u0259 tibbi turizm \u00fc\u00e7\u00fcn m\u0259\u015fhur bir yerdir D\u00fcnyada getdikc\u0259 daha \u00e7ox insan T\u00fcrkiy\u0259ni g\u00f6z\u0259llik prosedurlar\u0131n\u0131n m\u0259kk\u0259si hesab edir. \u0130nsanlar\u0131n estetik prosedurlarla xarici g\u00f6r\u00fcn\u00fc\u015fl\u0259rini d\u00fcz\u0259ltm\u0259y\u0259 q\u0259rar verdiyi d\u00fcnya \u00f6lk\u0259l\u0259ri aras\u0131nda T\u00fcrkiy\u0259 ilk be\u015fliy\u0259 daxildir. Amerika v\u0259 \u015eimali Avropadan g\u0259l\u0259n insanlar, el\u0259c\u0259 d\u0259 \u0130taliya v\u0259 Fransa v\u0259t\u0259nda\u015flar\u0131, m\u0259s\u0259l\u0259n, bu xarici \u00f6lk\u0259nin t\u0259klif etdiyi, qiym\u0259t-keyfiyy\u0259t nisb\u0259ti \u0259n yax\u015f\u0131 [&hellip;]<\/p>\n","protected":false},"author":1,"featured_media":0,"parent":0,"menu_order":0,"comment_status":"closed","ping_status":"closed","template":"","meta":{"site-sidebar-layout":"no-sidebar","site-content-layout":"page-builder","ast-site-content-layout":"default","site-content-style":"default","site-sidebar-style":"default","ast-global-header-display":"","ast-banner-title-visibility":"","ast-main-header-display":"","ast-hfb-above-header-display":"","ast-hfb-below-header-display":"","ast-hfb-mobile-header-display":"","site-post-title":"disabled","ast-breadcrumbs-content":"","ast-featured-img":"disabled","footer-sml-layout":"","ast-disable-related-posts":"","theme-transparent-header-meta":"","adv-header-id-meta":"","stick-header-meta":"","header-above-stick-meta":"","header-main-stick-meta":"","header-below-stick-meta":"","astra-migrate-meta-layouts":"set","ast-page-background-enabled":"default","ast-page-background-meta":{"desktop":{"background-color":"","background-image":"","background-repeat":"repeat","background-position":"center center","background-size":"auto","background-attachment":"scroll","background-type":"","background-media":"","overlay-type":"","overlay-color":"","overlay-opacity":"","overlay-gradient":""},"tablet":{"background-color":"","background-image":"","background-repeat":"repeat","background-position":"center center","background-size":"auto","background-attachment":"scroll","background-type":"","background-media":"","overlay-type":"","overlay-color":"","overlay-opacity":"","overlay-gradient":""},"mobile":{"background-color":"","background-image":"","background-repeat":"repeat","background-position":"center center","background-size":"auto","background-attachment":"scroll","background-type":"","background-media":"","overlay-type":"","overlay-color":"","overlay-opacity":"","overlay-gradient":""}},"ast-content-background-meta":{"desktop":{"background-color":"var(--ast-global-color-5)","background-image":"","background-repeat":"repeat","background-position":"center center","background-size":"auto","background-attachment":"scroll","background-type":"","background-media":"","overlay-type":"","overlay-color":"","overlay-opacity":"","overlay-gradient":""},"tablet":{"background-color":"var(--ast-global-color-5)","background-image":"","background-repeat":"repeat","background-position":"center center","background-size":"auto","background-attachment":"scroll","background-type":"","background-media":"","overlay-type":"","overlay-color":"","overlay-opacity":"","overlay-gradient":""},"mobile":{"background-color":"var(--ast-global-color-5)","background-image":"","background-repeat":"repeat","background-position":"center center","background-size":"auto","background-attachment":"scroll","background-type":"","background-media":"","overlay-type":"","overlay-color":"","overlay-opacity":"","overlay-gradient":""}},"_themeisle_gutenberg_block_has_review":false,"footnotes":""},"class_list":["post-4999","page","type-page","status-publish","hentry"],"_links":{"self":[{"href":"https:\/\/bodymed.ee\/az\/wp-json\/wp\/v2\/pages\/4999","targetHints":{"allow":["GET"]}}],"collection":[{"href":"https:\/\/bodymed.ee\/az\/wp-json\/wp\/v2\/pages"}],"about":[{"href":"https:\/\/bodymed.ee\/az\/wp-json\/wp\/v2\/types\/page"}],"author":[{"embeddable":true,"href":"https:\/\/bodymed.ee\/az\/wp-json\/wp\/v2\/users\/1"}],"replies":[{"embeddable":true,"href":"https:\/\/bodymed.ee\/az\/wp-json\/wp\/v2\/comments?post=4999"}],"version-history":[{"count":5,"href":"https:\/\/bodymed.ee\/az\/wp-json\/wp\/v2\/pages\/4999\/revisions"}],"predecessor-version":[{"id":5116,"href":"https:\/\/bodymed.ee\/az\/wp-json\/wp\/v2\/pages\/4999\/revisions\/5116"}],"wp:attachment":[{"href":"https:\/\/bodymed.ee\/az\/wp-json\/wp\/v2\/media?parent=4999"}],"curies":[{"name":"wp","href":"https:\/\/api.w.org\/{rel}","templated":true}]}}