{"id":5096,"date":"2023-12-29T08:13:33","date_gmt":"2023-12-29T08:13:33","guid":{"rendered":"https:\/\/bodymed.ee\/marguse-ninaloikus-turgis\/"},"modified":"2023-12-29T08:15:21","modified_gmt":"2023-12-29T08:15:21","slug":"margusun-turkiy%c9%99d%c9%99-burun-%c9%99m%c9%99liyyati","status":"publish","type":"page","link":"https:\/\/bodymed.ee\/az\/margusun-turkiy%c9%99d%c9%99-burun-%c9%99m%c9%99liyyati\/","title":{"rendered":"Margusun T\u00fcrkiy\u0259d\u0259 burun \u0259m\u0259liyyat\u0131"},"content":{"rendered":"\t\t<div data-elementor-type=\"wp-page\" data-elementor-id=\"5096\" class=\"elementor elementor-5096 elementor-2367\">\n\t\t\t\t\t\t<section class=\"elementor-section elementor-top-section elementor-element elementor-element-957ede0 elementor-section-boxed elementor-section-height-default elementor-section-height-default\" data-id=\"957ede0\" data-element_type=\"section\" data-e-type=\"section\">\n\t\t\t\t\t\t<div class=\"elementor-container elementor-column-gap-default\">\n\t\t\t\t\t<div class=\"elementor-column elementor-col-100 elementor-top-column elementor-element elementor-element-efb8b8c\" data-id=\"efb8b8c\" data-element_type=\"column\" data-e-type=\"column\">\n\t\t\t<div class=\"elementor-widget-wrap elementor-element-populated\">\n\t\t\t\t\t\t<div class=\"elementor-element elementor-element-bf983e5 elementor-widget elementor-widget-heading\" data-id=\"bf983e5\" data-element_type=\"widget\" data-e-type=\"widget\" data-widget_type=\"heading.default\">\n\t\t\t\t<div class=\"elementor-widget-container\">\n\t\t\t\t\t<h3 class=\"elementor-heading-title elementor-size-default\">T\u00fcrkiy\u0259d\u0259 Margus burun \u0259m\u0259liyyat\u0131 v\u0259 ya rinoplastika<\/h3>\t\t\t\t<\/div>\n\t\t\t\t<\/div>\n\t\t\t\t<div class=\"elementor-element elementor-element-925f377 elementor-widget elementor-widget-text-editor\" data-id=\"925f377\" data-element_type=\"widget\" data-e-type=\"widget\" data-widget_type=\"text-editor.default\">\n\t\t\t\t<div class=\"elementor-widget-container\">\n\t\t\t\t\t\t\t\t\t<p>Bir \u00e7ox insanlar t\u0259krar-t\u0259krar dilemma il\u0259 \u00fczl\u0259\u015firl\u0259r &#8211; nec\u0259 daha g\u0259nc g\u00f6r\u00fcnm\u0259k olar? M\u0259nim \u0259ksimi daha \u00e7ox nec\u0259 ist\u0259rdiniz? Dem\u0259k olar ki, ham\u0131m\u0131z\u0131n ox\u015far suallar\u0131 olub v\u0259 daha g\u00f6z\u0259l g\u00f6r\u00fcn\u00fc\u015fl\u0259 \u00f6z\u00fcn\u00fcz\u0259 inam\u0131n\u0131z\u0131 art\u0131rmaq \u00fc\u00e7\u00fcn h\u0259mi\u015f\u0259 h\u0259ll yollar\u0131 var. H\u0259qiq\u0259t budur ki, g\u00f6z\u0259llik daxild\u0259n ba\u015flay\u0131r, bu, daxili tarazl\u0131q v\u0259 m\u0259mnunluq dem\u0259kdir, lakin bu, xarici g\u00f6r\u00fcn\u00fc\u015f\u00fcn\u00fcz\u0259 diqq\u0259t yetirm\u0259yin gerid\u0259 qalmas\u0131 anlam\u0131na g\u0259lm\u0259m\u0259lidir.<\/p><p>T\u00fcrkiy\u0259 y\u00fcks\u0259k keyfiyy\u0259tli burun i\u015fl\u0259ri il\u0259 tan\u0131n\u0131r, \u00e7\u00fcnki bir \u00e7ox \u0259r\u0259bl\u0259r uzun v\u0259 ya \u0259yri burnu art\u0131q genetik miras kimi miras al\u0131blar, yerli sakinl\u0259r v\u0259 \u0259traf \u00f6lk\u0259l\u0259rin v\u0259t\u0259nda\u015flar\u0131 T\u00fcrkiy\u0259d\u0259 korreksiya edirl\u0259r, \u00e7\u00fcnki orada qiym\u0259t s\u0259viyy\u0259si v\u0259 xidm\u0259t keyfiyy\u0259ti \u0259n y\u00fcks\u0259k s\u0259viyy\u0259d\u0259dir. d\u00fcnyan\u0131n \u0259n y\u00fcks\u0259k s\u0259viyy\u0259si. H\u0259m d\u0259 t\u0259kc\u0259 \u0259traf \u00f6lk\u0259l\u0259rin v\u0259t\u0259nda\u015flar\u0131 deyil, d\u00fcnyan\u0131n h\u0259r yerind\u0259n insanlar t\u00fcrk t\u0259bab\u0259tinin sehrini k\u0259\u015ff edibl\u0259r.<\/p><p>\u0130ngilt\u0259r\u0259d\u0259 t\u00fcrk estetik c\u0259rrahiyy\u0259 bumu art\u0131q t\u0259xmin\u0259n on il \u0259vv\u0259l ba\u015flam\u0131\u015fd\u0131r v\u0259 bu g\u00fcn T\u00fcrkiy\u0259 estetik prosedurlar\u0131n h\u0259yata ke\u00e7irildiyi, insanlar\u0131n daha yax\u015f\u0131 g\u00f6r\u00fcn\u00fc\u015f v\u0259 h\u0259mi\u015f\u0259 yeni, daha g\u00f6z\u0259l bir h\u0259yat \u0259ld\u0259 etm\u0259k \u00fc\u00e7\u00fcn u\u00e7duqlar\u0131 yer kimi d\u00fcnyada 5-ci \u00f6lk\u0259dir.<\/p><p>Estoniyal\u0131 Marqus g\u0259nc ya\u015flar\u0131ndan h\u0259m boks, h\u0259m d\u0259 kikboksinql\u0259 m\u0259\u015f\u011ful olub, \u00fcst\u0259lik, o, iki a\u011f\u0131r q\u0259zadan sa\u011f \u00e7\u0131x\u0131b v\u0259 b\u00fct\u00fcn bunlar\u0131n n\u0259tic\u0259sind\u0259 burnu ciddi z\u0259d\u0259l\u0259nib. Yuxunun keyfiyy\u0259tin\u0259 mane olan xoruldama da narahatl\u0131q do\u011fururdu. Buna g\u00f6r\u0259 d\u0259 burun korreksiyas\u0131 \u00fc\u00e7\u00fcn \u00e7ar\u0259 axtar\u0131rd\u0131 v\u0259 T\u00fcrkiy\u0259nin sa\u011flaml\u0131q turizmi \u00fc\u00e7\u00fcn m\u0259\u015fhur bir yer oldu\u011funu e\u015fidib, burnunu orada d\u00fcz\u0259ltdirm\u0259y\u0259 q\u0259rar verdi. Birinci klinika d\u0259rhal se\u00e7ilm\u0259di, \u00e7\u00fcnki d\u00fcnyan\u0131n dig\u0259r yerl\u0259rind\u0259 oldu\u011fu kimi T\u00fcrkiy\u0259d\u0259 d\u0259 m\u00fcxt\u0259lif s\u0259viyy\u0259li klinikalar var v\u0259 ilkin i\u015fl\u0259ri g\u00f6r\u00fcb m\u00fcxt\u0259lif tibb m\u00fc\u0259ssis\u0259l\u0259rini ziyar\u0259t etdikd\u0259n sonra Marqus \u0130stanbulda bir klinikada burun \u0259m\u0259liyyat\u0131 ke\u00e7irdi. se\u00e7ilmi\u015f v\u0259 yax\u015f\u0131 r\u0259y alm\u0131\u015fd\u0131r. Tez bir zamanda h\u0259kim\u0259 m\u00fcraci\u0259t ed\u0259 bildi v\u0259 sonrak\u0131 qay\u011f\u0131 \u00fc\u00e7\u00fcn d\u0259 faydal\u0131 m\u0259sl\u0259h\u0259tl\u0259r ald\u0131. M\u0259hz, rinoplastika zaman\u0131 yadda saxlamaq laz\u0131md\u0131r ki, bir ay \u0259rzind\u0259 eyn\u0259k v\u0259 ya g\u00fcn\u0259\u015f eyn\u0259yi taxmaqdan \u00e7\u0259kinm\u0259k laz\u0131md\u0131r, burun is\u0259 iki ay \u0259rzind\u0259 birba\u015fa g\u00fcn\u0259\u015f i\u015f\u0131\u011f\u0131ndan qorunmal\u0131d\u0131r.<\/p><p>\u201cYuxudan oyananda he\u00e7 bir a\u011fr\u0131 hiss etm\u0259dim, bir ne\u00e7\u0259 g\u00fcnd\u0259n sonra sar\u011f\u0131lar \u00e7\u0131xar\u0131landa is\u0259 he\u00e7 bir qan\u00e7\u0131r\u0131m bel\u0259 yox idi. Plasterl\u0259r burunda qald\u0131, lakin ev\u0259 Estoniyaya u\u00e7u\u015f art\u0131q ba\u015flaya bil\u0259rdi. \u00dcmumilikd\u0259, burun \u0259m\u0259liyyat\u0131 v\u0259 onun sa\u011falmas\u0131 c\u0259mi 7 g\u00fcn \u00e7\u0259kdi\u201d.<\/p><p>\u0130stanbul hava liman\u0131nda sa\u00e7 transplantasiyas\u0131ndan tutmu\u015f estetik \u0259m\u0259liyyatlara q\u0259d\u0259r \u00f6z\u00fcn\u00fc d\u00fcz\u0259ld\u0259n bir \u00e7ox x\u0259st\u0259 il\u0259 qar\u015f\u0131la\u015facaqs\u0131n\u0131z. &#8220;\u00d6z\u00fcm\u00fc \u0259la hiss edir\u0259m v\u0259 burnumun n\u0259tic\u0259si o q\u0259d\u0259r m\u00fck\u0259mm\u0259ldir ki, m\u0259niml\u0259 ilk d\u0259f\u0259 tan\u0131\u015f olan bir g\u00f6z\u0259llik i\u015f\u00e7isi burnumun d\u00fcz\u0259ldildiyini anlamad\u0131. N\u0259tic\u0259 sad\u0259c\u0259 olaraq o q\u0259d\u0259r t\u0259bii v\u0259 \u00fcz\u00fcm\u0259 m\u00fct\u0259nasibdir. Lakin, K\u00f6hn\u0259 tan\u0131\u015flar b\u0259z\u0259n m\u0259ni tan\u0131m\u0131rlar, \u00e7\u00fcnki rinoplastika sif\u0259timi \u00e7ox d\u0259yi\u015fib, ancaq yax\u015f\u0131l\u0131\u011fa do\u011fru\u201d.<\/p><p>BodyMed Esthetics vasit\u0259si il\u0259 \u0130stanbul klinikas\u0131nda rinoplastika v\u0259 ya dig\u0259r \u0259m\u0259liyyatlar \u00fc\u00e7\u00fcn randevu almaq v\u0259 ya \u0259lav\u0259 m\u0259lumat t\u0259l\u0259b etm\u0259k asand\u0131r v\u0259 f\u0259rdi qiym\u0259t t\u0259klifi \u0259n geci bir ne\u00e7\u0259 g\u00fcnd\u0259n sonra m\u0259lum olacaq. Bunun \u00fc\u00e7\u00fcn ist\u0259diyiniz sah\u0259nin foto\u015f\u0259kili v\u0259 sa\u011flaml\u0131q g\u00f6st\u0259ricil\u0259ri (boyu, \u00e7\u0259kisi, \u0259vv\u0259lki x\u0259st\u0259likl\u0259ri v\u0259 s.) d\u00fcz\u0259li\u015f \u00fc\u00e7\u00fcn g\u00f6nd\u0259rilm\u0259lidir. Art\u0131q yerind\u0259c\u0259 laz\u0131mi analizl\u0259r apar\u0131l\u0131r v\u0259 \u0130stanbula s\u0259yah\u0259t\u0259 haz\u0131r oldu\u011funuz vaxt \u0259vv\u0259lc\u0259d\u0259n se\u00e7ilm\u0259lidir.<\/p><p>Estetik tibb proseduru haqq\u0131nda d\u00fc\u015f\u00fcnm\u00fcs\u00fcn\u00fczs\u0259, keyfiyy\u0259ti v\u0259 b\u0259z\u0259n d\u00fcnyan\u0131n dig\u0259r yerl\u0259rind\u0259n daha ucuz qiym\u0259t\u0259 d\u0259y\u0259r verirsinizs\u0259, biz\u0259 yaza bil\u0259rsiniz:\u00a0info@bodymed.ee\u00a0v\u0259 ya \u0259lav\u0259 m\u0259lumat \u00fc\u00e7\u00fcn z\u0259ng edin: 544 1004.<\/p><p>Siz\u0259 g\u00f6z\u0259l h\u0259yat arzulay\u0131ram,<\/p><p>BodyMed Estetikas\u0131<\/p>\t\t\t\t\t\t\t\t<\/div>\n\t\t\t\t<\/div>\n\t\t\t\t\t<\/div>\n\t\t<\/div>\n\t\t\t\t\t<\/div>\n\t\t<\/section>\n\t\t\t\t<\/div>\n\t\t","protected":false},"excerpt":{"rendered":"<p>T\u00fcrkiy\u0259d\u0259 Margus burun \u0259m\u0259liyyat\u0131 v\u0259 ya rinoplastika Bir \u00e7ox insanlar t\u0259krar-t\u0259krar dilemma il\u0259 \u00fczl\u0259\u015firl\u0259r &#8211; nec\u0259 daha g\u0259nc g\u00f6r\u00fcnm\u0259k olar? M\u0259nim \u0259ksimi daha \u00e7ox nec\u0259 ist\u0259rdiniz? Dem\u0259k olar ki, ham\u0131m\u0131z\u0131n ox\u015far suallar\u0131 olub v\u0259 daha g\u00f6z\u0259l g\u00f6r\u00fcn\u00fc\u015fl\u0259 \u00f6z\u00fcn\u00fcz\u0259 inam\u0131n\u0131z\u0131 art\u0131rmaq \u00fc\u00e7\u00fcn h\u0259mi\u015f\u0259 h\u0259ll yollar\u0131 var. H\u0259qiq\u0259t budur ki, g\u00f6z\u0259llik daxild\u0259n ba\u015flay\u0131r, bu, daxili tarazl\u0131q v\u0259 [&hellip;]<\/p>\n","protected":false},"author":1,"featured_media":0,"parent":0,"menu_order":0,"comment_status":"closed","ping_status":"closed","template":"","meta":{"site-sidebar-layout":"no-sidebar","site-content-layout":"page-builder","ast-site-content-layout":"default","site-content-style":"default","site-sidebar-style":"default","ast-global-header-display":"","ast-banner-title-visibility":"","ast-main-header-display":"","ast-hfb-above-header-display":"","ast-hfb-below-header-display":"","ast-hfb-mobile-header-display":"","site-post-title":"disabled","ast-breadcrumbs-content":"","ast-featured-img":"disabled","footer-sml-layout":"","ast-disable-related-posts":"","theme-transparent-header-meta":"","adv-header-id-meta":"","stick-header-meta":"","header-above-stick-meta":"","header-main-stick-meta":"","header-below-stick-meta":"","astra-migrate-meta-layouts":"set","ast-page-background-enabled":"default","ast-page-background-meta":{"desktop":{"background-color":"","background-image":"","background-repeat":"repeat","background-position":"center center","background-size":"auto","background-attachment":"scroll","background-type":"","background-media":"","overlay-type":"","overlay-color":"","overlay-opacity":"","overlay-gradient":""},"tablet":{"background-color":"","background-image":"","background-repeat":"repeat","background-position":"center center","background-size":"auto","background-attachment":"scroll","background-type":"","background-media":"","overlay-type":"","overlay-color":"","overlay-opacity":"","overlay-gradient":""},"mobile":{"background-color":"","background-image":"","background-repeat":"repeat","background-position":"center center","background-size":"auto","background-attachment":"scroll","background-type":"","background-media":"","overlay-type":"","overlay-color":"","overlay-opacity":"","overlay-gradient":""}},"ast-content-background-meta":{"desktop":{"background-color":"var(--ast-global-color-5)","background-image":"","background-repeat":"repeat","background-position":"center center","background-size":"auto","background-attachment":"scroll","background-type":"","background-media":"","overlay-type":"","overlay-color":"","overlay-opacity":"","overlay-gradient":""},"tablet":{"background-color":"var(--ast-global-color-5)","background-image":"","background-repeat":"repeat","background-position":"center center","background-size":"auto","background-attachment":"scroll","background-type":"","background-media":"","overlay-type":"","overlay-color":"","overlay-opacity":"","overlay-gradient":""},"mobile":{"background-color":"var(--ast-global-color-5)","background-image":"","background-repeat":"repeat","background-position":"center center","background-size":"auto","background-attachment":"scroll","background-type":"","background-media":"","overlay-type":"","overlay-color":"","overlay-opacity":"","overlay-gradient":""}},"_themeisle_gutenberg_block_has_review":false,"footnotes":""},"class_list":["post-5096","page","type-page","status-publish","hentry"],"_links":{"self":[{"href":"https:\/\/bodymed.ee\/az\/wp-json\/wp\/v2\/pages\/5096","targetHints":{"allow":["GET"]}}],"collection":[{"href":"https:\/\/bodymed.ee\/az\/wp-json\/wp\/v2\/pages"}],"about":[{"href":"https:\/\/bodymed.ee\/az\/wp-json\/wp\/v2\/types\/page"}],"author":[{"embeddable":true,"href":"https:\/\/bodymed.ee\/az\/wp-json\/wp\/v2\/users\/1"}],"replies":[{"embeddable":true,"href":"https:\/\/bodymed.ee\/az\/wp-json\/wp\/v2\/comments?post=5096"}],"version-history":[{"count":5,"href":"https:\/\/bodymed.ee\/az\/wp-json\/wp\/v2\/pages\/5096\/revisions"}],"predecessor-version":[{"id":5101,"href":"https:\/\/bodymed.ee\/az\/wp-json\/wp\/v2\/pages\/5096\/revisions\/5101"}],"wp:attachment":[{"href":"https:\/\/bodymed.ee\/az\/wp-json\/wp\/v2\/media?parent=5096"}],"curies":[{"name":"wp","href":"https:\/\/api.w.org\/{rel}","templated":true}]}}