{"id":5123,"date":"2023-12-31T10:23:49","date_gmt":"2023-12-31T10:23:49","guid":{"rendered":"https:\/\/bodymed.ee\/andruse-kogemus-juustesiirdamisel-turgis\/"},"modified":"2023-12-31T10:36:34","modified_gmt":"2023-12-31T10:36:34","slug":"andrusun-turkiy%c9%99d%c9%99-sac-%c9%99kimi-t%c9%99crub%c9%99si","status":"publish","type":"page","link":"https:\/\/bodymed.ee\/az\/andrusun-turkiy%c9%99d%c9%99-sac-%c9%99kimi-t%c9%99crub%c9%99si\/","title":{"rendered":"Andrusun T\u00fcrkiy\u0259d\u0259 sa\u00e7 \u0259kimi t\u0259cr\u00fcb\u0259si"},"content":{"rendered":"\t\t<div data-elementor-type=\"wp-page\" data-elementor-id=\"5123\" class=\"elementor elementor-5123 elementor-2404\">\n\t\t\t\t\t\t<section class=\"elementor-section elementor-top-section elementor-element elementor-element-c1e5add elementor-section-boxed elementor-section-height-default elementor-section-height-default\" data-id=\"c1e5add\" data-element_type=\"section\" data-e-type=\"section\">\n\t\t\t\t\t\t<div class=\"elementor-container elementor-column-gap-default\">\n\t\t\t\t\t<div class=\"elementor-column elementor-col-100 elementor-top-column elementor-element elementor-element-0680d5b\" data-id=\"0680d5b\" data-element_type=\"column\" data-e-type=\"column\">\n\t\t\t<div class=\"elementor-widget-wrap elementor-element-populated\">\n\t\t\t\t\t\t<div class=\"elementor-element elementor-element-05e38c0 elementor-widget elementor-widget-heading\" data-id=\"05e38c0\" data-element_type=\"widget\" data-e-type=\"widget\" data-widget_type=\"heading.default\">\n\t\t\t\t<div class=\"elementor-widget-container\">\n\t\t\t\t\t<h3 class=\"elementor-heading-title elementor-size-default\">Andrusun T\u00fcrkiy\u0259d\u0259 sa\u00e7 \u0259kimi t\u0259cr\u00fcb\u0259si<\/h3>\t\t\t\t<\/div>\n\t\t\t\t<\/div>\n\t\t\t\t<div class=\"elementor-element elementor-element-647ee21 elementor-widget elementor-widget-text-editor\" data-id=\"647ee21\" data-element_type=\"widget\" data-e-type=\"widget\" data-widget_type=\"text-editor.default\">\n\t\t\t\t<div class=\"elementor-widget-container\">\n\t\t\t\t\t\t\t\t\t<p>Bu g\u00fcn sa\u00e7 t\u00f6k\u00fclm\u0259si v\u0259 h\u0259tta ke\u00e7\u0259ll\u0259\u015fm\u0259 g\u0259nc ki\u015fil\u0259r aras\u0131nda da geni\u015f yay\u0131lm\u0131\u015f problemdir. \u0130ngilisl\u0259rin apard\u0131\u011f\u0131 statistik m\u0259lumatlara g\u00f6r\u0259, ki\u015fil\u0259rin 90%-i art\u0131q sa\u00e7 t\u00f6k\u00fclm\u0259sin\u0259 qar\u015f\u0131 m\u00fcalic\u0259 axtar\u0131r ki, bu da \u00f6zl\u00fcy\u00fcnd\u0259 yax\u015f\u0131 g\u00f6st\u0259ricidir, \u00e7\u00fcnki ki\u015fil\u0259r \u00e7ar\u0259 tapmaq ist\u0259yirl\u0259r. Stressli h\u0259yat sa\u00e7 t\u00f6k\u00fclm\u0259sinin \u0259sas s\u0259b\u0259bl\u0259rind\u0259n biridir v\u0259 h\u0259lli davaml\u0131d\u0131r v\u0259 bel\u0259 dem\u0259k m\u00fcmk\u00fcns\u0259 \u00f6m\u00fcrl\u00fck z\u0259man\u0259tl\u0259 sa\u00e7 \u0259kimi \u00fcsulu il\u0259 \u00f6z donor sah\u0259nizd\u0259n g\u00f6t\u00fcr\u00fclm\u00fc\u015f sa\u00e7 amp\u00fcll\u0259ri ist\u0259diyiniz sah\u0259y\u0259 \u0259kilir. .<\/p><p>Sa\u00e7 x\u0259ttini uzatmaq v\u0259 d\u00fcz\u0259ltm\u0259k, ba\u015f\u0131n \u00fcst\u00fcn\u0259 \u0259km\u0259k v\u0259 ya b\u00fct\u00fcn ba\u015fda sa\u00e7 b\u00f6y\u00fcm\u0259sini tam b\u0259rpa etm\u0259k m\u00fcmk\u00fcnd\u00fcr. B\u0259zi hallarda, sa\u00e7 s\u0131xl\u0131\u011f\u0131 bax\u0131m\u0131ndan, prosedur t\u0259krarlanmal\u0131d\u0131r, \u00e7\u00fcnki \u0259ks\u0259r hallarda t\u0259xmin\u0259n 5000 sa\u00e7 lampas\u0131 k\u00f6\u00e7\u00fcr\u00fcl\u00fcr, lakin art\u0131q k\u00f6\u00e7\u00fcr\u00fclm\u00fc\u015f follikullar t\u00f6k\u00fclm\u00fcr.<\/p><p>Andrus (ad d\u0259yi\u015fdirilib) 25 il\u0259 yax\u0131n ke\u00e7\u0259l ba\u015f\u0131n\u0131n \u00e7ar\u0259sini axtar\u0131rd\u0131. Xarici xidm\u0259t provayderi il\u0259 ba\u011fl\u0131 bir tan\u0131\u015f\u0131n\u0131n t\u0259cr\u00fcb\u0259sini e\u015fid\u0259n o, bunu \u00f6z\u00fc s\u0131namaq q\u0259rar\u0131na g\u0259ldi. Bununla bel\u0259, n\u0259tic\u0259 onun g\u00f6zl\u0259diyi q\u0259d\u0259r yax\u015f\u0131 olmad\u0131, transplantasiya yerl\u0259ri seyr\u0259k idi, y\u0259ni \u0259h\u0259miyy\u0259tli d\u0259r\u0259c\u0259d\u0259 az transplantasiya edildi v\u0259 xidm\u0259t keyfiyy\u0259ti arzuolunan d\u0259r\u0259c\u0259d\u0259 \u00e7ox oldu. Almaniyada sa\u00e7 \u0259kimi prosedurlar\u0131 t\u0259qrib\u0259n 6000 avrodan ba\u015flay\u0131r, Estoniyada h\u0259l\u0259 bel\u0259 bir prosedur t\u0259klif etmirik v\u0259 Andrus bunun \u0259v\u0259zin\u0259 T\u00fcrkiy\u0259d\u0259ki klinika il\u0259 ba\u011fl\u0131 t\u00f6vsiy\u0259 e\u015fitdi. Andrus bu g\u00fcn &#8220;D\u00fc\u015f\u00fcnd\u00fcm, bitdi v\u0259 \u00e7ox raz\u0131 qald\u0131m&#8221; deyir. \u201cM\u0259n son d\u0259r\u0259c\u0259 xo\u015f xidm\u0259t ald\u0131m v\u0259 h\u0259r \u015fey qaydas\u0131nda getdi. Prosedur g\u00fcn\u00fc sa\u00e7 k\u00f6k\u00fc analizi apar\u0131ld\u0131, orada ekranda ba\u015f d\u0259rimin mikroskopik \u015f\u0259kild\u0259 yax\u0131nla\u015fd\u0131\u011f\u0131n\u0131 v\u0259 oradan \u00e7\u0131xan ki\u00e7ik t\u00fckl\u0259ri g\u00f6r\u0259 bildim. M\u00fcayin\u0259d\u0259n v\u0259 m\u00fct\u0259x\u0259ssis\u0259 ya\u015f\u0131m, ke\u00e7mi\u015f x\u0259st\u0259likl\u0259rim v\u0259 dig\u0259r ox\u015far m\u0259lumatlar\u0131n daxil oldu\u011fu anketi doldurduqdan sonra m\u0259ni prosedur ota\u011f\u0131na apard\u0131lar. M\u0259ni 15 d\u0259qiq\u0259 yatd\u0131rd\u0131lar, y\u0259ni \u00fcmumi narkoz zaman\u0131 boynumun nahiy\u0259si olan donor nahiy\u0259md\u0259n laz\u0131mi sa\u00e7 uclar\u0131 g\u00f6t\u00fcr\u00fcld\u00fc. M\u0259n oyand\u0131m, he\u00e7 bir a\u011fr\u0131 hiss etm\u0259dim v\u0259 \u0259lav\u0259 olaraq, b\u00fct\u00fcn ba\u015f d\u0259rim anesteziya edildi v\u0259 transplantasiya ba\u015flaya bil\u0259r. M\u0259nim \u00fc\u00e7\u00fcn t\u0259xmin\u0259n 8 saat davam etdi, ad\u0259t\u0259n 6-8 saat hesab edilm\u0259lidir. M\u0259n bunu pay\u0131zdan \u0259vv\u0259l etdim, \u00e7\u00fcnki soyuq havan\u0131n yax\u0131nla\u015fd\u0131\u011f\u0131n\u0131 bilirdim v\u0259 ba\u015f\u0131m\u0131 papaqla ba\u011flaya bilirdim. Ba\u015f ilk ay birba\u015fa g\u00fcn\u0259\u015f i\u015f\u0131\u011f\u0131ndan diqq\u0259tl\u0259 qorunmal\u0131d\u0131r. \u015eampun v\u0259 kondisionerd\u0259n ibar\u0259t 6 ayl\u0131q qulluq d\u0259sti d\u0259 verilib, yerind\u0259 mezoterapiya apar\u0131l\u0131b ki, bu da \u00f6z n\u00f6vb\u0259sind\u0259 sa\u00e7lar\u0131n uzanmas\u0131na k\u00f6m\u0259k edir\u201d.<\/p><p>\u201c4-c\u00fc aydan sonra bir yerd\u0259 sa\u00e7lar b\u00f6y\u00fcm\u0259y\u0259 ba\u015flad\u0131 v\u0259 bug\u00fcnk\u00fc texnologiya il\u0259 n\u0259y\u0259 nail olmaq inan\u0131lmaz g\u00f6r\u00fcn\u00fcr. Sa\u00e7lar\u0131mla yana\u015f\u0131, \u00f6z\u00fcm\u0259 inam\u0131m\u0131 b\u0259rpa etdim v\u0259 \u0259vv\u0259lkind\u0259n qat-qat art\u0131q ba\u015f\u0131ma qulluq etdim. M\u0259s\u0259l\u0259n, m\u0259n indi saunaya ged\u0259nd\u0259 h\u0259mi\u015f\u0259 ba\u015f\u0131m\u0131 sauna papa\u011f\u0131 il\u0259 ba\u011flay\u0131ram ki, h\u0259ddind\u0259n art\u0131q istid\u0259n \u00e7ox olmas\u0131n, ba\u015f d\u0259risi g\u00fcn\u0259\u015f \u015f\u00fcalar\u0131ndan, h\u0259m\u00e7inin q\u0131\u015fda soyuqdan qorunmal\u0131d\u0131r. Bundan \u0259lav\u0259, m\u0259n indi biotion kimi sa\u00e7 b\u00f6y\u00fcm\u0259sini t\u0259\u015fviq ed\u0259n m\u0259hsullardan istifad\u0259 edir\u0259m v\u0259 klinikadan dig\u0259r faydal\u0131 m\u0259sl\u0259h\u0259tl\u0259r ald\u0131m. Be\u015f art\u0131!\u201d Andrus qiym\u0259tl\u0259ndirir.<\/p><p>Sa\u00e7 \u0259kimi proseduru \u00fc\u00e7\u00fcn \u0130stanbula s\u0259yah\u0259t x\u00fcsusi haz\u0131rl\u0131q t\u0259l\u0259b etmir v\u0259 prosedur t\u0259till\u0259 birl\u0259\u015fdiril\u0259 bil\u0259r. Ancaq yaln\u0131z prosedur \u00fc\u00e7\u00fcn gedirsinizs\u0259, se\u00e7ilmi\u015f sa\u00e7 \u0259kimi paketind\u0259n as\u0131l\u0131 olaraq \u0130stanbulda ya 3-c\u00fc, ya da 4-c\u00fc g\u00fcn\u00fc d\u00fc\u015f\u00fcnm\u0259lisiniz. Paketin qiym\u0259ti 1200 avrodan ba\u015flay\u0131r, bura s\u0259h\u0259r yem\u0259yi il\u0259 birlikd\u0259 yerl\u0259\u015fm\u0259, hava liman\u0131ndan klinikaya v\u0259 daha sonra hava liman\u0131na b\u00fct\u00fcn transferl\u0259r, prosedura \u0259lav\u0259 olaraq, yerind\u0259 testl\u0259r daxildir. G\u00fcn\u00fcm\u00fczd\u0259 getdikc\u0259 populyarla\u015fan k\u00f6k h\u00fcceyr\u0259 terapiyas\u0131 v\u0259 plazma terapiyas\u0131 h\u0259yata ke\u00e7iril\u0259 bil\u0259r. Proseduru sifari\u015f etm\u0259k \u00fc\u00e7\u00fcn ilk add\u0131m ba\u015f\u0131n\u0131z\u0131n v\u0259 ya ist\u0259diyiniz nahiy\u0259nin \u015f\u0259kill\u0259rini biz\u0259 g\u00f6nd\u0259rm\u0259kdir, \u00e7\u00fcnki klinikada follikullar h\u0259tta qa\u015f v\u0259 saqqal nahiy\u0259sin\u0259 k\u00f6\u00e7\u00fcr\u00fcl\u00fcr. Ba\u015fda t\u00fck \u00e7\u0131xmazsa, b\u0259d\u0259nin ba\u015fqa nahiy\u0259si se\u00e7ilir v\u0259 oradan donor follikullar al\u0131n\u0131r. \u015e\u0259kill\u0259ri \u0130stanbul klinikas\u0131n\u0131n m\u00fct\u0259x\u0259ssisin\u0259 y\u00f6nl\u0259ndir\u0259c\u0259yik v\u0259 ya bizim vasit\u0259mizl\u0259, ya da birba\u015fa olaraq \u0130stanbul klinikas\u0131 il\u0259 \u0259laq\u0259 saxlama\u011fa v\u0259 rezervasiya etm\u0259y\u0259 davam ed\u0259c\u0259ksiniz.<\/p><p>Suallar\u0131n\u0131z v\u0259 ya g\u00f6r\u00fc\u015f sifari\u015f etm\u0259k \u00fc\u00e7\u00fcn info@bodymed.ee \u00fcnvan\u0131na yaz\u0131n v\u0259 ya z\u0259ng edin: 54410004<\/p><p>X\u0259yallar\u0131n\u0131z\u0131n h\u0259yata ke\u00e7m\u0259sini arzulay\u0131ram,<\/p><p>BodyMed Estetik<\/p>\t\t\t\t\t\t\t\t<\/div>\n\t\t\t\t<\/div>\n\t\t\t\t\t<\/div>\n\t\t<\/div>\n\t\t\t\t\t<\/div>\n\t\t<\/section>\n\t\t\t\t<\/div>\n\t\t","protected":false},"excerpt":{"rendered":"<p>Andrusun T\u00fcrkiy\u0259d\u0259 sa\u00e7 \u0259kimi t\u0259cr\u00fcb\u0259si Bu g\u00fcn sa\u00e7 t\u00f6k\u00fclm\u0259si v\u0259 h\u0259tta ke\u00e7\u0259ll\u0259\u015fm\u0259 g\u0259nc ki\u015fil\u0259r aras\u0131nda da geni\u015f yay\u0131lm\u0131\u015f problemdir. \u0130ngilisl\u0259rin apard\u0131\u011f\u0131 statistik m\u0259lumatlara g\u00f6r\u0259, ki\u015fil\u0259rin 90%-i art\u0131q sa\u00e7 t\u00f6k\u00fclm\u0259sin\u0259 qar\u015f\u0131 m\u00fcalic\u0259 axtar\u0131r ki, bu da \u00f6zl\u00fcy\u00fcnd\u0259 yax\u015f\u0131 g\u00f6st\u0259ricidir, \u00e7\u00fcnki ki\u015fil\u0259r \u00e7ar\u0259 tapmaq ist\u0259yirl\u0259r. Stressli h\u0259yat sa\u00e7 t\u00f6k\u00fclm\u0259sinin \u0259sas s\u0259b\u0259bl\u0259rind\u0259n biridir v\u0259 h\u0259lli davaml\u0131d\u0131r v\u0259 bel\u0259 [&hellip;]<\/p>\n","protected":false},"author":1,"featured_media":0,"parent":0,"menu_order":0,"comment_status":"closed","ping_status":"closed","template":"","meta":{"site-sidebar-layout":"no-sidebar","site-content-layout":"page-builder","ast-site-content-layout":"default","site-content-style":"default","site-sidebar-style":"default","ast-global-header-display":"","ast-banner-title-visibility":"","ast-main-header-display":"","ast-hfb-above-header-display":"","ast-hfb-below-header-display":"","ast-hfb-mobile-header-display":"","site-post-title":"disabled","ast-breadcrumbs-content":"","ast-featured-img":"disabled","footer-sml-layout":"","ast-disable-related-posts":"","theme-transparent-header-meta":"default","adv-header-id-meta":"","stick-header-meta":"","header-above-stick-meta":"","header-main-stick-meta":"","header-below-stick-meta":"","astra-migrate-meta-layouts":"set","ast-page-background-enabled":"default","ast-page-background-meta":{"desktop":{"background-color":"","background-image":"","background-repeat":"repeat","background-position":"center center","background-size":"auto","background-attachment":"scroll","background-type":"","background-media":"","overlay-type":"","overlay-color":"","overlay-opacity":"","overlay-gradient":""},"tablet":{"background-color":"","background-image":"","background-repeat":"repeat","background-position":"center center","background-size":"auto","background-attachment":"scroll","background-type":"","background-media":"","overlay-type":"","overlay-color":"","overlay-opacity":"","overlay-gradient":""},"mobile":{"background-color":"","background-image":"","background-repeat":"repeat","background-position":"center center","background-size":"auto","background-attachment":"scroll","background-type":"","background-media":"","overlay-type":"","overlay-color":"","overlay-opacity":"","overlay-gradient":""}},"ast-content-background-meta":{"desktop":{"background-color":"var(--ast-global-color-5)","background-image":"","background-repeat":"repeat","background-position":"center center","background-size":"auto","background-attachment":"scroll","background-type":"","background-media":"","overlay-type":"","overlay-color":"","overlay-opacity":"","overlay-gradient":""},"tablet":{"background-color":"var(--ast-global-color-5)","background-image":"","background-repeat":"repeat","background-position":"center center","background-size":"auto","background-attachment":"scroll","background-type":"","background-media":"","overlay-type":"","overlay-color":"","overlay-opacity":"","overlay-gradient":""},"mobile":{"background-color":"var(--ast-global-color-5)","background-image":"","background-repeat":"repeat","background-position":"center center","background-size":"auto","background-attachment":"scroll","background-type":"","background-media":"","overlay-type":"","overlay-color":"","overlay-opacity":"","overlay-gradient":""}},"_themeisle_gutenberg_block_has_review":false,"footnotes":""},"class_list":["post-5123","page","type-page","status-publish","hentry"],"_links":{"self":[{"href":"https:\/\/bodymed.ee\/az\/wp-json\/wp\/v2\/pages\/5123","targetHints":{"allow":["GET"]}}],"collection":[{"href":"https:\/\/bodymed.ee\/az\/wp-json\/wp\/v2\/pages"}],"about":[{"href":"https:\/\/bodymed.ee\/az\/wp-json\/wp\/v2\/types\/page"}],"author":[{"embeddable":true,"href":"https:\/\/bodymed.ee\/az\/wp-json\/wp\/v2\/users\/1"}],"replies":[{"embeddable":true,"href":"https:\/\/bodymed.ee\/az\/wp-json\/wp\/v2\/comments?post=5123"}],"version-history":[{"count":5,"href":"https:\/\/bodymed.ee\/az\/wp-json\/wp\/v2\/pages\/5123\/revisions"}],"predecessor-version":[{"id":5128,"href":"https:\/\/bodymed.ee\/az\/wp-json\/wp\/v2\/pages\/5123\/revisions\/5128"}],"wp:attachment":[{"href":"https:\/\/bodymed.ee\/az\/wp-json\/wp\/v2\/media?parent=5123"}],"curies":[{"name":"wp","href":"https:\/\/api.w.org\/{rel}","templated":true}]}}