{"id":5135,"date":"2023-12-31T10:43:18","date_gmt":"2023-12-31T10:43:18","guid":{"rendered":"https:\/\/bodymed.ee\/liina-uus-naeratus-turgis\/"},"modified":"2023-12-31T10:45:33","modified_gmt":"2023-12-31T10:45:33","slug":"liinanin-turkiy%c9%99d%c9%99-yeni-gulusu","status":"publish","type":"page","link":"https:\/\/bodymed.ee\/az\/liinanin-turkiy%c9%99d%c9%99-yeni-gulusu\/","title":{"rendered":"Liinan\u0131n T\u00fcrkiy\u0259d\u0259 yeni g\u00fcl\u00fc\u015f\u00fc"},"content":{"rendered":"\t\t<div data-elementor-type=\"wp-page\" data-elementor-id=\"5135\" class=\"elementor elementor-5135 elementor-2419\">\n\t\t\t\t\t\t<section class=\"elementor-section elementor-top-section elementor-element elementor-element-c54253e elementor-section-boxed elementor-section-height-default elementor-section-height-default\" data-id=\"c54253e\" data-element_type=\"section\" data-e-type=\"section\">\n\t\t\t\t\t\t<div class=\"elementor-container elementor-column-gap-default\">\n\t\t\t\t\t<div class=\"elementor-column elementor-col-100 elementor-top-column elementor-element elementor-element-3066b08\" data-id=\"3066b08\" data-element_type=\"column\" data-e-type=\"column\">\n\t\t\t<div class=\"elementor-widget-wrap elementor-element-populated\">\n\t\t\t\t\t\t<div class=\"elementor-element elementor-element-ecb2466 elementor-widget elementor-widget-heading\" data-id=\"ecb2466\" data-element_type=\"widget\" data-e-type=\"widget\" data-widget_type=\"heading.default\">\n\t\t\t\t<div class=\"elementor-widget-container\">\n\t\t\t\t\t<h3 class=\"elementor-heading-title elementor-size-default\">Liinan\u0131n T\u00fcrkiy\u0259d\u0259 yeni g\u00fcl\u00fc\u015f\u00fc<\/h3>\t\t\t\t<\/div>\n\t\t\t\t<\/div>\n\t\t\t\t<div class=\"elementor-element elementor-element-21c364f elementor-widget elementor-widget-text-editor\" data-id=\"21c364f\" data-element_type=\"widget\" data-e-type=\"widget\" data-widget_type=\"text-editor.default\">\n\t\t\t\t<div class=\"elementor-widget-container\">\n\t\t\t\t\t\t\t\t\t<p>Liina yayda ail\u0259si il\u0259 birlikd\u0259 \u0130stanbulda g\u00f6z\u0259llik klinikas\u0131na ba\u015f \u00e7\u0259kib. Liinan\u0131n arzusu estetik c\u0259h\u0259td\u0259n g\u00f6z\u0259l di\u015fl\u0259r d\u0259sti \u0259ld\u0259 etm\u0259k idi. Liina sirkonium taclar\u0131 qura\u015fd\u0131rm\u0131\u015fd\u0131 v\u0259 biz tezlikl\u0259 g\u00f6z\u0259l n\u0259tic\u0259 \u0259ld\u0259 ed\u0259c\u0259yik.<\/p><p>\u201cFotolardan indi g\u00fcl\u00fcms\u0259m\u0259y\u0259 n\u0259 q\u0259d\u0259r c\u0259sar\u0259t etdiyimi g\u00f6r\u00fcr\u0259m. \u0130stanbula t\u0259til\u0259 getdiyim zaman \u0259n b\u00f6y\u00fck h\u0259d\u0259fim parlaq a\u011f g\u00f6z\u0259l bir t\u0259b\u0259ss\u00fcm idi. \u0130stanbulda \u00e7ox m\u00fcnasib qiym\u0259t\u0259 Hollivud \u00fcslubunda g\u00fcl\u00fcms\u0259m\u0259nin m\u00fcmk\u00fcn oldu\u011funu e\u015fitdim. Di\u015fl\u0259rl\u0259 ba\u011fl\u0131 hekay\u0259m korona vaxt\u0131ndan \u0259vv\u0259l, di\u015f h\u0259kimin\u0259 getdiyim v\u0259 6000 avro qiym\u0259tin\u0259 alt\u0131 laminat t\u0259klifi ald\u0131\u011f\u0131m zaman ba\u015flad\u0131. H\u0259tta o an bel\u0259 bir t\u0259klif\u0259 raz\u0131la\u015fd\u0131m, \u00e7\u00fcnki o vaxt ba\u015fqa variant g\u00f6rm\u00fcrd\u00fcm. Ancaq bu g\u00fcn bel\u0259 bir se\u00e7iml\u0259 kifay\u0259tl\u0259nm\u0259diyim \u00fc\u00e7\u00fcn \u00e7ox \u015fadam. \u018fks halda, m\u0259nim yaln\u0131z alt\u0131 \u00fcst laminat\u0131m olard\u0131 v\u0259 bu, \u00e7ox azd\u0131r, n\u0259tic\u0259 qeyri-t\u0259bii olard\u0131. Korona v\u0259 m\u0259hdudiyy\u0259tl\u0259r vaxt\u0131 ba\u015flad\u0131 v\u0259 m\u0259n art\u0131q h\u0259kim\u0259 m\u00fcraci\u0259t ed\u0259 bilm\u0259dim. Di\u015f m\u00fcalic\u0259si qeyri-m\u00fc\u0259yy\u0259n m\u00fcdd\u0259t\u0259 t\u0259xir\u0259 sal\u0131nd\u0131. Ancaq bir ne\u00e7\u0259 ild\u0259n sonra m\u0259n e\u015fitdim ki, bir qohumumuz T\u00fcrkiy\u0259d\u0259 di\u015f kronlar\u0131n\u0131 nec\u0259 qura\u015fd\u0131r\u0131blar v\u0259 buradak\u0131ndan qat-qat ucuzdur. Onun t\u0259b\u0259ss\u00fcm\u00fcn\u00fc g\u00f6r\u0259nd\u0259 he\u00e7 t\u0259r\u0259dd\u00fcd etm\u0259dim v\u0259 T\u00fcrkiy\u0259y\u0259 ail\u0259vi t\u0259til yax\u0131nla\u015fd\u0131\u011f\u0131ndan t\u0259til zaman\u0131 sirkonium taclar\u0131 taxd\u0131rma\u011fa q\u0259rar verdim.<\/p><p>Klinikan\u0131n \u0259m\u0259kda\u015flar\u0131 v\u0259 \u015f\u0259xsi di\u015f h\u0259kimi \u00e7ox xo\u015f v\u0259 faydal\u0131 t\u0259\u0259ss\u00fcrat buraxd\u0131lar. G\u00f6r\u00fcrd\u00fcn\u00fcz ki, komanda h\u0259qiq\u0259t\u0259n d\u0259 bununla m\u0259\u015f\u011fuldur v\u0259 i\u015f \u00e7ox diqq\u0259tl\u0259 apar\u0131l\u0131r, h\u0259r bir x\u0131rda detala \u0259saslanaraq, di\u015fl\u0259rimin nec\u0259 olmas\u0131n\u0131 ist\u0259y\u0259nd\u0259 bunu vur\u011fulay\u0131rd\u0131m.<\/p><p>M\u0259n sar\u0131\u015f\u0131n qad\u0131nam v\u0259 \u0259n a\u00e7\u0131q k\u00f6lg\u0259 se\u00e7mi\u015f\u0259m. H\u0259m yuxar\u0131, h\u0259m d\u0259 alt \u00e7\u0259n\u0259y\u0259 10 tac qoymu\u015fdum. M\u0259n n\u0259tic\u0259d\u0259n \u00e7ox raz\u0131 qald\u0131m v\u0259 BodyMed-i pe\u015f\u0259kar xidm\u0259t t\u0259minat\u00e7\u0131s\u0131 kimi s\u0259mimiyy\u0259tl\u0259 t\u00f6vsiy\u0259 edir\u0259m. H\u0259r \u015fey m\u0259nim \u00fc\u00e7\u00fcn g\u00f6zl\u0259nil\u0259nd\u0259n d\u0259 yax\u015f\u0131 oldu. \u00c7ox minn\u0259tdaram ki, do\u011fru zamanda h\u0259yat\u0131ma bel\u0259 bir f\u00fcrs\u0259t d\u00fc\u015fd\u00fc.<\/p><p>G\u00f6r\u00fcn\u00fc\u015f\u00fcm\u00fcz\u00fc yax\u015f\u0131la\u015fd\u0131rmaq \u00fc\u00e7\u00fcn ham\u0131m\u0131za c\u0259sar\u0259tli bir t\u0259\u015f\u0259bb\u00fcs arzulay\u0131ram, bu, \u00f6z\u00fcm\u00fcz\u0259 inam\u0131m\u0131z\u0131 xeyli art\u0131racaq\u201d, Liina sevinir.<\/p><p>BodyMed Esthetics di\u015fl\u0259ri \u00fc\u00e7\u00fcn qiym\u0259t t\u0259l\u0259b etm\u0259k asand\u0131r. A\u011fz\u0131n\u0131z\u0131n panoramik skan\u0131n\u0131 info@bodymed.ee \u00fcnvan\u0131na g\u00f6nd\u0259rin, bunu \u0259ks\u0259r stomatoloji klinikalarda ed\u0259 bil\u0259rsiniz. Daha sonra siz\u0259 konkret qiym\u0259t t\u0259klifi g\u00f6nd\u0259r\u0259c\u0259yik v\u0259 T\u00fcrkiy\u0259y\u0259 s\u0259yah\u0259t ba\u015flaya bil\u0259r. Liina n\u00fcmun\u0259sind\u0259 sirkonium di\u015f tac\u0131n\u0131n qiym\u0259ti 200 avro\/di\u015fdir. 20 kron qura\u015fd\u0131rark\u0259n xidm\u0259tin qiym\u0259ti \u0130stanbul hava liman\u0131ndan otel\u0259 v\u0259 klinikaya \u015f\u0259xsi transferl\u0259r, s\u0259h\u0259r yem\u0259yi il\u0259 5* oteld\u0259 yerl\u0259\u015fm\u0259 v\u0259 t\u0259xmin\u0259n 7 gec\u0259lik saytda gec\u0259l\u0259m\u0259 daxil olmaqla 4000 avro t\u0259\u015fkil edir.<\/p><p>G\u00f6z\u0259l g\u00fcl\u00fc\u015fl\u0259r arzulay\u0131ram,<\/p><p>BodyMed Estoniya komandas\u0131<\/p>\t\t\t\t\t\t\t\t<\/div>\n\t\t\t\t<\/div>\n\t\t\t\t\t<\/div>\n\t\t<\/div>\n\t\t\t\t\t<\/div>\n\t\t<\/section>\n\t\t\t\t<\/div>\n\t\t","protected":false},"excerpt":{"rendered":"<p>Liinan\u0131n T\u00fcrkiy\u0259d\u0259 yeni g\u00fcl\u00fc\u015f\u00fc Liina yayda ail\u0259si il\u0259 birlikd\u0259 \u0130stanbulda g\u00f6z\u0259llik klinikas\u0131na ba\u015f \u00e7\u0259kib. Liinan\u0131n arzusu estetik c\u0259h\u0259td\u0259n g\u00f6z\u0259l di\u015fl\u0259r d\u0259sti \u0259ld\u0259 etm\u0259k idi. Liina sirkonium taclar\u0131 qura\u015fd\u0131rm\u0131\u015fd\u0131 v\u0259 biz tezlikl\u0259 g\u00f6z\u0259l n\u0259tic\u0259 \u0259ld\u0259 ed\u0259c\u0259yik. \u201cFotolardan indi g\u00fcl\u00fcms\u0259m\u0259y\u0259 n\u0259 q\u0259d\u0259r c\u0259sar\u0259t etdiyimi g\u00f6r\u00fcr\u0259m. \u0130stanbula t\u0259til\u0259 getdiyim zaman \u0259n b\u00f6y\u00fck h\u0259d\u0259fim parlaq a\u011f g\u00f6z\u0259l bir t\u0259b\u0259ss\u00fcm [&hellip;]<\/p>\n","protected":false},"author":1,"featured_media":0,"parent":0,"menu_order":0,"comment_status":"closed","ping_status":"closed","template":"","meta":{"site-sidebar-layout":"no-sidebar","site-content-layout":"page-builder","ast-site-content-layout":"default","site-content-style":"default","site-sidebar-style":"default","ast-global-header-display":"","ast-banner-title-visibility":"","ast-main-header-display":"","ast-hfb-above-header-display":"","ast-hfb-below-header-display":"","ast-hfb-mobile-header-display":"","site-post-title":"disabled","ast-breadcrumbs-content":"","ast-featured-img":"disabled","footer-sml-layout":"","ast-disable-related-posts":"","theme-transparent-header-meta":"","adv-header-id-meta":"","stick-header-meta":"","header-above-stick-meta":"","header-main-stick-meta":"","header-below-stick-meta":"","astra-migrate-meta-layouts":"set","ast-page-background-enabled":"default","ast-page-background-meta":{"desktop":{"background-color":"","background-image":"","background-repeat":"repeat","background-position":"center center","background-size":"auto","background-attachment":"scroll","background-type":"","background-media":"","overlay-type":"","overlay-color":"","overlay-opacity":"","overlay-gradient":""},"tablet":{"background-color":"","background-image":"","background-repeat":"repeat","background-position":"center center","background-size":"auto","background-attachment":"scroll","background-type":"","background-media":"","overlay-type":"","overlay-color":"","overlay-opacity":"","overlay-gradient":""},"mobile":{"background-color":"","background-image":"","background-repeat":"repeat","background-position":"center center","background-size":"auto","background-attachment":"scroll","background-type":"","background-media":"","overlay-type":"","overlay-color":"","overlay-opacity":"","overlay-gradient":""}},"ast-content-background-meta":{"desktop":{"background-color":"var(--ast-global-color-5)","background-image":"","background-repeat":"repeat","background-position":"center center","background-size":"auto","background-attachment":"scroll","background-type":"","background-media":"","overlay-type":"","overlay-color":"","overlay-opacity":"","overlay-gradient":""},"tablet":{"background-color":"var(--ast-global-color-5)","background-image":"","background-repeat":"repeat","background-position":"center center","background-size":"auto","background-attachment":"scroll","background-type":"","background-media":"","overlay-type":"","overlay-color":"","overlay-opacity":"","overlay-gradient":""},"mobile":{"background-color":"var(--ast-global-color-5)","background-image":"","background-repeat":"repeat","background-position":"center center","background-size":"auto","background-attachment":"scroll","background-type":"","background-media":"","overlay-type":"","overlay-color":"","overlay-opacity":"","overlay-gradient":""}},"_themeisle_gutenberg_block_has_review":false,"footnotes":""},"class_list":["post-5135","page","type-page","status-publish","hentry"],"_links":{"self":[{"href":"https:\/\/bodymed.ee\/az\/wp-json\/wp\/v2\/pages\/5135","targetHints":{"allow":["GET"]}}],"collection":[{"href":"https:\/\/bodymed.ee\/az\/wp-json\/wp\/v2\/pages"}],"about":[{"href":"https:\/\/bodymed.ee\/az\/wp-json\/wp\/v2\/types\/page"}],"author":[{"embeddable":true,"href":"https:\/\/bodymed.ee\/az\/wp-json\/wp\/v2\/users\/1"}],"replies":[{"embeddable":true,"href":"https:\/\/bodymed.ee\/az\/wp-json\/wp\/v2\/comments?post=5135"}],"version-history":[{"count":5,"href":"https:\/\/bodymed.ee\/az\/wp-json\/wp\/v2\/pages\/5135\/revisions"}],"predecessor-version":[{"id":5141,"href":"https:\/\/bodymed.ee\/az\/wp-json\/wp\/v2\/pages\/5135\/revisions\/5141"}],"wp:attachment":[{"href":"https:\/\/bodymed.ee\/az\/wp-json\/wp\/v2\/media?parent=5135"}],"curies":[{"name":"wp","href":"https:\/\/api.w.org\/{rel}","templated":true}]}}