{"id":5278,"date":"2024-01-15T10:26:22","date_gmt":"2024-01-15T10:26:22","guid":{"rendered":"https:\/\/bodymed.ee\/elery-lugu\/"},"modified":"2024-01-15T10:54:13","modified_gmt":"2024-01-15T10:54:13","slug":"elerinin-hekay%c9%99si","status":"publish","type":"page","link":"https:\/\/bodymed.ee\/az\/elerinin-hekay%c9%99si\/","title":{"rendered":"Elerinin hekay\u0259si"},"content":{"rendered":"\t\t<div data-elementor-type=\"wp-page\" data-elementor-id=\"5278\" class=\"elementor elementor-5278 elementor-5155\">\n\t\t\t\t\t\t<section class=\"elementor-section elementor-top-section elementor-element elementor-element-dfc92b4 elementor-section-boxed elementor-section-height-default elementor-section-height-default\" data-id=\"dfc92b4\" data-element_type=\"section\" data-e-type=\"section\">\n\t\t\t\t\t\t<div class=\"elementor-container elementor-column-gap-default\">\n\t\t\t\t\t<div class=\"elementor-column elementor-col-100 elementor-top-column elementor-element elementor-element-776a2ef\" data-id=\"776a2ef\" data-element_type=\"column\" data-e-type=\"column\">\n\t\t\t<div class=\"elementor-widget-wrap elementor-element-populated\">\n\t\t\t\t\t\t<div class=\"elementor-element elementor-element-556af89 elementor-widget elementor-widget-heading\" data-id=\"556af89\" data-element_type=\"widget\" data-e-type=\"widget\" data-widget_type=\"heading.default\">\n\t\t\t\t<div class=\"elementor-widget-container\">\n\t\t\t\t\t<h4 class=\"elementor-heading-title elementor-size-default\">Elerinin hekay\u0259si<\/h4>\t\t\t\t<\/div>\n\t\t\t\t<\/div>\n\t\t\t\t<div class=\"elementor-element elementor-element-469f582 elementor-widget elementor-widget-text-editor\" data-id=\"469f582\" data-element_type=\"widget\" data-e-type=\"widget\" data-widget_type=\"text-editor.default\">\n\t\t\t\t<div class=\"elementor-widget-container\">\n\t\t\t\t\t\t\t\t\t<p><img fetchpriority=\"high\" decoding=\"async\" class=\"size-medium wp-image-5217 alignleft\" src=\"https:\/\/bodymed.ee\/wp-content\/uploads\/2024\/01\/Bodymed-Eesti-Elery-lugu-10-225x300.jpeg\" alt=\"\" width=\"225\" height=\"300\" srcset=\"https:\/\/bodymed.ee\/wp-content\/uploads\/2024\/01\/Bodymed-Eesti-Elery-lugu-10-225x300.jpeg 225w, https:\/\/bodymed.ee\/wp-content\/uploads\/2024\/01\/Bodymed-Eesti-Elery-lugu-10-768x1024.jpeg 768w, https:\/\/bodymed.ee\/wp-content\/uploads\/2024\/01\/Bodymed-Eesti-Elery-lugu-10-1152x1536.jpeg 1152w, https:\/\/bodymed.ee\/wp-content\/uploads\/2024\/01\/Bodymed-Eesti-Elery-lugu-10-600x800.jpeg 600w, https:\/\/bodymed.ee\/wp-content\/uploads\/2024\/01\/Bodymed-Eesti-Elery-lugu-10.jpeg 1536w\" sizes=\"(max-width: 225px) 100vw, 225px\" \/>Eleri Saaron 31 ya\u015f\u0131ndad\u0131r, t\u0259kba\u015f\u0131na ki\u00e7ik o\u011flunu b\u00f6y\u00fcd\u00fcr v\u0259 daxili dizayner kimi i\u015fl\u0259yir, h\u0259m\u00e7inin t\u0259mizlik \u015firk\u0259tin\u0259 sahib olan <span style=\"text-decoration: underline;\"><strong><a href=\"https:\/\/www.facebook.com\/SaaronEllie\" target=\"_blank\" rel=\"noopener\">Koduhaldjas Ellie<\/a><\/strong><\/span><\/p><p>Ba\u015f ver\u0259nl\u0259ri v\u0259 niy\u0259 yoxlama \u015firk\u0259tin\u0259 m\u00fcraci\u0259t etm\u0259k q\u0259rar\u0131na g\u0259ldiyini Eleri \u00f6z\u00fc dan\u0131\u015f\u0131r:<\/p><p>\u201cDostum C\u00e4rola il\u0259 bir az dinc\u0259lm\u0259k v\u0259 g\u00f6z\u0259l c\u00fcm\u0259 ax\u015fam\u0131ndan h\u0259zz ald\u0131\u011f\u0131m xo\u015f bir ax\u015fam idi, ax\u015fam texniki nasazl\u0131qlara g\u00f6r\u0259 skuterimd\u0259n 25 km\/saat s\u00fcr\u0259tl\u0259 d\u00fc\u015fm\u0259ml\u0259 ba\u015flad\u0131. Siraki, s\u0259kid\u0259n a\u015fa\u011f\u0131ya v\u0259 \u00f6n di\u015fl\u0259r\u0259 ilk \u00e7arpan oldu. Ax\u015fam\u0131n di\u015f p\u0259risi dostum C\u00e4rol idi ki, \u00f6n di\u015fimi t\u0259cili x\u0259st\u0259xanaya apard\u0131 ki, h\u0259kim yenid\u0259n \u00fcst\u00fcm\u0259 qoysun.M\u0259n g\u0259nc\u0259m, tap\u0131lmayan \u00f6n di\u015fim olmadan ir\u0259li ged\u0259 bilmirdim. h\u0259yat.<\/p><p>M\u0259n Tallinn stomatoloji klinikas\u0131na getdim, orada 18500 avroya q\u0259d\u0259r kotirovkalar, implant v\u0259 kabinet m\u00fcalic\u0259si t\u0259klif etdil\u0259r. Sonra Facebook-da estetik c\u0259rrahiyy\u0259 qrupuna yazd\u0131m v\u0259 burada veril\u0259n i\u015fi Estoniyada v\u0259 ya xaricd\u0259 ucuz yerin\u0259 yetirm\u0259k \u00fc\u00e7\u00fcn m\u00fcxt\u0259lif imkanlar\u0131 ara\u015fd\u0131rd\u0131m. T\u00fcrkiy\u0259d\u0259ki s\u0259yah\u0259tini b\u00f6l\u00fc\u015f\u0259n n\u0259zar\u0259t klinikas\u0131n\u0131n t\u0259cr\u00fcb\u0259li m\u00fct\u0259x\u0259ssisi Triin il\u0259 \u0259laq\u0259 saxlad\u0131m v\u0259 onun say\u0259sind\u0259 Bodymed n\u0259zar\u0259t \u015firk\u0259tin\u0259 \u00e7atd\u0131m.<\/p><p>S\u0259yah\u0259t m\u0259nim \u00fc\u00e7\u00fcn g\u00f6z\u0259l, a\u011fr\u0131s\u0131z oldu v\u0259 m\u0259n di\u015fl\u0259ri daha \u00e7ox bilir\u0259m v\u0259 di\u015fl\u0259rinizin qaydas\u0131nda olmas\u0131n\u0131n n\u0259 q\u0259d\u0259r vacib oldu\u011funu bilir\u0259m, \u00e7\u00fcnki sa\u011flaml\u0131\u011f\u0131n\u0131z di\u015fl\u0259rinizd\u0259n ba\u015flay\u0131r.<\/p><p>N\u0259tic\u0259ni s\u00f6zl\u0259 ifad\u0259 ed\u0259 bilmir\u0259m, m\u0259n klinikada v\u0259 \u015f\u0259xs\u0259n Triinuda m\u0259n\u0259 t\u0259klif olunan xidm\u0259t n\u00f6v\u00fcn\u00fc he\u00e7 vaxt almam\u0131\u015fam.<\/p><p>T\u0259\u0259ss\u00fcf ki, etiraf etm\u0259liyik ki, Estoniya di\u015f m\u00fcalic\u0259si olduqca bahad\u0131r v\u0259 buna g\u00f6r\u0259 d\u0259 bir \u00e7ox insanlar di\u015f m\u00fcalic\u0259sini \u00f6d\u0259y\u0259 bilmirl\u0259r.M\u0259n h\u0259r k\u0259s\u0259 \u00f6z arzusunu yerin\u0259 yetirm\u0259yi v\u0259 di\u015fl\u0259rini d\u00fcz\u0259ltm\u0259k \u00fc\u00e7\u00fcn 1 d\u0259f\u0259 \u00e7ox pul tapma\u011f\u0131 t\u00f6vsiy\u0259 edir\u0259m.<\/p><p>B\u00fct\u00fcn bu s\u0259yah\u0259t haqq\u0131nda m\u00fcsb\u0259t: Estoniya il\u0259 m\u00fcqayis\u0259d\u0259 s\u00fcr\u0259tli, a\u011fr\u0131s\u0131z, pul kis\u0259sin\u0259 uy\u011fun. Bodymed t\u0259r\u0259find\u0259n d\u0259st\u0259kl\u0259yici \u015f\u0259xs, 24\/7, laz\u0131m olduqda t\u0259rc\u00fcm\u0259\u00e7i, vip n\u0259qliyyat, h\u0259r \u015feyi ehtiva ed\u0259n rahat otel v\u0259 t\u0259bii ki, t\u0259til: g\u00fcn\u0259\u015f v\u0259 d\u0259niz.<\/p><p>M\u0259nfi c\u0259h\u0259tl\u0259ri qeyd ed\u0259rdim: diskomfort, \u00e7\u00fcnki he\u00e7 birimiz di\u015f h\u0259kimind\u0259 olma\u011f\u0131 v\u0259 h\u0259r \u015feyi g\u00f6rm\u0259yi sevmirik, lakin bunun \u00fc\u00e7\u00fcn \u00fcmumi anesteziya t\u0259\u015fkil etm\u0259k olar.<\/p><p>Bu vaxta kimi g\u00f6z\u00fcm\u00fcn qaba\u011f\u0131nda sevgilimin di\u015f p\u0259risi olaca\u011f\u0131 \u00fc\u00e7\u00fcn di\u015fimi t\u0259cili yard\u0131m\u0131n qap\u0131s\u0131n\u0131n arxas\u0131nda saxlayan o idi \ud83d\ude0a<\/p><p>\u00d6z\u00fcm\u00fc inaml\u0131 hiss edir\u0259m v\u0259 g\u00fcl\u00fcms\u0259m\u0259yi sevir\u0259m\u201d.<\/p>\t\t\t\t\t\t\t\t<\/div>\n\t\t\t\t<\/div>\n\t\t\t\t<div class=\"elementor-element elementor-element-7fa64a1 elementor-widget elementor-widget-heading\" data-id=\"7fa64a1\" data-element_type=\"widget\" data-e-type=\"widget\" data-widget_type=\"heading.default\">\n\t\t\t\t<div class=\"elementor-widget-container\">\n\t\t\t\t\t<h3 class=\"elementor-heading-title elementor-size-default\">\u018fvv\u0259l<\/h3>\t\t\t\t<\/div>\n\t\t\t\t<\/div>\n\t\t\t\t\t<\/div>\n\t\t<\/div>\n\t\t\t\t\t<\/div>\n\t\t<\/section>\n\t\t\t\t<section class=\"elementor-section elementor-top-section elementor-element elementor-element-7f980ce elementor-section-boxed elementor-section-height-default elementor-section-height-default\" data-id=\"7f980ce\" data-element_type=\"section\" data-e-type=\"section\">\n\t\t\t\t\t\t<div class=\"elementor-container elementor-column-gap-default\">\n\t\t\t\t\t<div class=\"elementor-column elementor-col-100 elementor-top-column elementor-element elementor-element-0d77a7c\" data-id=\"0d77a7c\" data-element_type=\"column\" data-e-type=\"column\">\n\t\t\t<div class=\"elementor-widget-wrap elementor-element-populated\">\n\t\t\t\t\t\t<div class=\"elementor-element elementor-element-d23f98e elementor-widget elementor-widget-image-gallery\" data-id=\"d23f98e\" data-element_type=\"widget\" data-e-type=\"widget\" data-widget_type=\"image-gallery.default\">\n\t\t\t\t<div class=\"elementor-widget-container\">\n\t\t\t\t\t\t\t<div class=\"elementor-image-gallery\">\n\t\t\t<div id='gallery-1' class='gallery galleryid-5278 gallery-columns-4 gallery-size-woocommerce_thumbnail'><figure class='gallery-item'>\n\t\t\t<div class='gallery-icon landscape'>\n\t\t\t\t<a data-elementor-open-lightbox=\"yes\" data-elementor-lightbox-slideshow=\"d23f98e\" data-elementor-lightbox-title=\"Bodymed Eesti Elery lugu\" data-e-action-hash=\"#elementor-action%3Aaction%3Dlightbox%26settings%3DeyJpZCI6NTE4NywidXJsIjoiaHR0cHM6XC9cL2JvZHltZWQuZWVcL3dwLWNvbnRlbnRcL3VwbG9hZHNcLzIwMjRcLzAxXC9Cb2R5bWVkLUVlc3RpLUVsZXJ5LWx1Z3UtMS5qcGVnIiwic2xpZGVzaG93IjoiZDIzZjk4ZSJ9\" href=\"https:\/\/bodymed.ee\/wp-content\/uploads\/2024\/01\/Bodymed-Eesti-Elery-lugu-1.jpeg\"><img decoding=\"async\" width=\"300\" height=\"300\" src=\"https:\/\/bodymed.ee\/wp-content\/uploads\/2024\/01\/Bodymed-Eesti-Elery-lugu-1-300x300.jpeg\" class=\"attachment-woocommerce_thumbnail size-woocommerce_thumbnail\" alt=\"\" srcset=\"https:\/\/bodymed.ee\/wp-content\/uploads\/2024\/01\/Bodymed-Eesti-Elery-lugu-1-300x300.jpeg 300w, https:\/\/bodymed.ee\/wp-content\/uploads\/2024\/01\/Bodymed-Eesti-Elery-lugu-1-150x150.jpeg 150w, https:\/\/bodymed.ee\/wp-content\/uploads\/2024\/01\/Bodymed-Eesti-Elery-lugu-1-100x100.jpeg 100w\" sizes=\"(max-width: 300px) 100vw, 300px\" \/><\/a>\n\t\t\t<\/div><\/figure><figure class='gallery-item'>\n\t\t\t<div class='gallery-icon portrait'>\n\t\t\t\t<a data-elementor-open-lightbox=\"yes\" data-elementor-lightbox-slideshow=\"d23f98e\" data-elementor-lightbox-title=\"Bodymed Eesti Elery lugu 4\" data-e-action-hash=\"#elementor-action%3Aaction%3Dlightbox%26settings%3DeyJpZCI6NTE4MiwidXJsIjoiaHR0cHM6XC9cL2JvZHltZWQuZWVcL3dwLWNvbnRlbnRcL3VwbG9hZHNcLzIwMjRcLzAxXC9Cb2R5bWVkLUVlc3RpLUVsZXJ5LWx1Z3UtNC5qcGVnIiwic2xpZGVzaG93IjoiZDIzZjk4ZSJ9\" href=\"https:\/\/bodymed.ee\/wp-content\/uploads\/2024\/01\/Bodymed-Eesti-Elery-lugu-4.jpeg\"><img decoding=\"async\" width=\"300\" height=\"300\" src=\"https:\/\/bodymed.ee\/wp-content\/uploads\/2024\/01\/Bodymed-Eesti-Elery-lugu-4-300x300.jpeg\" class=\"attachment-woocommerce_thumbnail size-woocommerce_thumbnail\" alt=\"\" srcset=\"https:\/\/bodymed.ee\/wp-content\/uploads\/2024\/01\/Bodymed-Eesti-Elery-lugu-4-300x300.jpeg 300w, https:\/\/bodymed.ee\/wp-content\/uploads\/2024\/01\/Bodymed-Eesti-Elery-lugu-4-150x150.jpeg 150w, https:\/\/bodymed.ee\/wp-content\/uploads\/2024\/01\/Bodymed-Eesti-Elery-lugu-4-100x100.jpeg 100w\" sizes=\"(max-width: 300px) 100vw, 300px\" \/><\/a>\n\t\t\t<\/div><\/figure><figure class='gallery-item'>\n\t\t\t<div class='gallery-icon landscape'>\n\t\t\t\t<a data-elementor-open-lightbox=\"yes\" data-elementor-lightbox-slideshow=\"d23f98e\" data-elementor-lightbox-title=\"Bodymed Eesti Elery lugu 2\" data-e-action-hash=\"#elementor-action%3Aaction%3Dlightbox%26settings%3DeyJpZCI6NTE3MiwidXJsIjoiaHR0cHM6XC9cL2JvZHltZWQuZWVcL3dwLWNvbnRlbnRcL3VwbG9hZHNcLzIwMjRcLzAxXC9Cb2R5bWVkLUVlc3RpLUVsZXJ5LWx1Z3UtMi5qcGVnIiwic2xpZGVzaG93IjoiZDIzZjk4ZSJ9\" href=\"https:\/\/bodymed.ee\/wp-content\/uploads\/2024\/01\/Bodymed-Eesti-Elery-lugu-2.jpeg\"><img loading=\"lazy\" decoding=\"async\" width=\"300\" height=\"300\" src=\"https:\/\/bodymed.ee\/wp-content\/uploads\/2024\/01\/Bodymed-Eesti-Elery-lugu-2-300x300.jpeg\" class=\"attachment-woocommerce_thumbnail size-woocommerce_thumbnail\" alt=\"\" srcset=\"https:\/\/bodymed.ee\/wp-content\/uploads\/2024\/01\/Bodymed-Eesti-Elery-lugu-2-300x300.jpeg 300w, https:\/\/bodymed.ee\/wp-content\/uploads\/2024\/01\/Bodymed-Eesti-Elery-lugu-2-150x150.jpeg 150w, https:\/\/bodymed.ee\/wp-content\/uploads\/2024\/01\/Bodymed-Eesti-Elery-lugu-2-100x100.jpeg 100w\" sizes=\"(max-width: 300px) 100vw, 300px\" \/><\/a>\n\t\t\t<\/div><\/figure><figure class='gallery-item'>\n\t\t\t<div class='gallery-icon landscape'>\n\t\t\t\t<a data-elementor-open-lightbox=\"yes\" data-elementor-lightbox-slideshow=\"d23f98e\" data-elementor-lightbox-title=\"Bodymed Eesti Elery lugu 3\" data-e-action-hash=\"#elementor-action%3Aaction%3Dlightbox%26settings%3DeyJpZCI6NTE3NywidXJsIjoiaHR0cHM6XC9cL2JvZHltZWQuZWVcL3dwLWNvbnRlbnRcL3VwbG9hZHNcLzIwMjRcLzAxXC9Cb2R5bWVkLUVlc3RpLUVsZXJ5LWx1Z3UtMy5qcGVnIiwic2xpZGVzaG93IjoiZDIzZjk4ZSJ9\" href=\"https:\/\/bodymed.ee\/wp-content\/uploads\/2024\/01\/Bodymed-Eesti-Elery-lugu-3.jpeg\"><img loading=\"lazy\" decoding=\"async\" width=\"300\" height=\"300\" src=\"https:\/\/bodymed.ee\/wp-content\/uploads\/2024\/01\/Bodymed-Eesti-Elery-lugu-3-300x300.jpeg\" class=\"attachment-woocommerce_thumbnail size-woocommerce_thumbnail\" alt=\"\" srcset=\"https:\/\/bodymed.ee\/wp-content\/uploads\/2024\/01\/Bodymed-Eesti-Elery-lugu-3-300x300.jpeg 300w, https:\/\/bodymed.ee\/wp-content\/uploads\/2024\/01\/Bodymed-Eesti-Elery-lugu-3-150x150.jpeg 150w, https:\/\/bodymed.ee\/wp-content\/uploads\/2024\/01\/Bodymed-Eesti-Elery-lugu-3-100x100.jpeg 100w\" sizes=\"(max-width: 300px) 100vw, 300px\" \/><\/a>\n\t\t\t<\/div><\/figure>\n\t\t<\/div>\n\t\t<\/div>\n\t\t\t\t\t\t<\/div>\n\t\t\t\t<\/div>\n\t\t\t\t<div class=\"elementor-element elementor-element-dc11617 elementor-widget elementor-widget-heading\" data-id=\"dc11617\" data-element_type=\"widget\" data-e-type=\"widget\" data-widget_type=\"heading.default\">\n\t\t\t\t<div class=\"elementor-widget-container\">\n\t\t\t\t\t<h3 class=\"elementor-heading-title elementor-size-default\">sonra<\/h3>\t\t\t\t<\/div>\n\t\t\t\t<\/div>\n\t\t\t\t\t<\/div>\n\t\t<\/div>\n\t\t\t\t\t<\/div>\n\t\t<\/section>\n\t\t\t\t<section class=\"elementor-section elementor-top-section elementor-element elementor-element-1e98c7e elementor-section-boxed elementor-section-height-default elementor-section-height-default\" data-id=\"1e98c7e\" data-element_type=\"section\" data-e-type=\"section\">\n\t\t\t\t\t\t<div class=\"elementor-container elementor-column-gap-default\">\n\t\t\t\t\t<div class=\"elementor-column elementor-col-100 elementor-top-column elementor-element elementor-element-6940ea2\" data-id=\"6940ea2\" data-element_type=\"column\" data-e-type=\"column\">\n\t\t\t<div class=\"elementor-widget-wrap elementor-element-populated\">\n\t\t\t\t\t\t<div class=\"elementor-element elementor-element-9f5dc63 elementor-widget elementor-widget-image-gallery\" data-id=\"9f5dc63\" data-element_type=\"widget\" data-e-type=\"widget\" data-widget_type=\"image-gallery.default\">\n\t\t\t\t<div class=\"elementor-widget-container\">\n\t\t\t\t\t\t\t<div class=\"elementor-image-gallery\">\n\t\t\t<div id='gallery-2' class='gallery galleryid-5278 gallery-columns-5 gallery-size-woocommerce_thumbnail'><figure class='gallery-item'>\n\t\t\t<div class='gallery-icon portrait'>\n\t\t\t\t<a data-elementor-open-lightbox=\"yes\" data-elementor-lightbox-slideshow=\"9f5dc63\" data-elementor-lightbox-title=\"Bodymed Eesti Elery lugu 5\" data-e-action-hash=\"#elementor-action%3Aaction%3Dlightbox%26settings%3DeyJpZCI6NTE5MiwidXJsIjoiaHR0cHM6XC9cL2JvZHltZWQuZWVcL3dwLWNvbnRlbnRcL3VwbG9hZHNcLzIwMjRcLzAxXC9Cb2R5bWVkLUVlc3RpLUVsZXJ5LWx1Z3UtNS5qcGVnIiwic2xpZGVzaG93IjoiOWY1ZGM2MyJ9\" href=\"https:\/\/bodymed.ee\/wp-content\/uploads\/2024\/01\/Bodymed-Eesti-Elery-lugu-5.jpeg\"><img loading=\"lazy\" decoding=\"async\" width=\"300\" height=\"300\" src=\"https:\/\/bodymed.ee\/wp-content\/uploads\/2024\/01\/Bodymed-Eesti-Elery-lugu-5-300x300.jpeg\" class=\"attachment-woocommerce_thumbnail size-woocommerce_thumbnail\" alt=\"\" srcset=\"https:\/\/bodymed.ee\/wp-content\/uploads\/2024\/01\/Bodymed-Eesti-Elery-lugu-5-300x300.jpeg 300w, https:\/\/bodymed.ee\/wp-content\/uploads\/2024\/01\/Bodymed-Eesti-Elery-lugu-5-150x150.jpeg 150w, https:\/\/bodymed.ee\/wp-content\/uploads\/2024\/01\/Bodymed-Eesti-Elery-lugu-5-100x100.jpeg 100w\" sizes=\"(max-width: 300px) 100vw, 300px\" \/><\/a>\n\t\t\t<\/div><\/figure><figure class='gallery-item'>\n\t\t\t<div class='gallery-icon landscape'>\n\t\t\t\t<a data-elementor-open-lightbox=\"yes\" data-elementor-lightbox-slideshow=\"9f5dc63\" data-elementor-lightbox-title=\"Bodymed Eesti Elery lugu 6\" data-e-action-hash=\"#elementor-action%3Aaction%3Dlightbox%26settings%3DeyJpZCI6NTE5NywidXJsIjoiaHR0cHM6XC9cL2JvZHltZWQuZWVcL3dwLWNvbnRlbnRcL3VwbG9hZHNcLzIwMjRcLzAxXC9Cb2R5bWVkLUVlc3RpLUVsZXJ5LWx1Z3UtNi5qcGVnIiwic2xpZGVzaG93IjoiOWY1ZGM2MyJ9\" href=\"https:\/\/bodymed.ee\/wp-content\/uploads\/2024\/01\/Bodymed-Eesti-Elery-lugu-6.jpeg\"><img loading=\"lazy\" decoding=\"async\" width=\"300\" height=\"300\" src=\"https:\/\/bodymed.ee\/wp-content\/uploads\/2024\/01\/Bodymed-Eesti-Elery-lugu-6-300x300.jpeg\" class=\"attachment-woocommerce_thumbnail size-woocommerce_thumbnail\" alt=\"\" srcset=\"https:\/\/bodymed.ee\/wp-content\/uploads\/2024\/01\/Bodymed-Eesti-Elery-lugu-6-300x300.jpeg 300w, https:\/\/bodymed.ee\/wp-content\/uploads\/2024\/01\/Bodymed-Eesti-Elery-lugu-6-150x150.jpeg 150w, https:\/\/bodymed.ee\/wp-content\/uploads\/2024\/01\/Bodymed-Eesti-Elery-lugu-6-100x100.jpeg 100w\" sizes=\"(max-width: 300px) 100vw, 300px\" \/><\/a>\n\t\t\t<\/div><\/figure><figure class='gallery-item'>\n\t\t\t<div class='gallery-icon portrait'>\n\t\t\t\t<a data-elementor-open-lightbox=\"yes\" data-elementor-lightbox-slideshow=\"9f5dc63\" data-elementor-lightbox-title=\"Bodymed Eesti Elery lugu 7\" data-e-action-hash=\"#elementor-action%3Aaction%3Dlightbox%26settings%3DeyJpZCI6NTIwMiwidXJsIjoiaHR0cHM6XC9cL2JvZHltZWQuZWVcL3dwLWNvbnRlbnRcL3VwbG9hZHNcLzIwMjRcLzAxXC9Cb2R5bWVkLUVlc3RpLUVsZXJ5LWx1Z3UtNy0xLmpwZWciLCJzbGlkZXNob3ciOiI5ZjVkYzYzIn0%3D\" href=\"https:\/\/bodymed.ee\/wp-content\/uploads\/2024\/01\/Bodymed-Eesti-Elery-lugu-7-1.jpeg\"><img loading=\"lazy\" decoding=\"async\" width=\"300\" height=\"300\" src=\"https:\/\/bodymed.ee\/wp-content\/uploads\/2024\/01\/Bodymed-Eesti-Elery-lugu-7-1-300x300.jpeg\" class=\"attachment-woocommerce_thumbnail size-woocommerce_thumbnail\" alt=\"\" srcset=\"https:\/\/bodymed.ee\/wp-content\/uploads\/2024\/01\/Bodymed-Eesti-Elery-lugu-7-1-300x300.jpeg 300w, https:\/\/bodymed.ee\/wp-content\/uploads\/2024\/01\/Bodymed-Eesti-Elery-lugu-7-1-150x150.jpeg 150w, https:\/\/bodymed.ee\/wp-content\/uploads\/2024\/01\/Bodymed-Eesti-Elery-lugu-7-1-100x100.jpeg 100w\" sizes=\"(max-width: 300px) 100vw, 300px\" \/><\/a>\n\t\t\t<\/div><\/figure><figure class='gallery-item'>\n\t\t\t<div class='gallery-icon landscape'>\n\t\t\t\t<a data-elementor-open-lightbox=\"yes\" data-elementor-lightbox-slideshow=\"9f5dc63\" data-elementor-lightbox-title=\"Bodymed Eesti Elery lugu 8\" data-e-action-hash=\"#elementor-action%3Aaction%3Dlightbox%26settings%3DeyJpZCI6NTIwNywidXJsIjoiaHR0cHM6XC9cL2JvZHltZWQuZWVcL3dwLWNvbnRlbnRcL3VwbG9hZHNcLzIwMjRcLzAxXC9Cb2R5bWVkLUVlc3RpLUVsZXJ5LWx1Z3UtOC5qcGVnIiwic2xpZGVzaG93IjoiOWY1ZGM2MyJ9\" href=\"https:\/\/bodymed.ee\/wp-content\/uploads\/2024\/01\/Bodymed-Eesti-Elery-lugu-8.jpeg\"><img loading=\"lazy\" decoding=\"async\" width=\"300\" height=\"300\" src=\"https:\/\/bodymed.ee\/wp-content\/uploads\/2024\/01\/Bodymed-Eesti-Elery-lugu-8-300x300.jpeg\" class=\"attachment-woocommerce_thumbnail size-woocommerce_thumbnail\" alt=\"\" srcset=\"https:\/\/bodymed.ee\/wp-content\/uploads\/2024\/01\/Bodymed-Eesti-Elery-lugu-8-300x300.jpeg 300w, https:\/\/bodymed.ee\/wp-content\/uploads\/2024\/01\/Bodymed-Eesti-Elery-lugu-8-150x150.jpeg 150w, https:\/\/bodymed.ee\/wp-content\/uploads\/2024\/01\/Bodymed-Eesti-Elery-lugu-8-100x100.jpeg 100w\" sizes=\"(max-width: 300px) 100vw, 300px\" \/><\/a>\n\t\t\t<\/div><\/figure><figure class='gallery-item'>\n\t\t\t<div class='gallery-icon landscape'>\n\t\t\t\t<a data-elementor-open-lightbox=\"yes\" data-elementor-lightbox-slideshow=\"9f5dc63\" data-elementor-lightbox-title=\"Bodymed Eesti Elery lugu 9\" data-e-action-hash=\"#elementor-action%3Aaction%3Dlightbox%26settings%3DeyJpZCI6NTIxMiwidXJsIjoiaHR0cHM6XC9cL2JvZHltZWQuZWVcL3dwLWNvbnRlbnRcL3VwbG9hZHNcLzIwMjRcLzAxXC9Cb2R5bWVkLUVlc3RpLUVsZXJ5LWx1Z3UtOS5qcGVnIiwic2xpZGVzaG93IjoiOWY1ZGM2MyJ9\" href=\"https:\/\/bodymed.ee\/wp-content\/uploads\/2024\/01\/Bodymed-Eesti-Elery-lugu-9.jpeg\"><img loading=\"lazy\" decoding=\"async\" width=\"300\" height=\"300\" src=\"https:\/\/bodymed.ee\/wp-content\/uploads\/2024\/01\/Bodymed-Eesti-Elery-lugu-9-300x300.jpeg\" class=\"attachment-woocommerce_thumbnail size-woocommerce_thumbnail\" alt=\"\" srcset=\"https:\/\/bodymed.ee\/wp-content\/uploads\/2024\/01\/Bodymed-Eesti-Elery-lugu-9-300x300.jpeg 300w, https:\/\/bodymed.ee\/wp-content\/uploads\/2024\/01\/Bodymed-Eesti-Elery-lugu-9-150x150.jpeg 150w, https:\/\/bodymed.ee\/wp-content\/uploads\/2024\/01\/Bodymed-Eesti-Elery-lugu-9-100x100.jpeg 100w\" sizes=\"(max-width: 300px) 100vw, 300px\" \/><\/a>\n\t\t\t<\/div><\/figure>\n\t\t<\/div>\n\t\t<\/div>\n\t\t\t\t\t\t<\/div>\n\t\t\t\t<\/div>\n\t\t\t\t\t<\/div>\n\t\t<\/div>\n\t\t\t\t\t<\/div>\n\t\t<\/section>\n\t\t\t\t<\/div>\n\t\t","protected":false},"excerpt":{"rendered":"<p>Elerinin hekay\u0259si Eleri Saaron 31 ya\u015f\u0131ndad\u0131r, t\u0259kba\u015f\u0131na ki\u00e7ik o\u011flunu b\u00f6y\u00fcd\u00fcr v\u0259 daxili dizayner kimi i\u015fl\u0259yir, h\u0259m\u00e7inin t\u0259mizlik \u015firk\u0259tin\u0259 sahib olan Koduhaldjas Ellie Ba\u015f ver\u0259nl\u0259ri v\u0259 niy\u0259 yoxlama \u015firk\u0259tin\u0259 m\u00fcraci\u0259t etm\u0259k q\u0259rar\u0131na g\u0259ldiyini Eleri \u00f6z\u00fc dan\u0131\u015f\u0131r: \u201cDostum C\u00e4rola il\u0259 bir az dinc\u0259lm\u0259k v\u0259 g\u00f6z\u0259l c\u00fcm\u0259 ax\u015fam\u0131ndan h\u0259zz ald\u0131\u011f\u0131m xo\u015f bir ax\u015fam idi, ax\u015fam texniki nasazl\u0131qlara g\u00f6r\u0259 [&hellip;]<\/p>\n","protected":false},"author":14,"featured_media":0,"parent":0,"menu_order":0,"comment_status":"closed","ping_status":"closed","template":"","meta":{"site-sidebar-layout":"no-sidebar","site-content-layout":"page-builder","ast-site-content-layout":"full-width-container","site-content-style":"unboxed","site-sidebar-style":"unboxed","ast-global-header-display":"","ast-banner-title-visibility":"","ast-main-header-display":"","ast-hfb-above-header-display":"","ast-hfb-below-header-display":"","ast-hfb-mobile-header-display":"","site-post-title":"disabled","ast-breadcrumbs-content":"","ast-featured-img":"disabled","footer-sml-layout":"","ast-disable-related-posts":"","theme-transparent-header-meta":"default","adv-header-id-meta":"","stick-header-meta":"","header-above-stick-meta":"","header-main-stick-meta":"","header-below-stick-meta":"","astra-migrate-meta-layouts":"set","ast-page-background-enabled":"default","ast-page-background-meta":{"desktop":{"background-color":"","background-image":"","background-repeat":"repeat","background-position":"center center","background-size":"auto","background-attachment":"scroll","background-type":"","background-media":"","overlay-type":"","overlay-color":"","overlay-opacity":"","overlay-gradient":""},"tablet":{"background-color":"","background-image":"","background-repeat":"repeat","background-position":"center center","background-size":"auto","background-attachment":"scroll","background-type":"","background-media":"","overlay-type":"","overlay-color":"","overlay-opacity":"","overlay-gradient":""},"mobile":{"background-color":"","background-image":"","background-repeat":"repeat","background-position":"center center","background-size":"auto","background-attachment":"scroll","background-type":"","background-media":"","overlay-type":"","overlay-color":"","overlay-opacity":"","overlay-gradient":""}},"ast-content-background-meta":{"desktop":{"background-color":"var(--ast-global-color-5)","background-image":"","background-repeat":"repeat","background-position":"center center","background-size":"auto","background-attachment":"scroll","background-type":"","background-media":"","overlay-type":"","overlay-color":"","overlay-opacity":"","overlay-gradient":""},"tablet":{"background-color":"var(--ast-global-color-5)","background-image":"","background-repeat":"repeat","background-position":"center center","background-size":"auto","background-attachment":"scroll","background-type":"","background-media":"","overlay-type":"","overlay-color":"","overlay-opacity":"","overlay-gradient":""},"mobile":{"background-color":"var(--ast-global-color-5)","background-image":"","background-repeat":"repeat","background-position":"center center","background-size":"auto","background-attachment":"scroll","background-type":"","background-media":"","overlay-type":"","overlay-color":"","overlay-opacity":"","overlay-gradient":""}},"_themeisle_gutenberg_block_has_review":false,"footnotes":""},"class_list":["post-5278","page","type-page","status-publish","hentry"],"_links":{"self":[{"href":"https:\/\/bodymed.ee\/az\/wp-json\/wp\/v2\/pages\/5278","targetHints":{"allow":["GET"]}}],"collection":[{"href":"https:\/\/bodymed.ee\/az\/wp-json\/wp\/v2\/pages"}],"about":[{"href":"https:\/\/bodymed.ee\/az\/wp-json\/wp\/v2\/types\/page"}],"author":[{"embeddable":true,"href":"https:\/\/bodymed.ee\/az\/wp-json\/wp\/v2\/users\/14"}],"replies":[{"embeddable":true,"href":"https:\/\/bodymed.ee\/az\/wp-json\/wp\/v2\/comments?post=5278"}],"version-history":[{"count":8,"href":"https:\/\/bodymed.ee\/az\/wp-json\/wp\/v2\/pages\/5278\/revisions"}],"predecessor-version":[{"id":5330,"href":"https:\/\/bodymed.ee\/az\/wp-json\/wp\/v2\/pages\/5278\/revisions\/5330"}],"wp:attachment":[{"href":"https:\/\/bodymed.ee\/az\/wp-json\/wp\/v2\/media?parent=5278"}],"curies":[{"name":"wp","href":"https:\/\/api.w.org\/{rel}","templated":true}]}}