{"id":5387,"date":"2024-02-03T09:51:12","date_gmt":"2024-02-03T09:51:12","guid":{"rendered":"https:\/\/bodymed.ee\/raivo-lugu\/"},"modified":"2024-03-26T12:27:01","modified_gmt":"2024-03-26T12:27:01","slug":"raivo-hekay%c9%99","status":"publish","type":"page","link":"https:\/\/bodymed.ee\/az\/raivo-hekay%c9%99\/","title":{"rendered":"Raivo hekay\u0259"},"content":{"rendered":"\t\t<div data-elementor-type=\"wp-page\" data-elementor-id=\"5387\" class=\"elementor elementor-5387 elementor-5366\">\n\t\t\t\t\t\t<section class=\"elementor-section elementor-top-section elementor-element elementor-element-e66eeb5 elementor-section-boxed elementor-section-height-default elementor-section-height-default\" data-id=\"e66eeb5\" data-element_type=\"section\" data-e-type=\"section\">\n\t\t\t\t\t\t<div class=\"elementor-container elementor-column-gap-default\">\n\t\t\t\t\t<div class=\"elementor-column elementor-col-100 elementor-top-column elementor-element elementor-element-27658e6\" data-id=\"27658e6\" data-element_type=\"column\" data-e-type=\"column\">\n\t\t\t<div class=\"elementor-widget-wrap elementor-element-populated\">\n\t\t\t\t\t\t<div class=\"elementor-element elementor-element-5adaa37 elementor-widget elementor-widget-text-editor\" data-id=\"5adaa37\" data-element_type=\"widget\" data-e-type=\"widget\" data-widget_type=\"text-editor.default\">\n\t\t\t\t<div class=\"elementor-widget-container\">\n\t\t\t\t\t\t\t\t\t<p><img fetchpriority=\"high\" decoding=\"async\" src=\"https:\/\/bodymed.ee\/wp-content\/uploads\/2024\/02\/Bodymed-Eesti-Raivo-lugu--241x300.jpeg\" alt=\"\" width=\"218\" height=\"271\" \/><\/p><p>Bitdi, istirah\u0259t etdi v\u0259 xo\u015fb\u0259xt!<\/p><p>Bu h\u0259yatda uzun m\u00fcdd\u0259tdir \u0259n b\u00f6y\u00fck arzular\u0131mdan biri u\u015faql\u0131qdan b\u0259ri m\u0259ni h\u0259mi\u015f\u0259 m\u00fc\u015fayi\u0259t ed\u0259n inam\u0131 v\u0259 t\u0259b\u0259ss\u00fcm\u00fc geri qaytarmaq idi.<\/p><p>Bu t\u0259b\u0259ss\u00fcm\u00fcn ilk u\u011fursuzlu\u011fu ikinci sinifd\u0259 u\u015faq hovuzunun dibi g\u00f6zl\u0259nilm\u0259d\u0259n u\u015faq hovuzunun dibin\u0259 d\u0259yib, ikinci sinifd\u0259 qabaq di\u015fl\u0259ri s\u0131nd\u0131r\u0131lark\u0259n ba\u015f verdi. O vaxtdan b\u0259ri m\u0259n h\u0259yat\u0131mda he\u00e7 vaxt ba\u015f \u00fcst\u0259 suya at\u0131lmam\u0131\u015fam v\u0259 etm\u0259y\u0259c\u0259yim d\u0259. V\u0259 di\u015f h\u0259kimin\u0259 getm\u0259k h\u0259yat\u0131m\u0131n \u0259n b\u00f6y\u00fck qorxusu idi.<\/p><p>Bir vaxtlar oraya taclar tax\u0131l\u0131rd\u0131 v\u0259 on v\u0259 ya daha \u00e7ox il \u0259vv\u0259l onlar da yenisi il\u0259 \u0259v\u0259z olunurdu, lakin zaman ke\u00e7dikc\u0259 onlar batd\u0131, ikinci d\u0259r\u0259c\u0259li di\u015fl\u0259rin r\u0259ngi sol\u011funla\u015fd\u0131 v\u0259 di\u015f h\u0259kimi qorxusu d\u0259li oldu.<\/p><p>Zaman d\u0259yi\u015fdi, materiallar d\u0259yi\u015fdi, h\u0259kiml\u0259r d\u0259yi\u015fdi, lakin Estoniyada da qiym\u0259tl\u0259r eyni \u015f\u0259kild\u0259 d\u0259yi\u015fdi v\u0259 x (d\u0259f\u0259) bir d\u0259f\u0259 deyil, xeyli \u00e7ox d\u0259yi\u015fdi. \u0130stanbulda m\u0259nim \u00fcz\u0259rimd\u0259 g\u00f6r\u00fcl\u0259n b\u00fct\u00fcn i\u015fl\u0259ri g\u00f6rm\u0259k \u00fc\u00e7\u00fcn Estoniyada son qiym\u0259t t\u0259klifi 32.000 avro v\u0259 h\u0259r \u0259lav\u0259 h\u0259r\u0259k\u0259t \u00fc\u00e7\u00fcn \u0259lav\u0259 idi.<\/p><p>Ancaq bir anda h\u0259yat m\u0259ni t\u0259hl\u00fck\u0259sizlik v\u0259 T\u00fcrkiy\u0259d\u0259 etibarl\u0131 klinikalara getm\u0259k imkan\u0131 t\u0259klif ed\u0259n Bodymed Estonia v\u0259 Triin Randloo il\u0259 bir araya g\u0259tirdi. C\u0259sar\u0259timi toplay\u0131b ilk \u015f\u0259kill\u0259ri Estoniyada \u00e7\u0259kdim v\u0259 \u0130stanbuldak\u0131 t\u00f6vsiy\u0259 olunan klinikaya g\u00f6nd\u0259rdim. \u00c7ox \u00e7\u0259km\u0259di ki, oradan n\u0259 etm\u0259li, nec\u0259 etm\u0259li v\u0259 hans\u0131 \u0259lav\u0259 variantlar\u0131n olmas\u0131 bar\u0259d\u0259 ilkin qiym\u0259t t\u0259klifi g\u0259ldi. Triina v\u0259 m\u0259n bunu n\u0259z\u0259rd\u0259n ke\u00e7irdik v\u0259 a\u011flabatan g\u00f6r\u00fcn\u00fcrd\u00fc, b\u0259zi \u015feyl\u0259ri d\u0259qiql\u0259\u015fdirm\u0259k v\u0259 dan\u0131\u015f\u0131qlar aparmaq laz\u0131m idi.<\/p><p>\u0130\u015fl\u0259r ba\u011fland\u0131 v\u0259 sonra ilk ziyar\u0259t t\u0259\u015fkil edildi, laz\u0131mi yerl\u0259\u015fdirm\u0259, q\u0259bul v\u0259 transferl\u0259r s\u00f6z verildiyi kimi qiym\u0259t\u0259 daxil edildi. Klinikaya g\u0259ldikd\u0259 h\u0259r \u015fey h\u0259kim t\u0259r\u0259find\u0259n n\u0259z\u0259rd\u0259n ke\u00e7irildi, riskl\u0259r v\u0259 imkanlar m\u00fczakir\u0259 edildi, \u0259lav\u0259 \u015feyl\u0259r \u0259lav\u0259 edildi, material daha yax\u015f\u0131s\u0131 il\u0259 d\u0259yi\u015fdirildi v\u0259 son qiym\u0259t t\u0259klifi raz\u0131la\u015fd\u0131r\u0131ld\u0131. Bu m\u0259qamda qeyd etm\u0259k laz\u0131md\u0131r ki, Triin b\u00fct\u00fcn proses boyu m\u0259niml\u0259 WhatsApp-da Estoniyadan \u0259laq\u0259 saxlay\u0131b v\u0259 bu arada klinikadak\u0131 insanlarla da q\u0131z\u011f\u0131n m\u00fczakir\u0259l\u0259r apar\u0131b ki, dil mane\u0259si olmas\u0131n v\u0259 h\u0259r ikimiz. n\u0259yin, niy\u0259 v\u0259 nec\u0259 edildiyini ayd\u0131n ba\u015fa d\u00fc\u015f\u0259c\u0259kdi. Sonda ayd\u0131n bir anla\u015fmaya g\u0259ldik, m\u0259s\u0259l\u0259ni ka\u011f\u0131za k\u00f6\u00e7\u00fcrd\u00fck v\u0259 h\u0259r iki t\u0259r\u0259fi qane ed\u0259n n\u00f6mr\u0259 il\u0259 s\u00f6vd\u0259l\u0259\u015fm\u0259ni ba\u011flad\u0131q.<\/p><p>V\u0259 i\u015f ba\u015flaya bil\u0259r. T\u00fcrkiy\u0259d\u0259 ilk qald\u0131\u011f\u0131m m\u00fcdd\u0259td\u0259 b\u00fct\u00fcn laz\u0131mi k\u00f6k m\u00fcalic\u0259l\u0259ri v\u0259 \u00e7\u0131xar\u0131lmas\u0131 i\u015fl\u0259ri apar\u0131ld\u0131, yeni zirkonyum taclar qoyuldu v\u0259 n\u0259hay\u0259t bird\u0259n 7 implant qoyuldu\ud83d\ude0a.<\/p><p>M\u0259nim \u00fc\u00e7\u00fcn \u0259n vacib olan\u0131 praktiki olaraq a\u011fr\u0131s\u0131z \u015f\u0259kild\u0259 edilm\u0259si idi. H\u0259r d\u0259f\u0259 i\u015fl\u0259r pisl\u0259\u015f\u0259nd\u0259 \u0259n b\u00f6y\u00fck qorxumu (di\u015f h\u0259kimi\ud83d\ude0a) diri-diri sovu\u015fdurmaq \u00fc\u00e7\u00fcn ba\u015fqa bir iyn\u0259 ist\u0259dim. O da vacibdir ki, sonda m\u00fc\u0259yy\u0259n m\u0259bl\u0259\u011fi raz\u0131la\u015fd\u0131rm\u0131\u015fd\u0131qsa, o da bel\u0259 qald\u0131. H\u0259r yeni inyeksiya \u00fc\u00e7\u00fcn (Estoniyada oldu\u011fu kimi) v\u0259 ya ba\u015f ver\u0259n \u0259lav\u0259 i\u015f \u00fc\u00e7\u00fcn \u0259lav\u0259 \u00f6d\u0259ni\u015f etm\u0259k laz\u0131m deyildi.<\/p><p>Sonra b\u00fct\u00fcn implantlar\u0131n yerind\u0259 oldu\u011fundan \u0259min olmaq \u00fc\u00e7\u00fcn d\u00f6rd ay burax\u0131ld\u0131 v\u0259 yanvar\u0131n sonunda ikinci ziyar\u0259t\u0259 g\u0259l\u0259 bildim. Birincid\u0259n bir ne\u00e7\u0259 g\u00fcn daha uzun idi, lakin prosesd\u0259 b\u00fct\u00fcn implantlar d\u00fczg\u00fcn taclar\u0131n\u0131 ald\u0131lar, \u00e7ox vaxtlama v\u0259 uy\u011funla\u015fma oldu. M\u0259n d\u0259 \u0259vv\u0259lkil\u0259ri bir az daha d\u0259qiq z\u0131mpara etdim v\u0259 yenil\u0259ri \u0259vv\u0259ll\u0259r qura\u015fd\u0131r\u0131lm\u0131\u015flarla tam uy\u011funla\u015fd\u0131. V\u0259 h\u0259l\u0259 d\u0259 a\u011fr\u0131dan qorxdu\u011fum \u00fc\u00e7\u00fcn c\u0259sar\u0259tl\u0259 iyn\u0259l\u0259rl\u0259 \u0259yl\u0259nm\u0259l\u0259rin\u0259 icaz\u0259 verdim ki, qorxmas\u0131n.<\/p><p>Bu g\u00fcn h\u0259r \u015fey edildi, k\u00f6kl\u0259r m\u00fcalic\u0259 olundu, b\u00fct\u00fcn di\u015fl\u0259r\u0259 yeni taclar qoyuldu v\u0259 &#8220;Hollywood smile&#8221; m\u00f6vcuddur.<\/p><p>\u018fn \u0259sas\u0131 is\u0259 implantlar\u0131n \u00f6m\u00fcr boyu z\u0259man\u0259ti v\u0259 se\u00e7diyiniz materiala uy\u011fun taclar\u0131 var. \u018fks halda m\u0259n \u0259n yax\u015f\u0131s\u0131n\u0131 se\u00e7dim v\u0259 sa\u011flaml\u0131\u011f\u0131ma qoyulan \u00fcmumi investisiya Estoniyada son qiym\u0259t t\u0259klifind\u0259n 3 d\u0259f\u0259 ucuz oldu\ud83d\ude0a<\/p><p>Dr. Erdin\u00e7 Deniz\u0259, onun k\u00f6m\u0259k\u00e7isin\u0259, t\u0259rc\u00fcm\u0259\u00e7isin\u0259 v\u0259 Dentakay Klinikas\u0131n\u0131n b\u00fct\u00fcn komandas\u0131na d\u0259rin t\u0259\u015f\u0259kk\u00fcrl\u0259r. Triin v\u0259 Bodymed Estonia-ya ehtiyac yarand\u0131qda h\u0259mi\u015f\u0259 bu s\u0259yah\u0259td\u0259 m\u0259n\u0259 k\u00f6m\u0259k etdiyiniz \u00fc\u00e7\u00fcn t\u0259\u015f\u0259kk\u00fcr edir\u0259m.<\/p><p>\u0130ndi m\u0259n sad\u0259c\u0259 xo\u015fb\u0259xt\u0259m, \u00e7\u00fcnki son be\u015f ild\u0259 s\u0259hh\u0259tim n\u0259hay\u0259t &#8220;t\u0259mir olunub&#8221; v\u0259 b\u00fct\u00fcn laz\u0131mi &#8220;ehtiyat hiss\u0259l\u0259ri&#8221; d\u0259yi\u015fdirilib Vilbaste 3.0 yarad\u0131l\u0131b\ud83d\ude0a<\/p><p>Yaln\u0131z Hollivuddan t\u0259klifl\u0259ri g\u00f6zl\u0259m\u0259k qal\u0131r&#8230;<br \/>Raivo\u00a0F\u0259aliyy\u0259t:\u00a0www.icake.ee<\/p>\t\t\t\t\t\t\t\t<\/div>\n\t\t\t\t<\/div>\n\t\t\t\t<div class=\"elementor-element elementor-element-81bd016 elementor-widget elementor-widget-image-gallery\" data-id=\"81bd016\" data-element_type=\"widget\" data-e-type=\"widget\" data-widget_type=\"image-gallery.default\">\n\t\t\t\t<div class=\"elementor-widget-container\">\n\t\t\t\t\t\t\t<div class=\"elementor-image-gallery\">\n\t\t\t<div id='gallery-1' class='gallery galleryid-5387 gallery-columns-6 gallery-size-medium_large'><figure class='gallery-item'>\n\t\t\t<div class='gallery-icon landscape'>\n\t\t\t\t<a data-elementor-open-lightbox=\"yes\" data-elementor-lightbox-slideshow=\"81bd016\" data-elementor-lightbox-title=\"Raivo-lugu-bodymed-.jpg\" data-e-action-hash=\"#elementor-action%3Aaction%3Dlightbox%26settings%3DeyJpZCI6NTU1OSwidXJsIjoiaHR0cHM6XC9cL2JvZHltZWQuZWVcL3dwLWNvbnRlbnRcL3VwbG9hZHNcLzIwMjRcLzAzXC9SYWl2by1sdWd1LWJvZHltZWQtMS01LmpwZyIsInNsaWRlc2hvdyI6IjgxYmQwMTYifQ%3D%3D\" href='https:\/\/bodymed.ee\/wp-content\/uploads\/2024\/03\/Raivo-lugu-bodymed-1-5.jpg'><img decoding=\"async\" width=\"768\" height=\"572\" src=\"https:\/\/bodymed.ee\/wp-content\/uploads\/2024\/03\/Raivo-lugu-bodymed-1-5-768x572.jpg\" class=\"attachment-medium_large size-medium_large\" alt=\"\" srcset=\"https:\/\/bodymed.ee\/wp-content\/uploads\/2024\/03\/Raivo-lugu-bodymed-1-5-768x572.jpg 768w, https:\/\/bodymed.ee\/wp-content\/uploads\/2024\/03\/Raivo-lugu-bodymed-1-5-300x223.jpg 300w, https:\/\/bodymed.ee\/wp-content\/uploads\/2024\/03\/Raivo-lugu-bodymed-1-5-1024x762.jpg 1024w, https:\/\/bodymed.ee\/wp-content\/uploads\/2024\/03\/Raivo-lugu-bodymed-1-5-600x447.jpg 600w, https:\/\/bodymed.ee\/wp-content\/uploads\/2024\/03\/Raivo-lugu-bodymed-1-5.jpg 1284w\" sizes=\"(max-width: 768px) 100vw, 768px\" \/><\/a>\n\t\t\t<\/div><\/figure><figure class='gallery-item'>\n\t\t\t<div class='gallery-icon landscape'>\n\t\t\t\t<a data-elementor-open-lightbox=\"yes\" data-elementor-lightbox-slideshow=\"81bd016\" data-elementor-lightbox-title=\"Raivo-lugu-bodymed-1-3.jpg\" data-e-action-hash=\"#elementor-action%3Aaction%3Dlightbox%26settings%3DeyJpZCI6NTU2NCwidXJsIjoiaHR0cHM6XC9cL2JvZHltZWQuZWVcL3dwLWNvbnRlbnRcL3VwbG9hZHNcLzIwMjRcLzAzXC9SYWl2by1sdWd1LWJvZHltZWQtMS0zLTEuanBnIiwic2xpZGVzaG93IjoiODFiZDAxNiJ9\" href='https:\/\/bodymed.ee\/wp-content\/uploads\/2024\/03\/Raivo-lugu-bodymed-1-3-1.jpg'><img decoding=\"async\" width=\"768\" height=\"569\" src=\"https:\/\/bodymed.ee\/wp-content\/uploads\/2024\/03\/Raivo-lugu-bodymed-1-3-1-768x569.jpg\" class=\"attachment-medium_large size-medium_large\" alt=\"\" srcset=\"https:\/\/bodymed.ee\/wp-content\/uploads\/2024\/03\/Raivo-lugu-bodymed-1-3-1-768x569.jpg 768w, https:\/\/bodymed.ee\/wp-content\/uploads\/2024\/03\/Raivo-lugu-bodymed-1-3-1-300x222.jpg 300w, https:\/\/bodymed.ee\/wp-content\/uploads\/2024\/03\/Raivo-lugu-bodymed-1-3-1-1024x759.jpg 1024w, https:\/\/bodymed.ee\/wp-content\/uploads\/2024\/03\/Raivo-lugu-bodymed-1-3-1-600x445.jpg 600w, https:\/\/bodymed.ee\/wp-content\/uploads\/2024\/03\/Raivo-lugu-bodymed-1-3-1.jpg 1284w\" sizes=\"(max-width: 768px) 100vw, 768px\" \/><\/a>\n\t\t\t<\/div><\/figure><figure class='gallery-item'>\n\t\t\t<div class='gallery-icon landscape'>\n\t\t\t\t<a data-elementor-open-lightbox=\"yes\" data-elementor-lightbox-slideshow=\"81bd016\" data-elementor-lightbox-title=\"Raivo-lugu-bodymed-.-.jpg\" data-e-action-hash=\"#elementor-action%3Aaction%3Dlightbox%26settings%3DeyJpZCI6NTU2OSwidXJsIjoiaHR0cHM6XC9cL2JvZHltZWQuZWVcL3dwLWNvbnRlbnRcL3VwbG9hZHNcLzIwMjRcLzAzXC9SYWl2by1sdWd1LWJvZHltZWQtLi0xLTEuanBnIiwic2xpZGVzaG93IjoiODFiZDAxNiJ9\" href='https:\/\/bodymed.ee\/wp-content\/uploads\/2024\/03\/Raivo-lugu-bodymed-.-1-1.jpg'><img loading=\"lazy\" decoding=\"async\" width=\"768\" height=\"565\" src=\"https:\/\/bodymed.ee\/wp-content\/uploads\/2024\/03\/Raivo-lugu-bodymed-.-1-1-768x565.jpg\" class=\"attachment-medium_large size-medium_large\" alt=\"\" srcset=\"https:\/\/bodymed.ee\/wp-content\/uploads\/2024\/03\/Raivo-lugu-bodymed-.-1-1-768x565.jpg 768w, https:\/\/bodymed.ee\/wp-content\/uploads\/2024\/03\/Raivo-lugu-bodymed-.-1-1-300x221.jpg 300w, https:\/\/bodymed.ee\/wp-content\/uploads\/2024\/03\/Raivo-lugu-bodymed-.-1-1-1024x754.jpg 1024w, https:\/\/bodymed.ee\/wp-content\/uploads\/2024\/03\/Raivo-lugu-bodymed-.-1-1-600x442.jpg 600w, https:\/\/bodymed.ee\/wp-content\/uploads\/2024\/03\/Raivo-lugu-bodymed-.-1-1.jpg 1284w\" sizes=\"(max-width: 768px) 100vw, 768px\" \/><\/a>\n\t\t\t<\/div><\/figure><figure class='gallery-item'>\n\t\t\t<div class='gallery-icon landscape'>\n\t\t\t\t<a data-elementor-open-lightbox=\"yes\" data-elementor-lightbox-slideshow=\"81bd016\" data-elementor-lightbox-title=\"Raivo-lugu-bodymed-1-1.jpg\" data-e-action-hash=\"#elementor-action%3Aaction%3Dlightbox%26settings%3DeyJpZCI6NTU3NCwidXJsIjoiaHR0cHM6XC9cL2JvZHltZWQuZWVcL3dwLWNvbnRlbnRcL3VwbG9hZHNcLzIwMjRcLzAzXC9SYWl2by1sdWd1LWJvZHltZWQtMS0xLTEuanBnIiwic2xpZGVzaG93IjoiODFiZDAxNiJ9\" href='https:\/\/bodymed.ee\/wp-content\/uploads\/2024\/03\/Raivo-lugu-bodymed-1-1-1.jpg'><img loading=\"lazy\" decoding=\"async\" width=\"768\" height=\"580\" src=\"https:\/\/bodymed.ee\/wp-content\/uploads\/2024\/03\/Raivo-lugu-bodymed-1-1-1-768x580.jpg\" class=\"attachment-medium_large size-medium_large\" alt=\"\" srcset=\"https:\/\/bodymed.ee\/wp-content\/uploads\/2024\/03\/Raivo-lugu-bodymed-1-1-1-768x580.jpg 768w, https:\/\/bodymed.ee\/wp-content\/uploads\/2024\/03\/Raivo-lugu-bodymed-1-1-1-300x227.jpg 300w, https:\/\/bodymed.ee\/wp-content\/uploads\/2024\/03\/Raivo-lugu-bodymed-1-1-1-1024x774.jpg 1024w, https:\/\/bodymed.ee\/wp-content\/uploads\/2024\/03\/Raivo-lugu-bodymed-1-1-1-600x453.jpg 600w, https:\/\/bodymed.ee\/wp-content\/uploads\/2024\/03\/Raivo-lugu-bodymed-1-1-1.jpg 1284w\" sizes=\"(max-width: 768px) 100vw, 768px\" \/><\/a>\n\t\t\t<\/div><\/figure><figure class='gallery-item'>\n\t\t\t<div class='gallery-icon landscape'>\n\t\t\t\t<a data-elementor-open-lightbox=\"yes\" data-elementor-lightbox-slideshow=\"81bd016\" data-elementor-lightbox-title=\"Raivo-lugu-bodymed-1-2.jpg\" data-e-action-hash=\"#elementor-action%3Aaction%3Dlightbox%26settings%3DeyJpZCI6NTU3OSwidXJsIjoiaHR0cHM6XC9cL2JvZHltZWQuZWVcL3dwLWNvbnRlbnRcL3VwbG9hZHNcLzIwMjRcLzAzXC9SYWl2by1sdWd1LWJvZHltZWQtMS0yLTEuanBnIiwic2xpZGVzaG93IjoiODFiZDAxNiJ9\" href='https:\/\/bodymed.ee\/wp-content\/uploads\/2024\/03\/Raivo-lugu-bodymed-1-2-1.jpg'><img loading=\"lazy\" decoding=\"async\" width=\"768\" height=\"577\" src=\"https:\/\/bodymed.ee\/wp-content\/uploads\/2024\/03\/Raivo-lugu-bodymed-1-2-1-768x577.jpg\" class=\"attachment-medium_large size-medium_large\" alt=\"\" srcset=\"https:\/\/bodymed.ee\/wp-content\/uploads\/2024\/03\/Raivo-lugu-bodymed-1-2-1-768x577.jpg 768w, https:\/\/bodymed.ee\/wp-content\/uploads\/2024\/03\/Raivo-lugu-bodymed-1-2-1-300x225.jpg 300w, https:\/\/bodymed.ee\/wp-content\/uploads\/2024\/03\/Raivo-lugu-bodymed-1-2-1-1024x769.jpg 1024w, https:\/\/bodymed.ee\/wp-content\/uploads\/2024\/03\/Raivo-lugu-bodymed-1-2-1-600x450.jpg 600w, https:\/\/bodymed.ee\/wp-content\/uploads\/2024\/03\/Raivo-lugu-bodymed-1-2-1.jpg 1284w\" sizes=\"(max-width: 768px) 100vw, 768px\" \/><\/a>\n\t\t\t<\/div><\/figure><figure class='gallery-item'>\n\t\t\t<div class='gallery-icon landscape'>\n\t\t\t\t<a data-elementor-open-lightbox=\"yes\" data-elementor-lightbox-slideshow=\"81bd016\" data-elementor-lightbox-title=\"Raivo-lugu-bodymed-1-4.jpg\" data-e-action-hash=\"#elementor-action%3Aaction%3Dlightbox%26settings%3DeyJpZCI6NTU4NCwidXJsIjoiaHR0cHM6XC9cL2JvZHltZWQuZWVcL3dwLWNvbnRlbnRcL3VwbG9hZHNcLzIwMjRcLzAzXC9SYWl2by1sdWd1LWJvZHltZWQtMS00LTEuanBnIiwic2xpZGVzaG93IjoiODFiZDAxNiJ9\" href='https:\/\/bodymed.ee\/wp-content\/uploads\/2024\/03\/Raivo-lugu-bodymed-1-4-1.jpg'><img loading=\"lazy\" decoding=\"async\" width=\"768\" height=\"570\" src=\"https:\/\/bodymed.ee\/wp-content\/uploads\/2024\/03\/Raivo-lugu-bodymed-1-4-1-768x570.jpg\" class=\"attachment-medium_large size-medium_large\" alt=\"\" srcset=\"https:\/\/bodymed.ee\/wp-content\/uploads\/2024\/03\/Raivo-lugu-bodymed-1-4-1-768x570.jpg 768w, https:\/\/bodymed.ee\/wp-content\/uploads\/2024\/03\/Raivo-lugu-bodymed-1-4-1-300x223.jpg 300w, https:\/\/bodymed.ee\/wp-content\/uploads\/2024\/03\/Raivo-lugu-bodymed-1-4-1-1024x760.jpg 1024w, https:\/\/bodymed.ee\/wp-content\/uploads\/2024\/03\/Raivo-lugu-bodymed-1-4-1-600x445.jpg 600w, https:\/\/bodymed.ee\/wp-content\/uploads\/2024\/03\/Raivo-lugu-bodymed-1-4-1.jpg 1284w\" sizes=\"(max-width: 768px) 100vw, 768px\" \/><\/a>\n\t\t\t<\/div><\/figure>\n\t\t<\/div>\n\t\t<\/div>\n\t\t\t\t\t\t<\/div>\n\t\t\t\t<\/div>\n\t\t\t\t\t<\/div>\n\t\t<\/div>\n\t\t\t\t\t<\/div>\n\t\t<\/section>\n\t\t\t\t<\/div>\n\t\t","protected":false},"excerpt":{"rendered":"<p>Bitdi, istirah\u0259t etdi v\u0259 xo\u015fb\u0259xt! Bu h\u0259yatda uzun m\u00fcdd\u0259tdir \u0259n b\u00f6y\u00fck arzular\u0131mdan biri u\u015faql\u0131qdan b\u0259ri m\u0259ni h\u0259mi\u015f\u0259 m\u00fc\u015fayi\u0259t ed\u0259n inam\u0131 v\u0259 t\u0259b\u0259ss\u00fcm\u00fc geri qaytarmaq idi. Bu t\u0259b\u0259ss\u00fcm\u00fcn ilk u\u011fursuzlu\u011fu ikinci sinifd\u0259 u\u015faq hovuzunun dibi g\u00f6zl\u0259nilm\u0259d\u0259n u\u015faq hovuzunun dibin\u0259 d\u0259yib, ikinci sinifd\u0259 qabaq di\u015fl\u0259ri s\u0131nd\u0131r\u0131lark\u0259n ba\u015f verdi. O vaxtdan b\u0259ri m\u0259n h\u0259yat\u0131mda he\u00e7 vaxt ba\u015f \u00fcst\u0259 [&hellip;]<\/p>\n","protected":false},"author":14,"featured_media":0,"parent":0,"menu_order":0,"comment_status":"closed","ping_status":"closed","template":"","meta":{"site-sidebar-layout":"no-sidebar","site-content-layout":"page-builder","ast-site-content-layout":"full-width-container","site-content-style":"unboxed","site-sidebar-style":"unboxed","ast-global-header-display":"","ast-banner-title-visibility":"","ast-main-header-display":"","ast-hfb-above-header-display":"","ast-hfb-below-header-display":"","ast-hfb-mobile-header-display":"","site-post-title":"disabled","ast-breadcrumbs-content":"","ast-featured-img":"disabled","footer-sml-layout":"","ast-disable-related-posts":"","theme-transparent-header-meta":"default","adv-header-id-meta":"","stick-header-meta":"","header-above-stick-meta":"","header-main-stick-meta":"","header-below-stick-meta":"","astra-migrate-meta-layouts":"set","ast-page-background-enabled":"default","ast-page-background-meta":{"desktop":{"background-color":"","background-image":"","background-repeat":"repeat","background-position":"center center","background-size":"auto","background-attachment":"scroll","background-type":"","background-media":"","overlay-type":"","overlay-color":"","overlay-opacity":"","overlay-gradient":""},"tablet":{"background-color":"","background-image":"","background-repeat":"repeat","background-position":"center center","background-size":"auto","background-attachment":"scroll","background-type":"","background-media":"","overlay-type":"","overlay-color":"","overlay-opacity":"","overlay-gradient":""},"mobile":{"background-color":"","background-image":"","background-repeat":"repeat","background-position":"center center","background-size":"auto","background-attachment":"scroll","background-type":"","background-media":"","overlay-type":"","overlay-color":"","overlay-opacity":"","overlay-gradient":""}},"ast-content-background-meta":{"desktop":{"background-color":"var(--ast-global-color-5)","background-image":"","background-repeat":"repeat","background-position":"center center","background-size":"auto","background-attachment":"scroll","background-type":"","background-media":"","overlay-type":"","overlay-color":"","overlay-opacity":"","overlay-gradient":""},"tablet":{"background-color":"var(--ast-global-color-5)","background-image":"","background-repeat":"repeat","background-position":"center center","background-size":"auto","background-attachment":"scroll","background-type":"","background-media":"","overlay-type":"","overlay-color":"","overlay-opacity":"","overlay-gradient":""},"mobile":{"background-color":"var(--ast-global-color-5)","background-image":"","background-repeat":"repeat","background-position":"center center","background-size":"auto","background-attachment":"scroll","background-type":"","background-media":"","overlay-type":"","overlay-color":"","overlay-opacity":"","overlay-gradient":""}},"_themeisle_gutenberg_block_has_review":false,"footnotes":""},"class_list":["post-5387","page","type-page","status-publish","hentry"],"_links":{"self":[{"href":"https:\/\/bodymed.ee\/az\/wp-json\/wp\/v2\/pages\/5387","targetHints":{"allow":["GET"]}}],"collection":[{"href":"https:\/\/bodymed.ee\/az\/wp-json\/wp\/v2\/pages"}],"about":[{"href":"https:\/\/bodymed.ee\/az\/wp-json\/wp\/v2\/types\/page"}],"author":[{"embeddable":true,"href":"https:\/\/bodymed.ee\/az\/wp-json\/wp\/v2\/users\/14"}],"replies":[{"embeddable":true,"href":"https:\/\/bodymed.ee\/az\/wp-json\/wp\/v2\/comments?post=5387"}],"version-history":[{"count":14,"href":"https:\/\/bodymed.ee\/az\/wp-json\/wp\/v2\/pages\/5387\/revisions"}],"predecessor-version":[{"id":5653,"href":"https:\/\/bodymed.ee\/az\/wp-json\/wp\/v2\/pages\/5387\/revisions\/5653"}],"wp:attachment":[{"href":"https:\/\/bodymed.ee\/az\/wp-json\/wp\/v2\/media?parent=5387"}],"curies":[{"name":"wp","href":"https:\/\/api.w.org\/{rel}","templated":true}]}}