{"id":6701,"date":"2024-08-29T09:42:59","date_gmt":"2024-08-29T09:42:59","guid":{"rendered":"https:\/\/bodymed.ee\/uus-sarav-naeratus\/"},"modified":"2024-08-29T10:49:17","modified_gmt":"2024-08-29T10:49:17","slug":"yeni-parlaq-bir-t%c9%99b%c9%99ssum","status":"publish","type":"page","link":"https:\/\/bodymed.ee\/az\/yeni-parlaq-bir-t%c9%99b%c9%99ssum\/","title":{"rendered":"Yeni parlaq bir t\u0259b\u0259ss\u00fcm"},"content":{"rendered":"\t\t<div data-elementor-type=\"wp-page\" data-elementor-id=\"6701\" class=\"elementor elementor-6701 elementor-6663\">\n\t\t\t\t\t\t<section class=\"elementor-section elementor-top-section elementor-element elementor-element-85c4504 elementor-section-boxed elementor-section-height-default elementor-section-height-default\" data-id=\"85c4504\" data-element_type=\"section\" data-e-type=\"section\">\n\t\t\t\t\t\t<div class=\"elementor-container elementor-column-gap-default\">\n\t\t\t\t\t<div class=\"elementor-column elementor-col-100 elementor-top-column elementor-element elementor-element-53c66dc\" data-id=\"53c66dc\" data-element_type=\"column\" data-e-type=\"column\">\n\t\t\t<div class=\"elementor-widget-wrap elementor-element-populated\">\n\t\t\t\t\t\t<div class=\"elementor-element elementor-element-2b4a296 elementor-widget elementor-widget-heading\" data-id=\"2b4a296\" data-element_type=\"widget\" data-e-type=\"widget\" data-widget_type=\"heading.default\">\n\t\t\t\t<div class=\"elementor-widget-container\">\n\t\t\t\t\t<h2 class=\"elementor-heading-title elementor-size-default\">D\u00f6\u015f b\u00f6y\u00fctm\u0259si v\u0259 yeni bir parlaq t\u0259b\u0259ss\u00fcm<\/h2>\t\t\t\t<\/div>\n\t\t\t\t<\/div>\n\t\t\t\t<div class=\"elementor-element elementor-element-aefc571 elementor-widget elementor-widget-image\" data-id=\"aefc571\" data-element_type=\"widget\" data-e-type=\"widget\" data-widget_type=\"image.default\">\n\t\t\t\t<div class=\"elementor-widget-container\">\n\t\t\t\t\t\t\t\t\t\t\t\t\t\t\t<img fetchpriority=\"high\" decoding=\"async\" width=\"768\" height=\"511\" src=\"https:\/\/bodymed.ee\/wp-content\/uploads\/2024\/08\/Bodymed-k-768x511.jpeg\" class=\"attachment-medium_large size-medium_large wp-image-6664\" alt=\"\" srcset=\"https:\/\/bodymed.ee\/wp-content\/uploads\/2024\/08\/Bodymed-k-768x511.jpeg 768w, https:\/\/bodymed.ee\/wp-content\/uploads\/2024\/08\/Bodymed-k-300x200.jpeg 300w, https:\/\/bodymed.ee\/wp-content\/uploads\/2024\/08\/Bodymed-k-1024x682.jpeg 1024w, https:\/\/bodymed.ee\/wp-content\/uploads\/2024\/08\/Bodymed-k-1536x1022.jpeg 1536w, https:\/\/bodymed.ee\/wp-content\/uploads\/2024\/08\/Bodymed-k-600x399.jpeg 600w, https:\/\/bodymed.ee\/wp-content\/uploads\/2024\/08\/Bodymed-k.jpeg 2048w\" sizes=\"(max-width: 768px) 100vw, 768px\" \/>\t\t\t\t\t\t\t\t\t\t\t\t\t\t\t<\/div>\n\t\t\t\t<\/div>\n\t\t\t\t<div class=\"elementor-element elementor-element-c3000b6 elementor-widget elementor-widget-text-editor\" data-id=\"c3000b6\" data-element_type=\"widget\" data-e-type=\"widget\" data-widget_type=\"text-editor.default\">\n\t\t\t\t<div class=\"elementor-widget-container\">\n\t\t\t\t\t\t\t\t\t<p>D\u00f6\u015fl\u0259ri v\u0259 yeni bir parlaq t\u0259b\u0259ss\u00fcm\u00fc \u00e7ox arzulay\u0131rd\u0131m. Daha \u00e7ox d\u00fc\u015f\u00fcnm\u0259d\u0259n, f\u0259rqli yollar\u0131 ara\u015fd\u0131rma\u011fa ba\u015flad\u0131m. \u0130nstagram-da laz\u0131m olan xidm\u0259tl\u0259ri g\u00f6st\u0259r\u0259n bir uy\u011fun bir \u015firk\u0259t tapd\u0131m. Bodymedoniya il\u0259 \u0259laq\u0259 saxlad\u0131m. \u018fvv\u0259lc\u0259, \u0259vv\u0259lc\u0259 cahillikd\u0259n bir az qorxu hiss ed\u0259 bil\u0259r\u0259m, ancaq komandalar\u0131 il\u0259 \u00fcnsiyy\u0259t \u00e7ox isti v\u0259 h\u0259ssas idi, bu da m\u0259n\u0259 c\u0259sar\u0259t v\u0259 inam verdi. Bundan \u0259lav\u0259, v\u0259ziyy\u0259timi daha da narahat ed\u0259n ilk s\u0259f\u0259rim idi. Bodymedestoniya m\u0259nim \u00fc\u00e7\u00fcn 24\/7 var idi. H\u0259mi\u015f\u0259 faydal\u0131 v\u0259 h\u0259r hans\u0131 bir suala cavab verm\u0259y\u0259 haz\u0131rd\u0131r. D\u0259rhal bilirdim ki, yan\u0131mdak\u0131 etibarl\u0131 bir t\u0259r\u0259fda\u015f var idi v\u0259 m\u0259n d\u00fczg\u00fcn q\u0259rar vermi\u015fdim. \u0130lk prosedurlar\u0131m \u00e7ox tez v\u0259 a\u011fr\u0131s\u0131z \u015f\u0259kild\u0259 ke\u00e7di, b\u00fct\u00fcn g\u00f6zl\u0259ntil\u0259rimi a\u015fd\u0131. B\u00fct\u00fcn qorxular\u0131 yayd\u0131 v\u0259 m\u0259n d\u0259rhal daha inaml\u0131 hiss etdim. Bodymedestoniya il\u0259 isti v\u0259 faydal\u0131 \u00fcnsiyy\u0259t say\u0259sind\u0259 b\u00fct\u00fcn t\u0259cr\u00fcb\u0259 son d\u0259r\u0259c\u0259 m\u00fcsb\u0259t idi. Bu g\u00fcn m\u00fctl\u0259q ox\u015far bir \u015fey x\u0259yal ed\u0259n h\u0259r bir qad\u0131n \u00fc\u00e7\u00fcn bir bodymedestoniya \u015firk\u0259tini t\u00f6vsiy\u0259 etm\u0259y\u0259 c\u0259sar\u0259t edir\u0259m, Carol!<\/p>\t\t\t\t\t\t\t\t<\/div>\n\t\t\t\t<\/div>\n\t\t\t\t\t<\/div>\n\t\t<\/div>\n\t\t\t\t\t<\/div>\n\t\t<\/section>\n\t\t\t\t<\/div>\n\t\t","protected":false},"excerpt":{"rendered":"<p>D\u00f6\u015f b\u00f6y\u00fctm\u0259si v\u0259 yeni bir parlaq t\u0259b\u0259ss\u00fcm D\u00f6\u015fl\u0259ri v\u0259 yeni bir parlaq t\u0259b\u0259ss\u00fcm\u00fc \u00e7ox arzulay\u0131rd\u0131m. Daha \u00e7ox d\u00fc\u015f\u00fcnm\u0259d\u0259n, f\u0259rqli yollar\u0131 ara\u015fd\u0131rma\u011fa ba\u015flad\u0131m. \u0130nstagram-da laz\u0131m olan xidm\u0259tl\u0259ri g\u00f6st\u0259r\u0259n bir uy\u011fun bir \u015firk\u0259t tapd\u0131m. Bodymedoniya il\u0259 \u0259laq\u0259 saxlad\u0131m. \u018fvv\u0259lc\u0259, \u0259vv\u0259lc\u0259 cahillikd\u0259n bir az qorxu hiss ed\u0259 bil\u0259r\u0259m, ancaq komandalar\u0131 il\u0259 \u00fcnsiyy\u0259t \u00e7ox isti v\u0259 h\u0259ssas idi, bu [&hellip;]<\/p>\n","protected":false},"author":1,"featured_media":0,"parent":0,"menu_order":0,"comment_status":"closed","ping_status":"closed","template":"","meta":{"site-sidebar-layout":"no-sidebar","site-content-layout":"page-builder","ast-site-content-layout":"full-width-container","site-content-style":"unboxed","site-sidebar-style":"unboxed","ast-global-header-display":"","ast-banner-title-visibility":"","ast-main-header-display":"","ast-hfb-above-header-display":"","ast-hfb-below-header-display":"","ast-hfb-mobile-header-display":"","site-post-title":"disabled","ast-breadcrumbs-content":"","ast-featured-img":"disabled","footer-sml-layout":"","ast-disable-related-posts":"","theme-transparent-header-meta":"default","adv-header-id-meta":"","stick-header-meta":"","header-above-stick-meta":"","header-main-stick-meta":"","header-below-stick-meta":"","astra-migrate-meta-layouts":"set","ast-page-background-enabled":"default","ast-page-background-meta":{"desktop":{"background-color":"","background-image":"","background-repeat":"repeat","background-position":"center center","background-size":"auto","background-attachment":"scroll","background-type":"","background-media":"","overlay-type":"","overlay-color":"","overlay-opacity":"","overlay-gradient":""},"tablet":{"background-color":"","background-image":"","background-repeat":"repeat","background-position":"center center","background-size":"auto","background-attachment":"scroll","background-type":"","background-media":"","overlay-type":"","overlay-color":"","overlay-opacity":"","overlay-gradient":""},"mobile":{"background-color":"","background-image":"","background-repeat":"repeat","background-position":"center center","background-size":"auto","background-attachment":"scroll","background-type":"","background-media":"","overlay-type":"","overlay-color":"","overlay-opacity":"","overlay-gradient":""}},"ast-content-background-meta":{"desktop":{"background-color":"var(--ast-global-color-5)","background-image":"","background-repeat":"repeat","background-position":"center center","background-size":"auto","background-attachment":"scroll","background-type":"","background-media":"","overlay-type":"","overlay-color":"","overlay-opacity":"","overlay-gradient":""},"tablet":{"background-color":"var(--ast-global-color-5)","background-image":"","background-repeat":"repeat","background-position":"center center","background-size":"auto","background-attachment":"scroll","background-type":"","background-media":"","overlay-type":"","overlay-color":"","overlay-opacity":"","overlay-gradient":""},"mobile":{"background-color":"var(--ast-global-color-5)","background-image":"","background-repeat":"repeat","background-position":"center center","background-size":"auto","background-attachment":"scroll","background-type":"","background-media":"","overlay-type":"","overlay-color":"","overlay-opacity":"","overlay-gradient":""}},"_themeisle_gutenberg_block_has_review":false,"footnotes":""},"class_list":["post-6701","page","type-page","status-publish","hentry"],"_links":{"self":[{"href":"https:\/\/bodymed.ee\/az\/wp-json\/wp\/v2\/pages\/6701","targetHints":{"allow":["GET"]}}],"collection":[{"href":"https:\/\/bodymed.ee\/az\/wp-json\/wp\/v2\/pages"}],"about":[{"href":"https:\/\/bodymed.ee\/az\/wp-json\/wp\/v2\/types\/page"}],"author":[{"embeddable":true,"href":"https:\/\/bodymed.ee\/az\/wp-json\/wp\/v2\/users\/1"}],"replies":[{"embeddable":true,"href":"https:\/\/bodymed.ee\/az\/wp-json\/wp\/v2\/comments?post=6701"}],"version-history":[{"count":8,"href":"https:\/\/bodymed.ee\/az\/wp-json\/wp\/v2\/pages\/6701\/revisions"}],"predecessor-version":[{"id":6746,"href":"https:\/\/bodymed.ee\/az\/wp-json\/wp\/v2\/pages\/6701\/revisions\/6746"}],"wp:attachment":[{"href":"https:\/\/bodymed.ee\/az\/wp-json\/wp\/v2\/media?parent=6701"}],"curies":[{"name":"wp","href":"https:\/\/api.w.org\/{rel}","templated":true}]}}