{"id":1295,"date":"2022-09-29T11:26:51","date_gmt":"2022-09-29T11:26:51","guid":{"rendered":"https:\/\/bodymed.ee\/?page_id=1295"},"modified":"2025-02-07T07:51:18","modified_gmt":"2025-02-07T07:51:18","slug":"contact","status":"publish","type":"page","link":"https:\/\/bodymed.ee\/en\/contact\/","title":{"rendered":"Contact"},"content":{"rendered":"\t\t<div data-elementor-type=\"wp-page\" data-elementor-id=\"1295\" class=\"elementor elementor-1295\">\n\t\t\t\t\t\t<section class=\"elementor-section elementor-top-section elementor-element elementor-element-0fc91bf elementor-section-boxed elementor-section-height-default elementor-section-height-default\" data-id=\"0fc91bf\" data-element_type=\"section\" data-e-type=\"section\">\n\t\t\t\t\t\t<div class=\"elementor-container elementor-column-gap-default\">\n\t\t\t\t\t<div class=\"elementor-column elementor-col-50 elementor-top-column elementor-element elementor-element-f3ec492\" data-id=\"f3ec492\" data-element_type=\"column\" data-e-type=\"column\">\n\t\t\t<div class=\"elementor-widget-wrap elementor-element-populated\">\n\t\t\t\t\t\t<div class=\"elementor-element elementor-element-3c94378 elementor-widget elementor-widget-image\" data-id=\"3c94378\" data-element_type=\"widget\" data-e-type=\"widget\" data-widget_type=\"image.default\">\n\t\t\t\t<div class=\"elementor-widget-container\">\n\t\t\t\t\t\t\t\t\t\t\t\t\t\t\t<img fetchpriority=\"high\" decoding=\"async\" width=\"300\" height=\"293\" src=\"https:\/\/bodymed.ee\/wp-content\/uploads\/2024\/02\/Triin-bodymed-1-300x293.png\" class=\"attachment-medium size-medium wp-image-5497\" alt=\"\" srcset=\"https:\/\/bodymed.ee\/wp-content\/uploads\/2024\/02\/Triin-bodymed-1-300x293.png 300w, https:\/\/bodymed.ee\/wp-content\/uploads\/2024\/02\/Triin-bodymed-1.png 336w\" sizes=\"(max-width: 300px) 100vw, 300px\" \/>\t\t\t\t\t\t\t\t\t\t\t\t\t\t\t<\/div>\n\t\t\t\t<\/div>\n\t\t\t\t<div class=\"elementor-element elementor-element-5a537b2 elementor-widget elementor-widget-text-editor\" data-id=\"5a537b2\" data-element_type=\"widget\" data-e-type=\"widget\" data-widget_type=\"text-editor.default\">\n\t\t\t\t<div class=\"elementor-widget-container\">\n\t\t\t\t\t\t\t\t\t<p><strong>TRIIN<\/strong><\/p><p><a href=\"mailto:info@bodymed.ee\">info@bodymed.ee<\/a><\/p><p>Whatsupp <a href=\"http:\/\/+372 5441 0004\" data-wplink-url-error=\"true\">+372\u00a0+372 511 1842<\/a><\/p>\t\t\t\t\t\t\t\t<\/div>\n\t\t\t\t<\/div>\n\t\t\t\t<div class=\"elementor-element elementor-element-fbbdbe5 elementor-widget elementor-widget-text-editor\" data-id=\"fbbdbe5\" data-element_type=\"widget\" data-e-type=\"widget\" data-widget_type=\"text-editor.default\">\n\t\t\t\t<div class=\"elementor-widget-container\">\n\t\t\t\t\t\t\t\t\t<p class=\"p1\">Worked with many different countries in his life, the last one was Singapore, where he created the Nordic Design House, which helped Nordic designers enter the Asian market. He was a TV host for over 10 years until he found his true passion for helping people get better mentally and physically by creating a new method called PILATRE\u00ae, which is internationally recognized by professionals.<span class=\"s1\"><br \/><\/span>\u00a0His work with international companies doing business, sales and marketing strategy for them has taken him to different countries around the world and he has worked with several international brands such as KIA, Mothercare, Cadillac etc. He has also been a sales coach and mentor for many retail brands, starting with Nomination Italy, H&amp;M, etc.<\/p><p class=\"p1\">\u201cEnergy produces energy, you get what you give\u201d<\/p><p>Tema t\u00f6\u00f6 rahvusvaheliste ettev\u00f5tetega, tehes \u00e4ri -, m\u00fc\u00fcgi- ja turundusstrateegiat neile on viinud teda erinevatesse riikidesse \u00fcle maailma ning ta on t\u00f6\u00f6tanud mitmete rahvusvaheliste kaubam\u00e4rkidega nagu KIA, Mothercare, Cadillac jpt. Samuti on ta olnud m\u00fc\u00fcgitreener ja mentor paljudele jaem\u00fc\u00fcgi br\u00e4ndidele, alustades Nomination Italy, H&amp;M jne.<\/p>\t\t\t\t\t\t\t\t<\/div>\n\t\t\t\t<\/div>\n\t\t\t\t\t<\/div>\n\t\t<\/div>\n\t\t\t\t<div class=\"elementor-column elementor-col-50 elementor-top-column elementor-element elementor-element-5a2dde7\" data-id=\"5a2dde7\" data-element_type=\"column\" data-e-type=\"column\">\n\t\t\t<div class=\"elementor-widget-wrap elementor-element-populated\">\n\t\t\t\t\t\t<div class=\"elementor-element elementor-element-db0503b elementor-widget elementor-widget-image\" data-id=\"db0503b\" data-element_type=\"widget\" data-e-type=\"widget\" data-widget_type=\"image.default\">\n\t\t\t\t<div class=\"elementor-widget-container\">\n\t\t\t\t\t\t\t\t\t\t\t\t\t\t\t<img decoding=\"async\" width=\"295\" height=\"300\" src=\"https:\/\/bodymed.ee\/wp-content\/uploads\/2024\/02\/Elery-bodymed-1-295x300.png\" class=\"attachment-medium size-medium wp-image-5502\" alt=\"\" srcset=\"https:\/\/bodymed.ee\/wp-content\/uploads\/2024\/02\/Elery-bodymed-1-295x300.png 295w, https:\/\/bodymed.ee\/wp-content\/uploads\/2024\/02\/Elery-bodymed-1.png 328w\" sizes=\"(max-width: 295px) 100vw, 295px\" \/>\t\t\t\t\t\t\t\t\t\t\t\t\t\t\t<\/div>\n\t\t\t\t<\/div>\n\t\t\t\t<div class=\"elementor-element elementor-element-0c9de11 elementor-widget elementor-widget-text-editor\" data-id=\"0c9de11\" data-element_type=\"widget\" data-e-type=\"widget\" data-widget_type=\"text-editor.default\">\n\t\t\t\t<div class=\"elementor-widget-container\">\n\t\t\t\t\t\t\t\t\t<p><strong>ELERY<\/strong><\/p><p><a href=\"mailto:elery@bodymed.ee\">elery@bodymed.ee<\/a><\/p><p><a href=\"http:\/\/+372 5682 2423\" data-wplink-url-error=\"true\">+372 5682 2423<\/a><\/p>\t\t\t\t\t\t\t\t<\/div>\n\t\t\t\t<\/div>\n\t\t\t\t\t<\/div>\n\t\t<\/div>\n\t\t\t\t\t<\/div>\n\t\t<\/section>\n\t\t\t\t<section class=\"elementor-section elementor-top-section elementor-element elementor-element-55c2e98 elementor-section-boxed elementor-section-height-default elementor-section-height-default\" data-id=\"55c2e98\" data-element_type=\"section\" data-e-type=\"section\">\n\t\t\t\t\t\t<div class=\"elementor-container elementor-column-gap-default\">\n\t\t\t\t\t<div class=\"elementor-column elementor-col-16 elementor-top-column elementor-element elementor-element-29d940b\" data-id=\"29d940b\" data-element_type=\"column\" data-e-type=\"column\">\n\t\t\t<div class=\"elementor-widget-wrap\">\n\t\t\t\t\t\t\t<\/div>\n\t\t<\/div>\n\t\t\t\t<div class=\"elementor-column elementor-col-66 elementor-top-column elementor-element elementor-element-5b4255f\" data-id=\"5b4255f\" data-element_type=\"column\" data-e-type=\"column\">\n\t\t\t<div class=\"elementor-widget-wrap elementor-element-populated\">\n\t\t\t\t\t\t<div class=\"elementor-element elementor-element-47ad8f0 elementor-widget elementor-widget-shortcode\" data-id=\"47ad8f0\" data-element_type=\"widget\" data-e-type=\"widget\" data-widget_type=\"shortcode.default\">\n\t\t\t\t<div class=\"elementor-widget-container\">\n\t\t\t\t\t\t\t<div class=\"elementor-shortcode\"><div class=\"wpforms-container \" id=\"wpforms-7419\"><form id=\"wpforms-form-7419\" class=\"wpforms-validate wpforms-form\" data-formid=\"7419\" method=\"post\" enctype=\"multipart\/form-data\" action=\"\/en\/wp-json\/wp\/v2\/pages\/1295\" data-token=\"2299ec49595a6186491a21bcc6c2d8c4\" data-token-time=\"1776426974\"><noscript class=\"wpforms-error-noscript\">Please enable JavaScript in your browser to complete this form.<\/noscript><div class=\"wpforms-field-container\"><div id=\"wpforms-7419-field_1-container\" class=\"wpforms-field wpforms-field-email\" data-field-id=\"1\"><input type=\"email\" id=\"wpforms-7419-field_1\" class=\"wpforms-field-small wpforms-field-required\" name=\"wpforms[fields][1]\" placeholder=\"Name\" spellcheck=\"false\" required><\/div><div id=\"wpforms-7419-field_7-container\" class=\"wpforms-field wpforms-field-email\" data-field-id=\"7\"><input type=\"email\" id=\"wpforms-7419-field_7\" class=\"wpforms-field-small wpforms-field-required\" name=\"wpforms[fields][7]\" placeholder=\"Email\" spellcheck=\"false\" required><\/div><div id=\"wpforms-7419-field_2-container\" class=\"wpforms-field wpforms-field-textarea\" data-field-id=\"2\"><textarea id=\"wpforms-7419-field_2\" class=\"wpforms-field-medium wpforms-field-required\" name=\"wpforms[fields][2]\" placeholder=\"Message\" required><\/textarea><\/div><\/div><!-- .wpforms-field-container --><div class=\"wpforms-submit-container\" ><input type=\"hidden\" name=\"wpforms[id]\" value=\"7419\"><input type=\"hidden\" name=\"page_title\" value=\"\"><input type=\"hidden\" name=\"page_url\" value=\"https:\/\/bodymed.ee\/en\/wp-json\/wp\/v2\/pages\/1295\"><input type=\"hidden\" name=\"url_referer\" value=\"\"><button type=\"submit\" name=\"wpforms[submit]\" id=\"wpforms-submit-7419\" class=\"wpforms-submit\" data-alt-text=\"Saatmine...\" data-submit-text=\"SEND\" aria-live=\"assertive\" value=\"wpforms-submit\">SEND<\/button><\/div><\/form><\/div>  <!-- .wpforms-container --><\/div>\n\t\t\t\t\t\t<\/div>\n\t\t\t\t<\/div>\n\t\t\t\t\t<\/div>\n\t\t<\/div>\n\t\t\t\t<div class=\"elementor-column elementor-col-16 elementor-top-column elementor-element elementor-element-13fcbfa\" data-id=\"13fcbfa\" data-element_type=\"column\" data-e-type=\"column\">\n\t\t\t<div class=\"elementor-widget-wrap\">\n\t\t\t\t\t\t\t<\/div>\n\t\t<\/div>\n\t\t\t\t\t<\/div>\n\t\t<\/section>\n\t\t\t\t<\/div>\n\t\t","protected":false},"excerpt":{"rendered":"<p>TRIIN info@bodymed.ee Whatsupp +372\u00a0+372 511 1842 Worked with many different countries in his life, the last one was Singapore, where he created the Nordic Design House, which helped Nordic designers enter the Asian market. He was a TV host for over 10 years until he found his true passion for helping people get better mentally [&hellip;]<\/p>\n","protected":false},"author":1,"featured_media":0,"parent":0,"menu_order":0,"comment_status":"closed","ping_status":"closed","template":"","meta":{"site-sidebar-layout":"no-sidebar","site-content-layout":"page-builder","ast-site-content-layout":"full-width-container","site-content-style":"unboxed","site-sidebar-style":"unboxed","ast-global-header-display":"","ast-banner-title-visibility":"","ast-main-header-display":"","ast-hfb-above-header-display":"","ast-hfb-below-header-display":"","ast-hfb-mobile-header-display":"","site-post-title":"disabled","ast-breadcrumbs-content":"","ast-featured-img":"disabled","footer-sml-layout":"","ast-disable-related-posts":"","theme-transparent-header-meta":"default","adv-header-id-meta":"","stick-header-meta":"","header-above-stick-meta":"","header-main-stick-meta":"","header-below-stick-meta":"","astra-migrate-meta-layouts":"set","ast-page-background-enabled":"default","ast-page-background-meta":{"desktop":{"background-color":"","background-image":"","background-repeat":"repeat","background-position":"center center","background-size":"auto","background-attachment":"scroll","background-type":"","background-media":"","overlay-type":"","overlay-color":"","overlay-opacity":"","overlay-gradient":""},"tablet":{"background-color":"","background-image":"","background-repeat":"repeat","background-position":"center center","background-size":"auto","background-attachment":"scroll","background-type":"","background-media":"","overlay-type":"","overlay-color":"","overlay-opacity":"","overlay-gradient":""},"mobile":{"background-color":"","background-image":"","background-repeat":"repeat","background-position":"center center","background-size":"auto","background-attachment":"scroll","background-type":"","background-media":"","overlay-type":"","overlay-color":"","overlay-opacity":"","overlay-gradient":""}},"ast-content-background-meta":{"desktop":{"background-color":"var(--ast-global-color-5)","background-image":"","background-repeat":"repeat","background-position":"center center","background-size":"auto","background-attachment":"scroll","background-type":"","background-media":"","overlay-type":"","overlay-color":"","overlay-opacity":"","overlay-gradient":""},"tablet":{"background-color":"var(--ast-global-color-5)","background-image":"","background-repeat":"repeat","background-position":"center center","background-size":"auto","background-attachment":"scroll","background-type":"","background-media":"","overlay-type":"","overlay-color":"","overlay-opacity":"","overlay-gradient":""},"mobile":{"background-color":"var(--ast-global-color-5)","background-image":"","background-repeat":"repeat","background-position":"center center","background-size":"auto","background-attachment":"scroll","background-type":"","background-media":"","overlay-type":"","overlay-color":"","overlay-opacity":"","overlay-gradient":""}},"_themeisle_gutenberg_block_has_review":false,"footnotes":""},"class_list":["post-1295","page","type-page","status-publish","hentry"],"_links":{"self":[{"href":"https:\/\/bodymed.ee\/en\/wp-json\/wp\/v2\/pages\/1295","targetHints":{"allow":["GET"]}}],"collection":[{"href":"https:\/\/bodymed.ee\/en\/wp-json\/wp\/v2\/pages"}],"about":[{"href":"https:\/\/bodymed.ee\/en\/wp-json\/wp\/v2\/types\/page"}],"author":[{"embeddable":true,"href":"https:\/\/bodymed.ee\/en\/wp-json\/wp\/v2\/users\/1"}],"replies":[{"embeddable":true,"href":"https:\/\/bodymed.ee\/en\/wp-json\/wp\/v2\/comments?post=1295"}],"version-history":[{"count":77,"href":"https:\/\/bodymed.ee\/en\/wp-json\/wp\/v2\/pages\/1295\/revisions"}],"predecessor-version":[{"id":7435,"href":"https:\/\/bodymed.ee\/en\/wp-json\/wp\/v2\/pages\/1295\/revisions\/7435"}],"wp:attachment":[{"href":"https:\/\/bodymed.ee\/en\/wp-json\/wp\/v2\/media?parent=1295"}],"curies":[{"name":"wp","href":"https:\/\/api.w.org\/{rel}","templated":true}]}}