{"id":2404,"date":"2023-04-01T10:01:14","date_gmt":"2023-04-01T10:01:14","guid":{"rendered":"https:\/\/bodymed.ee\/?page_id=2404"},"modified":"2023-04-01T10:03:24","modified_gmt":"2023-04-01T10:03:24","slug":"andruse-kogemus-juustesiirdamisel-turgis","status":"publish","type":"page","link":"https:\/\/bodymed.ee\/en\/andruse-kogemus-juustesiirdamisel-turgis\/","title":{"rendered":"Andruse kogemus juustesiirdamisel T\u00fcrgis"},"content":{"rendered":"\t\t<div data-elementor-type=\"wp-page\" data-elementor-id=\"2404\" class=\"elementor elementor-2404\">\n\t\t\t\t\t\t<section class=\"elementor-section elementor-top-section elementor-element elementor-element-c1e5add elementor-section-boxed elementor-section-height-default elementor-section-height-default\" data-id=\"c1e5add\" data-element_type=\"section\" data-e-type=\"section\">\n\t\t\t\t\t\t<div class=\"elementor-container elementor-column-gap-default\">\n\t\t\t\t\t<div class=\"elementor-column elementor-col-100 elementor-top-column elementor-element elementor-element-0680d5b\" data-id=\"0680d5b\" data-element_type=\"column\" data-e-type=\"column\">\n\t\t\t<div class=\"elementor-widget-wrap elementor-element-populated\">\n\t\t\t\t\t\t<div class=\"elementor-element elementor-element-05e38c0 elementor-widget elementor-widget-heading\" data-id=\"05e38c0\" data-element_type=\"widget\" data-e-type=\"widget\" data-widget_type=\"heading.default\">\n\t\t\t\t<div class=\"elementor-widget-container\">\n\t\t\t\t\t<h3 class=\"elementor-heading-title elementor-size-default\">Andruse kogemus juustesiirdamisel T\u00fcrgis<\/h3>\t\t\t\t<\/div>\n\t\t\t\t<\/div>\n\t\t\t\t<div class=\"elementor-element elementor-element-647ee21 elementor-widget elementor-widget-text-editor\" data-id=\"647ee21\" data-element_type=\"widget\" data-e-type=\"widget\" data-widget_type=\"text-editor.default\">\n\t\t\t\t<div class=\"elementor-widget-container\">\n\t\t\t\t\t\t\t\t\t<p><span style=\"font-weight: 400;\">T\u00e4nap\u00e4eval on juuste v\u00e4ljalangemine ja isegi kiilasp\u00e4isus laialt levinud probleemiks ka nooremate meeste seas. Brittide l\u00e4biviidud statistika kohaselt otsib juba 90% meestest juuste v\u00e4ljalangemise vastu ravi, mis on iseenesest hea n\u00e4itaja, sest mehed soovivad leida lahendust. Stressirikas elu on \u00fcheks peamiseks juuste v\u00e4ljalangemise p\u00f5hjustajaks ning j\u00e4tkusuutlikuks ja nii\u00f6elda eluaegse garantiiga toimib lahendusena juuste siirdamismeetod, millega istutatakse omaenda doonorkohast v\u00f5etud karvasibulad soovitud piirkonda.\u00a0<\/span><\/p><p><span style=\"font-weight: 400;\">V\u00f5imalik on juuksepiiri laiendada ja korrigeerida, pealaele juurde istutada v\u00f5i tervel peal t\u00e4ies ulatuses juuksekasvu taastada. M\u00f5ningatel juhtudel tuleb juuste tiheduse m\u00f5ttes protseduuri korrata, kuna enamjaolt siirdatakse ligikaudu 5000 juuksesibulat, k\u00fcll aga juba siirdatud folliikulid enam v\u00e4lja ei lange.\u00a0<\/span><\/p><p><span style=\"font-weight: 400;\">Andrus (nimi muudetud) otsis kiilanevale pealaele lahendust ligi 25 aastat. Kuuldes tuttava kogemust v\u00e4lismaise teenusepakkuja kohta, otsustas ta ise j\u00e4rgi katsetada. Tulemus polnud aga nii hea kui ta oleks oodanud, siirdekohad olid h\u00f5redad ehk siirdati oluliselt v\u00e4hem ning teeninduskvaliteet j\u00e4ttis soovida. Saksamaal algavad juustesiirdamise protseduurid ligikaudu 6000. eurost, meil Eestis selliselt veel protseduuri ei pakuta ning Andrus kuulis soovitust hoopiski T\u00fcrgis asuva kliiniku kohta. \u201cM\u00f5eldud, tehtud ja v\u00e4gagi rahul\u201d nendib Andrus t\u00e4na. \u201cSain \u00e4\u00e4retult meeldiva teeninduse osaliseks ja k\u00f5ik sujus ilusti. Protseduuri p\u00e4eval viidi l\u00e4bi juuksejuureanal\u00fc\u00fcs, kus ekraanilt n\u00e4gin mikroskoopiliselt l\u00e4hedalt enda peanahka ja sellest v\u00e4ljaulatuvaid v\u00e4ikeseid karvakesi. Peale uuringut ja k\u00fcsimustiku t\u00e4itmist, mis sisaldas endas vanuse m\u00e4rkimist, l\u00e4bip\u00f5etud haiguseid ja muu sarnase info edasiandmist spetsialistile, juhatati mind protseduurituppa. Mind pandi 15. minutiks magama, ehk siis sellel ajal \u00fcldnarkoosi jooksul v\u00f5eti minu doonorpiirkonnast, milleks oli kukal, vajaminevad juuksesibulad. \u00c4rkasin, ei tundnud mingit valu ning lisaks oli tuimestatud terve mu peanahk ning siirdamine v\u00f5is alata. Minul kestis see ligikaudu 8 tundi, tavap\u00e4raselt tulekski arvestada 6-8 tunniga. Tegin seda s\u00fcgise eel, sest teadsin, et k\u00fclmem aeg on tulekul ja saan pead m\u00fctsiga katta. Otsese p\u00e4ikesevalguse eest tuleb esimene kuu pead hoolikalt varjata. Kaasa anti veel 6. kuuline j\u00e4relhoolduse komplekt \u0161ampooni ja palsamiga ning koha peal teostati mesoteraapia, mis omakorda aitab turgutada juuksekasvu.\u201d<\/span><\/p><p><b><i>\u201cKuskil 4. kuu p\u00e4rast hakkasid juuksed kasvama ja see tundub uskumatu, mida t\u00e4nap\u00e4eva tehnoloogiaga on v\u00f5imalik saavutada. Sain lisaks juustele tagasi oma enesekindluse ning hoolitsen oma pea eest tunduvalt rohkem kui varem. N\u00e4iteks saunas k\u00e4ies katan n\u00fc\u00fcd pea alati saunam\u00fctsiga, et liigne kuumus liiga ei teeks, p\u00e4ikesekiirguse eest tuleb kaitsta peanahka ning samuti ka talvel k\u00fclma eest. Lisaks tarbin n\u00fc\u00fcd juuksekasvu soodustavaid preparaate n\u00e4iteks biotioni ning sain kliinikust muid kasulikke n\u00f5uandeid. Viis pluss!\u201d annab Andrus hinnanguks.\u00a0<\/i><\/b><\/p><p><span style=\"font-weight: 400;\">Juustesiirdamise protseduurile Istanbuli s\u00f5itmiseks ei ole vaja erilist ettevalmistust, lisaks saab protseduuri siduda puhkusega. <\/span><b>Vaid protseduurile minnes tasub aga arvestada olenevalt juustesiirdamise valitud paketist kas 3. v\u00f5i 4. p\u00e4evaga Istanbulis. Paketi hind algab 1200\u20ac, mille sisse kuulub majutus koos hommikus\u00f6\u00f6giga, k\u00f5ik transfeerid lennujaamast kliinikusse ja hiljem lennujaama tagasi, lisaks protseduurile kohapealsed anal\u00fc\u00fcsid. <\/b><span style=\"font-weight: 400;\">Juurde saab lasta teostada t\u00e4naseks \u00fcha popolaarsemaks kujunevat t\u00fcviraku ravi ja plasmateraapiat. Protseduurile broneerimise esmaseks sammuks on meile edastada pildid enda peast v\u00f5i soovitud piirkonnast, sest kliinikus siirdatakse folliikuleid isegi kulmude ja habeme piirkonda. Juhul, kui pealael karvakasv \u00fcldse puudumas, valitakse kehal muu piirkond ja v\u00f5etakse doonorfolliikulid sealt. Edastame pildid Istanbuli kliinikusse spetsialistile ning kas meie vahendusel v\u00f5i juba otse j\u00e4tkate suhtlust ja broneerimist Istanbuli kliinikuga.<\/span><\/p><p><b>K\u00fcsimuste korral v\u00f5i aja broneerimiseks kirjutage info@bodymed.ee v\u00f5i helistage: 54410004<\/b><\/p><p><span style=\"font-weight: 400;\">Unistuste t\u00e4itumisi soovides,<\/span><\/p><p><span style=\"font-weight: 400;\">BodyMed Esthetics<\/span><\/p>\t\t\t\t\t\t\t\t<\/div>\n\t\t\t\t<\/div>\n\t\t\t\t\t<\/div>\n\t\t<\/div>\n\t\t\t\t\t<\/div>\n\t\t<\/section>\n\t\t\t\t<\/div>\n\t\t","protected":false},"excerpt":{"rendered":"<p>Andruse kogemus juustesiirdamisel T\u00fcrgis T\u00e4nap\u00e4eval on juuste v\u00e4ljalangemine ja isegi kiilasp\u00e4isus laialt levinud probleemiks ka nooremate meeste seas. Brittide l\u00e4biviidud statistika kohaselt otsib juba 90% meestest juuste v\u00e4ljalangemise vastu ravi, mis on iseenesest hea n\u00e4itaja, sest mehed soovivad leida lahendust. Stressirikas elu on \u00fcheks peamiseks juuste v\u00e4ljalangemise p\u00f5hjustajaks ning j\u00e4tkusuutlikuks ja nii\u00f6elda eluaegse garantiiga toimib [&hellip;]<\/p>\n","protected":false},"author":1,"featured_media":0,"parent":0,"menu_order":0,"comment_status":"closed","ping_status":"closed","template":"","meta":{"site-sidebar-layout":"no-sidebar","site-content-layout":"page-builder","ast-site-content-layout":"default","site-content-style":"default","site-sidebar-style":"default","ast-global-header-display":"","ast-banner-title-visibility":"","ast-main-header-display":"","ast-hfb-above-header-display":"","ast-hfb-below-header-display":"","ast-hfb-mobile-header-display":"","site-post-title":"disabled","ast-breadcrumbs-content":"","ast-featured-img":"disabled","footer-sml-layout":"","ast-disable-related-posts":"","theme-transparent-header-meta":"default","adv-header-id-meta":"","stick-header-meta":"","header-above-stick-meta":"","header-main-stick-meta":"","header-below-stick-meta":"","astra-migrate-meta-layouts":"default","ast-page-background-enabled":"default","ast-page-background-meta":{"desktop":{"background-color":"","background-image":"","background-repeat":"repeat","background-position":"center center","background-size":"auto","background-attachment":"scroll","background-type":"","background-media":"","overlay-type":"","overlay-color":"","overlay-opacity":"","overlay-gradient":""},"tablet":{"background-color":"","background-image":"","background-repeat":"repeat","background-position":"center center","background-size":"auto","background-attachment":"scroll","background-type":"","background-media":"","overlay-type":"","overlay-color":"","overlay-opacity":"","overlay-gradient":""},"mobile":{"background-color":"","background-image":"","background-repeat":"repeat","background-position":"center center","background-size":"auto","background-attachment":"scroll","background-type":"","background-media":"","overlay-type":"","overlay-color":"","overlay-opacity":"","overlay-gradient":""}},"ast-content-background-meta":{"desktop":{"background-color":"var(--ast-global-color-5)","background-image":"","background-repeat":"repeat","background-position":"center center","background-size":"auto","background-attachment":"scroll","background-type":"","background-media":"","overlay-type":"","overlay-color":"","overlay-opacity":"","overlay-gradient":""},"tablet":{"background-color":"var(--ast-global-color-5)","background-image":"","background-repeat":"repeat","background-position":"center center","background-size":"auto","background-attachment":"scroll","background-type":"","background-media":"","overlay-type":"","overlay-color":"","overlay-opacity":"","overlay-gradient":""},"mobile":{"background-color":"var(--ast-global-color-5)","background-image":"","background-repeat":"repeat","background-position":"center center","background-size":"auto","background-attachment":"scroll","background-type":"","background-media":"","overlay-type":"","overlay-color":"","overlay-opacity":"","overlay-gradient":""}},"_themeisle_gutenberg_block_has_review":false,"footnotes":""},"class_list":["post-2404","page","type-page","status-publish","hentry"],"_links":{"self":[{"href":"https:\/\/bodymed.ee\/en\/wp-json\/wp\/v2\/pages\/2404","targetHints":{"allow":["GET"]}}],"collection":[{"href":"https:\/\/bodymed.ee\/en\/wp-json\/wp\/v2\/pages"}],"about":[{"href":"https:\/\/bodymed.ee\/en\/wp-json\/wp\/v2\/types\/page"}],"author":[{"embeddable":true,"href":"https:\/\/bodymed.ee\/en\/wp-json\/wp\/v2\/users\/1"}],"replies":[{"embeddable":true,"href":"https:\/\/bodymed.ee\/en\/wp-json\/wp\/v2\/comments?post=2404"}],"version-history":[{"count":4,"href":"https:\/\/bodymed.ee\/en\/wp-json\/wp\/v2\/pages\/2404\/revisions"}],"predecessor-version":[{"id":2409,"href":"https:\/\/bodymed.ee\/en\/wp-json\/wp\/v2\/pages\/2404\/revisions\/2409"}],"wp:attachment":[{"href":"https:\/\/bodymed.ee\/en\/wp-json\/wp\/v2\/media?parent=2404"}],"curies":[{"name":"wp","href":"https:\/\/api.w.org\/{rel}","templated":true}]}}