{"id":974,"date":"2022-09-16T16:04:28","date_gmt":"2022-09-16T16:04:28","guid":{"rendered":"https:\/\/bodymed.ee\/?page_id=974"},"modified":"2024-07-18T11:26:30","modified_gmt":"2024-07-18T11:26:30","slug":"about-us","status":"publish","type":"page","link":"https:\/\/bodymed.ee\/en\/about-us\/","title":{"rendered":"About Us"},"content":{"rendered":"\t\t<div data-elementor-type=\"wp-page\" data-elementor-id=\"974\" class=\"elementor elementor-974\">\n\t\t\t\t\t\t<section class=\"elementor-section elementor-top-section elementor-element elementor-element-c3da490 elementor-section-boxed elementor-section-height-default elementor-section-height-default\" data-id=\"c3da490\" data-element_type=\"section\" data-e-type=\"section\">\n\t\t\t\t\t\t<div class=\"elementor-container elementor-column-gap-default\">\n\t\t\t\t\t<div class=\"elementor-column elementor-col-100 elementor-top-column elementor-element elementor-element-5f5ed69\" data-id=\"5f5ed69\" data-element_type=\"column\" data-e-type=\"column\">\n\t\t\t<div class=\"elementor-widget-wrap elementor-element-populated\">\n\t\t\t\t\t\t<div class=\"elementor-element elementor-element-d43700d elementor-widget elementor-widget-heading\" data-id=\"d43700d\" data-element_type=\"widget\" data-e-type=\"widget\" data-widget_type=\"heading.default\">\n\t\t\t\t<div class=\"elementor-widget-container\">\n\t\t\t\t\t<h3 class=\"elementor-heading-title elementor-size-default\">Team<\/h3>\t\t\t\t<\/div>\n\t\t\t\t<\/div>\n\t\t\t\t<div class=\"elementor-element elementor-element-938a4b1 elementor-widget elementor-widget-image\" data-id=\"938a4b1\" data-element_type=\"widget\" data-e-type=\"widget\" data-widget_type=\"image.default\">\n\t\t\t\t<div class=\"elementor-widget-container\">\n\t\t\t\t\t\t\t\t\t\t\t\t\t\t\t<img fetchpriority=\"high\" decoding=\"async\" width=\"298\" height=\"300\" src=\"https:\/\/bodymed.ee\/wp-content\/uploads\/2023\/08\/Bodymed-Triin--298x300.png\" class=\"attachment-medium size-medium wp-image-2946\" alt=\"\" srcset=\"https:\/\/bodymed.ee\/wp-content\/uploads\/2023\/08\/Bodymed-Triin--298x300.png 298w, https:\/\/bodymed.ee\/wp-content\/uploads\/2023\/08\/Bodymed-Triin--100x100.png 100w, https:\/\/bodymed.ee\/wp-content\/uploads\/2023\/08\/Bodymed-Triin--600x603.png 600w, https:\/\/bodymed.ee\/wp-content\/uploads\/2023\/08\/Bodymed-Triin--150x150.png 150w, https:\/\/bodymed.ee\/wp-content\/uploads\/2023\/08\/Bodymed-Triin-.png 738w\" sizes=\"(max-width: 298px) 100vw, 298px\" \/>\t\t\t\t\t\t\t\t\t\t\t\t\t\t\t<\/div>\n\t\t\t\t<\/div>\n\t\t\t\t<div class=\"elementor-element elementor-element-1aaabb0 elementor-widget elementor-widget-text-editor\" data-id=\"1aaabb0\" data-element_type=\"widget\" data-e-type=\"widget\" data-widget_type=\"text-editor.default\">\n\t\t\t\t<div class=\"elementor-widget-container\">\n\t\t\t\t\t\t\t\t\t<p class=\"p1\"><b>Trin<\/b>\u00a0has worked with many different countries in his life, the last one was Singapore, where he created the Nordic Design House, which helped Nordic designers enter the Asian market. He was a TV host for over 10 years until he found his true passion for helping people get better mentally and physically by creating a new method called PILATRE\u00ae, which is internationally recognized by professionals.<span class=\"s1\"><br \/><\/span>\u00a0His work with international companies doing business, sales and marketing strategy for them has taken him to different countries around the world and he has worked with several international brands such as KIA, Mothercare, Cadillac etc. He has also been a sales coach and mentor for many retail brands, starting with Nomination Italy, H&amp;M, etc.<\/p><p class=\"p1\">&#8220;Energy produces energy, you get what you give&#8221;<\/p><p><span style=\"background-color: var(--ast-global-color-4); color: var(--ast-global-color-3); font-style: inherit;\"><span style=\"font-weight: inherit;\"> Tema t\u00f6\u00f6 rahvusvaheliste ettev\u00f5tetega, tehes \u00e4ri -, m\u00fc\u00fcgi- ja turundusstrateegiat neile on viinud teda erinevatesse riikidesse \u00fcle maailma ning ta on t\u00f6\u00f6tanud mitmete rahvusvaheliste kaubam\u00e4rkidega nagu KIA, Mothercare, Cadillac jpt. Samuti on ta olnud m\u00fc\u00fcgitreener ja mentor paljudele jaem\u00fc\u00fcgi br\u00e4ndidele, alustades Nomination Italy, H&amp;M jne.<\/span><\/span><\/p><p>\u00a0<\/p>\t\t\t\t\t\t\t\t<\/div>\n\t\t\t\t<\/div>\n\t\t\t\t\t<\/div>\n\t\t<\/div>\n\t\t\t\t\t<\/div>\n\t\t<\/section>\n\t\t\t\t<section class=\"elementor-section elementor-top-section elementor-element elementor-element-4b0d9e4 elementor-section-boxed elementor-section-height-default elementor-section-height-default\" data-id=\"4b0d9e4\" data-element_type=\"section\" data-e-type=\"section\">\n\t\t\t\t\t\t<div class=\"elementor-container elementor-column-gap-default\">\n\t\t\t\t\t<div class=\"elementor-column elementor-col-100 elementor-top-column elementor-element elementor-element-dac1f9f\" data-id=\"dac1f9f\" data-element_type=\"column\" data-e-type=\"column\">\n\t\t\t<div class=\"elementor-widget-wrap elementor-element-populated\">\n\t\t\t\t\t\t<div class=\"elementor-element elementor-element-696f41e elementor-widget elementor-widget-image\" data-id=\"696f41e\" data-element_type=\"widget\" data-e-type=\"widget\" data-widget_type=\"image.default\">\n\t\t\t\t<div class=\"elementor-widget-container\">\n\t\t\t\t\t\t\t\t\t\t\t\t\t\t\t<img decoding=\"async\" width=\"300\" height=\"300\" src=\"https:\/\/bodymed.ee\/wp-content\/uploads\/2022\/10\/janarveiksaarmelzarbodymed-300x300.png\" class=\"attachment-medium size-medium wp-image-1332\" alt=\"\" srcset=\"https:\/\/bodymed.ee\/wp-content\/uploads\/2022\/10\/janarveiksaarmelzarbodymed-300x300.png 300w, https:\/\/bodymed.ee\/wp-content\/uploads\/2022\/10\/janarveiksaarmelzarbodymed-100x100.png 100w, https:\/\/bodymed.ee\/wp-content\/uploads\/2022\/10\/janarveiksaarmelzarbodymed-600x600.png 600w, https:\/\/bodymed.ee\/wp-content\/uploads\/2022\/10\/janarveiksaarmelzarbodymed-150x150.png 150w, https:\/\/bodymed.ee\/wp-content\/uploads\/2022\/10\/janarveiksaarmelzarbodymed.png 640w\" sizes=\"(max-width: 300px) 100vw, 300px\" \/>\t\t\t\t\t\t\t\t\t\t\t\t\t\t\t<\/div>\n\t\t\t\t<\/div>\n\t\t\t\t<div class=\"elementor-element elementor-element-9292705 elementor-widget elementor-widget-text-editor\" data-id=\"9292705\" data-element_type=\"widget\" data-e-type=\"widget\" data-widget_type=\"text-editor.default\">\n\t\t\t\t<div class=\"elementor-widget-container\">\n\t\t\t\t\t\t\t\t\t<p><strong>Janar <\/strong>is an entrepreneur and trainer with an IT background. For many years, Janar has acted as a mentor for people who need bold changes in their lives and supports people on their development path.<\/p>\t\t\t\t\t\t\t\t<\/div>\n\t\t\t\t<\/div>\n\t\t\t\t\t<\/div>\n\t\t<\/div>\n\t\t\t\t\t<\/div>\n\t\t<\/section>\n\t\t\t\t<\/div>\n\t\t","protected":false},"excerpt":{"rendered":"<p>Team Trin\u00a0has worked with many different countries in his life, the last one was Singapore, where he created the Nordic Design House, which helped Nordic designers enter the Asian market. He was a TV host for over 10 years until he found his true passion for helping people get better mentally and physically by creating [&hellip;]<\/p>\n","protected":false},"author":1,"featured_media":0,"parent":0,"menu_order":0,"comment_status":"closed","ping_status":"closed","template":"","meta":{"site-sidebar-layout":"no-sidebar","site-content-layout":"page-builder","ast-site-content-layout":"default","site-content-style":"default","site-sidebar-style":"default","ast-global-header-display":"","ast-banner-title-visibility":"","ast-main-header-display":"","ast-hfb-above-header-display":"","ast-hfb-below-header-display":"","ast-hfb-mobile-header-display":"","site-post-title":"disabled","ast-breadcrumbs-content":"","ast-featured-img":"disabled","footer-sml-layout":"","ast-disable-related-posts":"","theme-transparent-header-meta":"","adv-header-id-meta":"","stick-header-meta":"","header-above-stick-meta":"","header-main-stick-meta":"","header-below-stick-meta":"","astra-migrate-meta-layouts":"default","ast-page-background-enabled":"default","ast-page-background-meta":{"desktop":{"background-color":"","background-image":"","background-repeat":"repeat","background-position":"center center","background-size":"auto","background-attachment":"scroll","background-type":"","background-media":"","overlay-type":"","overlay-color":"","overlay-opacity":"","overlay-gradient":""},"tablet":{"background-color":"","background-image":"","background-repeat":"repeat","background-position":"center center","background-size":"auto","background-attachment":"scroll","background-type":"","background-media":"","overlay-type":"","overlay-color":"","overlay-opacity":"","overlay-gradient":""},"mobile":{"background-color":"","background-image":"","background-repeat":"repeat","background-position":"center center","background-size":"auto","background-attachment":"scroll","background-type":"","background-media":"","overlay-type":"","overlay-color":"","overlay-opacity":"","overlay-gradient":""}},"ast-content-background-meta":{"desktop":{"background-color":"var(--ast-global-color-5)","background-image":"","background-repeat":"repeat","background-position":"center center","background-size":"auto","background-attachment":"scroll","background-type":"","background-media":"","overlay-type":"","overlay-color":"","overlay-opacity":"","overlay-gradient":""},"tablet":{"background-color":"var(--ast-global-color-5)","background-image":"","background-repeat":"repeat","background-position":"center center","background-size":"auto","background-attachment":"scroll","background-type":"","background-media":"","overlay-type":"","overlay-color":"","overlay-opacity":"","overlay-gradient":""},"mobile":{"background-color":"var(--ast-global-color-5)","background-image":"","background-repeat":"repeat","background-position":"center center","background-size":"auto","background-attachment":"scroll","background-type":"","background-media":"","overlay-type":"","overlay-color":"","overlay-opacity":"","overlay-gradient":""}},"_themeisle_gutenberg_block_has_review":false,"footnotes":""},"class_list":["post-974","page","type-page","status-publish","hentry"],"_links":{"self":[{"href":"https:\/\/bodymed.ee\/en\/wp-json\/wp\/v2\/pages\/974","targetHints":{"allow":["GET"]}}],"collection":[{"href":"https:\/\/bodymed.ee\/en\/wp-json\/wp\/v2\/pages"}],"about":[{"href":"https:\/\/bodymed.ee\/en\/wp-json\/wp\/v2\/types\/page"}],"author":[{"embeddable":true,"href":"https:\/\/bodymed.ee\/en\/wp-json\/wp\/v2\/users\/1"}],"replies":[{"embeddable":true,"href":"https:\/\/bodymed.ee\/en\/wp-json\/wp\/v2\/comments?post=974"}],"version-history":[{"count":92,"href":"https:\/\/bodymed.ee\/en\/wp-json\/wp\/v2\/pages\/974\/revisions"}],"predecessor-version":[{"id":5990,"href":"https:\/\/bodymed.ee\/en\/wp-json\/wp\/v2\/pages\/974\/revisions\/5990"}],"wp:attachment":[{"href":"https:\/\/bodymed.ee\/en\/wp-json\/wp\/v2\/media?parent=974"}],"curies":[{"name":"wp","href":"https:\/\/api.w.org\/{rel}","templated":true}]}}