{"id":3299,"date":"2023-09-01T13:04:51","date_gmt":"2023-09-01T13:04:51","guid":{"rendered":"https:\/\/bodymed.ee\/meist\/"},"modified":"2023-09-01T17:36:40","modified_gmt":"2023-09-01T17:36:40","slug":"meista","status":"publish","type":"page","link":"https:\/\/bodymed.ee\/fi\/meista\/","title":{"rendered":"MEIST\u00c4"},"content":{"rendered":"\t\t<div data-elementor-type=\"wp-page\" data-elementor-id=\"3299\" class=\"elementor elementor-3299 elementor-974\">\n\t\t\t\t\t\t<section class=\"elementor-section elementor-top-section elementor-element elementor-element-c3da490 elementor-section-boxed elementor-section-height-default elementor-section-height-default\" data-id=\"c3da490\" data-element_type=\"section\" data-e-type=\"section\">\n\t\t\t\t\t\t<div class=\"elementor-container elementor-column-gap-default\">\n\t\t\t\t\t<div class=\"elementor-column elementor-col-100 elementor-top-column elementor-element elementor-element-5f5ed69\" data-id=\"5f5ed69\" data-element_type=\"column\" data-e-type=\"column\">\n\t\t\t<div class=\"elementor-widget-wrap elementor-element-populated\">\n\t\t\t\t\t\t<div class=\"elementor-element elementor-element-d43700d elementor-widget elementor-widget-heading\" data-id=\"d43700d\" data-element_type=\"widget\" data-e-type=\"widget\" data-widget_type=\"heading.default\">\n\t\t\t\t<div class=\"elementor-widget-container\">\n\t\t\t\t\t<h3 class=\"elementor-heading-title elementor-size-default\">Meeskond<\/h3>\t\t\t\t<\/div>\n\t\t\t\t<\/div>\n\t\t\t\t<div class=\"elementor-element elementor-element-938a4b1 elementor-widget elementor-widget-image\" data-id=\"938a4b1\" data-element_type=\"widget\" data-e-type=\"widget\" data-widget_type=\"image.default\">\n\t\t\t\t<div class=\"elementor-widget-container\">\n\t\t\t\t\t\t\t\t\t\t\t\t\t\t\t<img fetchpriority=\"high\" decoding=\"async\" width=\"298\" height=\"300\" src=\"https:\/\/bodymed.ee\/wp-content\/uploads\/2023\/08\/Bodymed-Triin--298x300.png\" class=\"attachment-medium size-medium wp-image-2946\" alt=\"\" srcset=\"https:\/\/bodymed.ee\/wp-content\/uploads\/2023\/08\/Bodymed-Triin--298x300.png 298w, https:\/\/bodymed.ee\/wp-content\/uploads\/2023\/08\/Bodymed-Triin--100x100.png 100w, https:\/\/bodymed.ee\/wp-content\/uploads\/2023\/08\/Bodymed-Triin--600x603.png 600w, https:\/\/bodymed.ee\/wp-content\/uploads\/2023\/08\/Bodymed-Triin--150x150.png 150w, https:\/\/bodymed.ee\/wp-content\/uploads\/2023\/08\/Bodymed-Triin-.png 738w\" sizes=\"(max-width: 298px) 100vw, 298px\" \/>\t\t\t\t\t\t\t\t\t\t\t\t\t\t\t<\/div>\n\t\t\t\t<\/div>\n\t\t\t\t<div class=\"elementor-element elementor-element-1aaabb0 elementor-widget elementor-widget-text-editor\" data-id=\"1aaabb0\" data-element_type=\"widget\" data-e-type=\"widget\" data-widget_type=\"text-editor.default\">\n\t\t\t\t<div class=\"elementor-widget-container\">\n\t\t\t\t\t\t\t\t\t<p><span style=\"background-color: var(--ast-global-color-4); color: var(--ast-global-color-3); font-style: inherit;\"><b>Triin<\/b><span style=\"font-weight: inherit;\"> on oma elus teinud t\u00f6\u00f6d paljude erinevate riikidega, Viimane oli Singapur, kus ta l\u00f5i Nordic Design House, millega aitas P\u00f5hjamaistel disainerite astuda Aasia turule. Ta oli telesaatejuht \u00fcle 10 aasta, kuni leidis oma t\u00f5elise kire aidata inimestel vaimselt ja f\u00fc\u00fcsiliselt tervemaks saada, luues uue meetodi nimega PILATRE\u00ae, mis on rahvusvaheliselt tunnustatud spetsialistide poolt.<\/span><br \/><span style=\"font-weight: inherit;\">\u00a0Tema t\u00f6\u00f6 rahvusvaheliste ettev\u00f5tetega, tehes \u00e4ri -, m\u00fc\u00fcgi- ja turundusstrateegiat neile on viinud teda erinevatesse riikidesse \u00fcle maailma ning ta on t\u00f6\u00f6tanud mitmete rahvusvaheliste kaubam\u00e4rkidega nagu KIA, Mothercare, Cadillac jpt. Samuti on ta olnud m\u00fc\u00fcgitreener ja mentor paljudele jaem\u00fc\u00fcgi br\u00e4ndidele, alustades Nomination Italy, H&amp;M jne.<\/span><\/span><\/p>\n<p>&#8221;Energia toodab energiat, sa saad, mida annad\u201c<\/p>\n\t\t\t\t\t\t\t\t<\/div>\n\t\t\t\t<\/div>\n\t\t\t\t\t<\/div>\n\t\t<\/div>\n\t\t\t\t\t<\/div>\n\t\t<\/section>\n\t\t\t\t<section class=\"elementor-section elementor-top-section elementor-element elementor-element-4b0d9e4 elementor-section-boxed elementor-section-height-default elementor-section-height-default\" data-id=\"4b0d9e4\" data-element_type=\"section\" data-e-type=\"section\">\n\t\t\t\t\t\t<div class=\"elementor-container elementor-column-gap-default\">\n\t\t\t\t\t<div class=\"elementor-column elementor-col-100 elementor-top-column elementor-element elementor-element-dac1f9f\" data-id=\"dac1f9f\" data-element_type=\"column\" data-e-type=\"column\">\n\t\t\t<div class=\"elementor-widget-wrap elementor-element-populated\">\n\t\t\t\t\t\t<div class=\"elementor-element elementor-element-696f41e elementor-widget elementor-widget-image\" data-id=\"696f41e\" data-element_type=\"widget\" data-e-type=\"widget\" data-widget_type=\"image.default\">\n\t\t\t\t<div class=\"elementor-widget-container\">\n\t\t\t\t\t\t\t\t\t\t\t\t\t\t\t<img decoding=\"async\" width=\"300\" height=\"300\" src=\"https:\/\/bodymed.ee\/wp-content\/uploads\/2022\/10\/janarveiksaarmelzarbodymed-300x300.png\" class=\"attachment-medium size-medium wp-image-1332\" alt=\"\" srcset=\"https:\/\/bodymed.ee\/wp-content\/uploads\/2022\/10\/janarveiksaarmelzarbodymed-300x300.png 300w, https:\/\/bodymed.ee\/wp-content\/uploads\/2022\/10\/janarveiksaarmelzarbodymed-100x100.png 100w, https:\/\/bodymed.ee\/wp-content\/uploads\/2022\/10\/janarveiksaarmelzarbodymed-600x600.png 600w, https:\/\/bodymed.ee\/wp-content\/uploads\/2022\/10\/janarveiksaarmelzarbodymed-150x150.png 150w, https:\/\/bodymed.ee\/wp-content\/uploads\/2022\/10\/janarveiksaarmelzarbodymed.png 640w\" sizes=\"(max-width: 300px) 100vw, 300px\" \/>\t\t\t\t\t\t\t\t\t\t\t\t\t\t\t<\/div>\n\t\t\t\t<\/div>\n\t\t\t\t<div class=\"elementor-element elementor-element-9292705 elementor-widget elementor-widget-text-editor\" data-id=\"9292705\" data-element_type=\"widget\" data-e-type=\"widget\" data-widget_type=\"text-editor.default\">\n\t\t\t\t<div class=\"elementor-widget-container\">\n\t\t\t\t\t\t\t\t\t<p><strong>Janar<\/strong> on IT taustaga ettev\ufff5tja ja koolitaja. Janar on aastaid tegutsenud mentorina inimestele, kes vajavad oma ellu julgeid muutusi ja toetab inimesi nende arenguteel.<\/p>\n\t\t\t\t\t\t\t\t<\/div>\n\t\t\t\t<\/div>\n\t\t\t\t\t<\/div>\n\t\t<\/div>\n\t\t\t\t\t<\/div>\n\t\t<\/section>\n\t\t\t\t<section class=\"elementor-section elementor-top-section elementor-element elementor-element-b206d2b elementor-section-boxed elementor-section-height-default elementor-section-height-default\" data-id=\"b206d2b\" data-element_type=\"section\" data-e-type=\"section\">\n\t\t\t\t\t\t<div class=\"elementor-container elementor-column-gap-default\">\n\t\t\t\t\t<div class=\"elementor-column elementor-col-100 elementor-top-column elementor-element elementor-element-fcbc0f2\" data-id=\"fcbc0f2\" data-element_type=\"column\" data-e-type=\"column\">\n\t\t\t<div class=\"elementor-widget-wrap elementor-element-populated\">\n\t\t\t\t\t\t<div class=\"elementor-element elementor-element-9fcaae7 elementor-widget elementor-widget-heading\" data-id=\"9fcaae7\" data-element_type=\"widget\" data-e-type=\"widget\" data-widget_type=\"heading.default\">\n\t\t\t\t<div class=\"elementor-widget-container\">\n\t\t\t\t\t<h3 class=\"elementor-heading-title elementor-size-default\">Kuidas on saanud BodyMed alguse<\/h3>\t\t\t\t<\/div>\n\t\t\t\t<\/div>\n\t\t\t\t<section class=\"elementor-section elementor-inner-section elementor-element elementor-element-16776d9 elementor-section-boxed elementor-section-height-default elementor-section-height-default\" data-id=\"16776d9\" data-element_type=\"section\" data-e-type=\"section\">\n\t\t\t\t\t\t<div class=\"elementor-container elementor-column-gap-default\">\n\t\t\t\t\t<div class=\"elementor-column elementor-col-100 elementor-inner-column elementor-element elementor-element-8fdc80c\" data-id=\"8fdc80c\" data-element_type=\"column\" data-e-type=\"column\">\n\t\t\t<div class=\"elementor-widget-wrap elementor-element-populated\">\n\t\t\t\t\t\t<div class=\"elementor-element elementor-element-f440c82 elementor-widget elementor-widget-text-editor\" data-id=\"f440c82\" data-element_type=\"widget\" data-e-type=\"widget\" data-widget_type=\"text-editor.default\">\n\t\t\t\t<div class=\"elementor-widget-container\">\n\t\t\t\t\t\t\t\t\t<p>Miks just T\ufffcrgi esteetilise meditsiini kliinik ning milliseid protseduure on seal v\ufff5imalik teha? Loe l\uffe4hemalt ettev\ufff5tja Aimari isiklikust kogemusest ja miks ta seda teeb:\uffa0<span style=\"background-color: var(--ast-global-color-4); color: var(--ast-global-color-3); font-size: 1rem;\">Aimar on ettev\ufff5tja ja \uffe4rimees, kelle v\uffe4limus ja enese eest hoole kandmine on olnud v\uffe4gagi tulemuslik. 10 aastat elas Aimar juusteta ja otsis lahendust kiilanevale peale, kuidas oleks v\ufff5imalik juukseid taastada.<\/span><\/p>\n<p>M\ufff5ned aastad tagasi kuulis ta tuttavalt soovitust, kes lasi juukseid siirdada juba k\ufffcmmekond aastat tagasi Filipiinidel ning siiani on tulemus olnud p\ufffcsiv kaunite ja tugevate juuste n\uffe4ol.\uffa0<span style=\"background-color: var(--ast-global-color-4); color: var(--ast-global-color-3); font-size: 1rem;\">Kuna Eestis sellealast teenust ei pakuta, siis hakkas Aimar juustesiirdamise kohta l\uffe4hemalt uurima ning temani j\ufff5udis j\uffe4rgmiselt s\ufff5bralt kogemusp\ufff5hine info, kes k\uffe4is T\ufffcrgis juukseid siirdamas ning sedagi edukalt. Kuna Aimaril seisis ees oodatud perepuhkus T\ufffcrki, siis tekkiski m\ufff5te katsetada seal juuste siirdamist. Esmalt valituksosutunud Alanya esteetikakliinikus teostatud protseduuri teeninduskvaliteet polnud aga v\ufff5rreldav sellega, milleni ta on j\ufff5udnud oma otsingutel t\uffe4naseks.<\/span><\/p>\n\t\t\t\t\t\t\t\t<\/div>\n\t\t\t\t<\/div>\n\t\t\t\t\t<\/div>\n\t\t<\/div>\n\t\t\t\t\t<\/div>\n\t\t<\/section>\n\t\t\t\t<section class=\"elementor-section elementor-inner-section elementor-element elementor-element-0209975 elementor-section-boxed elementor-section-height-default elementor-section-height-default\" data-id=\"0209975\" data-element_type=\"section\" data-e-type=\"section\">\n\t\t\t\t\t\t<div class=\"elementor-container elementor-column-gap-default\">\n\t\t\t\t\t<div class=\"elementor-column elementor-col-100 elementor-inner-column elementor-element elementor-element-7146daf\" data-id=\"7146daf\" data-element_type=\"column\" data-e-type=\"column\">\n\t\t\t<div class=\"elementor-widget-wrap elementor-element-populated\">\n\t\t\t\t\t\t<div class=\"elementor-element elementor-element-8bb21a8 elementor-widget elementor-widget-text-editor\" data-id=\"8bb21a8\" data-element_type=\"widget\" data-e-type=\"widget\" data-widget_type=\"text-editor.default\">\n\t\t\t\t<div class=\"elementor-widget-container\">\n\t\t\t\t\t\t\t\t\t<div class=\"l7ghb35v kjdc1dyq kmwttqpk gh25dzvf jikcssrz n3t5jt4f\">\n<div dir=\"auto\">Aimar hakkas uurima T\u00fcrgi kui meditsiiniturismi sihtkoha kohta ning alustas T\u00fcrgis mitmete ilukliinikute k\u00fclastusi. Peale arstidega vestlusi osutus valituks j\u00e4rgmise protseduuri teostamiseks esteetilise meditsiini kliinik Istanbulis. \u201cSee, mis mind seal ees ootas, oli VIP teenindus, transfeeridest kuni t\u00f5lkijateni, soodsast hinnatasemest ja protseduuridest r\u00e4\u00e4kimata, mis on maailma tipptasemel. T\u00e4naseks on Aimarist kasvanud T\u00fcrgis asuva\u00a0 esteetikakliiniku koost\u00f6\u00f6partner ning ta vahendab oma tiimiga kliiniku pakutavaid teenused nii Eestis kui ka tulevikuplaaniga Euroopasse.<\/div>\n<\/div>\n<div class=\"l7ghb35v kjdc1dyq kmwttqpk gh25dzvf jikcssrz n3t5jt4f\">\n<div dir=\"auto\">\u201cSain sealt nii palju- rahuldustpakkuva v\u00e4limuse ja sellega seonduvalt rohkem enesekindlust. Kuna mitmeid protseduure kodumaal teenuse puudumise t\u00f5ttu teha pole v\u00f5imalik, siis lahenduseks ongi rahvusvahelisel tasandil kliinik, kus klient saab lisaks kaunimale v\u00e4limusele ka luksusliku teeninduse osaliseks koos puhkusega. Mis saaks veel parem olla?\u201d s\u00f5nab Aimar rahulolus. \u201cTunnen head meelt, kui saan inimesi aidata ja seda l\u00e4bi teenuste ja hinna parima kvaliteedi suhte l\u00e4bi.<\/div>\n<div dir=\"auto\">\u00a0<\/div>\n<div dir=\"auto\">K\u00e4isin l\u00e4bi k\u00fcmneid ja k\u00fcmneid firmasid, et leida \u00f5ige koost\u00f6\u00f6partner, et v\u00f5imaldada edaspidi ka Eesti inimestele esteetilisi protseduure. Valituks osutunud Istanbuli kliinikus otsustasingi esmalt ise j\u00e4rele proovida. Lasin siirdada juukseid juurde, nina korrigeerida ja kolmandaks valisin tsirkooniumist hambakroonid. Hammaste v\u00e4limuse parandamist plaanisin sel p\u00f5hjusel, et mu hambad on k\u00fcll v\u00e4ga terved olnud, kuid on olnud kollased terve elu ja need ei allunud valgendamisele. Soovisin oma elu j\u00e4tkata kaunite valgete hammastega ja kui saaks vaid kirjeldada seda rahulolu, mis tekkis mul peale protseduuride l\u00e4bimist, siis sellep\u00e4rast ma seda teengi. Rajasin firma, et pakkuda k\u00f5rge kvaliteedi ja v\u00e4ga hea hinnaklassiga esteetikateenuseid eestlastele.\u201d<\/div>\n<\/div>\n<div class=\"l7ghb35v kjdc1dyq kmwttqpk gh25dzvf jikcssrz n3t5jt4f\">\n<div dir=\"auto\">&#8221;T\u00e4naseks tunnen v\u00e4ga suurt elumuutust, mitte ainult minu v\u00e4limuses, vaid tajun seda ka enda sees. Inimesed, kes pole mind aastaid n\u00e4inud ei tunne mind kohati \u00e4ragi ja mulle \u00f6eldakse, et olen justkui k\u00fcmme aastat noorem. Olen t\u00e4nulik selle v\u00f5imaluse eest ja soovin l\u00e4bi isikliku kogemuse anda teistelegi see v\u00f5imalus imeliseks muutumiseks, mis pole vaid v\u00e4line.<\/div>\n<div dir=\"auto\">Minu soovitus olekski, kui on m\u00f5ttes olnud oma v\u00e4limuse kaunimaks muutmine, siis \u00e4rge l\u00fckake seda soovi edasi! Ma julgustan k\u00f5iki, ka mehi, muutuma.&#8221;<\/div>\n<div dir=\"auto\">Aimar<\/div>\n<\/div>\n\t\t\t\t\t\t\t\t<\/div>\n\t\t\t\t<\/div>\n\t\t\t\t\t<\/div>\n\t\t<\/div>\n\t\t\t\t\t<\/div>\n\t\t<\/section>\n\t\t\t\t\t<\/div>\n\t\t<\/div>\n\t\t\t\t\t<\/div>\n\t\t<\/section>\n\t\t\t\t<\/div>\n\t\t","protected":false},"excerpt":{"rendered":"<p>Meeskond Triin on oma elus teinud t\u00f6\u00f6d paljude erinevate riikidega, Viimane oli Singapur, kus ta l\u00f5i Nordic Design House, millega aitas P\u00f5hjamaistel disainerite astuda Aasia turule. Ta oli telesaatejuht \u00fcle 10 aasta, kuni leidis oma t\u00f5elise kire aidata inimestel vaimselt ja f\u00fc\u00fcsiliselt tervemaks saada, luues uue meetodi nimega PILATRE\u00ae, mis on rahvusvaheliselt tunnustatud spetsialistide poolt.\u00a0Tema [&hellip;]<\/p>\n","protected":false},"author":1,"featured_media":0,"parent":0,"menu_order":0,"comment_status":"closed","ping_status":"closed","template":"","meta":{"site-sidebar-layout":"no-sidebar","site-content-layout":"page-builder","ast-site-content-layout":"default","site-content-style":"default","site-sidebar-style":"default","ast-global-header-display":"","ast-banner-title-visibility":"","ast-main-header-display":"","ast-hfb-above-header-display":"","ast-hfb-below-header-display":"","ast-hfb-mobile-header-display":"","site-post-title":"disabled","ast-breadcrumbs-content":"","ast-featured-img":"disabled","footer-sml-layout":"","ast-disable-related-posts":"","theme-transparent-header-meta":"","adv-header-id-meta":"","stick-header-meta":"","header-above-stick-meta":"","header-main-stick-meta":"","header-below-stick-meta":"","astra-migrate-meta-layouts":"default","ast-page-background-enabled":"default","ast-page-background-meta":{"desktop":{"background-color":"","background-image":"","background-repeat":"repeat","background-position":"center center","background-size":"auto","background-attachment":"scroll","background-type":"","background-media":"","overlay-type":"","overlay-color":"","overlay-opacity":"","overlay-gradient":""},"tablet":{"background-color":"","background-image":"","background-repeat":"repeat","background-position":"center center","background-size":"auto","background-attachment":"scroll","background-type":"","background-media":"","overlay-type":"","overlay-color":"","overlay-opacity":"","overlay-gradient":""},"mobile":{"background-color":"","background-image":"","background-repeat":"repeat","background-position":"center center","background-size":"auto","background-attachment":"scroll","background-type":"","background-media":"","overlay-type":"","overlay-color":"","overlay-opacity":"","overlay-gradient":""}},"ast-content-background-meta":{"desktop":{"background-color":"var(--ast-global-color-5)","background-image":"","background-repeat":"repeat","background-position":"center center","background-size":"auto","background-attachment":"scroll","background-type":"","background-media":"","overlay-type":"","overlay-color":"","overlay-opacity":"","overlay-gradient":""},"tablet":{"background-color":"var(--ast-global-color-5)","background-image":"","background-repeat":"repeat","background-position":"center center","background-size":"auto","background-attachment":"scroll","background-type":"","background-media":"","overlay-type":"","overlay-color":"","overlay-opacity":"","overlay-gradient":""},"mobile":{"background-color":"var(--ast-global-color-5)","background-image":"","background-repeat":"repeat","background-position":"center center","background-size":"auto","background-attachment":"scroll","background-type":"","background-media":"","overlay-type":"","overlay-color":"","overlay-opacity":"","overlay-gradient":""}},"_themeisle_gutenberg_block_has_review":false,"footnotes":""},"class_list":["post-3299","page","type-page","status-publish","hentry"],"_links":{"self":[{"href":"https:\/\/bodymed.ee\/fi\/wp-json\/wp\/v2\/pages\/3299","targetHints":{"allow":["GET"]}}],"collection":[{"href":"https:\/\/bodymed.ee\/fi\/wp-json\/wp\/v2\/pages"}],"about":[{"href":"https:\/\/bodymed.ee\/fi\/wp-json\/wp\/v2\/types\/page"}],"author":[{"embeddable":true,"href":"https:\/\/bodymed.ee\/fi\/wp-json\/wp\/v2\/users\/1"}],"replies":[{"embeddable":true,"href":"https:\/\/bodymed.ee\/fi\/wp-json\/wp\/v2\/comments?post=3299"}],"version-history":[{"count":2,"href":"https:\/\/bodymed.ee\/fi\/wp-json\/wp\/v2\/pages\/3299\/revisions"}],"predecessor-version":[{"id":3345,"href":"https:\/\/bodymed.ee\/fi\/wp-json\/wp\/v2\/pages\/3299\/revisions\/3345"}],"wp:attachment":[{"href":"https:\/\/bodymed.ee\/fi\/wp-json\/wp\/v2\/media?parent=3299"}],"curies":[{"name":"wp","href":"https:\/\/api.w.org\/{rel}","templated":true}]}}