{"id":3465,"date":"2023-09-08T13:35:19","date_gmt":"2023-09-08T13:35:19","guid":{"rendered":"https:\/\/bodymed.ee\/kontakt\/"},"modified":"2024-07-25T09:53:01","modified_gmt":"2024-07-25T09:53:01","slug":"kontakt","status":"publish","type":"page","link":"https:\/\/bodymed.ee\/fi\/kontakt\/","title":{"rendered":"KONTAKT"},"content":{"rendered":"\t\t<div data-elementor-type=\"wp-page\" data-elementor-id=\"3465\" class=\"elementor elementor-3465 elementor-1295\">\n\t\t\t\t\t\t<section class=\"elementor-section elementor-top-section elementor-element elementor-element-4fd978d elementor-section-boxed elementor-section-height-default elementor-section-height-default\" data-id=\"4fd978d\" data-element_type=\"section\" data-e-type=\"section\">\n\t\t\t\t\t\t<div class=\"elementor-container elementor-column-gap-default\">\n\t\t\t\t\t<div class=\"elementor-column elementor-col-50 elementor-top-column elementor-element elementor-element-72d64d6\" data-id=\"72d64d6\" data-element_type=\"column\" data-e-type=\"column\">\n\t\t\t<div class=\"elementor-widget-wrap elementor-element-populated\">\n\t\t\t\t\t\t<div class=\"elementor-element elementor-element-421338f elementor-widget elementor-widget-image\" data-id=\"421338f\" data-element_type=\"widget\" data-e-type=\"widget\" data-widget_type=\"image.default\">\n\t\t\t\t<div class=\"elementor-widget-container\">\n\t\t\t\t\t\t\t\t\t\t\t\t\t\t\t<img fetchpriority=\"high\" decoding=\"async\" width=\"300\" height=\"293\" src=\"https:\/\/bodymed.ee\/wp-content\/uploads\/2024\/02\/Triin-bodymed-1-300x293.png\" class=\"attachment-medium size-medium wp-image-5497\" alt=\"\" srcset=\"https:\/\/bodymed.ee\/wp-content\/uploads\/2024\/02\/Triin-bodymed-1-300x293.png 300w, https:\/\/bodymed.ee\/wp-content\/uploads\/2024\/02\/Triin-bodymed-1.png 336w\" sizes=\"(max-width: 300px) 100vw, 300px\" \/>\t\t\t\t\t\t\t\t\t\t\t\t\t\t\t<\/div>\n\t\t\t\t<\/div>\n\t\t\t\t<div class=\"elementor-element elementor-element-aac0013 elementor-widget elementor-widget-text-editor\" data-id=\"aac0013\" data-element_type=\"widget\" data-e-type=\"widget\" data-widget_type=\"text-editor.default\">\n\t\t\t\t<div class=\"elementor-widget-container\">\n\t\t\t\t\t\t\t\t\t<p><strong>TRIIN<\/strong><\/p><p><a href=\"mailto:info@bodymed.ee\">info@bodymed.ee<\/a><\/p><p>Whatsupp <a href=\"http:\/\/+372 5441 0004\" data-wplink-url-error=\"true\">+372 54410004<\/a><\/p>\t\t\t\t\t\t\t\t<\/div>\n\t\t\t\t<\/div>\n\t\t\t\t<div class=\"elementor-element elementor-element-4751660 elementor-widget elementor-widget-text-editor\" data-id=\"4751660\" data-element_type=\"widget\" data-e-type=\"widget\" data-widget_type=\"text-editor.default\">\n\t\t\t\t<div class=\"elementor-widget-container\">\n\t\t\t\t\t\t\t\t\t<p>Triin on ty\u00f6skennellyt el\u00e4m\u00e4ns\u00e4 aikana monissa eri maissa, viimeisin Singapore, jossa h\u00e4n loi Nordic Design Housen, joka auttoi pohjoismaisia \u200b\u200bmuotoilijoita Aasian markkinoille. H\u00e4n toimi TV-juontajana yli 10 vuotta, kunnes l\u00f6ysi todellisen intohimonsa auttaa ihmisi\u00e4 paranemaan henkisesti ja fyysisesti luomalla uuden menetelm\u00e4n nimelt\u00e4 PILATRE\u00ae, joka on ammattilaisten kansainv\u00e4lisesti tunnustama.<br \/>H\u00e4nen ty\u00f6ns\u00e4 kansainv\u00e4listen yritysten kanssa, jotka tekev\u00e4t liiketoimintaa, myynti\u00e4 ja markkinointistrategiaa niille, on vienyt h\u00e4net eri maihin ymp\u00e4ri maailmaa ja h\u00e4n on ty\u00f6skennellyt useiden kansainv\u00e4listen br\u00e4ndien, kuten KIA, Mothercare, Cadillac jne., kanssa. H\u00e4n on my\u00f6s toiminut myyntivalmentajana ja mentorina monille v\u00e4hitt\u00e4ismyyntibr\u00e4ndeille, alkaen Nomination Italysta, H&amp;M:st\u00e4 jne.<\/p><p>&#8221;Energia tuottaa energiaa, saat mit\u00e4 annat&#8221;<\/p>\t\t\t\t\t\t\t\t<\/div>\n\t\t\t\t<\/div>\n\t\t\t\t\t<\/div>\n\t\t<\/div>\n\t\t\t\t<div class=\"elementor-column elementor-col-50 elementor-top-column elementor-element elementor-element-9bc4d0e\" data-id=\"9bc4d0e\" data-element_type=\"column\" data-e-type=\"column\">\n\t\t\t<div class=\"elementor-widget-wrap elementor-element-populated\">\n\t\t\t\t\t\t<div class=\"elementor-element elementor-element-8b5cff7 elementor-widget elementor-widget-image\" data-id=\"8b5cff7\" data-element_type=\"widget\" data-e-type=\"widget\" data-widget_type=\"image.default\">\n\t\t\t\t<div class=\"elementor-widget-container\">\n\t\t\t\t\t\t\t\t\t\t\t\t\t\t\t<img decoding=\"async\" width=\"295\" height=\"300\" src=\"https:\/\/bodymed.ee\/wp-content\/uploads\/2024\/02\/Elery-bodymed-1-295x300.png\" class=\"attachment-medium size-medium wp-image-5502\" alt=\"\" srcset=\"https:\/\/bodymed.ee\/wp-content\/uploads\/2024\/02\/Elery-bodymed-1-295x300.png 295w, https:\/\/bodymed.ee\/wp-content\/uploads\/2024\/02\/Elery-bodymed-1.png 328w\" sizes=\"(max-width: 295px) 100vw, 295px\" \/>\t\t\t\t\t\t\t\t\t\t\t\t\t\t\t<\/div>\n\t\t\t\t<\/div>\n\t\t\t\t<div class=\"elementor-element elementor-element-2409ac6 elementor-widget elementor-widget-text-editor\" data-id=\"2409ac6\" data-element_type=\"widget\" data-e-type=\"widget\" data-widget_type=\"text-editor.default\">\n\t\t\t\t<div class=\"elementor-widget-container\">\n\t\t\t\t\t\t\t\t\t<p><strong>ELERY<\/strong><\/p><p><a href=\"mailto:elery@bodymed.ee\">elery@bodymed.ee<\/a><\/p><p><a href=\"http:\/\/+372 5682 2423\" data-wplink-url-error=\"true\">+372 5682 2423<\/a><\/p>\t\t\t\t\t\t\t\t<\/div>\n\t\t\t\t<\/div>\n\t\t\t\t\t<\/div>\n\t\t<\/div>\n\t\t\t\t\t<\/div>\n\t\t<\/section>\n\t\t\t\t<section class=\"elementor-section elementor-top-section elementor-element elementor-element-d09184e elementor-section-boxed elementor-section-height-default elementor-section-height-default\" data-id=\"d09184e\" data-element_type=\"section\" data-e-type=\"section\">\n\t\t\t\t\t\t<div class=\"elementor-container elementor-column-gap-default\">\n\t\t\t\t\t<div class=\"elementor-column elementor-col-100 elementor-top-column elementor-element elementor-element-8c76124\" data-id=\"8c76124\" data-element_type=\"column\" data-e-type=\"column\">\n\t\t\t<div class=\"elementor-widget-wrap elementor-element-populated\">\n\t\t\t\t\t\t<div class=\"elementor-element elementor-element-9afe45a elementor-widget elementor-widget-shortcode\" data-id=\"9afe45a\" data-element_type=\"widget\" data-e-type=\"widget\" data-widget_type=\"shortcode.default\">\n\t\t\t\t<div class=\"elementor-widget-container\">\n\t\t\t\t\t\t\t<div class=\"elementor-shortcode\">\n<div class=\"wpcf7 no-js\" id=\"wpcf7-f2748-o1\" lang=\"en-US\" dir=\"ltr\" data-wpcf7-id=\"2748\">\n<div class=\"screen-reader-response\"><p role=\"status\" aria-live=\"polite\" aria-atomic=\"true\"><\/p> <ul><\/ul><\/div>\n<form action=\"\/fi\/wp-json\/wp\/v2\/pages\/3465#wpcf7-f2748-o1\" method=\"post\" class=\"wpcf7-form init\" aria-label=\"Contact form\" novalidate=\"novalidate\" data-status=\"init\">\n<fieldset class=\"hidden-fields-container\"><input type=\"hidden\" name=\"_wpcf7\" value=\"2748\" \/><input type=\"hidden\" name=\"_wpcf7_version\" value=\"6.1.5\" \/><input type=\"hidden\" name=\"_wpcf7_locale\" value=\"en_US\" \/><input type=\"hidden\" name=\"_wpcf7_unit_tag\" value=\"wpcf7-f2748-o1\" \/><input type=\"hidden\" name=\"_wpcf7_container_post\" value=\"0\" \/><input type=\"hidden\" name=\"_wpcf7_posted_data_hash\" value=\"\" \/>\n<\/fieldset>\n<p><span class=\"wpcf7-form-control-wrap\" data-name=\"Eesnimi\"><input size=\"40\" maxlength=\"400\" class=\"wpcf7-form-control wpcf7-text wpcf7-validates-as-required\" aria-required=\"true\" aria-invalid=\"false\" placeholder=\"Eesnimi\" value=\"\" type=\"text\" name=\"Eesnimi\" \/><\/span><br \/>\n<span class=\"wpcf7-form-control-wrap\" data-name=\"Perekonnanimi\"><input size=\"40\" maxlength=\"400\" class=\"wpcf7-form-control wpcf7-text wpcf7-validates-as-required\" aria-required=\"true\" aria-invalid=\"false\" placeholder=\"Perekonnanimi\" value=\"\" type=\"text\" name=\"Perekonnanimi\" \/><\/span><br \/>\n<span class=\"wpcf7-form-control-wrap\" data-name=\"E-post\"><input size=\"40\" maxlength=\"400\" class=\"wpcf7-form-control wpcf7-email wpcf7-validates-as-required wpcf7-text wpcf7-validates-as-email\" aria-required=\"true\" aria-invalid=\"false\" placeholder=\"E-post\" value=\"\" type=\"email\" name=\"E-post\" \/><\/span><br \/>\n<span class=\"wpcf7-form-control-wrap\" data-name=\"Snum\"><textarea cols=\"1\" rows=\"4\" maxlength=\"2000\" class=\"wpcf7-form-control wpcf7-textarea wpcf7-validates-as-required\" aria-required=\"true\" aria-invalid=\"false\" placeholder=\"Kirjuta siia\" name=\"Snum\"><\/textarea><\/span>\n<\/p>\n<p>NB! Vajutades \u201cSaada\u201d nuppu n\u00f5ustun isikuandmete t\u00f6\u00f6tlemisega ja olen tutvunud <a href=\"https:\/\/bodymed.ee\/privaatsuspoliitika\/\" target=\"_blank\">privaatsustingimustega<\/a>.\n<\/p>\n<p><input class=\"wpcf7-form-control wpcf7-submit has-spinner\" type=\"submit\" value=\"Saada\" \/>\n<\/p><p style=\"display: none !important;\" class=\"akismet-fields-container\" data-prefix=\"_wpcf7_ak_\"><label>&#916;<textarea name=\"_wpcf7_ak_hp_textarea\" cols=\"45\" rows=\"8\" maxlength=\"100\"><\/textarea><\/label><input type=\"hidden\" id=\"ak_js_1\" name=\"_wpcf7_ak_js\" value=\"48\"\/><script>\ndocument.getElementById( \"ak_js_1\" ).setAttribute( \"value\", ( new Date() ).getTime() );\n<\/script>\n<\/p><div class=\"wpcf7-response-output\" aria-hidden=\"true\"><\/div>\n<\/form>\n<\/div>\n<\/div>\n\t\t\t\t\t\t<\/div>\n\t\t\t\t<\/div>\n\t\t\t\t\t<\/div>\n\t\t<\/div>\n\t\t\t\t\t<\/div>\n\t\t<\/section>\n\t\t\t\t<\/div>\n\t\t","protected":false},"excerpt":{"rendered":"<p>TRIIN info@bodymed.ee Whatsupp +372 54410004 Triin on ty\u00f6skennellyt el\u00e4m\u00e4ns\u00e4 aikana monissa eri maissa, viimeisin Singapore, jossa h\u00e4n loi Nordic Design Housen, joka auttoi pohjoismaisia \u200b\u200bmuotoilijoita Aasian markkinoille. H\u00e4n toimi TV-juontajana yli 10 vuotta, kunnes l\u00f6ysi todellisen intohimonsa auttaa ihmisi\u00e4 paranemaan henkisesti ja fyysisesti luomalla uuden menetelm\u00e4n nimelt\u00e4 PILATRE\u00ae, joka on ammattilaisten kansainv\u00e4lisesti tunnustama.H\u00e4nen ty\u00f6ns\u00e4 kansainv\u00e4listen [&hellip;]<\/p>\n","protected":false},"author":1,"featured_media":0,"parent":0,"menu_order":0,"comment_status":"closed","ping_status":"closed","template":"","meta":{"site-sidebar-layout":"no-sidebar","site-content-layout":"page-builder","ast-site-content-layout":"full-width-container","site-content-style":"unboxed","site-sidebar-style":"unboxed","ast-global-header-display":"","ast-banner-title-visibility":"","ast-main-header-display":"","ast-hfb-above-header-display":"","ast-hfb-below-header-display":"","ast-hfb-mobile-header-display":"","site-post-title":"disabled","ast-breadcrumbs-content":"","ast-featured-img":"disabled","footer-sml-layout":"","ast-disable-related-posts":"","theme-transparent-header-meta":"default","adv-header-id-meta":"","stick-header-meta":"","header-above-stick-meta":"","header-main-stick-meta":"","header-below-stick-meta":"","astra-migrate-meta-layouts":"default","ast-page-background-enabled":"default","ast-page-background-meta":{"desktop":{"background-color":"","background-image":"","background-repeat":"repeat","background-position":"center center","background-size":"auto","background-attachment":"scroll","background-type":"","background-media":"","overlay-type":"","overlay-color":"","overlay-opacity":"","overlay-gradient":""},"tablet":{"background-color":"","background-image":"","background-repeat":"repeat","background-position":"center center","background-size":"auto","background-attachment":"scroll","background-type":"","background-media":"","overlay-type":"","overlay-color":"","overlay-opacity":"","overlay-gradient":""},"mobile":{"background-color":"","background-image":"","background-repeat":"repeat","background-position":"center center","background-size":"auto","background-attachment":"scroll","background-type":"","background-media":"","overlay-type":"","overlay-color":"","overlay-opacity":"","overlay-gradient":""}},"ast-content-background-meta":{"desktop":{"background-color":"var(--ast-global-color-5)","background-image":"","background-repeat":"repeat","background-position":"center center","background-size":"auto","background-attachment":"scroll","background-type":"","background-media":"","overlay-type":"","overlay-color":"","overlay-opacity":"","overlay-gradient":""},"tablet":{"background-color":"var(--ast-global-color-5)","background-image":"","background-repeat":"repeat","background-position":"center center","background-size":"auto","background-attachment":"scroll","background-type":"","background-media":"","overlay-type":"","overlay-color":"","overlay-opacity":"","overlay-gradient":""},"mobile":{"background-color":"var(--ast-global-color-5)","background-image":"","background-repeat":"repeat","background-position":"center center","background-size":"auto","background-attachment":"scroll","background-type":"","background-media":"","overlay-type":"","overlay-color":"","overlay-opacity":"","overlay-gradient":""}},"_themeisle_gutenberg_block_has_review":false,"footnotes":""},"class_list":["post-3465","page","type-page","status-publish","hentry"],"_links":{"self":[{"href":"https:\/\/bodymed.ee\/fi\/wp-json\/wp\/v2\/pages\/3465","targetHints":{"allow":["GET"]}}],"collection":[{"href":"https:\/\/bodymed.ee\/fi\/wp-json\/wp\/v2\/pages"}],"about":[{"href":"https:\/\/bodymed.ee\/fi\/wp-json\/wp\/v2\/types\/page"}],"author":[{"embeddable":true,"href":"https:\/\/bodymed.ee\/fi\/wp-json\/wp\/v2\/users\/1"}],"replies":[{"embeddable":true,"href":"https:\/\/bodymed.ee\/fi\/wp-json\/wp\/v2\/comments?post=3465"}],"version-history":[{"count":23,"href":"https:\/\/bodymed.ee\/fi\/wp-json\/wp\/v2\/pages\/3465\/revisions"}],"predecessor-version":[{"id":6516,"href":"https:\/\/bodymed.ee\/fi\/wp-json\/wp\/v2\/pages\/3465\/revisions\/6516"}],"wp:attachment":[{"href":"https:\/\/bodymed.ee\/fi\/wp-json\/wp\/v2\/media?parent=3465"}],"curies":[{"name":"wp","href":"https:\/\/api.w.org\/{rel}","templated":true}]}}