{"id":3562,"date":"2023-09-12T12:46:33","date_gmt":"2023-09-12T12:46:33","guid":{"rendered":"https:\/\/bodymed.ee\/kontrollitud-ja-turvaline-terviseturism\/"},"modified":"2023-09-12T13:33:32","modified_gmt":"2023-09-12T13:33:32","slug":"hallittua-ja-turvallista-terveysmatkailua","status":"publish","type":"page","link":"https:\/\/bodymed.ee\/fi\/hallittua-ja-turvallista-terveysmatkailua\/","title":{"rendered":"Hallittua ja turvallista terveysmatkailua"},"content":{"rendered":"\t\t<div data-elementor-type=\"wp-page\" data-elementor-id=\"3562\" class=\"elementor elementor-3562 elementor-3544\">\n\t\t\t\t\t\t<section class=\"elementor-section elementor-top-section elementor-element elementor-element-e3bbe05 elementor-section-boxed elementor-section-height-default elementor-section-height-default\" data-id=\"e3bbe05\" data-element_type=\"section\" data-e-type=\"section\">\n\t\t\t\t\t\t<div class=\"elementor-container elementor-column-gap-default\">\n\t\t\t\t\t<div class=\"elementor-column elementor-col-100 elementor-top-column elementor-element elementor-element-dcf956a\" data-id=\"dcf956a\" data-element_type=\"column\" data-e-type=\"column\">\n\t\t\t<div class=\"elementor-widget-wrap elementor-element-populated\">\n\t\t\t\t\t\t<div class=\"elementor-element elementor-element-25ba4e1 elementor-widget elementor-widget-heading\" data-id=\"25ba4e1\" data-element_type=\"widget\" data-e-type=\"widget\" data-widget_type=\"heading.default\">\n\t\t\t\t<div class=\"elementor-widget-container\">\n\t\t\t\t\t<h3 class=\"elementor-heading-title elementor-size-default\">Hallittua ja turvallista terveysmatkailua<\/h3>\t\t\t\t<\/div>\n\t\t\t\t<\/div>\n\t\t\t\t\t<\/div>\n\t\t<\/div>\n\t\t\t\t\t<\/div>\n\t\t<\/section>\n\t\t\t\t<section class=\"elementor-section elementor-top-section elementor-element elementor-element-13642d1 elementor-section-boxed elementor-section-height-default elementor-section-height-default\" data-id=\"13642d1\" data-element_type=\"section\" data-e-type=\"section\">\n\t\t\t\t\t\t<div class=\"elementor-container elementor-column-gap-default\">\n\t\t\t\t\t<div class=\"elementor-column elementor-col-100 elementor-top-column elementor-element elementor-element-9f50215\" data-id=\"9f50215\" data-element_type=\"column\" data-e-type=\"column\">\n\t\t\t<div class=\"elementor-widget-wrap elementor-element-populated\">\n\t\t\t\t\t\t<div class=\"elementor-element elementor-element-1412a32 elementor-widget elementor-widget-image\" data-id=\"1412a32\" data-element_type=\"widget\" data-e-type=\"widget\" data-widget_type=\"image.default\">\n\t\t\t\t<div class=\"elementor-widget-container\">\n\t\t\t\t\t\t\t\t\t\t\t\t\t\t\t<img decoding=\"async\" src=\"https:\/\/bodymed.ee\/wp-content\/uploads\/2023\/09\/bodymed-eesti-terviseturism-turvaline-ja-kontrollitud.webp\" title=\"bodymed-eesti terviseturism turvaline ja kontrollitud\" alt=\"bodymed-eesti terviseturism turvaline ja kontrollitud\" loading=\"lazy\" \/>\t\t\t\t\t\t\t\t\t\t\t\t\t\t\t<\/div>\n\t\t\t\t<\/div>\n\t\t\t\t<div class=\"elementor-element elementor-element-5d50861 elementor-widget elementor-widget-text-editor\" data-id=\"5d50861\" data-element_type=\"widget\" data-e-type=\"widget\" data-widget_type=\"text-editor.default\">\n\t\t\t\t<div class=\"elementor-widget-container\">\n\t\t\t\t\t\t\t\t\t<div class=\"intro\"><span style=\"font-size: 16px;\">Tarkista, minne olet menossa, ennen kuin aloitat terveysmatkailun. 200 euron alennus ja 10 kg halvaa ei tarkoita hyv\u00e4\u00e4 tulosta!<\/span><\/div><div class=\"content\"><article class=\"content__text text\"><div class=\"content__text-inner\"><div class=\"container container--narrow\"><p>HUOM! Mit\u00e4 pit\u00e4\u00e4 ottaa huomioon terveysmatkailua suunnitellessa Turkissa?<\/p><p>K\u00e4yt\u00e4 seulontayrityksen apua l\u00f6yt\u00e4\u00e4ksesi turvallisen klinikan. (www.bodymed.ee)<\/p><ul><li>Mieti paikallisen kulttuurin erityispiirteit\u00e4.<\/li><li>Paikallinen virolainen turvahenkil\u00f6, jolla on klinikan yhteystiedot.<\/li><li>Varmista, ett\u00e4 l\u00e4\u00e4k\u00e4reill\u00e4 on tarvittavat todistukset.<\/li><li>\u00c4l\u00e4 k\u00e4yt\u00e4 v\u00e4litt\u00e4ji\u00e4. V\u00e4litt\u00e4j\u00e4t eiv\u00e4t tarjoa pysyv\u00e4\u00e4 tukea!<\/li><li>Rahaa ei koskaan kysyt\u00e4 etuk\u00e4teen!<\/li><li>Maksa aina k\u00e4teisell\u00e4. Korttimaksuihin ja tilisiirtoihin lis\u00e4t\u00e4\u00e4n verot ja hinta nousee merkitt\u00e4v\u00e4sti.<\/li><\/ul><figure class=\"image\"><picture class=\"image__picture\"><source srcset=\"https:\/\/tv3cdn.ee\/tv3_buduaar\/2023\/09\/img_1709.jpg\" type=\"image\/webp\" sizes=\"742px\" data-srcset=\"https:\/\/tv3cdn.ee\/tv3_buduaar\/2023\/09\/img_1709.jpg\" \/><img decoding=\"async\" class=\"image__img lazyautosizes ls-is-cached lazyloaded\" src=\"https:\/\/tv3cdn.ee\/tv3_buduaar\/2023\/09\/img_1709.jpg\" sizes=\"742px\" srcset=\"https:\/\/tv3cdn.ee\/tv3_buduaar\/thumbnails\/full\/2023\/09\/img_1709.jpg\" alt=\"Terviseturism T\u00fcrki\" width=\"198\" height=\"130\" data-srcset=\"https:\/\/tv3cdn.ee\/tv3_buduaar\/thumbnails\/full\/2023\/09\/img_1709.jpg\" data-sizes=\"auto\" \/><\/picture><p>\u00a0<\/p><figcaption class=\"image__caption\"><\/figcaption><\/figure><p>Kuinka kauan pit\u00e4\u00e4 olla paikalla?<\/p><p>Hammashoito &#8211; jopa 7 p\u00e4iv\u00e4\u00e4 (2-3 k\u00e4ynti\u00e4).<\/p><p>Plastiikkakirurgia &#8211; 7 p\u00e4iv\u00e4\u00e4, josta 2-3 p\u00e4iv\u00e4\u00e4 sairaalassa.<\/p><p>Hiustensiirto &#8211; 3 p\u00e4iv\u00e4\u00e4.<\/p><figure class=\"image\"><picture class=\"image__picture\"><source srcset=\"https:\/\/tv3cdn.ee\/tv3_buduaar\/2023\/09\/garantii.jpg\" type=\"image\/webp\" sizes=\"742px\" data-srcset=\"https:\/\/tv3cdn.ee\/tv3_buduaar\/2023\/09\/garantii.jpg\" \/><img decoding=\"async\" class=\"image__img lazyautosizes ls-is-cached lazyloaded\" src=\"https:\/\/tv3cdn.ee\/tv3_buduaar\/2023\/09\/garantii.jpg\" sizes=\"742px\" srcset=\"https:\/\/tv3cdn.ee\/tv3_buduaar\/thumbnails\/full\/2023\/09\/garantii.jpg\" alt=\"Bodymed garantii\" width=\"172\" height=\"216\" data-srcset=\"https:\/\/tv3cdn.ee\/tv3_buduaar\/thumbnails\/full\/2023\/09\/garantii.jpg\" data-sizes=\"auto\" \/><\/picture><p>\u00a0<\/p><figcaption class=\"image__caption\"><\/figcaption><\/figure><p>Jokaisella toimenpiteell\u00e4 on takuu!<\/p><p>Toimenpiteen j\u00e4lkeen tarjotaan kaikki kotihoitoon tarvittava.<\/p><p>BODYMED TARJOA PARHAAT J\u00c4LKKIMAKSUT<\/p><p>Suosittelemme ottamaan mukaan yst\u00e4v\u00e4n, joka on tukena ja jonka kanssa voit nauttia vapaa-ajasta samalla kun tutustut turkkilaiseen kulttuuriin.<\/p><p>Olen tukenasi koko matkan ajan ja autan aina!<\/p><figure class=\"image\"><picture class=\"image__picture\"><source srcset=\"https:\/\/tv3cdn.ee\/tv3_buduaar\/2023\/09\/triin-randloo-scaled.jpg\" type=\"image\/webp\" sizes=\"742px\" data-srcset=\"https:\/\/tv3cdn.ee\/tv3_buduaar\/2023\/09\/triin-randloo-scaled.jpg\" \/><img fetchpriority=\"high\" decoding=\"async\" class=\"image__img lazyautosizes ls-is-cached lazyloaded\" src=\"https:\/\/tv3cdn.ee\/tv3_buduaar\/2023\/09\/triin-randloo-scaled.jpg\" sizes=\"742px\" srcset=\"https:\/\/tv3cdn.ee\/tv3_buduaar\/thumbnails\/full\/2023\/09\/triin-randloo-scaled.jpg\" alt=\"Triin Randloo, Bodymed partner\" width=\"200\" height=\"280\" data-srcset=\"https:\/\/tv3cdn.ee\/tv3_buduaar\/thumbnails\/full\/2023\/09\/triin-randloo-scaled.jpg\" data-sizes=\"auto\" \/><\/picture><p>\u00a0<\/p><figcaption class=\"image__caption\"><\/figcaption><\/figure><p class=\"paragraph has-block-align--none\"><a href=\"http:\/\/www.bvodymed.ee\/\" target=\"_blank\" rel=\"noopener\"><strong>www.bodymed.ee<\/strong><\/a><\/p><p class=\"paragraph has-block-align--none\"><strong>WHATSAPP +3725111842<\/strong><\/p><p class=\"paragraph has-block-align--none\"><strong><a href=\"mailto:info@bodymed.ee\" target=\"_blank\" rel=\"noopener\">info@bodymed.ee<\/a>\u00a0<br \/><a href=\"https:\/\/buduaar.tv3.ee\/sisuturundus\/kontrollitud-ja-turvaline-terviseturism\/\" target=\"_blank\" rel=\"noopener\">Alkuper\u00e4inen artikkeli <\/a><\/strong><\/p><\/div><\/div><\/article><\/div>\t\t\t\t\t\t\t\t<\/div>\n\t\t\t\t<\/div>\n\t\t\t\t\t<\/div>\n\t\t<\/div>\n\t\t\t\t\t<\/div>\n\t\t<\/section>\n\t\t\t\t<\/div>\n\t\t","protected":false},"excerpt":{"rendered":"<p>Hallittua ja turvallista terveysmatkailua Tarkista, minne olet menossa, ennen kuin aloitat terveysmatkailun. 200 euron alennus ja 10 kg halvaa ei tarkoita hyv\u00e4\u00e4 tulosta! HUOM! Mit\u00e4 pit\u00e4\u00e4 ottaa huomioon terveysmatkailua suunnitellessa Turkissa? K\u00e4yt\u00e4 seulontayrityksen apua l\u00f6yt\u00e4\u00e4ksesi turvallisen klinikan. (www.bodymed.ee) Mieti paikallisen kulttuurin erityispiirteit\u00e4. Paikallinen virolainen turvahenkil\u00f6, jolla on klinikan yhteystiedot. Varmista, ett\u00e4 l\u00e4\u00e4k\u00e4reill\u00e4 on tarvittavat todistukset. [&hellip;]<\/p>\n","protected":false},"author":14,"featured_media":0,"parent":0,"menu_order":0,"comment_status":"closed","ping_status":"closed","template":"","meta":{"site-sidebar-layout":"no-sidebar","site-content-layout":"page-builder","ast-site-content-layout":"full-width-container","site-content-style":"unboxed","site-sidebar-style":"unboxed","ast-global-header-display":"","ast-banner-title-visibility":"","ast-main-header-display":"","ast-hfb-above-header-display":"","ast-hfb-below-header-display":"","ast-hfb-mobile-header-display":"","site-post-title":"disabled","ast-breadcrumbs-content":"","ast-featured-img":"disabled","footer-sml-layout":"","ast-disable-related-posts":"","theme-transparent-header-meta":"default","adv-header-id-meta":"","stick-header-meta":"","header-above-stick-meta":"","header-main-stick-meta":"","header-below-stick-meta":"","astra-migrate-meta-layouts":"set","ast-page-background-enabled":"default","ast-page-background-meta":{"desktop":{"background-color":"","background-image":"","background-repeat":"repeat","background-position":"center center","background-size":"auto","background-attachment":"scroll","background-type":"","background-media":"","overlay-type":"","overlay-color":"","overlay-opacity":"","overlay-gradient":""},"tablet":{"background-color":"","background-image":"","background-repeat":"repeat","background-position":"center center","background-size":"auto","background-attachment":"scroll","background-type":"","background-media":"","overlay-type":"","overlay-color":"","overlay-opacity":"","overlay-gradient":""},"mobile":{"background-color":"","background-image":"","background-repeat":"repeat","background-position":"center center","background-size":"auto","background-attachment":"scroll","background-type":"","background-media":"","overlay-type":"","overlay-color":"","overlay-opacity":"","overlay-gradient":""}},"ast-content-background-meta":{"desktop":{"background-color":"var(--ast-global-color-5)","background-image":"","background-repeat":"repeat","background-position":"center center","background-size":"auto","background-attachment":"scroll","background-type":"","background-media":"","overlay-type":"","overlay-color":"","overlay-opacity":"","overlay-gradient":""},"tablet":{"background-color":"var(--ast-global-color-5)","background-image":"","background-repeat":"repeat","background-position":"center center","background-size":"auto","background-attachment":"scroll","background-type":"","background-media":"","overlay-type":"","overlay-color":"","overlay-opacity":"","overlay-gradient":""},"mobile":{"background-color":"var(--ast-global-color-5)","background-image":"","background-repeat":"repeat","background-position":"center center","background-size":"auto","background-attachment":"scroll","background-type":"","background-media":"","overlay-type":"","overlay-color":"","overlay-opacity":"","overlay-gradient":""}},"_themeisle_gutenberg_block_has_review":false,"footnotes":""},"class_list":["post-3562","page","type-page","status-publish","hentry"],"_links":{"self":[{"href":"https:\/\/bodymed.ee\/fi\/wp-json\/wp\/v2\/pages\/3562","targetHints":{"allow":["GET"]}}],"collection":[{"href":"https:\/\/bodymed.ee\/fi\/wp-json\/wp\/v2\/pages"}],"about":[{"href":"https:\/\/bodymed.ee\/fi\/wp-json\/wp\/v2\/types\/page"}],"author":[{"embeddable":true,"href":"https:\/\/bodymed.ee\/fi\/wp-json\/wp\/v2\/users\/14"}],"replies":[{"embeddable":true,"href":"https:\/\/bodymed.ee\/fi\/wp-json\/wp\/v2\/comments?post=3562"}],"version-history":[{"count":5,"href":"https:\/\/bodymed.ee\/fi\/wp-json\/wp\/v2\/pages\/3562\/revisions"}],"predecessor-version":[{"id":3617,"href":"https:\/\/bodymed.ee\/fi\/wp-json\/wp\/v2\/pages\/3562\/revisions\/3617"}],"wp:attachment":[{"href":"https:\/\/bodymed.ee\/fi\/wp-json\/wp\/v2\/media?parent=3562"}],"curies":[{"name":"wp","href":"https:\/\/api.w.org\/{rel}","templated":true}]}}