{"id":3633,"date":"2023-09-15T12:45:02","date_gmt":"2023-09-15T12:45:02","guid":{"rendered":"https:\/\/bodymed.ee\/privaatsuspoliitika\/"},"modified":"2023-09-15T12:45:02","modified_gmt":"2023-09-15T12:45:02","slug":"privaatsuspoliitika","status":"publish","type":"page","link":"https:\/\/bodymed.ee\/fi\/privaatsuspoliitika\/","title":{"rendered":"Privaatsuspoliitika"},"content":{"rendered":"\t\t<div data-elementor-type=\"wp-page\" data-elementor-id=\"3633\" class=\"elementor elementor-3633 elementor-3320\">\n\t\t\t\t\t\t<section class=\"elementor-section elementor-top-section elementor-element elementor-element-f89731e elementor-section-boxed elementor-section-height-default elementor-section-height-default\" data-id=\"f89731e\" data-element_type=\"section\" data-e-type=\"section\">\n\t\t\t\t\t\t<div class=\"elementor-container elementor-column-gap-default\">\n\t\t\t\t\t<div class=\"elementor-column elementor-col-100 elementor-top-column elementor-element elementor-element-b7fd76a\" data-id=\"b7fd76a\" data-element_type=\"column\" data-e-type=\"column\">\n\t\t\t<div class=\"elementor-widget-wrap elementor-element-populated\">\n\t\t\t\t\t\t<div class=\"elementor-element elementor-element-cb8fdcc elementor-widget elementor-widget-text-editor\" data-id=\"cb8fdcc\" data-element_type=\"widget\" data-e-type=\"widget\" data-widget_type=\"text-editor.default\">\n\t\t\t\t<div class=\"elementor-widget-container\">\n\t\t\t\t\t\t\t\t\t<p class=\"p1\"><span class=\"s1\"><b>&nbsp; &nbsp; &nbsp; &nbsp; &nbsp; &nbsp; &nbsp; &nbsp; &nbsp; &nbsp; &nbsp; &nbsp; &nbsp; &nbsp; &nbsp; &nbsp; &nbsp; &nbsp; &nbsp; &nbsp; &nbsp; &nbsp; &nbsp; &nbsp; &nbsp; &nbsp; &nbsp; &nbsp; &nbsp; &nbsp; &nbsp; &nbsp; &nbsp; &nbsp; &nbsp; &nbsp; &nbsp; &nbsp; &nbsp; &nbsp; &nbsp; &nbsp; &nbsp; &nbsp; &nbsp; &nbsp; &nbsp; &nbsp; &nbsp; &nbsp; &nbsp; &nbsp; &nbsp; &nbsp; &nbsp; &nbsp; &nbsp; &nbsp; &nbsp; &nbsp; &nbsp; &nbsp; TERVISETURISM O\u00dc <\/b><\/span><b>PRIVAATSUSPOLIITIKA<\/b><\/p>\n<p class=\"p2\"><b>1. \u00dclds\u00e4tted<\/b><\/p>\n<p class=\"p3\">1.1. K\u00e4esolev privaatsuspoliitika reguleerib isikuandmete kogumist, t\u00f6\u00f6tlemist ja s\u00e4ilitamist k\u00e4sitlevaid p\u00f5him\u00f5tteid. <b>Terviseturism O\u00dc<\/b> (kaubam\u00e4rgi nimi: BodyMed) on p\u00fchendunud oma klientide privaatsuse kaitsmisele. Me austame Teie usaldust.<\/p>\n<p class=\"p2\">Isikuandmeid kogub t\u00f6\u00f6tleb ja s\u00e4ilitab isikuandmete vastutav t\u00f6\u00f6tleja&nbsp;<span class=\"s2\"><b>Terviseturism O\u00dc.<\/b><\/span><\/p>\n<p class=\"p4\"><span class=\"s3\"><b>Aadress: <\/b><\/span>Harju maakond, Tallinn, Kesklinna linnaosa, P\u00e4rnu mnt 139c, 11317<span class=\"s3\"> Eesti Vabariik.<b> <br \/>Registrikood: <\/b><\/span><span class=\"s4\">16549708<\/span><\/p>\n<p class=\"p2\">1.2. Andmesubjekt privaatsuspoliitika t\u00e4henduses on klient v\u00f5i muu f\u00fc\u00fcsiline isik, kelle isikuandmeid andmet\u00f6\u00f6tleja t\u00f6\u00f6tleb.<\/p>\n<p class=\"p2\">1.3. Klient privaatsuspoliitika t\u00e4henduses on iga\u00fcks, kes registreerib <span class=\"s2\"><b>Terviseturism O\u00dc<\/b><\/span> vahendatavate teenuste tarbijaks v\u00f5i ostab andmet\u00f6\u00f6tleja kodulehelt kaupu v\u00f5i teenuseid.<\/p>\n<p class=\"p2\">1.4. Andmet\u00f6\u00f6tleja j\u00e4rgib \u00f5igusaktides s\u00e4testatud andmete t\u00f6\u00f6tlemise p\u00f5him\u00f5tteid, muuhulgas t\u00f6\u00f6tleb andmet\u00f6\u00f6tleja isikuandmeid seaduslikult, \u00f5iglaselt ja turvaliselt. Andmet\u00f6\u00f6tleja on v\u00f5imeline kinnitama, et isikuandmeid on t\u00f6\u00f6deldud vastavalt \u00f5igusaktides s\u00e4testatule.<\/p>\n<p class=\"p2\"><b>2. Isikuandmete kogumine, t\u00f6\u00f6tlemine ja s\u00e4ilitamine<\/b><\/p>\n<p class=\"p3\">2.1. Isikuandmed, mida andmet\u00f6\u00f6tleja kogub, t\u00f6\u00f6tleb ja s\u00e4ilitab, on kogutud elektrooniliselt, peamiselt kodulehe ja e-posti vahendusel.<span class=\"s5\"><b>&nbsp;<\/b><\/span>T\u00f6\u00f6tleme <span class=\"s1\"><b>Terviseturism O\u00dc<\/b><\/span> klientide isikuandmeid.<\/p>\n<p class=\"p2\">2.2. Oma isikuandmete jagamisega annab andmesubjekt andmet\u00f6\u00f6tlejale \u00f5iguse koguda, korraldada, kasutada ja hallata privaatsuspoliitikas m\u00e4\u00e4ratletud eesm\u00e4rgil isikuandmeid, mida andmesubjekt otse v\u00f5i kaudselt andmet\u00f6\u00f6tlejale jagab.<\/p>\n<p class=\"p3\">2.3. Isikuandmeid kasutame suhtlemisel, klienditeenindusel ja teenuste osutamisel, samuti volitatud turunduse ja sihip\u00e4rase turunduse jaoks.<\/p>\n<p class=\"p2\">2.4. Andmesubjekt vastutab selle eest, et tema poolt esitatud andmed oleksid t\u00e4psed, \u00f5iged ja terviklikud. Teadlikult valeandmete esitamist peetakse privaatsuspoliitika rikkumiseks. Andmesubjekt on kohustatud andmet\u00f6\u00f6tlejat viivitamatult teavitama esitatud andmete muutumisest.<\/p>\n<p class=\"p2\">2.5. Andmet\u00f6\u00f6tleja ei vastuta andmesubjekti poolt valeandmete esitamisest p\u00f5hjustatud kahju eest andmesubjektile v\u00f5i kolmandatele osapooltele.<\/p>\n<p class=\"p3\">2.6. Meie p\u00f5him\u00f5te on, et isikuandmeid ei avaldata v\u00e4ljaspool organisatsiooni asuvale osapoolele. Andmeid v\u00f5ib vajaduse korral avaldada ainult <span class=\"s1\"><b>Terviseturism O\u00dc<\/b><\/span> andmet\u00f6\u00f6tluslepingu alusel volitatud andmet\u00f6\u00f6tlejatega.<\/p>\n<p class=\"p2\"><b>3. Klientide isikuandmete t\u00f6\u00f6tlemine<\/b><\/p>\n<p class=\"p6\">3.1. Andmet\u00f6\u00f6tleja v\u00f5ib t\u00f6\u00f6delda j\u00e4rgnevaid andmesubjekti isikuandmeid:<\/p>\n<p class=\"p6\">3.1.1. Ees- ja perekonnanimi;<\/p>\n<p class=\"p6\">3.1.2. Telefoninumber;<\/p>\n<p class=\"p6\">3.2.3. e-posti aadress.<\/p>\n<p class=\"p6\">3.2. Lisaks eeltoodule on andmet\u00f6\u00f6tlejal \u00f5igus koguda kliendi kohta andmeid, mis on k\u00e4ttesaadavad avalikes registrites.<\/p>\n<p class=\"p6\">3.3. Isikuandmete t\u00f6\u00f6tlemise \u00f5iguslik alus on isikuandmete kaitse \u00fcldm\u00e4\u00e4ruse paragrahv 6 lg 1 p-d a), b), c) ja f):<\/p>\n<p class=\"p6\">a) andmesubjekt on andnud n\u00f5usoleku t\u00f6\u00f6delda oma isikuandmeid \u00fchel v\u00f5i mitmel konkreetsel eesm\u00e4rgil;<\/p>\n<p class=\"p6\">b) isikuandmete t\u00f6\u00f6tlemine on vajalik andmesubjekti osalusel s\u00f5lmitud lepingu t\u00e4itmiseks v\u00f5i lepingu s\u00f5lmimisele eelnevate meetmete v\u00f5tmiseks vastavalt andmesubjekti taotlusele;<\/p>\n<p class=\"p6\">c) isikuandmete t\u00f6\u00f6tlemine on vajalik vastutava t\u00f6\u00f6tleja teenuse osutamisega seotud kohustuse t\u00e4itmiseks;<\/p>\n<p class=\"p6\">f) isikuandmete t\u00f6\u00f6tlemine on vajalik vastutava t\u00f6\u00f6tleja v\u00f5i kolmanda isiku \u00f5igustatud huvi korral, v\u00e4lja arvatud juhul, kui sellise huvi kaaluvad \u00fcles andmesubjekti huvid v\u00f5i p\u00f5hi\u00f5igused ja -vabadused, mille nimel tuleb kaitsta isikuandmeid, eriti juhul kui andmesubjekt on alaealine.<\/p>\n<p class=\"p2\">3.4. Isikuandmete t\u00f6\u00f6tlemine vastavalt t\u00f6\u00f6tlemise eesm\u00e4rgile:<\/p>\n<p class=\"p7\">3.4.1. T\u00f6\u00f6tlemise eesm\u00e4rk \u2013 <b>julgeolek ja turvalisus<\/b><br \/>Isikuandmete s\u00e4ilitamise maksimaalne aeg \u2013 vastavalt seaduses nimetatud t\u00e4htaegadele<\/p>\n<p class=\"p7\">3.4.2. T\u00f6\u00f6tlemise eesm\u00e4rk \u2013 <b>tellimuse t\u00f6\u00f6tlemine (tooted, teenused)<\/b><br \/>Isikuandmete s\u00e4ilitamise maksimaalne aeg \u2013&nbsp;7 aastat<\/p>\n<p class=\"p7\">3.4.4. T\u00f6\u00f6tlemise eesm\u00e4rk \u2013 <b>kliendihaldus<\/b><br \/>Isikuandmete s\u00e4ilitamise maksimaalne aeg \u2013&nbsp;7 aastat<\/p>\n<p class=\"p7\">3.4.5. T\u00f6\u00f6tlemise eesm\u00e4rk \u2013 <b>finantstegevus, raamatupidamine<\/b><br \/>Isikuandmete s\u00e4ilitamise maksimaalne aeg \u2013 vastavalt seaduses nimetatud t\u00e4htaegadele<\/p>\n<p class=\"p7\">3.4.6. T\u00f6\u00f6tlemise eesm\u00e4rk \u2013 <b>turundus<\/b><br \/>Isikuandmete s\u00e4ilitamise maksimaalne aeg \u2013&nbsp;2 aastat<\/p>\n<p class=\"p2\">3.5. Andmet\u00f6\u00f6tlejal on \u00f5igus klientide isikuandmeid jagada kolmandate isikutega, kelleks on n\u00e4iteks volitatud andmet\u00f6\u00f6tlejad, raamatupidajad, transpordi- ja kullerettev\u00f5tted, pangateenuseid pakkuvad ettev\u00f5tted. Andmet\u00f6\u00f6tleja on isikuandmete vastutav t\u00f6\u00f6tleja. Andmet\u00f6\u00f6tleja edastab maksete teostamiseks vajalikud isikuandmed n\u00e4iteks volitatud t\u00f6\u00f6tleja Maksekeskus AS-ile, Smart ID-le, pankadele, Maksuametile.<\/p>\n<p class=\"p2\">3.6. Andmesubjekti isikuandmete t\u00f6\u00f6tlemisel ja s\u00e4ilitamisel rakendab andmet\u00f6\u00f6tleja organisatoorseid ja tehnilisi meetmeid, mis tagavad isikuandmete kaitse juhusliku v\u00f5i ebaseadusliku h\u00e4vitamise, muutmise, avalikustamise ja mis tahes muu ebaseadusliku t\u00f6\u00f6tlemise eest.<\/p>\n<p class=\"p2\">3.7. Andmet\u00f6\u00f6tleja s\u00e4ilitab andmesubjektide andmeid s\u00f5ltuvalt t\u00f6\u00f6tlemise eesm\u00e4rgist, kuid mitte kauem kui&nbsp;<b>10<\/b><b> <\/b>aastat.<\/p>\n<p class=\"p2\">3.8. Kogume ja t\u00f6\u00f6tleme ainult vajalikke andmeid ning kustutame aegunud andmed esimesel v\u00f5imalusel.<\/p>\n<p class=\"p2\"><b>4. K\u00fcpsised kodulehel<\/b><\/p>\n<p class=\"p3\">4.1. <span class=\"s1\"><b>Terviseturism O\u00dc<\/b><\/span> veebisait v\u00f5ib muu hulgas kasutada k\u00fcpsiseid, mobiilseadmete identifikaatoreid ja veebimajakaid, ilma et see kahjustaks privaatsust. K\u00fcpsiseid ja muid sarnaseid tehnoloogiaid kasutatakse andmete kogumiseks selle kohta, kuidas ja millal teenuseid kasutatakse: milliselt veebisaidilt on kasutaja teenusesse sisenenud, milliseid veebisaite kasutaja on sirvinud, millist sisu kasutaja on n\u00e4inud ja kl\u00f5psanud ning millisel kasutaja ekraanil eraldusv\u00f5ime, milline seadme versioon on.<\/p>\n<p class=\"p3\">4.2. K\u00fcpsiseid saab kasutada toodete ja teenuste t\u00e4iustamiseks ning kasutajale huvipakkuva sisu kuvamiseks. K\u00f5ige olulisem aspekt on tagada teenuste ohutus. Meie teenused kasutavad k\u00f5ige rohkem k\u00fcpsiseid, veebimajakaid, kohalikke andmete salvestamise tehnikaid, mobiilseadmete identifikaatoreid ja serverilogisid.<\/p>\n<p class=\"p3\"><i>\u00dcksikut kasutajat ei saa tuvastada ainult k\u00fcpsistega ja teenus ei leia selliseid asju nagu kasutaja nimi v\u00f5i e-posti aadress, v\u00e4lja arvatud juhul, kui kasutaja on need andnud. Kui kasutaja on sisse loginud digitaalsesse teenusesse, n\u00e4iteks oma rakendusse, saame \u00fchendada andmed, mida oleme kasutaja kohta t\u00e4heldanud andmetega, mille kasutaja on ise esitanud ja mis neid identifitseerib<\/i>.<\/p>\n<p class=\"p3\"><b>5. Privaatsus veebisaidil<\/b><\/p>\n<p class=\"p3\">5.1. Enne meie veebisaidi kasutamist soovitame tutvuda teenuste kasutustingimustega. Veebisaidi sisu, nagu tekst, graafika, nimed, pildid, graafikud, joonised, logod, ikoonid, helisalvestised ja tarkvara, kuulub <span class=\"s1\"><b>Terviseturism O\u00dc-le<\/b><\/span>. K\u00f5ik \u00f5igused sellele materjalile on reserveeritud. Materjali kopeerimine, edastamine, muutmine, salvestamine, avaldamine ja levitamine on keelatud ilma <span class=\"s1\"><b>Terviseturism O\u00dc<\/b><\/span> kirjaliku loata. Veebisaidi vaatamine arvutis v\u00f5i sarnases seadmes ja v\u00e4ljatr\u00fckkide isiklikuks kasutamiseks on lubatud. Avalikus suhtluses avalikuks m\u00f5eldud dokumentide kasutamine on lubatud, kuid alati tuleb mainida teabe allikat.<\/p>\n<p class=\"p3\">5.2. Kodulehel avaldatud materjali ei saa pidada <span class=\"s1\"><b>Terviseturism O\u00dc<\/b><\/span> \u00f5iguslikult siduvaks pakkumiseks v\u00f5i kohustuseks. <span class=\"s1\"><b>Terviseturism O\u00dc<\/b><\/span> j\u00e4tab endale \u00f5iguse teha muudatusi materjalis ja veebisaidi kasutustingimustes, juurdep\u00e4\u00e4sule sellele v\u00f5i muudele saidi funktsioonidele ega garanteeri, et veebisaidile p\u00e4\u00e4sete juurde ilma vigade ja katkestusteta.<\/p>\n<p class=\"p3\">5.3. <span class=\"s1\"><b>Terviseturism O\u00dc<\/b><\/span> ei vastuta otseste ega kaudsete kulude v\u00f5i kahjude eest, mis on tingitud veebisaidi kasutamisest v\u00f5i kasutamise katkestamisest v\u00f5i selle sisulisest materjalist. Lisaks ei vastuta <b>Terviseturism O\u00dc<\/b> infos\u00fcsteemi v\u00f5i telekommunikatsiooni katkestuste ega vigade ega pahatahtliku tarkvara p\u00f5hjustatud kahjude ega kahjustuste eest.<\/p>\n<p class=\"p3\">5.4. <span class=\"s1\"><b>Terviseturism O\u00dc<\/b><\/span> ei vastuta kolmanda osapoole veebisaidi ega materjali eest, millele <span class=\"s1\"><b>Terviseturism O\u00dc<\/b><\/span> veebisaidil on link v\u00f5i viide.<\/p>\n<p class=\"p6\"><b>6. Andmesubjekti \u00f5igused<\/b><\/p>\n<p class=\"p6\">6.1. Andmesubjektil on \u00f5igus saada ligip\u00e4\u00e4s oma isikuandmetele ning nendega tutvuda.<\/p>\n<p class=\"p6\">6.2. Andmesubjektil on \u00f5igus saada informatsiooni tema isikuandmete t\u00f6\u00f6tlemise kohta.<\/p>\n<p class=\"p6\">6.3. Andmesubjektil on \u00f5igus t\u00e4iendada v\u00f5i parandada ebat\u00e4pseid andmeid.<\/p>\n<p class=\"p6\">6.4. Kui andmet\u00f6\u00f6tleja t\u00f6\u00f6tleb andmesubjekti isikuandmeid andmesubjekti n\u00f5usoleku alusel, siis on andmesubjektil \u00f5igus igal ajal n\u00f5usolek tagasi v\u00f5tta.<\/p>\n<p class=\"p6\">6.5. Andmesubjekt saab \u00f5iguste teostamiseks p\u00f6\u00f6rduda <b>Terviseturism O\u00dc<\/b> isikuandmete t\u00f6\u00f6tlemise eest vastutava isiku poole aadressil&nbsp;<a href=\"mailto:info@bodymed.ee\"><span class=\"s6\">mailto:info@bodymed.ee<\/span><\/a><\/p>\n<p class=\"p6\">6.6. Andmesubjektil on oma \u00f5iguste kaitseks v\u00f5imalik esitada kaebus Andmekaitse Inspektsioonile.<\/p>\n<p class=\"p2\"><b>7. L\u00f5pps\u00e4tted<\/b><\/p>\n<p class=\"p2\">7.1. K\u00e4esolevad andmekaitsetingimused on koostatud koosk\u00f5las Euroopa Parlamendi ja n\u00f5ukogu m\u00e4\u00e4rusega (EL) nr 2016\/679 f\u00fc\u00fcsiliste isikute kaitse kohta isikuandmete t\u00f6\u00f6tlemisel ja selliste andmete vaba liikumise ning direktiivi 95\/46 \/ E\u00dc kehtetuks tunnistamise kohta \/ E\u00dc (isikuandmete kaitse \u00fcldm\u00e4\u00e4rus), Eesti Vabariigi isikuandmete kaitse seadusega ning Eesti Vabariigi ja Euroopa Liidu \u00f5igusaktidega.<\/p>\n<p class=\"p2\">7.2. Andmet\u00f6\u00f6tlejal on \u00f5igus andmekaitsetingimusi osaliselt v\u00f5i t\u00e4ielikult muuta, teavitades andmesubjekte muudatustest kodulehe&nbsp;<a href=\"https:\/\/bodymed.ee\/fi\/\"><span class=\"s6\">https:\/\/bodymed.ee\/<\/span><\/a> kaudu.<\/p>\n\t\t\t\t\t\t\t\t<\/div>\n\t\t\t\t<\/div>\n\t\t\t\t\t<\/div>\n\t\t<\/div>\n\t\t\t\t\t<\/div>\n\t\t<\/section>\n\t\t\t\t<\/div>\n\t\t","protected":false},"excerpt":{"rendered":"<p>&nbsp; &nbsp; &nbsp; &nbsp; &nbsp; &nbsp; &nbsp; &nbsp; &nbsp; &nbsp; &nbsp; &nbsp; &nbsp; &nbsp; &nbsp; &nbsp; &nbsp; &nbsp; &nbsp; &nbsp; &nbsp; &nbsp; &nbsp; &nbsp; &nbsp; &nbsp; &nbsp; &nbsp; &nbsp; &nbsp; &nbsp; &nbsp; &nbsp; &nbsp; &nbsp; &nbsp; &nbsp; &nbsp; &nbsp; &nbsp; &nbsp; &nbsp; &nbsp; &nbsp; &nbsp; &nbsp; &nbsp; &nbsp; &nbsp; &nbsp; &nbsp; &nbsp; &nbsp; &nbsp; &nbsp; [&hellip;]<\/p>\n","protected":false},"author":14,"featured_media":0,"parent":0,"menu_order":0,"comment_status":"closed","ping_status":"closed","template":"","meta":{"site-sidebar-layout":"no-sidebar","site-content-layout":"page-builder","ast-site-content-layout":"default","site-content-style":"default","site-sidebar-style":"default","ast-global-header-display":"","ast-banner-title-visibility":"","ast-main-header-display":"","ast-hfb-above-header-display":"","ast-hfb-below-header-display":"","ast-hfb-mobile-header-display":"","site-post-title":"disabled","ast-breadcrumbs-content":"","ast-featured-img":"disabled","footer-sml-layout":"","ast-disable-related-posts":"","theme-transparent-header-meta":"","adv-header-id-meta":"","stick-header-meta":"","header-above-stick-meta":"","header-main-stick-meta":"","header-below-stick-meta":"","astra-migrate-meta-layouts":"default","ast-page-background-enabled":"default","ast-page-background-meta":{"desktop":{"background-color":"","background-image":"","background-repeat":"repeat","background-position":"center center","background-size":"auto","background-attachment":"scroll","background-type":"","background-media":"","overlay-type":"","overlay-color":"","overlay-opacity":"","overlay-gradient":""},"tablet":{"background-color":"","background-image":"","background-repeat":"repeat","background-position":"center center","background-size":"auto","background-attachment":"scroll","background-type":"","background-media":"","overlay-type":"","overlay-color":"","overlay-opacity":"","overlay-gradient":""},"mobile":{"background-color":"","background-image":"","background-repeat":"repeat","background-position":"center center","background-size":"auto","background-attachment":"scroll","background-type":"","background-media":"","overlay-type":"","overlay-color":"","overlay-opacity":"","overlay-gradient":""}},"ast-content-background-meta":{"desktop":{"background-color":"var(--ast-global-color-5)","background-image":"","background-repeat":"repeat","background-position":"center center","background-size":"auto","background-attachment":"scroll","background-type":"","background-media":"","overlay-type":"","overlay-color":"","overlay-opacity":"","overlay-gradient":""},"tablet":{"background-color":"var(--ast-global-color-5)","background-image":"","background-repeat":"repeat","background-position":"center center","background-size":"auto","background-attachment":"scroll","background-type":"","background-media":"","overlay-type":"","overlay-color":"","overlay-opacity":"","overlay-gradient":""},"mobile":{"background-color":"var(--ast-global-color-5)","background-image":"","background-repeat":"repeat","background-position":"center center","background-size":"auto","background-attachment":"scroll","background-type":"","background-media":"","overlay-type":"","overlay-color":"","overlay-opacity":"","overlay-gradient":""}},"_themeisle_gutenberg_block_has_review":false,"footnotes":""},"class_list":["post-3633","page","type-page","status-publish","hentry"],"_links":{"self":[{"href":"https:\/\/bodymed.ee\/fi\/wp-json\/wp\/v2\/pages\/3633","targetHints":{"allow":["GET"]}}],"collection":[{"href":"https:\/\/bodymed.ee\/fi\/wp-json\/wp\/v2\/pages"}],"about":[{"href":"https:\/\/bodymed.ee\/fi\/wp-json\/wp\/v2\/types\/page"}],"author":[{"embeddable":true,"href":"https:\/\/bodymed.ee\/fi\/wp-json\/wp\/v2\/users\/14"}],"replies":[{"embeddable":true,"href":"https:\/\/bodymed.ee\/fi\/wp-json\/wp\/v2\/comments?post=3633"}],"version-history":[{"count":1,"href":"https:\/\/bodymed.ee\/fi\/wp-json\/wp\/v2\/pages\/3633\/revisions"}],"predecessor-version":[{"id":3634,"href":"https:\/\/bodymed.ee\/fi\/wp-json\/wp\/v2\/pages\/3633\/revisions\/3634"}],"wp:attachment":[{"href":"https:\/\/bodymed.ee\/fi\/wp-json\/wp\/v2\/media?parent=3633"}],"curies":[{"name":"wp","href":"https:\/\/api.w.org\/{rel}","templated":true}]}}