{"id":4268,"date":"2023-10-05T07:19:07","date_gmt":"2023-10-05T07:19:07","guid":{"rendered":"https:\/\/bodymed.ee\/andruse-kogemus-juustesiirdamisel-turgis\/"},"modified":"2023-10-05T07:24:49","modified_gmt":"2023-10-05T07:24:49","slug":"andrus-kokemus-hiustensiirrosta-turkissa","status":"publish","type":"page","link":"https:\/\/bodymed.ee\/fi\/andrus-kokemus-hiustensiirrosta-turkissa\/","title":{"rendered":"Andrus -kokemus hiustensiirrosta Turkissa"},"content":{"rendered":"\t\t<div data-elementor-type=\"wp-page\" data-elementor-id=\"4268\" class=\"elementor elementor-4268 elementor-2404\">\n\t\t\t\t\t\t<section class=\"elementor-section elementor-top-section elementor-element elementor-element-c1e5add elementor-section-boxed elementor-section-height-default elementor-section-height-default\" data-id=\"c1e5add\" data-element_type=\"section\" data-e-type=\"section\">\n\t\t\t\t\t\t<div class=\"elementor-container elementor-column-gap-default\">\n\t\t\t\t\t<div class=\"elementor-column elementor-col-100 elementor-top-column elementor-element elementor-element-0680d5b\" data-id=\"0680d5b\" data-element_type=\"column\" data-e-type=\"column\">\n\t\t\t<div class=\"elementor-widget-wrap elementor-element-populated\">\n\t\t\t\t\t\t<div class=\"elementor-element elementor-element-05e38c0 elementor-widget elementor-widget-heading\" data-id=\"05e38c0\" data-element_type=\"widget\" data-e-type=\"widget\" data-widget_type=\"heading.default\">\n\t\t\t\t<div class=\"elementor-widget-container\">\n\t\t\t\t\t<h3 class=\"elementor-heading-title elementor-size-default\">Andrus -kokemus hiustensiirrosta Turkissa<\/h3>\t\t\t\t<\/div>\n\t\t\t\t<\/div>\n\t\t\t\t<div class=\"elementor-element elementor-element-647ee21 elementor-widget elementor-widget-text-editor\" data-id=\"647ee21\" data-element_type=\"widget\" data-e-type=\"widget\" data-widget_type=\"text-editor.default\">\n\t\t\t\t<div class=\"elementor-widget-container\">\n\t\t\t\t\t\t\t\t\t<p>Nyky\u00e4\u00e4n hiustenl\u00e4ht\u00f6 ja jopa kaljuunus ovat laajalle levinnyt ongelma nuorempien miesten kanssa. Ison -Britannian tilastojen mukaan 90% miehist\u00e4 etsii jo hiustenl\u00e4ht\u00f6\u00e4, mik\u00e4 sin\u00e4ns\u00e4 on hyv\u00e4 indikaattori, koska miehet haluavat l\u00f6yt\u00e4\u00e4 ratkaisun. Stressaava el\u00e4m\u00e4 on yksi hiustenl\u00e4ht\u00f6jen t\u00e4rkeimmist\u00e4 syist\u00e4, ja sill\u00e4 on kest\u00e4v\u00e4 ja niin kutsuttu el\u00e4m\u00e4takuu, ratkaisu hiustensiirtoon, joka istuttaa hiukset omasta luovuttajan asemastaan halutulla alueella.<\/p><p>On mahdollista laajentaa ja s\u00e4\u00e4t\u00e4\u00e4 hiusrajaa, istuttaa se p\u00e4\u00e4h\u00e4n tai palauttaa hiusten kasvu koko koko. Joissakin tapauksissa toimenpide on toistettava hiusten tiheydelle, koska suurin osa sipuleista siirret\u00e4\u00e4n enimm\u00e4kseen, mutta jo siirrettyj\u00e4 follikkelia ei en\u00e4\u00e4 pudota.<\/p><p>Andrus (nimi muutettu) on etsinyt ratkaisua kaljuun p\u00e4\u00e4h\u00e4n l\u00e4hes 25 vuotta. Kun h\u00e4n kuuli tutun kokemuksen ulkomaisesta palveluntarjoajasta, h\u00e4n p\u00e4\u00e4tti testata itsens\u00e4. Tulos ei kuitenkaan ollut niin hyv\u00e4 kuin h\u00e4n oli odottanut, siirtym\u00e4paikat olivat harvat tai paljon v\u00e4hemm\u00e4n siirrettyj\u00e4 ja palvelun laatu j\u00e4tettiin toivomisen varalta. Hiussiirtomenettelyt alkavat Saksassa noin 6000 eurolla, emme viel\u00e4 tarjoa Viron ja Andrus -toimenpiteit\u00e4 kuullut suosituksen Turkin klinikalle. Andrus sanoo t\u00e4n\u00e4\u00e4n. \u201dSain eritt\u00e4in miellytt\u00e4v\u00e4n palvelun ja kaikki meni hyvin. Menettelyp\u00e4iv\u00e4n\u00e4 suoritettiin hiusjuurianalyysi, miss\u00e4 n\u00e4in p\u00e4\u00e4nahani ja pienet hiukset, jotka ulkonevat n\u00e4yt\u00f6lt\u00e4 mikroskooppisesti. Tutkimuksen ja i\u00e4n sis\u00e4lt\u00e4v\u00e4n kyselylomakkeen t\u00e4ytt\u00e4misen j\u00e4lkeen, l\u00e4p\u00e4issyt sairaudet ja muut samanlaiset tiedot asiantuntijalle, minut johdettiin menettelyhuoneeseen. Minut laitettiin s\u00e4nkyyn 15 minuutiksi, joten kokonaisanestesian aikana otettiin Kukal -luovuttaja -alueeni, hiuslamput tarvittiin. Her\u00e4sin, tunsin kipua, ja lis\u00e4ksi koko p\u00e4\u00e4nahani nukutettiin ja elinsiirto voisi alkaa. Kesti noin 8 tuntia, ja laskeminen kesti yleens\u00e4 6-8 tuntia. Tein sen ennen syksy\u00e4, koska tiesin, ett\u00e4 kylmempi aika oli tulossa ja pystyin peitt\u00e4m\u00e4\u00e4n p\u00e4\u00e4ni hatulla. Suoraan auringonvaloon ensimm\u00e4inen kuukausi on piilotettava huolellisesti. Viel\u00e4 6 kuukauden kuluttua shampoolla ja hoitoaineella asetettiin -hoito, ja mesoterapia suoritettiin paikalla, mik\u00e4 puolestaan auttaa lis\u00e4\u00e4m\u00e4\u00e4n hiusten kasvua. \u201d<\/p><p>\u201dJossain 4. kuukaudessa hiukset alkoivat kasvaa ja vaikuttaa uskomattomalta, mit\u00e4 voidaan saavuttaa nykyp\u00e4iv\u00e4n tekniikalla. Hiusteni lis\u00e4ksi sain takaisin luottamukseni ja pid\u00e4n paljon enemm\u00e4n huolta p\u00e4\u00e4ni kuin ennen. Esimerkiksi, kun menen saunaan, peit\u00e4n aina melkein saunahattu, jotta liiallinen l\u00e4mm\u00f6 ei ole liian paljon, p\u00e4\u00e4nahka on suojattava auringon s\u00e4teilyst\u00e4 ja my\u00f6s kylm\u00e4st\u00e4 talvella. Lis\u00e4ksi kulutan nyt valmisteita, jotka edist\u00e4v\u00e4t hiusten kasvua, esimerkiksi biotatiota, ja sain muita hy\u00f6dyllisi\u00e4 vinkkej\u00e4 klinikalta. Viisi plus! &#8221; Andrus antaa arvioinnin.<\/p><p>Istanbulille ei tarvita erityist\u00e4 valmistelua hiussiirtomenettelyyn, ja menettely voidaan linkitt\u00e4\u00e4 lomalle. Ainoastaan menettelytapahtuman aikana se on kuitenkin syyt\u00e4 harkita valitsemastasi paketista riippuen Istanbulissa 3. tai 4. p\u00e4iv\u00e4n\u00e4. Paketin hinta alkaa 1200 \u20ac, joka sis\u00e4lt\u00e4\u00e4 majoituksen aamiaisella, kaikki siirrot lentokent\u00e4lt\u00e4 klinikalle ja my\u00f6hemmin takaisin lentokent\u00e4lle, paikananalyysien menettelyn lis\u00e4ksi. Kantasolujen hoito, jotka ovat nyky\u00e4\u00e4n yh\u00e4 suositumpia, ja plasmahoidon voidaan sallia tehd\u00e4. Ensimm\u00e4inen askel menettelyn varaamisessa on v\u00e4litt\u00e4\u00e4 kuvia p\u00e4\u00e4st\u00e4mme tai halutusta alueesta, koska klinikka siirret\u00e4\u00e4n jopa kulmakarvoihin ja parta -alueelle. Jos p\u00e4\u00e4n p\u00e4\u00e4 puuttuu ollenkaan, vartaloon valitaan toinen alue ja sielt\u00e4 luovuttajien follikkelit. L\u00e4het\u00e4mme kuvat Istanbul -klinikalle asiantuntijalle, ja meid\u00e4n kauttamme tai meid\u00e4n kauttamme jatkat kommunikointia ja varaa Istanbul -klinikan kanssa.<\/p><p>Kysymyksi\u00e4 tai varata aikaa, kirjoita<\/p><p><b>info@bodymed.ee\u00a0<br \/>\u00a054410004<\/b><\/p><p>Toivoen unelma toteutumaan<\/p>\t\t\t\t\t\t\t\t<\/div>\n\t\t\t\t<\/div>\n\t\t\t\t\t<\/div>\n\t\t<\/div>\n\t\t\t\t\t<\/div>\n\t\t<\/section>\n\t\t\t\t<\/div>\n\t\t","protected":false},"excerpt":{"rendered":"<p>Andrus -kokemus hiustensiirrosta Turkissa Nyky\u00e4\u00e4n hiustenl\u00e4ht\u00f6 ja jopa kaljuunus ovat laajalle levinnyt ongelma nuorempien miesten kanssa. Ison -Britannian tilastojen mukaan 90% miehist\u00e4 etsii jo hiustenl\u00e4ht\u00f6\u00e4, mik\u00e4 sin\u00e4ns\u00e4 on hyv\u00e4 indikaattori, koska miehet haluavat l\u00f6yt\u00e4\u00e4 ratkaisun. Stressaava el\u00e4m\u00e4 on yksi hiustenl\u00e4ht\u00f6jen t\u00e4rkeimmist\u00e4 syist\u00e4, ja sill\u00e4 on kest\u00e4v\u00e4 ja niin kutsuttu el\u00e4m\u00e4takuu, ratkaisu hiustensiirtoon, joka istuttaa hiukset [&hellip;]<\/p>\n","protected":false},"author":1,"featured_media":0,"parent":0,"menu_order":0,"comment_status":"closed","ping_status":"closed","template":"","meta":{"site-sidebar-layout":"no-sidebar","site-content-layout":"page-builder","ast-site-content-layout":"default","site-content-style":"default","site-sidebar-style":"default","ast-global-header-display":"","ast-banner-title-visibility":"","ast-main-header-display":"","ast-hfb-above-header-display":"","ast-hfb-below-header-display":"","ast-hfb-mobile-header-display":"","site-post-title":"disabled","ast-breadcrumbs-content":"","ast-featured-img":"disabled","footer-sml-layout":"","ast-disable-related-posts":"","theme-transparent-header-meta":"default","adv-header-id-meta":"","stick-header-meta":"","header-above-stick-meta":"","header-main-stick-meta":"","header-below-stick-meta":"","astra-migrate-meta-layouts":"set","ast-page-background-enabled":"default","ast-page-background-meta":{"desktop":{"background-color":"","background-image":"","background-repeat":"repeat","background-position":"center center","background-size":"auto","background-attachment":"scroll","background-type":"","background-media":"","overlay-type":"","overlay-color":"","overlay-opacity":"","overlay-gradient":""},"tablet":{"background-color":"","background-image":"","background-repeat":"repeat","background-position":"center center","background-size":"auto","background-attachment":"scroll","background-type":"","background-media":"","overlay-type":"","overlay-color":"","overlay-opacity":"","overlay-gradient":""},"mobile":{"background-color":"","background-image":"","background-repeat":"repeat","background-position":"center center","background-size":"auto","background-attachment":"scroll","background-type":"","background-media":"","overlay-type":"","overlay-color":"","overlay-opacity":"","overlay-gradient":""}},"ast-content-background-meta":{"desktop":{"background-color":"var(--ast-global-color-5)","background-image":"","background-repeat":"repeat","background-position":"center center","background-size":"auto","background-attachment":"scroll","background-type":"","background-media":"","overlay-type":"","overlay-color":"","overlay-opacity":"","overlay-gradient":""},"tablet":{"background-color":"var(--ast-global-color-5)","background-image":"","background-repeat":"repeat","background-position":"center center","background-size":"auto","background-attachment":"scroll","background-type":"","background-media":"","overlay-type":"","overlay-color":"","overlay-opacity":"","overlay-gradient":""},"mobile":{"background-color":"var(--ast-global-color-5)","background-image":"","background-repeat":"repeat","background-position":"center center","background-size":"auto","background-attachment":"scroll","background-type":"","background-media":"","overlay-type":"","overlay-color":"","overlay-opacity":"","overlay-gradient":""}},"_themeisle_gutenberg_block_has_review":false,"footnotes":""},"class_list":["post-4268","page","type-page","status-publish","hentry"],"_links":{"self":[{"href":"https:\/\/bodymed.ee\/fi\/wp-json\/wp\/v2\/pages\/4268","targetHints":{"allow":["GET"]}}],"collection":[{"href":"https:\/\/bodymed.ee\/fi\/wp-json\/wp\/v2\/pages"}],"about":[{"href":"https:\/\/bodymed.ee\/fi\/wp-json\/wp\/v2\/types\/page"}],"author":[{"embeddable":true,"href":"https:\/\/bodymed.ee\/fi\/wp-json\/wp\/v2\/users\/1"}],"replies":[{"embeddable":true,"href":"https:\/\/bodymed.ee\/fi\/wp-json\/wp\/v2\/comments?post=4268"}],"version-history":[{"count":5,"href":"https:\/\/bodymed.ee\/fi\/wp-json\/wp\/v2\/pages\/4268\/revisions"}],"predecessor-version":[{"id":4274,"href":"https:\/\/bodymed.ee\/fi\/wp-json\/wp\/v2\/pages\/4268\/revisions\/4274"}],"wp:attachment":[{"href":"https:\/\/bodymed.ee\/fi\/wp-json\/wp\/v2\/media?parent=4268"}],"curies":[{"name":"wp","href":"https:\/\/api.w.org\/{rel}","templated":true}]}}