{"id":4282,"date":"2023-10-05T07:32:41","date_gmt":"2023-10-05T07:32:41","guid":{"rendered":"https:\/\/bodymed.ee\/liina-uus-naeratus-turgis\/"},"modified":"2023-10-05T07:35:50","modified_gmt":"2023-10-05T07:35:50","slug":"liinan-uusi-hymy-turkissa","status":"publish","type":"page","link":"https:\/\/bodymed.ee\/fi\/liinan-uusi-hymy-turkissa\/","title":{"rendered":"Liinan uusi hymy Turkissa"},"content":{"rendered":"\t\t<div data-elementor-type=\"wp-page\" data-elementor-id=\"4282\" class=\"elementor elementor-4282 elementor-2419\">\n\t\t\t\t\t\t<section class=\"elementor-section elementor-top-section elementor-element elementor-element-c54253e elementor-section-boxed elementor-section-height-default elementor-section-height-default\" data-id=\"c54253e\" data-element_type=\"section\" data-e-type=\"section\">\n\t\t\t\t\t\t<div class=\"elementor-container elementor-column-gap-default\">\n\t\t\t\t\t<div class=\"elementor-column elementor-col-100 elementor-top-column elementor-element elementor-element-3066b08\" data-id=\"3066b08\" data-element_type=\"column\" data-e-type=\"column\">\n\t\t\t<div class=\"elementor-widget-wrap elementor-element-populated\">\n\t\t\t\t\t\t<div class=\"elementor-element elementor-element-ecb2466 elementor-widget elementor-widget-heading\" data-id=\"ecb2466\" data-element_type=\"widget\" data-e-type=\"widget\" data-widget_type=\"heading.default\">\n\t\t\t\t<div class=\"elementor-widget-container\">\n\t\t\t\t\t<h3 class=\"elementor-heading-title elementor-size-default\">Liinan uusi hymy Turkissa<\/h3>\t\t\t\t<\/div>\n\t\t\t\t<\/div>\n\t\t\t\t<div class=\"elementor-element elementor-element-21c364f elementor-widget elementor-widget-text-editor\" data-id=\"21c364f\" data-element_type=\"widget\" data-e-type=\"widget\" data-widget_type=\"text-editor.default\">\n\t\t\t\t<div class=\"elementor-widget-container\">\n\t\t\t\t\t\t\t\t\t<p>Liina vieraili Istanbulin kauneusklinikalla kes\u00e4ll\u00e4. Liina halusi hankkia esteettisesti kauniin pureman. Liina joutui asentamaan zirkoniumin kruunut ja saavutamme heti kauniin tuloksen.<\/p><p>\u201dN\u00e4en valokuvista, kuinka paljon uskallan hymyill\u00e4 nyt. Kirkkaan valkoinen kaunis hymy, se oli suurin tavoitteeni ajaessani Istanbuliin. Kuulin l\u00e4hell\u00e4 minua, ett\u00e4 Hollywood -tyylinen hymy on mahdollista eritt\u00e4in hyv\u00e4ll\u00e4 hinnalla Istanbulissa. Tarinani hampaani alkoi v\u00e4h\u00e4n ennen Coronaa, kun vierailin hammasl\u00e4\u00e4k\u00e4riss\u00e4 ja sain tarjouksen kuudesta laminaatista hintaan 6000 euroa. Olen jopa samaa mielt\u00e4 tarjouksesta, koska en n\u00e4hnyt tuolloin mit\u00e4\u00e4n muuta vaihtoehtoa. T\u00e4n\u00e4\u00e4n olen kuitenkin eritt\u00e4in tyytyv\u00e4inen siihen, ett\u00e4 en hyv\u00e4ksynyt t\u00e4llaista valintaa. Muuten minulla olisi juuri nyt vain kuusi ylemp\u00e4\u00e4 laminaattia ja se on tietysti liian v\u00e4h\u00e4n, tulos olisi ollut luonnoton. Coronan ja rajoitusten aika alkoi, enk\u00e4 en\u00e4\u00e4 voinut menn\u00e4 l\u00e4\u00e4k\u00e4rin vierailulle. Hammasl\u00e4\u00e4ketiede viiv\u00e4styi tuntemattoman ajanjakson ajan. Muutaman vuoden kuluttua kuulin kuitenkin, kuinka rakastettu oli antanut hampaiden kruunujen Turkissa ja monta kertaa halvempaa kuin t\u00e4\u00e4ll\u00e4. N\u00e4hdess\u00e4\u00e4n h\u00e4nen hymyns\u00e4, en koskaan ep\u00e4ill\u00e4\u00e4n, ja koska Turkissa oli perheloma, p\u00e4\u00e4tin, ett\u00e4 zirkonium kruunut asennettiin lomien aikana.<\/p><p>Klinikan henkil\u00f6kunta ja henkil\u00f6kohtainen hammasl\u00e4\u00e4k\u00e4ri tekiv\u00e4t eritt\u00e4in miellytt\u00e4v\u00e4n ja hy\u00f6dyllisen vaikutelman. N\u00e4htiin, ett\u00e4 joukkue on syd\u00e4nt\u00e4 k\u00e4sin ja ty\u00f6 tehd\u00e4\u00e4n eritt\u00e4in huolellisesti jokaisen v\u00e4h\u00e4isen yksityiskohdan perusteella, jota korostin haluamalla, milt\u00e4 hampaideni n\u00e4ytt\u00e4v\u00e4t.<\/p><p>Olen vaalea nainen ja valitsin kirkkaimman s\u00e4vyn. Annoin sen asentaa 10 kroonia sek\u00e4 yl\u00e4- ett\u00e4 alaleumiin. Olin eritt\u00e4in tyytyv\u00e4inen tulokseen ja suosittelen vilpitt\u00f6m\u00e4sti Bodymedia ammattimaisena palvelun v\u00e4litt\u00e4j\u00e4n\u00e4. Kaikki oli minulle odotettua enemm\u00e4n. Olen niin kiitollinen, ett\u00e4 t\u00e4m\u00e4 tilaisuus tuli el\u00e4m\u00e4\u00e4ni oikeaan aikaan.<\/p><p>Toivotan meille kaikille rohkeutta parantaa heid\u00e4n ulkon\u00e4k\u00f6\u00e4\u00e4n ja itseluottamusta \u201d, Liina sanoo.<\/p><p>Bodymed Esthetics -hampaat lainauksen pyyt\u00e4minen on helppoa. Tarjoa info@bodymed.ee suustasi panorikalla, joka sinulla voi olla useimmissa hammasklinikoissa. Sitten annamme sinulle erityisen tarjouksen ja matka Turkkiin voi alkaa. Liinan esimerkiss\u00e4 zirkonium on 200 euron\/hammashammas kruunun hinta. Asennettaessa 20 kroonia palvelun kustannukset ovat 4000 euroa, mukaan lukien yksityiset siirrot Istanbulin lentokent\u00e4lt\u00e4 hotellilta ja klinikalta, majoitusta 5* hotellissa aamiaisen ja y\u00f6n y\u00f6pymisess\u00e4 noin 7 y\u00f6t\u00e4.<\/p><p>Toivottaa kauniita hymyj\u00e4,<\/p><p>Bodymmed Viro -tiimi<\/p>\t\t\t\t\t\t\t\t<\/div>\n\t\t\t\t<\/div>\n\t\t\t\t\t<\/div>\n\t\t<\/div>\n\t\t\t\t\t<\/div>\n\t\t<\/section>\n\t\t\t\t<\/div>\n\t\t","protected":false},"excerpt":{"rendered":"<p>Liinan uusi hymy Turkissa Liina vieraili Istanbulin kauneusklinikalla kes\u00e4ll\u00e4. Liina halusi hankkia esteettisesti kauniin pureman. Liina joutui asentamaan zirkoniumin kruunut ja saavutamme heti kauniin tuloksen. \u201dN\u00e4en valokuvista, kuinka paljon uskallan hymyill\u00e4 nyt. Kirkkaan valkoinen kaunis hymy, se oli suurin tavoitteeni ajaessani Istanbuliin. Kuulin l\u00e4hell\u00e4 minua, ett\u00e4 Hollywood -tyylinen hymy on mahdollista eritt\u00e4in hyv\u00e4ll\u00e4 hinnalla Istanbulissa. [&hellip;]<\/p>\n","protected":false},"author":1,"featured_media":0,"parent":0,"menu_order":0,"comment_status":"closed","ping_status":"closed","template":"","meta":{"site-sidebar-layout":"no-sidebar","site-content-layout":"page-builder","ast-site-content-layout":"default","site-content-style":"default","site-sidebar-style":"default","ast-global-header-display":"","ast-banner-title-visibility":"","ast-main-header-display":"","ast-hfb-above-header-display":"","ast-hfb-below-header-display":"","ast-hfb-mobile-header-display":"","site-post-title":"disabled","ast-breadcrumbs-content":"","ast-featured-img":"disabled","footer-sml-layout":"","ast-disable-related-posts":"","theme-transparent-header-meta":"","adv-header-id-meta":"","stick-header-meta":"","header-above-stick-meta":"","header-main-stick-meta":"","header-below-stick-meta":"","astra-migrate-meta-layouts":"set","ast-page-background-enabled":"default","ast-page-background-meta":{"desktop":{"background-color":"","background-image":"","background-repeat":"repeat","background-position":"center center","background-size":"auto","background-attachment":"scroll","background-type":"","background-media":"","overlay-type":"","overlay-color":"","overlay-opacity":"","overlay-gradient":""},"tablet":{"background-color":"","background-image":"","background-repeat":"repeat","background-position":"center center","background-size":"auto","background-attachment":"scroll","background-type":"","background-media":"","overlay-type":"","overlay-color":"","overlay-opacity":"","overlay-gradient":""},"mobile":{"background-color":"","background-image":"","background-repeat":"repeat","background-position":"center center","background-size":"auto","background-attachment":"scroll","background-type":"","background-media":"","overlay-type":"","overlay-color":"","overlay-opacity":"","overlay-gradient":""}},"ast-content-background-meta":{"desktop":{"background-color":"var(--ast-global-color-5)","background-image":"","background-repeat":"repeat","background-position":"center center","background-size":"auto","background-attachment":"scroll","background-type":"","background-media":"","overlay-type":"","overlay-color":"","overlay-opacity":"","overlay-gradient":""},"tablet":{"background-color":"var(--ast-global-color-5)","background-image":"","background-repeat":"repeat","background-position":"center center","background-size":"auto","background-attachment":"scroll","background-type":"","background-media":"","overlay-type":"","overlay-color":"","overlay-opacity":"","overlay-gradient":""},"mobile":{"background-color":"var(--ast-global-color-5)","background-image":"","background-repeat":"repeat","background-position":"center center","background-size":"auto","background-attachment":"scroll","background-type":"","background-media":"","overlay-type":"","overlay-color":"","overlay-opacity":"","overlay-gradient":""}},"_themeisle_gutenberg_block_has_review":false,"footnotes":""},"class_list":["post-4282","page","type-page","status-publish","hentry"],"_links":{"self":[{"href":"https:\/\/bodymed.ee\/fi\/wp-json\/wp\/v2\/pages\/4282","targetHints":{"allow":["GET"]}}],"collection":[{"href":"https:\/\/bodymed.ee\/fi\/wp-json\/wp\/v2\/pages"}],"about":[{"href":"https:\/\/bodymed.ee\/fi\/wp-json\/wp\/v2\/types\/page"}],"author":[{"embeddable":true,"href":"https:\/\/bodymed.ee\/fi\/wp-json\/wp\/v2\/users\/1"}],"replies":[{"embeddable":true,"href":"https:\/\/bodymed.ee\/fi\/wp-json\/wp\/v2\/comments?post=4282"}],"version-history":[{"count":5,"href":"https:\/\/bodymed.ee\/fi\/wp-json\/wp\/v2\/pages\/4282\/revisions"}],"predecessor-version":[{"id":4287,"href":"https:\/\/bodymed.ee\/fi\/wp-json\/wp\/v2\/pages\/4282\/revisions\/4287"}],"wp:attachment":[{"href":"https:\/\/bodymed.ee\/fi\/wp-json\/wp\/v2\/media?parent=4282"}],"curies":[{"name":"wp","href":"https:\/\/api.w.org\/{rel}","templated":true}]}}