{"id":4297,"date":"2023-10-05T07:38:55","date_gmt":"2023-10-05T07:38:55","guid":{"rendered":"https:\/\/bodymed.ee\/turgi-kui-meditsiiniturismi-sihtkoht\/"},"modified":"2023-10-05T07:42:43","modified_gmt":"2023-10-05T07:42:43","slug":"turkki-laaketieteellisen-matkailun-kohteena","status":"publish","type":"page","link":"https:\/\/bodymed.ee\/fi\/turkki-laaketieteellisen-matkailun-kohteena\/","title":{"rendered":"Turkki l\u00e4\u00e4ketieteellisen matkailun kohteena"},"content":{"rendered":"\t\t<div data-elementor-type=\"wp-page\" data-elementor-id=\"4297\" class=\"elementor elementor-4297 elementor-2387\">\n\t\t\t\t\t\t<section class=\"elementor-section elementor-top-section elementor-element elementor-element-4a7f74f elementor-section-boxed elementor-section-height-default elementor-section-height-default\" data-id=\"4a7f74f\" data-element_type=\"section\" data-e-type=\"section\">\n\t\t\t\t\t\t<div class=\"elementor-container elementor-column-gap-default\">\n\t\t\t\t\t<div class=\"elementor-column elementor-col-100 elementor-top-column elementor-element elementor-element-c16c510\" data-id=\"c16c510\" data-element_type=\"column\" data-e-type=\"column\">\n\t\t\t<div class=\"elementor-widget-wrap elementor-element-populated\">\n\t\t\t\t\t\t<div class=\"elementor-element elementor-element-9dea7aa elementor-widget elementor-widget-heading\" data-id=\"9dea7aa\" data-element_type=\"widget\" data-e-type=\"widget\" data-widget_type=\"heading.default\">\n\t\t\t\t<div class=\"elementor-widget-container\">\n\t\t\t\t\t<h3 class=\"elementor-heading-title elementor-size-default\">Suosittu Turkin kohde l\u00e4\u00e4ketieteellisen\u00e4 matkailuna<\/h3>\t\t\t\t<\/div>\n\t\t\t\t<\/div>\n\t\t\t\t<div class=\"elementor-element elementor-element-1b46da7 elementor-widget elementor-widget-text-editor\" data-id=\"1b46da7\" data-element_type=\"widget\" data-e-type=\"widget\" data-widget_type=\"text-editor.default\">\n\t\t\t\t<div class=\"elementor-widget-container\">\n\t\t\t\t\t\t\t\t\t<p>Yh\u00e4 useammat ihmiset ymp\u00e4ri maailmaa pit\u00e4v\u00e4t Turkkia kauneusmenettelyjen mekkaksi. Turkki on viiden parhaan joukossa maailmassa, miss\u00e4 ihmiset ovat p\u00e4\u00e4tt\u00e4neet korjata ulkon\u00e4k\u00f6ns\u00e4 esteettisill\u00e4 toimenpiteill\u00e4. Ihmiset saapuvat Amerikasta ja Pohjois-Euroopasta, samoin kuin esimerkiksi Italian ja Ranskan kansalaiset valitsevat t\u00e4m\u00e4n ulkomaan maan tarjoamat kauneuspalvelut, joilla on paras hinta-laatu-suhde, ja t\u00e4m\u00e4 samanaikaisella lomalla. Turkin l\u00e4\u00e4ketiede puhuu nykyaikaisuudesta, ja koska l\u00e4\u00e4k\u00e4reiden k\u00e4yt\u00e4nt\u00f6 on suuri, t\u00e4llainen ammattitaito sallii tarjota huipputason palveluita.<\/p><p>Virossa tarjoamia kauneusmenettelyj\u00e4 on laaja, mutta Turkissa suositun l\u00e4\u00e4ketieteellisen matkailun kohteena se on viel\u00e4 laajempi ja yksi voimakkaimmista eduista on hintojen vertaileva etu, joka vaihtelee useita kertoja maasta toiseen maa. Turkki pystyy kuitenkin tarjoamaan niin suotuisat hinnat menettelyille, koska kysynt\u00e4 on korkea ja klinikalla ty\u00f6skentelee monia p\u00e4tevi\u00e4 ammattilaisia.<\/p><p>Bodymed, Turkin l\u00e4\u00e4ketieteellisten matkailutoimenpiteiden v\u00e4litt\u00e4j\u00e4n\u00e4 v\u00e4litt\u00e4v\u00e4 yritys, keskitymme p\u00e4\u00e4asiassa asiakkaan toiveisiin ja tarpeisiin ja korkealaatuisen palvelun tarjoamiseen. Eri menettelytapoja on mahdollista yhdist\u00e4\u00e4 samanaikaisesti Turkissa oleskelun aikana, ja korostamme Turkin klinikan paras palvelu ja henkil\u00f6kohtainen l\u00e4hestymistapa. Olemme Start-up-yritys Virossa, mutta t\u00e4h\u00e4nastiset asiakaskokemukset, jotka ovat tehneet ulkon\u00e4k\u00f6ns\u00e4 kauniimmaksi paikan p\u00e4\u00e4ll\u00e4, puhuvat puolestaan. Lentokent\u00e4n ja asiantuntijoiden paikan p\u00e4\u00e4ll\u00e4 tapahtuva vastaanotto lentokent\u00e4n siirtoon 5* hotelliin on inhimillisesti vilpit\u00f6n ja l\u00e4mmin, koska se sopii auringon maahan, ja toimenpiteet ja seurantahoito ovat maailmanluokan. Se, ett\u00e4 se on premium -luokan palvelu, on yksi tehokkaimmista palautteista, jotka voimme kuulla tyytyv\u00e4iselt\u00e4 asiakkaalta.<\/p><p>Klinikalla tarjottujen toimenpiteiden luettelo on pitk\u00e4 &#8211; kaljuuntuneet miehet voivat l\u00f6yt\u00e4\u00e4 ratkaisun hiussiirtolla rehev\u00e4n kampauksen saamiseksi. Hammas kruunut on asennettu kirkkaan hymyyn ja Hollywood -tyyliin, kuten turkkilaiset haluavat kutsua sit\u00e4. Rintojen korjaus joko implanttien tai mastopeksian kanssa, ts. Rintojen v\u00e4hent\u00e4misleikkaus, on eritt\u00e4in suosittu. Palveluettelo kuitenkin jatkuu, ja kun se yhdistet\u00e4\u00e4n useiden menettelyjen joukkoon, jokainen asiakas l\u00f6yt\u00e4\u00e4 sopivan, joka auttaa h\u00e4nt\u00e4 saavuttamaan esteettisesti kauniin tuloksen. Yksi iskulauseistamme on kauneus ja lep\u00e4\u00e4 k\u00e4si k\u00e4dess\u00e4, ja tavoitteemme on auttaa ihmisi\u00e4 l\u00f6yt\u00e4m\u00e4\u00e4n ratkaisuja ja vastauksia pitk\u00e4aikaiseen toiveisiin tulla kauniimpiin ohjaamalla asiakkaitamme parhaisiin asiantuntijoihin, joten sek\u00e4 asiakas ett\u00e4 me ovat T\u00e4ysin tyytyv\u00e4inen haluttuihin tuloksiin.<\/p><p>Toivoen kauniimpaa el\u00e4m\u00e4\u00e4,<\/p><p>Bodymed Viro<\/p>\t\t\t\t\t\t\t\t<\/div>\n\t\t\t\t<\/div>\n\t\t\t\t\t<\/div>\n\t\t<\/div>\n\t\t\t\t\t<\/div>\n\t\t<\/section>\n\t\t\t\t<\/div>\n\t\t","protected":false},"excerpt":{"rendered":"<p>Suosittu Turkin kohde l\u00e4\u00e4ketieteellisen\u00e4 matkailuna Yh\u00e4 useammat ihmiset ymp\u00e4ri maailmaa pit\u00e4v\u00e4t Turkkia kauneusmenettelyjen mekkaksi. Turkki on viiden parhaan joukossa maailmassa, miss\u00e4 ihmiset ovat p\u00e4\u00e4tt\u00e4neet korjata ulkon\u00e4k\u00f6ns\u00e4 esteettisill\u00e4 toimenpiteill\u00e4. Ihmiset saapuvat Amerikasta ja Pohjois-Euroopasta, samoin kuin esimerkiksi Italian ja Ranskan kansalaiset valitsevat t\u00e4m\u00e4n ulkomaan maan tarjoamat kauneuspalvelut, joilla on paras hinta-laatu-suhde, ja t\u00e4m\u00e4 samanaikaisella lomalla. Turkin [&hellip;]<\/p>\n","protected":false},"author":1,"featured_media":0,"parent":0,"menu_order":0,"comment_status":"closed","ping_status":"closed","template":"","meta":{"site-sidebar-layout":"no-sidebar","site-content-layout":"page-builder","ast-site-content-layout":"default","site-content-style":"default","site-sidebar-style":"default","ast-global-header-display":"","ast-banner-title-visibility":"","ast-main-header-display":"","ast-hfb-above-header-display":"","ast-hfb-below-header-display":"","ast-hfb-mobile-header-display":"","site-post-title":"disabled","ast-breadcrumbs-content":"","ast-featured-img":"disabled","footer-sml-layout":"","ast-disable-related-posts":"","theme-transparent-header-meta":"","adv-header-id-meta":"","stick-header-meta":"","header-above-stick-meta":"","header-main-stick-meta":"","header-below-stick-meta":"","astra-migrate-meta-layouts":"set","ast-page-background-enabled":"default","ast-page-background-meta":{"desktop":{"background-color":"","background-image":"","background-repeat":"repeat","background-position":"center center","background-size":"auto","background-attachment":"scroll","background-type":"","background-media":"","overlay-type":"","overlay-color":"","overlay-opacity":"","overlay-gradient":""},"tablet":{"background-color":"","background-image":"","background-repeat":"repeat","background-position":"center center","background-size":"auto","background-attachment":"scroll","background-type":"","background-media":"","overlay-type":"","overlay-color":"","overlay-opacity":"","overlay-gradient":""},"mobile":{"background-color":"","background-image":"","background-repeat":"repeat","background-position":"center center","background-size":"auto","background-attachment":"scroll","background-type":"","background-media":"","overlay-type":"","overlay-color":"","overlay-opacity":"","overlay-gradient":""}},"ast-content-background-meta":{"desktop":{"background-color":"var(--ast-global-color-5)","background-image":"","background-repeat":"repeat","background-position":"center center","background-size":"auto","background-attachment":"scroll","background-type":"","background-media":"","overlay-type":"","overlay-color":"","overlay-opacity":"","overlay-gradient":""},"tablet":{"background-color":"var(--ast-global-color-5)","background-image":"","background-repeat":"repeat","background-position":"center center","background-size":"auto","background-attachment":"scroll","background-type":"","background-media":"","overlay-type":"","overlay-color":"","overlay-opacity":"","overlay-gradient":""},"mobile":{"background-color":"var(--ast-global-color-5)","background-image":"","background-repeat":"repeat","background-position":"center center","background-size":"auto","background-attachment":"scroll","background-type":"","background-media":"","overlay-type":"","overlay-color":"","overlay-opacity":"","overlay-gradient":""}},"_themeisle_gutenberg_block_has_review":false,"footnotes":""},"class_list":["post-4297","page","type-page","status-publish","hentry"],"_links":{"self":[{"href":"https:\/\/bodymed.ee\/fi\/wp-json\/wp\/v2\/pages\/4297","targetHints":{"allow":["GET"]}}],"collection":[{"href":"https:\/\/bodymed.ee\/fi\/wp-json\/wp\/v2\/pages"}],"about":[{"href":"https:\/\/bodymed.ee\/fi\/wp-json\/wp\/v2\/types\/page"}],"author":[{"embeddable":true,"href":"https:\/\/bodymed.ee\/fi\/wp-json\/wp\/v2\/users\/1"}],"replies":[{"embeddable":true,"href":"https:\/\/bodymed.ee\/fi\/wp-json\/wp\/v2\/comments?post=4297"}],"version-history":[{"count":5,"href":"https:\/\/bodymed.ee\/fi\/wp-json\/wp\/v2\/pages\/4297\/revisions"}],"predecessor-version":[{"id":4302,"href":"https:\/\/bodymed.ee\/fi\/wp-json\/wp\/v2\/pages\/4297\/revisions\/4302"}],"wp:attachment":[{"href":"https:\/\/bodymed.ee\/fi\/wp-json\/wp\/v2\/media?parent=4297"}],"curies":[{"name":"wp","href":"https:\/\/api.w.org\/{rel}","templated":true}]}}