{"id":4307,"date":"2023-10-05T07:49:49","date_gmt":"2023-10-05T07:49:49","guid":{"rendered":"https:\/\/bodymed.ee\/marguse-ninaloikus-turgis\/"},"modified":"2023-10-05T07:51:07","modified_gmt":"2023-10-05T07:51:07","slug":"margusin-nenan-leikkaus-tai-rhinoplastia-turkissa","status":"publish","type":"page","link":"https:\/\/bodymed.ee\/fi\/margusin-nenan-leikkaus-tai-rhinoplastia-turkissa\/","title":{"rendered":"Margusin nen\u00e4n leikkaus tai rhinoplastia Turkissa"},"content":{"rendered":"\t\t<div data-elementor-type=\"wp-page\" data-elementor-id=\"4307\" class=\"elementor elementor-4307 elementor-2367\">\n\t\t\t\t\t\t<section class=\"elementor-section elementor-top-section elementor-element elementor-element-957ede0 elementor-section-boxed elementor-section-height-default elementor-section-height-default\" data-id=\"957ede0\" data-element_type=\"section\" data-e-type=\"section\">\n\t\t\t\t\t\t<div class=\"elementor-container elementor-column-gap-default\">\n\t\t\t\t\t<div class=\"elementor-column elementor-col-100 elementor-top-column elementor-element elementor-element-efb8b8c\" data-id=\"efb8b8c\" data-element_type=\"column\" data-e-type=\"column\">\n\t\t\t<div class=\"elementor-widget-wrap elementor-element-populated\">\n\t\t\t\t\t\t<div class=\"elementor-element elementor-element-bf983e5 elementor-widget elementor-widget-heading\" data-id=\"bf983e5\" data-element_type=\"widget\" data-e-type=\"widget\" data-widget_type=\"heading.default\">\n\t\t\t\t<div class=\"elementor-widget-container\">\n\t\t\t\t\t<h3 class=\"elementor-heading-title elementor-size-default\">Margusin nen\u00e4n leikkaus tai rhinoplastia Turkissa<\/h3>\t\t\t\t<\/div>\n\t\t\t\t<\/div>\n\t\t\t\t<div class=\"elementor-element elementor-element-925f377 elementor-widget elementor-widget-text-editor\" data-id=\"925f377\" data-element_type=\"widget\" data-e-type=\"widget\" data-widget_type=\"text-editor.default\">\n\t\t\t\t<div class=\"elementor-widget-container\">\n\t\t\t\t\t\t\t\t\t<p>Monet ihmiset joutuvat kohtaamaan dilemman uudestaan ja uudestaan &#8211; kuinka n\u00e4ytt\u00e4\u00e4 nuorekkaammalta? Kuinka haluaisit heijastukseni viel\u00e4 enemm\u00e4n? L\u00e4hes kaikilla meist\u00e4 on ollut samanlaisia kysymyksi\u00e4, ja aina on ratkaisuja itseluottamuksen lis\u00e4\u00e4miseksi kauniimmalla ulkon\u00e4\u00f6ll\u00e4. Totuus on, ett\u00e4 kauneus alkaa sis\u00e4puolelta, mik\u00e4 tarkoittaa sis\u00e4ist\u00e4 tasapainoa ja tyytyv\u00e4isyytt\u00e4, mutta t\u00e4m\u00e4n ei pit\u00e4isi tarkoittaa sit\u00e4, ett\u00e4 ulkon\u00e4kosi huolehtiminen olisi j\u00e4tett\u00e4v\u00e4.<\/p><p>Turkki tunnetaan korkealaatuisista nen\u00e4ty\u00f6ntekij\u00f6ist\u00e4, koska monet arabit ovat jo perineet pitk\u00e4n tai vino nen\u00e4n geneettisen\u00e4 perinn\u00f6n\u00e4, jonka ymp\u00e4r\u00f6ivien maiden paikalliset ja kansalaiset korjataan Turkissa, koska hintataso ja palvelun laatu siell\u00e4 ovat Ylitaso maailmassa. Eik\u00e4 vain ymp\u00e4r\u00f6ivien maiden kansalaiset, vaan ihmiset ymp\u00e4ri maailmaa ovat l\u00f6yt\u00e4neet turkkilaisen l\u00e4\u00e4ketieteen taikuuden.<\/p><p>Englannissa Turkin kosmeettisen kirurgian nousu alkoi jo noin kymmenen vuotta sitten, ja t\u00e4n\u00e4\u00e4n Turkki on maailman viides maa esteettisten toimenpiteiden suorittamiskohteena, jossa ihmiset lent\u00e4v\u00e4t paremman ulkon\u00e4\u00f6n ja aina uuden, kauniimman el\u00e4m\u00e4n.<\/p><p>Viron mies Margus on ollut mukana sek\u00e4 nyrkkeilyss\u00e4 ett\u00e4 potkunyrkkeilyss\u00e4, koska h\u00e4n oli nuori. Lis\u00e4ksi h\u00e4n on selvinnyt kahdesta vakavasta onnettomuudesta ja h\u00e4nen nen\u00e4ns\u00e4 on vaurioitunut vakavasti kaiken t\u00e4m\u00e4n seurauksena. Kuorsaus, joka haittaa unen laatua, oli my\u00f6s huolenaihe. Siksi h\u00e4n etsi ratkaisua nen\u00e4n korjaamiseen, ja kuultuaan Turkista suosittuna terveysmatkailun kohteena, h\u00e4n p\u00e4\u00e4tti korjata nen\u00e4ns\u00e4 siell\u00e4. Ensimm\u00e4ist\u00e4 klinikkaa ei valittu v\u00e4litt\u00f6m\u00e4sti, koska aivan kuten muualla maailmassa, Turkissa on eri tasoja, ja alustavan ty\u00f6n tekemisen j\u00e4lkeen ja vieraillessaan erilaisissa l\u00e4\u00e4ketieteellisiss\u00e4 laitoksissa Margusilla oli nen\u00e4toiminta Istanbulin klinikalla, joka Istanbulissa oli valittu ja saanut hyv\u00e4\u00e4 palautetta. H\u00e4n pystyi n\u00e4kem\u00e4\u00e4n l\u00e4\u00e4k\u00e4rin nopeasti ja sai my\u00f6s hy\u00f6dyllisi\u00e4 neuvoja j\u00e4lkihoitoon. Nimitt\u00e4in rhinoplastian tapauksessa on syyt\u00e4 muistaa, ett\u00e4 lasien tai aurinkolasien k\u00e4ytt\u00e4mist\u00e4 on v\u00e4ltett\u00e4v\u00e4 yhden kuukauden ajan ja nen\u00e4 on suojattava suoralta auringonvalolta kahden kuukauden ajan.<\/p><p>\u201dKun her\u00e4sin, en tuntenut kipua, ja kun siteet poistettiin muutaman p\u00e4iv\u00e4n kuluttua, minulla ei ollut edes mustelmia. Plasterit j\u00e4tettiin nen\u00e4\u00e4n, mutta lentokoti Viroon voi jo aloittaa. Kaikkiaan nen\u00e4ty\u00f6 ja toipuminen siit\u00e4 veiv\u00e4t vain 7 p\u00e4iv\u00e4\u00e4. \u201d<\/p><p>Istanbulin lentokent\u00e4ll\u00e4 tapaat monia potilaita, jotka ovat itse korjattuja hiussiirrosta kosmeettisiin leikkauksiin. &#8221;Minusta tuntuu hyv\u00e4lt\u00e4 ja nen\u00e4ni tulos on niin t\u00e4ydellinen, ett\u00e4 tuttu kauneusty\u00f6ntekij\u00e4, joka tapasi minut ensimm\u00e4ist\u00e4 kertaa Vanhat tuttavat eiv\u00e4t joskus edes tunnista minua, koska rhinoplastia on muuttanut huomattavasti kasvojani, mutta vain parempaan suuntaan. &#8221;<\/p><p>BodyMed Esteticsin kautta on helppo varata tapaaminen rhinoplastialle tai muille Istanbul -klinikalle toimenpiteille tai lis\u00e4tietojen pyyt\u00e4miseksi, ja yksitt\u00e4inen hintatarjous tunnetaan viimeist\u00e4\u00e4n muutaman p\u00e4iv\u00e4n kuluttua. T\u00e4t\u00e4 varten halutun alueen valokuva- ja terveysindikaattorit (korkeus, paino, aiemmat sairaudet jne.) On l\u00e4hetett\u00e4v\u00e4 korjattavaksi. Tarvittavat analyysit on jo otettu paikan p\u00e4\u00e4ll\u00e4, ja aika, jolloin olet valmis matkustamaan Istanbuliin, on valittava etuk\u00e4teen.<\/p><p>Jos olet ajatellut esteettist\u00e4 l\u00e4\u00e4ketieteellist\u00e4 menettely\u00e4, arvostat laatua ja joskus halvemmalla hinnalla kuin muualla maailmassa, olet tervetullut kirjoittamaan meille: info@bodymed.ee tai lis\u00e4tietoja puhelu: 544 1004.<\/p><p>Toivotan sinulle kaunista el\u00e4m\u00e4\u00e4,<\/p><p>Vartalon estetiikka<\/p>\t\t\t\t\t\t\t\t<\/div>\n\t\t\t\t<\/div>\n\t\t\t\t\t<\/div>\n\t\t<\/div>\n\t\t\t\t\t<\/div>\n\t\t<\/section>\n\t\t\t\t<\/div>\n\t\t","protected":false},"excerpt":{"rendered":"<p>Margusin nen\u00e4n leikkaus tai rhinoplastia Turkissa Monet ihmiset joutuvat kohtaamaan dilemman uudestaan ja uudestaan &#8211; kuinka n\u00e4ytt\u00e4\u00e4 nuorekkaammalta? Kuinka haluaisit heijastukseni viel\u00e4 enemm\u00e4n? L\u00e4hes kaikilla meist\u00e4 on ollut samanlaisia kysymyksi\u00e4, ja aina on ratkaisuja itseluottamuksen lis\u00e4\u00e4miseksi kauniimmalla ulkon\u00e4\u00f6ll\u00e4. Totuus on, ett\u00e4 kauneus alkaa sis\u00e4puolelta, mik\u00e4 tarkoittaa sis\u00e4ist\u00e4 tasapainoa ja tyytyv\u00e4isyytt\u00e4, mutta t\u00e4m\u00e4n ei pit\u00e4isi tarkoittaa [&hellip;]<\/p>\n","protected":false},"author":1,"featured_media":0,"parent":0,"menu_order":0,"comment_status":"closed","ping_status":"closed","template":"","meta":{"site-sidebar-layout":"no-sidebar","site-content-layout":"page-builder","ast-site-content-layout":"default","site-content-style":"default","site-sidebar-style":"default","ast-global-header-display":"","ast-banner-title-visibility":"","ast-main-header-display":"","ast-hfb-above-header-display":"","ast-hfb-below-header-display":"","ast-hfb-mobile-header-display":"","site-post-title":"disabled","ast-breadcrumbs-content":"","ast-featured-img":"disabled","footer-sml-layout":"","ast-disable-related-posts":"","theme-transparent-header-meta":"","adv-header-id-meta":"","stick-header-meta":"","header-above-stick-meta":"","header-main-stick-meta":"","header-below-stick-meta":"","astra-migrate-meta-layouts":"set","ast-page-background-enabled":"default","ast-page-background-meta":{"desktop":{"background-color":"","background-image":"","background-repeat":"repeat","background-position":"center center","background-size":"auto","background-attachment":"scroll","background-type":"","background-media":"","overlay-type":"","overlay-color":"","overlay-opacity":"","overlay-gradient":""},"tablet":{"background-color":"","background-image":"","background-repeat":"repeat","background-position":"center center","background-size":"auto","background-attachment":"scroll","background-type":"","background-media":"","overlay-type":"","overlay-color":"","overlay-opacity":"","overlay-gradient":""},"mobile":{"background-color":"","background-image":"","background-repeat":"repeat","background-position":"center center","background-size":"auto","background-attachment":"scroll","background-type":"","background-media":"","overlay-type":"","overlay-color":"","overlay-opacity":"","overlay-gradient":""}},"ast-content-background-meta":{"desktop":{"background-color":"var(--ast-global-color-5)","background-image":"","background-repeat":"repeat","background-position":"center center","background-size":"auto","background-attachment":"scroll","background-type":"","background-media":"","overlay-type":"","overlay-color":"","overlay-opacity":"","overlay-gradient":""},"tablet":{"background-color":"var(--ast-global-color-5)","background-image":"","background-repeat":"repeat","background-position":"center center","background-size":"auto","background-attachment":"scroll","background-type":"","background-media":"","overlay-type":"","overlay-color":"","overlay-opacity":"","overlay-gradient":""},"mobile":{"background-color":"var(--ast-global-color-5)","background-image":"","background-repeat":"repeat","background-position":"center center","background-size":"auto","background-attachment":"scroll","background-type":"","background-media":"","overlay-type":"","overlay-color":"","overlay-opacity":"","overlay-gradient":""}},"_themeisle_gutenberg_block_has_review":false,"footnotes":""},"class_list":["post-4307","page","type-page","status-publish","hentry"],"_links":{"self":[{"href":"https:\/\/bodymed.ee\/fi\/wp-json\/wp\/v2\/pages\/4307","targetHints":{"allow":["GET"]}}],"collection":[{"href":"https:\/\/bodymed.ee\/fi\/wp-json\/wp\/v2\/pages"}],"about":[{"href":"https:\/\/bodymed.ee\/fi\/wp-json\/wp\/v2\/types\/page"}],"author":[{"embeddable":true,"href":"https:\/\/bodymed.ee\/fi\/wp-json\/wp\/v2\/users\/1"}],"replies":[{"embeddable":true,"href":"https:\/\/bodymed.ee\/fi\/wp-json\/wp\/v2\/comments?post=4307"}],"version-history":[{"count":5,"href":"https:\/\/bodymed.ee\/fi\/wp-json\/wp\/v2\/pages\/4307\/revisions"}],"predecessor-version":[{"id":4313,"href":"https:\/\/bodymed.ee\/fi\/wp-json\/wp\/v2\/pages\/4307\/revisions\/4313"}],"wp:attachment":[{"href":"https:\/\/bodymed.ee\/fi\/wp-json\/wp\/v2\/media?parent=4307"}],"curies":[{"name":"wp","href":"https:\/\/api.w.org\/{rel}","templated":true}]}}