{"id":4318,"date":"2023-10-05T08:31:09","date_gmt":"2023-10-05T08:31:09","guid":{"rendered":"https:\/\/bodymed.ee\/eesti-ettevote-mis-tagab-kvaliteedi-ja-ohutuse-istanbuli-ilukliinikutes\/"},"modified":"2023-10-05T08:36:07","modified_gmt":"2023-10-05T08:36:07","slug":"viron-yritys-joka-varmistaa-istanbulin-kauneusklinikoiden-laadun-ja-turvallisuuden","status":"publish","type":"page","link":"https:\/\/bodymed.ee\/fi\/viron-yritys-joka-varmistaa-istanbulin-kauneusklinikoiden-laadun-ja-turvallisuuden\/","title":{"rendered":"Viron yritys, joka varmistaa Istanbulin kauneusklinikoiden laadun ja turvallisuuden"},"content":{"rendered":"\t\t<div data-elementor-type=\"wp-page\" data-elementor-id=\"4318\" class=\"elementor elementor-4318 elementor-2520\">\n\t\t\t\t\t\t<section class=\"elementor-section elementor-top-section elementor-element elementor-element-b873720 elementor-section-boxed elementor-section-height-default elementor-section-height-default\" data-id=\"b873720\" data-element_type=\"section\" data-e-type=\"section\">\n\t\t\t\t\t\t<div class=\"elementor-container elementor-column-gap-default\">\n\t\t\t\t\t<div class=\"elementor-column elementor-col-100 elementor-top-column elementor-element elementor-element-5f0ef31\" data-id=\"5f0ef31\" data-element_type=\"column\" data-e-type=\"column\">\n\t\t\t<div class=\"elementor-widget-wrap elementor-element-populated\">\n\t\t\t\t\t\t<div class=\"elementor-element elementor-element-3a009ab elementor-widget elementor-widget-heading\" data-id=\"3a009ab\" data-element_type=\"widget\" data-e-type=\"widget\" data-widget_type=\"heading.default\">\n\t\t\t\t<div class=\"elementor-widget-container\">\n\t\t\t\t\t<h3 class=\"elementor-heading-title elementor-size-default\">Viron yritys, joka varmistaa Istanbulin kauneusklinikoiden laadun ja turvallisuuden<\/h3>\t\t\t\t<\/div>\n\t\t\t\t<\/div>\n\t\t\t\t<div class=\"elementor-element elementor-element-4ef030c elementor-widget elementor-widget-text-editor\" data-id=\"4ef030c\" data-element_type=\"widget\" data-e-type=\"widget\" data-widget_type=\"text-editor.default\">\n\t\t\t\t<div class=\"elementor-widget-container\">\n\t\t\t\t\t\t\t\t\t<p class=\"p1\">Viime aikoina kosmeettisista menettelyist\u00e4 ja leikkauksista on puhuttu paljon. Tarinoita, joissa jokin on mennyt pieleen, saavuta korvat erityisen jyrk\u00e4sti. T\u00e4m\u00e4 on her\u00e4tt\u00e4nyt monissa ihmisiss\u00e4 sek\u00e4 plastiikkakirurgiasta ett\u00e4 terveysmatkailusta yleens\u00e4. Lue, kuinka virolainen yritys osallistuu myyttien ja pelkojen h\u00e4vitt\u00e4miseen.<\/p>\t\t\t\t\t\t\t\t<\/div>\n\t\t\t\t<\/div>\n\t\t\t\t<div class=\"elementor-element elementor-element-a45c43b elementor-widget elementor-widget-video\" data-id=\"a45c43b\" data-element_type=\"widget\" data-e-type=\"widget\" data-settings=\"{&quot;video_type&quot;:&quot;hosted&quot;,&quot;controls&quot;:&quot;yes&quot;}\" data-widget_type=\"video.default\">\n\t\t\t\t<div class=\"elementor-widget-container\">\n\t\t\t\t\t\t\t<div class=\"e-hosted-video elementor-wrapper elementor-open-inline\">\n\t\t\t\t\t<video class=\"elementor-video\" src=\"https:\/\/bodymed.ee\/wp-content\/uploads\/2023\/04\/02-04-2020-Dentakay-Klinik-logosuz.mp4\" controls=\"\" preload=\"metadata\" controlsList=\"nodownload\" poster=\"https:\/\/bodymed.ee\/wp-content\/uploads\/2023\/04\/bodymed-eesti-video-turgi.png\"><\/video>\n\t\t\t\t<\/div>\n\t\t\t\t\t\t<\/div>\n\t\t\t\t<\/div>\n\t\t\t\t<div class=\"elementor-element elementor-element-5d751e0 elementor-widget elementor-widget-heading\" data-id=\"5d751e0\" data-element_type=\"widget\" data-e-type=\"widget\" data-widget_type=\"heading.default\">\n\t\t\t\t<div class=\"elementor-widget-container\">\n\t\t\t\t\t<h3 class=\"elementor-heading-title elementor-size-default\">Terveysmatkailu aiheuttaa pelkoa ja ahdistusta monissa<\/h3>\t\t\t\t<\/div>\n\t\t\t\t<\/div>\n\t\t\t\t<div class=\"elementor-element elementor-element-2f0a329 elementor-widget elementor-widget-text-editor\" data-id=\"2f0a329\" data-element_type=\"widget\" data-e-type=\"widget\" data-widget_type=\"text-editor.default\">\n\t\t\t\t<div class=\"elementor-widget-container\">\n\t\t\t\t\t\t\t\t\t<div class=\"C-fragment C-fragment-html C-fragment-html--paragraph\"><p>Viime vuosina terveysmatkailusta on tullut yh\u00e4 suositumpi valinta monille ihmisille, jotka haluavat saada laadukkaita kauneuspalveluita edulliseen hintaan. Terveysmatkailu aiheuttaa kuitenkin edelleen ahdistusta ja pelkoa monissa ihmisiss\u00e4, koska he uppoutuvat niin kutsuttuun tiet\u00e4m\u00e4tt\u00f6myyteen. Bodymed on virolainen yritys, joka huolehtii siit\u00e4, ett\u00e4 unelmasi toteutuvat turvallisesti ja edulliseen hintaan.<\/p><p>Suurin pelko, joka ihmisill\u00e4 on ulkomaisissa menettelyiss\u00e4, on tuntematon. Maamme yhteydess\u00e4 tied\u00e4mme melko hyvin, mihin klinikat k\u00e4yv\u00e4t ja mihin l\u00e4\u00e4k\u00e4riin k\u00e4\u00e4ntyy, onko toimenpide kosmeettinen kirurgia vai hampaiden valkaisu. Tietojen l\u00f6yt\u00e4minen eri palveluntarjoajista on melko helppoa, ja sinun ei tarvitse huolehtia siit\u00e4, ett\u00e4 saat jotain v\u00e4\u00e4rin. Ulkomaille k\u00e4yminen voi kuitenkin tuntua hieman riskialtiselta.<\/p><p>Vieraille maassa menem\u00e4ll\u00e4 on aina huolta siit\u00e4, kuinka olla varma, ett\u00e4 valittu klinikka tarjoaa todella korkean tason palvelun ja hoidon, joka on turvallinen ja tehokas. Tied\u00e4mme eritt\u00e4in hyvin, ett\u00e4 kaikki, mit\u00e4 me Internetiss\u00e4 n\u00e4emme<\/p><\/div>\t\t\t\t\t\t\t\t<\/div>\n\t\t\t\t<\/div>\n\t\t\t\t<div class=\"elementor-element elementor-element-7e1fa9b elementor-widget elementor-widget-image\" data-id=\"7e1fa9b\" data-element_type=\"widget\" data-e-type=\"widget\" data-widget_type=\"image.default\">\n\t\t\t\t<div class=\"elementor-widget-container\">\n\t\t\t\t\t\t\t\t\t\t\t\t\t\t\t<img fetchpriority=\"high\" decoding=\"async\" width=\"1024\" height=\"683\" src=\"https:\/\/bodymed.ee\/wp-content\/uploads\/2023\/04\/bodymed-estonia--1024x683.jpeg\" class=\"attachment-large size-large wp-image-2551\" alt=\"\" srcset=\"https:\/\/bodymed.ee\/wp-content\/uploads\/2023\/04\/bodymed-estonia--1024x683.jpeg 1024w, https:\/\/bodymed.ee\/wp-content\/uploads\/2023\/04\/bodymed-estonia--600x400.jpeg 600w, https:\/\/bodymed.ee\/wp-content\/uploads\/2023\/04\/bodymed-estonia--300x200.jpeg 300w, https:\/\/bodymed.ee\/wp-content\/uploads\/2023\/04\/bodymed-estonia--768x512.jpeg 768w, https:\/\/bodymed.ee\/wp-content\/uploads\/2023\/04\/bodymed-estonia-.jpeg 1200w\" sizes=\"(max-width: 1024px) 100vw, 1024px\" \/>\t\t\t\t\t\t\t\t\t\t\t\t\t\t\t<\/div>\n\t\t\t\t<\/div>\n\t\t\t\t<div class=\"elementor-element elementor-element-42a1d41 elementor-widget elementor-widget-heading\" data-id=\"42a1d41\" data-element_type=\"widget\" data-e-type=\"widget\" data-widget_type=\"heading.default\">\n\t\t\t\t<div class=\"elementor-widget-container\">\n\t\t\t\t\t<h3 class=\"elementor-heading-title elementor-size-default\">Mit\u00e4 tarkastusyritys tekee?<\/h3>\t\t\t\t<\/div>\n\t\t\t\t<\/div>\n\t\t\t\t<div class=\"elementor-element elementor-element-311da17 elementor-widget elementor-widget-text-editor\" data-id=\"311da17\" data-element_type=\"widget\" data-e-type=\"widget\" data-widget_type=\"text-editor.default\">\n\t\t\t\t<div class=\"elementor-widget-container\">\n\t\t\t\t\t\t\t\t\t<p>T\u00e4\u00e4ll\u00e4 virolainen yritys tulee peliin Bodymed. BodyMed on Viron ainoa tarkastusyritys, joka tarkastaa kauneusklinikat Istanbulissa. Tarkastusyhti\u00f6n teht\u00e4v\u00e4n\u00e4 on menn\u00e4 Turkkiin tunnustettujen asiantuntijoiden kanssa arvioidakseen eri klinikoiden tasoa v\u00e4hent\u00e4en siten terveysmatkailijoiden riski\u00e4.<\/p><p>T\u00e4ss\u00e4 vaiheessa on t\u00e4rke\u00e4\u00e4 huomata, ett\u00e4 n\u00e4m\u00e4 eiv\u00e4t ole v\u00e4litt\u00e4ji\u00e4, jotka hy\u00f6tyv\u00e4t asiakkaidensa eduista, vaan yritys, joka on ottanut syd\u00e4mess\u00e4 olevien ihmisten turvallisuuden ja terveyden. Tarkistusyhti\u00f6 ei pyyd\u00e4 asiakkailta lis\u00e4maksuja. He v\u00e4litt\u00e4v\u00e4t kontakteja ja varmennettujen klinikoiden tarjouksia, mutta asiakkaan hinta on sama kuin jos h\u00e4n olisi ottanut yhteytt\u00e4 klinikkaan. Kuten nimest\u00e4 voi p\u00e4\u00e4tell\u00e4, tarkastusyritys harjoittaa tarkastustoimintaa ja sen tarkoitus on ihmisten hyvinvointi.<\/p><p>Bodymed Tarjottu palvelu sis\u00e4lt\u00e4\u00e4 kaiken klinikan toimintaluvan ja lisenssin tarkistamisesta ty\u00f6ntekij\u00f6iden p\u00e4tevyyden ja kokemuksen arvioimiseksi. Lis\u00e4ksi tarkistetaan my\u00f6s klinikan ty\u00f6kalujen ja laitteiden laatu varmistaakseen, ett\u00e4 ne t\u00e4ytt\u00e4v\u00e4t standardit. Bodymed ei hyv\u00e4ksy tai suosittele ket\u00e4\u00e4n klinikkaa, jonka palveluja se ei k\u00e4yt\u00e4 itse.<\/p>\t\t\t\t\t\t\t\t<\/div>\n\t\t\t\t<\/div>\n\t\t\t\t<div class=\"elementor-element elementor-element-1987453 elementor-widget elementor-widget-heading\" data-id=\"1987453\" data-element_type=\"widget\" data-e-type=\"widget\" data-widget_type=\"heading.default\">\n\t\t\t\t<div class=\"elementor-widget-container\">\n\t\t\t\t\t<h3 class=\"elementor-heading-title elementor-size-default\">Mit\u00e4 Bodymed tekee?<\/h3>\t\t\t\t<\/div>\n\t\t\t\t<\/div>\n\t\t\t\t<div class=\"elementor-element elementor-element-53333ed elementor-widget elementor-widget-text-editor\" data-id=\"53333ed\" data-element_type=\"widget\" data-e-type=\"widget\" data-widget_type=\"text-editor.default\">\n\t\t\t\t<div class=\"elementor-widget-container\">\n\t\t\t\t\t\t\t\t\t<ul><li><span style=\"font-style: inherit; font-weight: inherit; background-color: var(--ast-global-color-4); color: var(--ast-global-color-3);\">Tarkistaa Turkin kauneus- ja hammasklinikoiden tason ja legitiimiyden<\/span><\/li><li><span style=\"font-style: inherit; font-weight: inherit; background-color: var(--ast-global-color-4); color: var(--ast-global-color-3);\">Tukee ja neuvoo valitessaan klinikkaa.<\/span><\/li><li><span style=\"font-style: inherit; font-weight: inherit; background-color: var(--ast-global-color-4); color: var(--ast-global-color-3);\">Auttaa tarvittaessa kommunikoimaan klinikan kanssa.<\/span><\/li><li><span style=\"font-style: inherit; font-weight: inherit; background-color: var(--ast-global-color-4); color: var(--ast-global-color-3);\">Ei ota palkkioita asiakkailta.<\/span><\/li><li><span style=\"font-style: inherit; font-weight: inherit; background-color: var(--ast-global-color-4); color: var(--ast-global-color-3);\">Tarkoittaa asiakkaidensa hyvinvointia ja turvallisuutta.<\/span><\/li><li><span style=\"font-style: inherit; font-weight: inherit; background-color: var(--ast-global-color-4); color: var(--ast-global-color-3);\">Auttaa j\u00e4rjest\u00e4m\u00e4\u00e4n kaikki matkalle liittyv\u00e4n lennoista ja majoituksesta siirtoihin.<\/span><\/li><li><span style=\"font-style: inherit; font-weight: inherit; background-color: var(--ast-global-color-4); color: var(--ast-global-color-3);\">Tarjoaa 24\/7 -tukea.<\/span><\/li><\/ul>\t\t\t\t\t\t\t\t<\/div>\n\t\t\t\t<\/div>\n\t\t\t\t<div class=\"elementor-element elementor-element-28162c7 elementor-widget elementor-widget-heading\" data-id=\"28162c7\" data-element_type=\"widget\" data-e-type=\"widget\" data-widget_type=\"heading.default\">\n\t\t\t\t<div class=\"elementor-widget-container\">\n\t\t\t\t\t<h3 class=\"elementor-heading-title elementor-size-default\">Triinun kokemus<\/h3>\t\t\t\t<\/div>\n\t\t\t\t<\/div>\n\t\t\t\t<div class=\"elementor-element elementor-element-70cf171 elementor-widget elementor-widget-text-editor\" data-id=\"70cf171\" data-element_type=\"widget\" data-e-type=\"widget\" data-widget_type=\"text-editor.default\">\n\t\t\t\t<div class=\"elementor-widget-container\">\n\t\t\t\t\t\t\t\t\t<p>&#8221;Menin hammasklinikalle Turkissa ja olen eritt\u00e4in tyytyv\u00e4inen palveluun. Ensiluokkaisen palvelun ja ylellisyyden lis\u00e4ksi Turkissa vierailu oli my\u00f6s paljon yst\u00e4v\u00e4llisempi lompakkoon. Kun pyysin hintatarjousta Viro, sain vastauksena 30 euroa, Turkissa maksin 000 euroa kaikesta, mukaan lukien lentoliput.<\/p><p>Bodymed teki koko matkan eritt\u00e4in mukavaksi minulle-se oli kuin lomamatka, joka sai minut my\u00f6s n\u00e4ytt\u00e4m\u00e4\u00e4n kauniimmalta. Heid\u00e4n johtoryhm\u00e4ns\u00e4 huolehtii ehdottomasti kaikesta, sinun on vain oltava oikeassa paikassa oikeaan aikaan. Kuljettaja, joka ajoi minut klinikalle ja vei minut lentokent\u00e4lle matkan lopussa. Todellinen ylellisyys ja superpalvelu odottivat minua klinikalla. Koko kokemus oli unohtumaton. &#8221;<\/p>\t\t\t\t\t\t\t\t<\/div>\n\t\t\t\t<\/div>\n\t\t\t\t\t<\/div>\n\t\t<\/div>\n\t\t\t\t\t<\/div>\n\t\t<\/section>\n\t\t\t\t<section class=\"elementor-section elementor-top-section elementor-element elementor-element-210fffc elementor-section-boxed elementor-section-height-default elementor-section-height-default\" data-id=\"210fffc\" data-element_type=\"section\" data-e-type=\"section\">\n\t\t\t\t\t\t<div class=\"elementor-container elementor-column-gap-default\">\n\t\t\t\t\t<div class=\"elementor-column elementor-col-100 elementor-top-column elementor-element elementor-element-1b3f033\" data-id=\"1b3f033\" data-element_type=\"column\" data-e-type=\"column\">\n\t\t\t<div class=\"elementor-widget-wrap elementor-element-populated\">\n\t\t\t\t\t\t\t<\/div>\n\t\t<\/div>\n\t\t\t\t\t<\/div>\n\t\t<\/section>\n\t\t\t\t<section class=\"elementor-section elementor-top-section elementor-element elementor-element-303c5da elementor-section-boxed elementor-section-height-default elementor-section-height-default\" data-id=\"303c5da\" data-element_type=\"section\" data-e-type=\"section\">\n\t\t\t\t\t\t<div class=\"elementor-container elementor-column-gap-default\">\n\t\t\t\t\t<div class=\"elementor-column elementor-col-25 elementor-top-column elementor-element elementor-element-efedbcf\" data-id=\"efedbcf\" data-element_type=\"column\" data-e-type=\"column\">\n\t\t\t<div class=\"elementor-widget-wrap elementor-element-populated\">\n\t\t\t\t\t\t<div class=\"elementor-element elementor-element-f12206a elementor-widget elementor-widget-image\" data-id=\"f12206a\" data-element_type=\"widget\" data-e-type=\"widget\" data-widget_type=\"image.default\">\n\t\t\t\t<div class=\"elementor-widget-container\">\n\t\t\t\t\t\t\t\t\t\t\t\t\t\t\t<img decoding=\"async\" width=\"1024\" height=\"1024\" src=\"https:\/\/bodymed.ee\/wp-content\/uploads\/2023\/04\/013-1024x1024.jpg\" class=\"attachment-large size-large wp-image-2548\" alt=\"\" srcset=\"https:\/\/bodymed.ee\/wp-content\/uploads\/2023\/04\/013-1024x1024.jpg 1024w, https:\/\/bodymed.ee\/wp-content\/uploads\/2023\/04\/013-300x300.jpg 300w, https:\/\/bodymed.ee\/wp-content\/uploads\/2023\/04\/013-100x100.jpg 100w, https:\/\/bodymed.ee\/wp-content\/uploads\/2023\/04\/013-600x600.jpg 600w, https:\/\/bodymed.ee\/wp-content\/uploads\/2023\/04\/013-150x150.jpg 150w, https:\/\/bodymed.ee\/wp-content\/uploads\/2023\/04\/013-768x768.jpg 768w, https:\/\/bodymed.ee\/wp-content\/uploads\/2023\/04\/013.jpg 1080w\" sizes=\"(max-width: 1024px) 100vw, 1024px\" \/>\t\t\t\t\t\t\t\t\t\t\t\t\t\t\t<\/div>\n\t\t\t\t<\/div>\n\t\t\t\t\t<\/div>\n\t\t<\/div>\n\t\t\t\t<div class=\"elementor-column elementor-col-25 elementor-top-column elementor-element elementor-element-58e8b7b\" data-id=\"58e8b7b\" data-element_type=\"column\" data-e-type=\"column\">\n\t\t\t<div class=\"elementor-widget-wrap elementor-element-populated\">\n\t\t\t\t\t\t<div class=\"elementor-element elementor-element-8a32fa0 elementor-widget elementor-widget-image\" data-id=\"8a32fa0\" data-element_type=\"widget\" data-e-type=\"widget\" data-widget_type=\"image.default\">\n\t\t\t\t<div class=\"elementor-widget-container\">\n\t\t\t\t\t\t\t\t\t\t\t\t\t\t\t<img decoding=\"async\" width=\"1024\" height=\"1024\" src=\"https:\/\/bodymed.ee\/wp-content\/uploads\/2023\/04\/012-1024x1024.jpg\" class=\"attachment-large size-large wp-image-2547\" alt=\"\" srcset=\"https:\/\/bodymed.ee\/wp-content\/uploads\/2023\/04\/012-1024x1024.jpg 1024w, https:\/\/bodymed.ee\/wp-content\/uploads\/2023\/04\/012-300x300.jpg 300w, https:\/\/bodymed.ee\/wp-content\/uploads\/2023\/04\/012-100x100.jpg 100w, https:\/\/bodymed.ee\/wp-content\/uploads\/2023\/04\/012-600x600.jpg 600w, https:\/\/bodymed.ee\/wp-content\/uploads\/2023\/04\/012-150x150.jpg 150w, https:\/\/bodymed.ee\/wp-content\/uploads\/2023\/04\/012-768x768.jpg 768w, https:\/\/bodymed.ee\/wp-content\/uploads\/2023\/04\/012.jpg 1080w\" sizes=\"(max-width: 1024px) 100vw, 1024px\" \/>\t\t\t\t\t\t\t\t\t\t\t\t\t\t\t<\/div>\n\t\t\t\t<\/div>\n\t\t\t\t\t<\/div>\n\t\t<\/div>\n\t\t\t\t<div class=\"elementor-column elementor-col-25 elementor-top-column elementor-element elementor-element-fa70b00\" data-id=\"fa70b00\" data-element_type=\"column\" data-e-type=\"column\">\n\t\t\t<div class=\"elementor-widget-wrap elementor-element-populated\">\n\t\t\t\t\t\t<div class=\"elementor-element elementor-element-bc3e69d elementor-widget elementor-widget-image\" data-id=\"bc3e69d\" data-element_type=\"widget\" data-e-type=\"widget\" data-widget_type=\"image.default\">\n\t\t\t\t<div class=\"elementor-widget-container\">\n\t\t\t\t\t\t\t\t\t\t\t\t\t\t\t<img loading=\"lazy\" decoding=\"async\" width=\"1024\" height=\"1024\" src=\"https:\/\/bodymed.ee\/wp-content\/uploads\/2023\/04\/011-1024x1024.jpg\" class=\"attachment-large size-large wp-image-2546\" alt=\"\" srcset=\"https:\/\/bodymed.ee\/wp-content\/uploads\/2023\/04\/011-1024x1024.jpg 1024w, https:\/\/bodymed.ee\/wp-content\/uploads\/2023\/04\/011-300x300.jpg 300w, https:\/\/bodymed.ee\/wp-content\/uploads\/2023\/04\/011-100x100.jpg 100w, https:\/\/bodymed.ee\/wp-content\/uploads\/2023\/04\/011-600x600.jpg 600w, https:\/\/bodymed.ee\/wp-content\/uploads\/2023\/04\/011-150x150.jpg 150w, https:\/\/bodymed.ee\/wp-content\/uploads\/2023\/04\/011-768x768.jpg 768w, https:\/\/bodymed.ee\/wp-content\/uploads\/2023\/04\/011.jpg 1080w\" sizes=\"(max-width: 1024px) 100vw, 1024px\" \/>\t\t\t\t\t\t\t\t\t\t\t\t\t\t\t<\/div>\n\t\t\t\t<\/div>\n\t\t\t\t\t<\/div>\n\t\t<\/div>\n\t\t\t\t<div class=\"elementor-column elementor-col-25 elementor-top-column elementor-element elementor-element-b84571c\" data-id=\"b84571c\" data-element_type=\"column\" data-e-type=\"column\">\n\t\t\t<div class=\"elementor-widget-wrap elementor-element-populated\">\n\t\t\t\t\t\t<div class=\"elementor-element elementor-element-9fbe4ac elementor-widget elementor-widget-image\" data-id=\"9fbe4ac\" data-element_type=\"widget\" data-e-type=\"widget\" data-widget_type=\"image.default\">\n\t\t\t\t<div class=\"elementor-widget-container\">\n\t\t\t\t\t\t\t\t\t\t\t\t\t\t\t<img loading=\"lazy\" decoding=\"async\" width=\"1024\" height=\"1024\" src=\"https:\/\/bodymed.ee\/wp-content\/uploads\/2023\/04\/003-1024x1024.jpg\" class=\"attachment-large size-large wp-image-2538\" alt=\"\" srcset=\"https:\/\/bodymed.ee\/wp-content\/uploads\/2023\/04\/003-1024x1024.jpg 1024w, https:\/\/bodymed.ee\/wp-content\/uploads\/2023\/04\/003-300x300.jpg 300w, https:\/\/bodymed.ee\/wp-content\/uploads\/2023\/04\/003-100x100.jpg 100w, https:\/\/bodymed.ee\/wp-content\/uploads\/2023\/04\/003-600x600.jpg 600w, https:\/\/bodymed.ee\/wp-content\/uploads\/2023\/04\/003-150x150.jpg 150w, https:\/\/bodymed.ee\/wp-content\/uploads\/2023\/04\/003-768x768.jpg 768w, https:\/\/bodymed.ee\/wp-content\/uploads\/2023\/04\/003.jpg 1080w\" sizes=\"(max-width: 1024px) 100vw, 1024px\" \/>\t\t\t\t\t\t\t\t\t\t\t\t\t\t\t<\/div>\n\t\t\t\t<\/div>\n\t\t\t\t\t<\/div>\n\t\t<\/div>\n\t\t\t\t\t<\/div>\n\t\t<\/section>\n\t\t\t\t<section class=\"elementor-section elementor-top-section elementor-element elementor-element-faa92e3 elementor-section-boxed elementor-section-height-default elementor-section-height-default\" data-id=\"faa92e3\" data-element_type=\"section\" data-e-type=\"section\">\n\t\t\t\t\t\t<div class=\"elementor-container elementor-column-gap-default\">\n\t\t\t\t\t<div class=\"elementor-column elementor-col-100 elementor-top-column elementor-element elementor-element-9765bd6\" data-id=\"9765bd6\" data-element_type=\"column\" data-e-type=\"column\">\n\t\t\t<div class=\"elementor-widget-wrap elementor-element-populated\">\n\t\t\t\t\t\t<div class=\"elementor-element elementor-element-d8173ed elementor-widget elementor-widget-heading\" data-id=\"d8173ed\" data-element_type=\"widget\" data-e-type=\"widget\" data-widget_type=\"heading.default\">\n\t\t\t\t<div class=\"elementor-widget-container\">\n\t\t\t\t\t<h3 class=\"elementor-heading-title elementor-size-default\">Miksi Turkki?<\/h3>\t\t\t\t<\/div>\n\t\t\t\t<\/div>\n\t\t\t\t<div class=\"elementor-element elementor-element-b1821f1 elementor-widget elementor-widget-text-editor\" data-id=\"b1821f1\" data-element_type=\"widget\" data-e-type=\"widget\" data-widget_type=\"text-editor.default\">\n\t\t\t\t<div class=\"elementor-widget-container\">\n\t\t\t\t\t\t\t\t\t<p>Bodymed on ohjannut toimintaansa Turkin klinikoille, koska t\u00e4m\u00e4 on paikka, jossa terveysmatkailu on hyvin yleist\u00e4 ja my\u00f6s sen ansiosta hyvin kehittynyt. Turkissa klinikat pystyv\u00e4t tarjoamaan erinomaista palvelua edulliseen hintaan, mik\u00e4 tarkoittaa, ett\u00e4 unelmiensa ei tarvitse pid\u00e4tt\u00e4\u00e4 lompakon koon perusteella.<\/p><p>Olipa tietoisesti tai tiedostamatta, jostain syyst\u00e4 ihmiset yhdist\u00e4v\u00e4t usein korkeamman hinnan parempaan palveluun tai tuotteeseen. T\u00e4m\u00e4 p\u00e4tee moniin asioihin, mutta ei varmasti terveysmatkailuun. Kuultuaan viisinkertaisesta hinnasta, suurin osa meist\u00e4 luultavasti ajattelee: &#8221;Siksi asianmukaista ty\u00f6t\u00e4 ei tehty&#8221;. Todellisuus on kuitenkin hyvin kaukana siit\u00e4.<\/p><p>Syy, miksi on mahdollista tarjota ensiluokkainen palvelu edulliseen hintaan Turkissa, on se, ett\u00e4 se on suuri maa, jossa kauneuspalvelujen markkinat ovat useita kertoja suurempia. Terveysmatkailu on eritt\u00e4in suosittu ja eritt\u00e4in hyvin kehittynyt sivuliike Turkissa. Lis\u00e4ksi sinne sijoitetaan valtava m\u00e4\u00e4r\u00e4 rahaa, mit\u00e4 huipputeknologiaa voidaan k\u00e4ytt\u00e4\u00e4.<\/p><p>Aloita kauneusmatka t\u00e4\u00e4lt\u00e4<\/p><p>Ota yhteytt\u00e4 Bodymed -asiantuntijoihin aloittaaksesi matkan kauniimpaan ja luottavaisempaan itseens\u00e4:<\/p><p class=\"p1\">+ 372 54410004<\/p><p class=\"p1\">info@bodymed.ee<\/p>\t\t\t\t\t\t\t\t<\/div>\n\t\t\t\t<\/div>\n\t\t\t\t\t<\/div>\n\t\t<\/div>\n\t\t\t\t\t<\/div>\n\t\t<\/section>\n\t\t\t\t<\/div>\n\t\t","protected":false},"excerpt":{"rendered":"<p>Viron yritys, joka varmistaa Istanbulin kauneusklinikoiden laadun ja turvallisuuden Viime aikoina kosmeettisista menettelyist\u00e4 ja leikkauksista on puhuttu paljon. Tarinoita, joissa jokin on mennyt pieleen, saavuta korvat erityisen jyrk\u00e4sti. T\u00e4m\u00e4 on her\u00e4tt\u00e4nyt monissa ihmisiss\u00e4 sek\u00e4 plastiikkakirurgiasta ett\u00e4 terveysmatkailusta yleens\u00e4. Lue, kuinka virolainen yritys osallistuu myyttien ja pelkojen h\u00e4vitt\u00e4miseen. https:\/\/bodymed.ee\/wp-content\/uploads\/2023\/04\/02-04-2020-Dentakay-Klinik-logosuz.mp4 Terveysmatkailu aiheuttaa pelkoa ja ahdistusta monissa Viime [&hellip;]<\/p>\n","protected":false},"author":1,"featured_media":0,"parent":0,"menu_order":0,"comment_status":"closed","ping_status":"closed","template":"","meta":{"site-sidebar-layout":"no-sidebar","site-content-layout":"page-builder","ast-site-content-layout":"default","site-content-style":"default","site-sidebar-style":"default","ast-global-header-display":"","ast-banner-title-visibility":"","ast-main-header-display":"","ast-hfb-above-header-display":"","ast-hfb-below-header-display":"","ast-hfb-mobile-header-display":"","site-post-title":"disabled","ast-breadcrumbs-content":"","ast-featured-img":"disabled","footer-sml-layout":"","ast-disable-related-posts":"","theme-transparent-header-meta":"","adv-header-id-meta":"","stick-header-meta":"","header-above-stick-meta":"","header-main-stick-meta":"","header-below-stick-meta":"","astra-migrate-meta-layouts":"set","ast-page-background-enabled":"default","ast-page-background-meta":{"desktop":{"background-color":"","background-image":"","background-repeat":"repeat","background-position":"center center","background-size":"auto","background-attachment":"scroll","background-type":"","background-media":"","overlay-type":"","overlay-color":"","overlay-opacity":"","overlay-gradient":""},"tablet":{"background-color":"","background-image":"","background-repeat":"repeat","background-position":"center center","background-size":"auto","background-attachment":"scroll","background-type":"","background-media":"","overlay-type":"","overlay-color":"","overlay-opacity":"","overlay-gradient":""},"mobile":{"background-color":"","background-image":"","background-repeat":"repeat","background-position":"center center","background-size":"auto","background-attachment":"scroll","background-type":"","background-media":"","overlay-type":"","overlay-color":"","overlay-opacity":"","overlay-gradient":""}},"ast-content-background-meta":{"desktop":{"background-color":"var(--ast-global-color-5)","background-image":"","background-repeat":"repeat","background-position":"center center","background-size":"auto","background-attachment":"scroll","background-type":"","background-media":"","overlay-type":"","overlay-color":"","overlay-opacity":"","overlay-gradient":""},"tablet":{"background-color":"var(--ast-global-color-5)","background-image":"","background-repeat":"repeat","background-position":"center center","background-size":"auto","background-attachment":"scroll","background-type":"","background-media":"","overlay-type":"","overlay-color":"","overlay-opacity":"","overlay-gradient":""},"mobile":{"background-color":"var(--ast-global-color-5)","background-image":"","background-repeat":"repeat","background-position":"center center","background-size":"auto","background-attachment":"scroll","background-type":"","background-media":"","overlay-type":"","overlay-color":"","overlay-opacity":"","overlay-gradient":""}},"_themeisle_gutenberg_block_has_review":false,"footnotes":""},"class_list":["post-4318","page","type-page","status-publish","hentry"],"_links":{"self":[{"href":"https:\/\/bodymed.ee\/fi\/wp-json\/wp\/v2\/pages\/4318","targetHints":{"allow":["GET"]}}],"collection":[{"href":"https:\/\/bodymed.ee\/fi\/wp-json\/wp\/v2\/pages"}],"about":[{"href":"https:\/\/bodymed.ee\/fi\/wp-json\/wp\/v2\/types\/page"}],"author":[{"embeddable":true,"href":"https:\/\/bodymed.ee\/fi\/wp-json\/wp\/v2\/users\/1"}],"replies":[{"embeddable":true,"href":"https:\/\/bodymed.ee\/fi\/wp-json\/wp\/v2\/comments?post=4318"}],"version-history":[{"count":8,"href":"https:\/\/bodymed.ee\/fi\/wp-json\/wp\/v2\/pages\/4318\/revisions"}],"predecessor-version":[{"id":4329,"href":"https:\/\/bodymed.ee\/fi\/wp-json\/wp\/v2\/pages\/4318\/revisions\/4329"}],"wp:attachment":[{"href":"https:\/\/bodymed.ee\/fi\/wp-json\/wp\/v2\/media?parent=4318"}],"curies":[{"name":"wp","href":"https:\/\/api.w.org\/{rel}","templated":true}]}}