{"id":4403,"date":"2023-10-17T10:19:36","date_gmt":"2023-10-17T10:19:36","guid":{"rendered":"https:\/\/bodymed.ee\/turvaline-ninaplastika-istanbulis\/"},"modified":"2023-10-17T10:39:21","modified_gmt":"2023-10-17T10:39:21","slug":"turvallinen-nenaleikkaus-istanbulissa","status":"publish","type":"page","link":"https:\/\/bodymed.ee\/fi\/turvallinen-nenaleikkaus-istanbulissa\/","title":{"rendered":"Turvallinen nen\u00e4leikkaus Istanbulissa"},"content":{"rendered":"\t\t<div data-elementor-type=\"wp-page\" data-elementor-id=\"4403\" class=\"elementor elementor-4403 elementor-4364\">\n\t\t\t\t\t\t<section class=\"elementor-section elementor-top-section elementor-element elementor-element-3400d7d elementor-section-boxed elementor-section-height-default elementor-section-height-default\" data-id=\"3400d7d\" data-element_type=\"section\" data-e-type=\"section\">\n\t\t\t\t\t\t<div class=\"elementor-container elementor-column-gap-default\">\n\t\t\t\t\t<div class=\"elementor-column elementor-col-100 elementor-top-column elementor-element elementor-element-35ada86\" data-id=\"35ada86\" data-element_type=\"column\" data-e-type=\"column\">\n\t\t\t<div class=\"elementor-widget-wrap elementor-element-populated\">\n\t\t\t\t\t\t<div class=\"elementor-element elementor-element-a7a766c elementor-widget elementor-widget-heading\" data-id=\"a7a766c\" data-element_type=\"widget\" data-e-type=\"widget\" data-widget_type=\"heading.default\">\n\t\t\t\t<div class=\"elementor-widget-container\">\n\t\t\t\t\t<h3 class=\"elementor-heading-title elementor-size-default\">Turvallinen nen\u00e4leikkaus Istanbulissa<\/h3>\t\t\t\t<\/div>\n\t\t\t\t<\/div>\n\t\t\t\t<div class=\"elementor-element elementor-element-da1df9b elementor-widget elementor-widget-image\" data-id=\"da1df9b\" data-element_type=\"widget\" data-e-type=\"widget\" data-widget_type=\"image.default\">\n\t\t\t\t<div class=\"elementor-widget-container\">\n\t\t\t\t\t\t\t\t\t\t\t\t\t\t\t<img fetchpriority=\"high\" decoding=\"async\" width=\"1024\" height=\"624\" src=\"https:\/\/bodymed.ee\/wp-content\/uploads\/2023\/10\/bodymed-eesti-buduaar-1024x624.webp\" class=\"attachment-large size-large wp-image-4360\" alt=\"\" srcset=\"https:\/\/bodymed.ee\/wp-content\/uploads\/2023\/10\/bodymed-eesti-buduaar-1024x624.webp 1024w, https:\/\/bodymed.ee\/wp-content\/uploads\/2023\/10\/bodymed-eesti-buduaar-600x365.webp 600w, https:\/\/bodymed.ee\/wp-content\/uploads\/2023\/10\/bodymed-eesti-buduaar-300x183.webp 300w, https:\/\/bodymed.ee\/wp-content\/uploads\/2023\/10\/bodymed-eesti-buduaar-768x468.webp 768w, https:\/\/bodymed.ee\/wp-content\/uploads\/2023\/10\/bodymed-eesti-buduaar-1536x935.webp 1536w, https:\/\/bodymed.ee\/wp-content\/uploads\/2023\/10\/bodymed-eesti-buduaar.webp 1800w\" sizes=\"(max-width: 1024px) 100vw, 1024px\" \/>\t\t\t\t\t\t\t\t\t\t\t\t\t\t\t<\/div>\n\t\t\t\t<\/div>\n\t\t\t\t\t<\/div>\n\t\t<\/div>\n\t\t\t\t\t<\/div>\n\t\t<\/section>\n\t\t\t\t<section class=\"elementor-section elementor-top-section elementor-element elementor-element-b14da6d elementor-section-boxed elementor-section-height-default elementor-section-height-default\" data-id=\"b14da6d\" data-element_type=\"section\" data-e-type=\"section\">\n\t\t\t\t\t\t<div class=\"elementor-container elementor-column-gap-default\">\n\t\t\t\t\t<div class=\"elementor-column elementor-col-100 elementor-top-column elementor-element elementor-element-efd7d76\" data-id=\"efd7d76\" data-element_type=\"column\" data-e-type=\"column\">\n\t\t\t<div class=\"elementor-widget-wrap elementor-element-populated\">\n\t\t\t\t\t\t<div class=\"elementor-element elementor-element-4ae17a6 elementor-widget elementor-widget-text-editor\" data-id=\"4ae17a6\" data-element_type=\"widget\" data-e-type=\"widget\" data-widget_type=\"text-editor.default\">\n\t\t\t\t<div class=\"elementor-widget-container\">\n\t\t\t\t\t\t\t\t\t<p><strong>Mik\u00e4 on nen\u00e4leikkaus? Rhinoplastia e. nen\u00e4leikkaus on leikkaus, jonka tarkoituksena on muuttaa nen\u00e4n muotoa tai kokoa.<\/strong><\/p><p>Useimmiten potilaat haluavat korjata nen\u00e4ns\u00e4 jostakin seuraavista syist\u00e4:<\/p><p>Tyytym\u00e4tt\u00f6myys nen\u00e4si yleiseen muotoon tai kokoon.<\/p><p>Potilaan nen\u00e4 n\u00e4ytt\u00e4\u00e4 olevan joko liian suuri, ep\u00e4symmetrinen tai ep\u00e4suhtainen muuhun kasvoihin n\u00e4hden.<\/p><p>Nen\u00e4n takaosa on liian leve\u00e4, liian korkea (sill\u00e4 on kuhmu) tai liian matala (on ns. satulannen\u00e4).<\/p><p>Nen\u00e4n k\u00e4rki roikkuu alas tai liian pystyss\u00e4, liian ulkoneva (pitk\u00e4), ep\u00e4miellytt\u00e4v\u00e4n py\u00f6re\u00e4 ja leve\u00e4 Tyytym\u00e4tt\u00f6myys sieraimien muotoon ja kokoon.<\/p><p>Potilasta voivat h\u00e4irit\u00e4 liian n\u00e4kyv\u00e4t sieraimet tai liiallisesti r\u00e4pyttelev\u00e4t sieraimet.<\/p><p>Aiemmasta traumasta tai poikkeavuudesta johtuva nen\u00e4n kaarevuus tai muu ep\u00e4muodostuma.<\/p><p>Katso ennen ja j\u00e4lkeen kuvat Bodymed-potilaista t\u00e4\u00e4lt\u00e4.<\/p>\t\t\t\t\t\t\t\t<\/div>\n\t\t\t\t<\/div>\n\t\t\t\t\t<\/div>\n\t\t<\/div>\n\t\t\t\t\t<\/div>\n\t\t<\/section>\n\t\t\t\t<section class=\"elementor-section elementor-top-section elementor-element elementor-element-b26cb21 elementor-section-boxed elementor-section-height-default elementor-section-height-default\" data-id=\"b26cb21\" data-element_type=\"section\" data-e-type=\"section\">\n\t\t\t\t\t\t<div class=\"elementor-container elementor-column-gap-default\">\n\t\t\t\t\t<div class=\"elementor-column elementor-col-25 elementor-top-column elementor-element elementor-element-4f2d652\" data-id=\"4f2d652\" data-element_type=\"column\" data-e-type=\"column\">\n\t\t\t<div class=\"elementor-widget-wrap elementor-element-populated\">\n\t\t\t\t\t\t<div class=\"elementor-element elementor-element-b79d7d7 elementor-widget elementor-widget-image\" data-id=\"b79d7d7\" data-element_type=\"widget\" data-e-type=\"widget\" data-widget_type=\"image.default\">\n\t\t\t\t<div class=\"elementor-widget-container\">\n\t\t\t\t\t\t\t\t\t\t\t\t\t\t\t<img decoding=\"async\" width=\"1024\" height=\"1024\" src=\"https:\/\/bodymed.ee\/wp-content\/uploads\/2023\/10\/bodymed-enne-parast-1.jpeg\" class=\"attachment-large size-large wp-image-4366\" alt=\"\" srcset=\"https:\/\/bodymed.ee\/wp-content\/uploads\/2023\/10\/bodymed-enne-parast-1.jpeg 1024w, https:\/\/bodymed.ee\/wp-content\/uploads\/2023\/10\/bodymed-enne-parast-1-300x300.jpeg 300w, https:\/\/bodymed.ee\/wp-content\/uploads\/2023\/10\/bodymed-enne-parast-1-100x100.jpeg 100w, https:\/\/bodymed.ee\/wp-content\/uploads\/2023\/10\/bodymed-enne-parast-1-600x600.jpeg 600w, https:\/\/bodymed.ee\/wp-content\/uploads\/2023\/10\/bodymed-enne-parast-1-150x150.jpeg 150w, https:\/\/bodymed.ee\/wp-content\/uploads\/2023\/10\/bodymed-enne-parast-1-768x768.jpeg 768w\" sizes=\"(max-width: 1024px) 100vw, 1024px\" \/>\t\t\t\t\t\t\t\t\t\t\t\t\t\t\t<\/div>\n\t\t\t\t<\/div>\n\t\t\t\t\t<\/div>\n\t\t<\/div>\n\t\t\t\t<div class=\"elementor-column elementor-col-25 elementor-top-column elementor-element elementor-element-8dedb0f\" data-id=\"8dedb0f\" data-element_type=\"column\" data-e-type=\"column\">\n\t\t\t<div class=\"elementor-widget-wrap elementor-element-populated\">\n\t\t\t\t\t\t<div class=\"elementor-element elementor-element-373c8c0 elementor-widget elementor-widget-image\" data-id=\"373c8c0\" data-element_type=\"widget\" data-e-type=\"widget\" data-widget_type=\"image.default\">\n\t\t\t\t<div class=\"elementor-widget-container\">\n\t\t\t\t\t\t\t\t\t\t\t\t\t\t\t<img decoding=\"async\" width=\"1024\" height=\"1024\" src=\"https:\/\/bodymed.ee\/wp-content\/uploads\/2023\/10\/bodymed-enne-parast-2.jpeg\" class=\"attachment-large size-large wp-image-4370\" alt=\"\" srcset=\"https:\/\/bodymed.ee\/wp-content\/uploads\/2023\/10\/bodymed-enne-parast-2.jpeg 1024w, https:\/\/bodymed.ee\/wp-content\/uploads\/2023\/10\/bodymed-enne-parast-2-300x300.jpeg 300w, https:\/\/bodymed.ee\/wp-content\/uploads\/2023\/10\/bodymed-enne-parast-2-100x100.jpeg 100w, https:\/\/bodymed.ee\/wp-content\/uploads\/2023\/10\/bodymed-enne-parast-2-600x600.jpeg 600w, https:\/\/bodymed.ee\/wp-content\/uploads\/2023\/10\/bodymed-enne-parast-2-150x150.jpeg 150w, https:\/\/bodymed.ee\/wp-content\/uploads\/2023\/10\/bodymed-enne-parast-2-768x768.jpeg 768w\" sizes=\"(max-width: 1024px) 100vw, 1024px\" \/>\t\t\t\t\t\t\t\t\t\t\t\t\t\t\t<\/div>\n\t\t\t\t<\/div>\n\t\t\t\t\t<\/div>\n\t\t<\/div>\n\t\t\t\t<div class=\"elementor-column elementor-col-25 elementor-top-column elementor-element elementor-element-26cbf53\" data-id=\"26cbf53\" data-element_type=\"column\" data-e-type=\"column\">\n\t\t\t<div class=\"elementor-widget-wrap elementor-element-populated\">\n\t\t\t\t\t\t<div class=\"elementor-element elementor-element-e98bb14 elementor-widget elementor-widget-image\" data-id=\"e98bb14\" data-element_type=\"widget\" data-e-type=\"widget\" data-widget_type=\"image.default\">\n\t\t\t\t<div class=\"elementor-widget-container\">\n\t\t\t\t\t\t\t\t\t\t\t\t\t\t\t<img loading=\"lazy\" decoding=\"async\" width=\"1024\" height=\"1024\" src=\"https:\/\/bodymed.ee\/wp-content\/uploads\/2023\/10\/bodymed-enne-parast-3.jpeg\" class=\"attachment-large size-large wp-image-4374\" alt=\"\" srcset=\"https:\/\/bodymed.ee\/wp-content\/uploads\/2023\/10\/bodymed-enne-parast-3.jpeg 1024w, https:\/\/bodymed.ee\/wp-content\/uploads\/2023\/10\/bodymed-enne-parast-3-300x300.jpeg 300w, https:\/\/bodymed.ee\/wp-content\/uploads\/2023\/10\/bodymed-enne-parast-3-100x100.jpeg 100w, https:\/\/bodymed.ee\/wp-content\/uploads\/2023\/10\/bodymed-enne-parast-3-600x600.jpeg 600w, https:\/\/bodymed.ee\/wp-content\/uploads\/2023\/10\/bodymed-enne-parast-3-150x150.jpeg 150w, https:\/\/bodymed.ee\/wp-content\/uploads\/2023\/10\/bodymed-enne-parast-3-768x768.jpeg 768w\" sizes=\"(max-width: 1024px) 100vw, 1024px\" \/>\t\t\t\t\t\t\t\t\t\t\t\t\t\t\t<\/div>\n\t\t\t\t<\/div>\n\t\t\t\t\t<\/div>\n\t\t<\/div>\n\t\t\t\t<div class=\"elementor-column elementor-col-25 elementor-top-column elementor-element elementor-element-6662855\" data-id=\"6662855\" data-element_type=\"column\" data-e-type=\"column\">\n\t\t\t<div class=\"elementor-widget-wrap elementor-element-populated\">\n\t\t\t\t\t\t<div class=\"elementor-element elementor-element-ba96eda elementor-widget elementor-widget-image\" data-id=\"ba96eda\" data-element_type=\"widget\" data-e-type=\"widget\" data-widget_type=\"image.default\">\n\t\t\t\t<div class=\"elementor-widget-container\">\n\t\t\t\t\t\t\t\t\t\t\t\t\t\t\t<img loading=\"lazy\" decoding=\"async\" width=\"1024\" height=\"1024\" src=\"https:\/\/bodymed.ee\/wp-content\/uploads\/2023\/10\/bodymed-enne-parast-1-4.jpeg\" class=\"attachment-large size-large wp-image-4378\" alt=\"\" srcset=\"https:\/\/bodymed.ee\/wp-content\/uploads\/2023\/10\/bodymed-enne-parast-1-4.jpeg 1024w, https:\/\/bodymed.ee\/wp-content\/uploads\/2023\/10\/bodymed-enne-parast-1-4-300x300.jpeg 300w, https:\/\/bodymed.ee\/wp-content\/uploads\/2023\/10\/bodymed-enne-parast-1-4-100x100.jpeg 100w, https:\/\/bodymed.ee\/wp-content\/uploads\/2023\/10\/bodymed-enne-parast-1-4-600x600.jpeg 600w, https:\/\/bodymed.ee\/wp-content\/uploads\/2023\/10\/bodymed-enne-parast-1-4-150x150.jpeg 150w, https:\/\/bodymed.ee\/wp-content\/uploads\/2023\/10\/bodymed-enne-parast-1-4-768x768.jpeg 768w\" sizes=\"(max-width: 1024px) 100vw, 1024px\" \/>\t\t\t\t\t\t\t\t\t\t\t\t\t\t\t<\/div>\n\t\t\t\t<\/div>\n\t\t\t\t\t<\/div>\n\t\t<\/div>\n\t\t\t\t\t<\/div>\n\t\t<\/section>\n\t\t\t\t<section class=\"elementor-section elementor-top-section elementor-element elementor-element-711b32a elementor-section-boxed elementor-section-height-default elementor-section-height-default\" data-id=\"711b32a\" data-element_type=\"section\" data-e-type=\"section\">\n\t\t\t\t\t\t<div class=\"elementor-container elementor-column-gap-default\">\n\t\t\t\t\t<div class=\"elementor-column elementor-col-100 elementor-top-column elementor-element elementor-element-67c7ad9\" data-id=\"67c7ad9\" data-element_type=\"column\" data-e-type=\"column\">\n\t\t\t<div class=\"elementor-widget-wrap elementor-element-populated\">\n\t\t\t\t\t\t<div class=\"elementor-element elementor-element-860585d elementor-widget elementor-widget-heading\" data-id=\"860585d\" data-element_type=\"widget\" data-e-type=\"widget\" data-widget_type=\"heading.default\">\n\t\t\t\t<div class=\"elementor-widget-container\">\n\t\t\t\t\t<h3 class=\"elementor-heading-title elementor-size-default\">Miksi valita vahvistettu terveysmatkailu Istanbulissa Bodymedin kautta?<\/h3>\t\t\t\t<\/div>\n\t\t\t\t<\/div>\n\t\t\t\t\t<\/div>\n\t\t<\/div>\n\t\t\t\t\t<\/div>\n\t\t<\/section>\n\t\t\t\t<section class=\"elementor-section elementor-top-section elementor-element elementor-element-064f3fa elementor-section-boxed elementor-section-height-default elementor-section-height-default\" data-id=\"064f3fa\" data-element_type=\"section\" data-e-type=\"section\">\n\t\t\t\t\t\t<div class=\"elementor-container elementor-column-gap-default\">\n\t\t\t\t\t<div class=\"elementor-column elementor-col-100 elementor-top-column elementor-element elementor-element-77b99be\" data-id=\"77b99be\" data-element_type=\"column\" data-e-type=\"column\">\n\t\t\t<div class=\"elementor-widget-wrap elementor-element-populated\">\n\t\t\t\t\t\t<div class=\"elementor-element elementor-element-8d7aacb elementor-widget elementor-widget-text-editor\" data-id=\"8d7aacb\" data-element_type=\"widget\" data-e-type=\"widget\" data-widget_type=\"text-editor.default\">\n\t\t\t\t<div class=\"elementor-widget-container\">\n\t\t\t\t\t\t\t\t\t<p style=\"font-size: 15px; background-color: var(--ast-global-color-4); color: var(--ast-global-color-3); display: inline !important;\">Bodymed on tarkastanut useita sairaaloita ja suosittelee vain turvallisia paikkoja<\/p><ol><li><p style=\"font-size: 15px; background-color: var(--ast-global-color-4); color: var(--ast-global-color-3); display: inline !important;\">Sinulla on aina mahdollisuus k\u00e4\u00e4nty\u00e4 virolaisen yhteyshenkil\u00f6n puoleen, joka auttaa, neuvoo, selitt\u00e4\u00e4 ja tukee sinua matkallasi.<\/p><\/li><li><p style=\"font-size: 15px; background-color: var(--ast-global-color-4); color: var(--ast-global-color-3); display: inline !important;\">Vain Bodymedilla on klinikan johtajien yhteystiedot, jotka auttavat tai nopeuttavat prosesseja, kun olet Istanbulissa,<\/p><\/li><li><p style=\"font-size: 15px; background-color: var(--ast-global-color-4); color: var(--ast-global-color-3); display: inline !important;\">Bodymedin etsimill\u00e4 klinikoilla ty\u00f6skentelev\u00e4t kirurgit ja l\u00e4\u00e4k\u00e4rit, joilla on pitk\u00e4 kokemus ja parhaat tulokset, joilla on tarvittavat todistukset.<\/p><\/li><li><p style=\"font-size: 15px; background-color: var(--ast-global-color-4); color: var(--ast-global-color-3); display: inline !important;\">Bodymed ei veloita v\u00e4lityspalkkiota, vaan maksat suoraan klinikalle.<\/p><\/li><li><p style=\"font-size: 15px; background-color: var(--ast-global-color-4); color: var(--ast-global-color-3); display: inline !important;\">Palvelut monta kertaa halvemmat kuin Virossa<\/p><\/li><\/ol><p style=\"font-size: 15px; background-color: var(--ast-global-color-4); color: var(--ast-global-color-3);\">\u00a0<\/p><h3>Milt\u00e4 terveysmatkailuprosessi n\u00e4ytt\u00e4\u00e4?<\/h3><p>Viestint\u00e4 Bodymed-asiantuntijan kanssa, joka selitt\u00e4\u00e4 prosessin whatsappissa tai soita +3725111842<br \/>Sinuun ottaa yhteytt\u00e4 Istanbulin kirurgin assistentti, jolle l\u00e4het\u00e4t kuvat ensimm\u00e4iseen konsultaatioon, jatkoviestint\u00e4\u00e4n joko puhelimitse tai kirjallisesti ja sinulle annetaan tarjous<br \/>Jos olet p\u00e4\u00e4tt\u00e4nyt matkustaa Istanbuliin Bodymedin kautta, saat tukea \u00e4idinkielell\u00e4si koko ajan.<br \/>Kun liput on ostettu ja laskeutunut Istanbuliin, sinulle l\u00e4hetet\u00e4\u00e4n video portin numerosta poistuaksesi lentokent\u00e4lt\u00e4 ja sinua odottaa kuljetus, joka vie sinut hotellillesi ja ajaa sinut klinikalle\/sairaalaan. vierailuja varten<br \/>Kaikki lis\u00e4ohjeet tulevat sinulle whatsappissa. (tarvittaessa on virolainen yhteyshenkil\u00f6 24\/7, sinun tulee l\u00e4hett\u00e4\u00e4 h\u00e4nelle vierailusi ajat, jotta h\u00e4n on valmis vastaamaan sinulle v\u00e4litt\u00f6m\u00e4sti)<br \/>Ensimm\u00e4inen vierailu on Istanbul-tyylinen lis\u00e4myynti, joten ole valmis k\u00e4ytt\u00e4m\u00e4\u00e4n ilmausta &#8221;Pysyn alkuper\u00e4isess\u00e4 suunnitelmassani!&#8221; L\u00e4\u00e4k\u00e4ri ja h\u00e4nen avustajansa tutkivat sinut ja p\u00e4\u00e4tt\u00e4v\u00e4t lopullisen suunnitelman.<br \/>Seuraavaksi sinulle m\u00e4\u00e4r\u00e4t\u00e4\u00e4n leikkauksen aika ja alkukierrokset, jotta kaikki on kunnossa.<br \/>Leikkauksen j\u00e4lkeen j\u00e4\u00e4t sairaalaan, joka on moderni ja jossa on eritt\u00e4in miellytt\u00e4v\u00e4 henkil\u00f6kunta, 1-3 p\u00e4iv\u00e4\u00e4.<br \/>Sinulle annetaan sairaalasta kaikki tarvittavat antibiootit, probiootit, siteet ja kipul\u00e4\u00e4kkeet<br \/>Viimeinen k\u00e4ynti on l\u00e4\u00e4k\u00e4rintarkastus, jossa kuntosi tarkistetaan ja olet valmis lent\u00e4m\u00e4\u00e4n takaisin kotiin.<\/p><p style=\"font-size: 15px; background-color: var(--ast-global-color-4); color: var(--ast-global-color-3);\">\u00a0<\/p><p style=\"font-size: 15px; background-color: var(--ast-global-color-4); color: var(--ast-global-color-3);\">Bodymed takaa sinulle itsevarmuuden ja turvallisen matkan terveysmatkailulla.<\/p><p style=\"font-size: 15px; background-color: var(--ast-global-color-4); color: var(--ast-global-color-3);\">Jos sinulla on kysytt\u00e4v\u00e4\u00e4, kirjoita whatsapp +3725111842 tai info@bodymed.ee<\/p><p><img loading=\"lazy\" decoding=\"async\" class=\"alignnone size-medium wp-image-4391\" src=\"https:\/\/bodymed.ee\/wp-content\/uploads\/2023\/10\/triin-randloo-bodymed-eesti-kontakt-scaled-1-300x300.jpeg\" alt=\"\" width=\"300\" height=\"300\" srcset=\"https:\/\/bodymed.ee\/wp-content\/uploads\/2023\/10\/triin-randloo-bodymed-eesti-kontakt-scaled-1-300x300.jpeg 300w, https:\/\/bodymed.ee\/wp-content\/uploads\/2023\/10\/triin-randloo-bodymed-eesti-kontakt-scaled-1-100x100.jpeg 100w, https:\/\/bodymed.ee\/wp-content\/uploads\/2023\/10\/triin-randloo-bodymed-eesti-kontakt-scaled-1-600x600.jpeg 600w, https:\/\/bodymed.ee\/wp-content\/uploads\/2023\/10\/triin-randloo-bodymed-eesti-kontakt-scaled-1-1024x1024.jpeg 1024w, https:\/\/bodymed.ee\/wp-content\/uploads\/2023\/10\/triin-randloo-bodymed-eesti-kontakt-scaled-1-150x150.jpeg 150w, https:\/\/bodymed.ee\/wp-content\/uploads\/2023\/10\/triin-randloo-bodymed-eesti-kontakt-scaled-1-768x768.jpeg 768w, https:\/\/bodymed.ee\/wp-content\/uploads\/2023\/10\/triin-randloo-bodymed-eesti-kontakt-scaled-1-1536x1536.jpeg 1536w, https:\/\/bodymed.ee\/wp-content\/uploads\/2023\/10\/triin-randloo-bodymed-eesti-kontakt-scaled-1.jpeg 2000w\" sizes=\"(max-width: 300px) 100vw, 300px\" \/><\/p><p class=\"paragraph has-block-align--none\"><a href=\"http:\/\/www.bodymed.ee\/\" target=\"_blank\" rel=\"noopener\" data-type=\"link\" data-id=\"www.bodymed.ee\">www.bodymed.ee<\/a><\/p><p>Alkuper\u00e4inen artikkeli: <a href=\"https:\/\/buduaar.tv3.ee\/sisuturundus\/naised-mis-meil-elektriliste-autode-vastu-on\/\" target=\"_blank\" rel=\"noopener\">Buduaar<\/a><\/p>\t\t\t\t\t\t\t\t<\/div>\n\t\t\t\t<\/div>\n\t\t\t\t\t<\/div>\n\t\t<\/div>\n\t\t\t\t\t<\/div>\n\t\t<\/section>\n\t\t\t\t<\/div>\n\t\t","protected":false},"excerpt":{"rendered":"<p>Turvallinen nen\u00e4leikkaus Istanbulissa Mik\u00e4 on nen\u00e4leikkaus? Rhinoplastia e. nen\u00e4leikkaus on leikkaus, jonka tarkoituksena on muuttaa nen\u00e4n muotoa tai kokoa. Useimmiten potilaat haluavat korjata nen\u00e4ns\u00e4 jostakin seuraavista syist\u00e4: Tyytym\u00e4tt\u00f6myys nen\u00e4si yleiseen muotoon tai kokoon. Potilaan nen\u00e4 n\u00e4ytt\u00e4\u00e4 olevan joko liian suuri, ep\u00e4symmetrinen tai ep\u00e4suhtainen muuhun kasvoihin n\u00e4hden. Nen\u00e4n takaosa on liian leve\u00e4, liian korkea (sill\u00e4 on [&hellip;]<\/p>\n","protected":false},"author":14,"featured_media":0,"parent":0,"menu_order":0,"comment_status":"closed","ping_status":"closed","template":"","meta":{"site-sidebar-layout":"no-sidebar","site-content-layout":"page-builder","ast-site-content-layout":"full-width-container","site-content-style":"unboxed","site-sidebar-style":"unboxed","ast-global-header-display":"","ast-banner-title-visibility":"","ast-main-header-display":"","ast-hfb-above-header-display":"","ast-hfb-below-header-display":"","ast-hfb-mobile-header-display":"","site-post-title":"disabled","ast-breadcrumbs-content":"","ast-featured-img":"disabled","footer-sml-layout":"","ast-disable-related-posts":"","theme-transparent-header-meta":"default","adv-header-id-meta":"","stick-header-meta":"","header-above-stick-meta":"","header-main-stick-meta":"","header-below-stick-meta":"","astra-migrate-meta-layouts":"set","ast-page-background-enabled":"default","ast-page-background-meta":{"desktop":{"background-color":"","background-image":"","background-repeat":"repeat","background-position":"center center","background-size":"auto","background-attachment":"scroll","background-type":"","background-media":"","overlay-type":"","overlay-color":"","overlay-opacity":"","overlay-gradient":""},"tablet":{"background-color":"","background-image":"","background-repeat":"repeat","background-position":"center center","background-size":"auto","background-attachment":"scroll","background-type":"","background-media":"","overlay-type":"","overlay-color":"","overlay-opacity":"","overlay-gradient":""},"mobile":{"background-color":"","background-image":"","background-repeat":"repeat","background-position":"center center","background-size":"auto","background-attachment":"scroll","background-type":"","background-media":"","overlay-type":"","overlay-color":"","overlay-opacity":"","overlay-gradient":""}},"ast-content-background-meta":{"desktop":{"background-color":"var(--ast-global-color-5)","background-image":"","background-repeat":"repeat","background-position":"center center","background-size":"auto","background-attachment":"scroll","background-type":"","background-media":"","overlay-type":"","overlay-color":"","overlay-opacity":"","overlay-gradient":""},"tablet":{"background-color":"var(--ast-global-color-5)","background-image":"","background-repeat":"repeat","background-position":"center center","background-size":"auto","background-attachment":"scroll","background-type":"","background-media":"","overlay-type":"","overlay-color":"","overlay-opacity":"","overlay-gradient":""},"mobile":{"background-color":"var(--ast-global-color-5)","background-image":"","background-repeat":"repeat","background-position":"center center","background-size":"auto","background-attachment":"scroll","background-type":"","background-media":"","overlay-type":"","overlay-color":"","overlay-opacity":"","overlay-gradient":""}},"_themeisle_gutenberg_block_has_review":false,"footnotes":""},"class_list":["post-4403","page","type-page","status-publish","hentry"],"_links":{"self":[{"href":"https:\/\/bodymed.ee\/fi\/wp-json\/wp\/v2\/pages\/4403","targetHints":{"allow":["GET"]}}],"collection":[{"href":"https:\/\/bodymed.ee\/fi\/wp-json\/wp\/v2\/pages"}],"about":[{"href":"https:\/\/bodymed.ee\/fi\/wp-json\/wp\/v2\/types\/page"}],"author":[{"embeddable":true,"href":"https:\/\/bodymed.ee\/fi\/wp-json\/wp\/v2\/users\/14"}],"replies":[{"embeddable":true,"href":"https:\/\/bodymed.ee\/fi\/wp-json\/wp\/v2\/comments?post=4403"}],"version-history":[{"count":8,"href":"https:\/\/bodymed.ee\/fi\/wp-json\/wp\/v2\/pages\/4403\/revisions"}],"predecessor-version":[{"id":4440,"href":"https:\/\/bodymed.ee\/fi\/wp-json\/wp\/v2\/pages\/4403\/revisions\/4440"}],"wp:attachment":[{"href":"https:\/\/bodymed.ee\/fi\/wp-json\/wp\/v2\/media?parent=4403"}],"curies":[{"name":"wp","href":"https:\/\/api.w.org\/{rel}","templated":true}]}}