{"id":4482,"date":"2023-10-21T11:50:13","date_gmt":"2023-10-21T11:50:13","guid":{"rendered":"https:\/\/bodymed.ee\/jarelmaks\/"},"modified":"2023-10-31T07:47:35","modified_gmt":"2023-10-31T07:47:35","slug":"osamaksu","status":"publish","type":"page","link":"https:\/\/bodymed.ee\/fi\/osamaksu\/","title":{"rendered":"osamaksu"},"content":{"rendered":"\t\t<div data-elementor-type=\"wp-page\" data-elementor-id=\"4482\" class=\"elementor elementor-4482 elementor-955\">\n\t\t\t\t\t\t<section class=\"elementor-section elementor-top-section elementor-element elementor-element-eb6dc15 elementor-section-boxed elementor-section-height-default elementor-section-height-default\" data-id=\"eb6dc15\" data-element_type=\"section\" data-e-type=\"section\">\n\t\t\t\t\t\t<div class=\"elementor-container elementor-column-gap-default\">\n\t\t\t\t\t<div class=\"elementor-column elementor-col-100 elementor-top-column elementor-element elementor-element-73aedac\" data-id=\"73aedac\" data-element_type=\"column\" data-e-type=\"column\">\n\t\t\t<div class=\"elementor-widget-wrap elementor-element-populated\">\n\t\t\t\t\t\t<div class=\"elementor-element elementor-element-d5dc304 elementor-widget elementor-widget-heading\" data-id=\"d5dc304\" data-element_type=\"widget\" data-e-type=\"widget\" data-widget_type=\"heading.default\">\n\t\t\t\t<div class=\"elementor-widget-container\">\n\t\t\t\t\t<h3 class=\"elementor-heading-title elementor-size-default\">Etk\u00f6 halua maksaa koko summaa kerralla? Maksa eriss\u00e4!<br>Verkkosivuillamme oleva lainalaskuri on yksinkertainen ja tehokas ty\u00f6kalu, jonka avulla voit nopeasti laskea lainaan liittyv\u00e4n kuukausier\u00e4n. Sy\u00f6t\u00e4 lainan m\u00e4\u00e4r\u00e4 ja laina-aika laskimeen, niin laskemme sinulle kuukausier\u00e4n.<\/h3>\t\t\t\t<\/div>\n\t\t\t\t<\/div>\n\t\t\t\t<div class=\"elementor-element elementor-element-3b04e1f elementor-widget__width-auto elementor-widget elementor-widget-html\" data-id=\"3b04e1f\" data-element_type=\"widget\" data-e-type=\"widget\" data-widget_type=\"html.default\">\n\t\t\t\t<div class=\"elementor-widget-container\">\n\t\t\t\t\t<div class=\"loan-cal-box\">\r\n    <h3>Valitse sinulle sopiva lainasumma ja laina-aika<\/h3>\r\n    \r\n    <div class=\"slider-container\">\r\n    \t<div class=\"label-section\">\r\n        \t<label class=\"slider-label\" for=\"principal\">Laenusumma:<\/label>\r\n            <span class=\"show-value\"><div id=\"principalValue\">1000 \u20ac<\/div><\/span>\r\n        <\/div>\r\n        <div class=\"slider-tooltip\">\r\n            <input type=\"range\" id=\"principal\" min=\"1000\" max=\"10000\" step=\"1000\" value=\"1000\" oninput=\"calculateLoan()\">\r\n            <div class=\"tooltip\" id=\"principalTooltip\">1000 \u20ac<\/div>\r\n        <\/div>\r\n        <div class=\"loan-static-val\">\r\n        \t<span class=\"slider-value\">1000 \u20ac<\/span>\r\n            <span class=\"slider-value\">10,000 \u20ac<\/span>\r\n        <\/div>\r\n    <\/div>\r\n    \r\n    <div class=\"slider-container\">\r\n    \t<div class=\"label-section\">\r\n        \t<label class=\"slider-label\" for=\"loanTerm\">Periood (kuud):<\/label>\r\n            <span class=\"show-value\"><div id=\"loanTermValue\">3 kuud<\/div><\/span>\r\n        <\/div>\r\n        <div class=\"slider-tooltip\">\r\n            <input type=\"range\" id=\"loanTerm\" min=\"3\" max=\"60\" step=\"3\" value=\"3\" oninput=\"calculateLoan()\">\r\n            <div class=\"tooltip\" id=\"loanTermTooltip\">3 kuud<\/div>\r\n        <\/div>\r\n        <div class=\"loan-static-val\">\r\n        \t<span class=\"slider-value\">3 kuud<\/span>\r\n            <span class=\"slider-value\">60 kuud<\/span>\r\n        <\/div>\r\n    <\/div>\r\n<div class=\"total-box\">\r\n    Kuumakse: <p id=\"monthlyPayment\"><\/p>\r\n<\/div>\r\n<\/div>\r\n\r\n<script>\r\n    \r\ndocument.getElementById(\"principal\").addEventListener(\"input\", function() {\r\n\tvar principalValue = this.value;\r\n    document.getElementById(\"principalValue\").textContent = principalValue + \" \u20ac\";\r\n    document.getElementById(\"principalTooltip\").textContent = principalValue + \" \u20ac\";\r\n});\r\ndocument.getElementById(\"loanTerm\").addEventListener(\"input\", function() {\r\n\tvar loanTermValue = this.value;\r\n    document.getElementById(\"loanTermValue\").textContent = loanTermValue + \" kuud\";\r\n    document.getElementById(\"loanTermTooltip\").textContent = loanTermValue + \" kuud\";\r\n});    \r\n    \r\n<\/script>\t\t\t\t<\/div>\n\t\t\t\t<\/div>\n\t\t\t\t\t<\/div>\n\t\t<\/div>\n\t\t\t\t\t<\/div>\n\t\t<\/section>\n\t\t\t\t<section class=\"elementor-section elementor-top-section elementor-element elementor-element-8179896 elementor-section-boxed elementor-section-height-default elementor-section-height-default\" data-id=\"8179896\" data-element_type=\"section\" data-e-type=\"section\">\n\t\t\t\t\t\t<div class=\"elementor-container elementor-column-gap-default\">\n\t\t\t\t\t<div class=\"elementor-column elementor-col-33 elementor-top-column elementor-element elementor-element-f8bfcfd\" data-id=\"f8bfcfd\" data-element_type=\"column\" data-e-type=\"column\">\n\t\t\t<div class=\"elementor-widget-wrap\">\n\t\t\t\t\t\t\t<\/div>\n\t\t<\/div>\n\t\t\t\t<div class=\"elementor-column elementor-col-33 elementor-top-column elementor-element elementor-element-9043ad3\" data-id=\"9043ad3\" data-element_type=\"column\" data-e-type=\"column\">\n\t\t\t<div class=\"elementor-widget-wrap elementor-element-populated\">\n\t\t\t\t\t\t<div class=\"elementor-element elementor-element-7dbc879 elementor-widget elementor-widget-image\" data-id=\"7dbc879\" data-element_type=\"widget\" data-e-type=\"widget\" data-widget_type=\"image.default\">\n\t\t\t\t<div class=\"elementor-widget-container\">\n\t\t\t\t\t\t\t\t\t\t\t\t\t\t\t\t<a href=\"https:\/\/www.fjordbank.ee\/?utm_source=bodymed\" target=\"_blank\" rel=\"noopener\">\n\t\t\t\t\t\t\t<img fetchpriority=\"high\" decoding=\"async\" width=\"800\" height=\"410\" src=\"https:\/\/bodymed.ee\/wp-content\/uploads\/2023\/10\/FjordBank.png\" class=\"attachment-large size-large wp-image-4448\" alt=\"\" srcset=\"https:\/\/bodymed.ee\/wp-content\/uploads\/2023\/10\/FjordBank.png 800w, https:\/\/bodymed.ee\/wp-content\/uploads\/2023\/10\/FjordBank-600x308.png 600w, https:\/\/bodymed.ee\/wp-content\/uploads\/2023\/10\/FjordBank-300x154.png 300w, https:\/\/bodymed.ee\/wp-content\/uploads\/2023\/10\/FjordBank-768x394.png 768w\" sizes=\"(max-width: 800px) 100vw, 800px\" \/>\t\t\t\t\t\t\t\t<\/a>\n\t\t\t\t\t\t\t\t\t\t\t\t\t\t\t<\/div>\n\t\t\t\t<\/div>\n\t\t\t\t<div class=\"elementor-element elementor-element-de1c348 elementor-align-center elementor-widget elementor-widget-button\" data-id=\"de1c348\" data-element_type=\"widget\" data-e-type=\"widget\" data-widget_type=\"button.default\">\n\t\t\t\t<div class=\"elementor-widget-container\">\n\t\t\t\t\t\t\t\t\t<div class=\"elementor-button-wrapper\">\n\t\t\t\t\t<a class=\"elementor-button elementor-button-link elementor-size-sm\" href=\"https:\/\/www.fjordbank.ee\/?utm_source=bodymed\" target=\"_blank\" rel=\"noopener\">\n\t\t\t\t\t\t<span class=\"elementor-button-content-wrapper\">\n\t\t\t\t\t\t\t\t\t<span class=\"elementor-button-text\">K\u00e4yt\u00e4<\/span>\n\t\t\t\t\t<\/span>\n\t\t\t\t\t<\/a>\n\t\t\t\t<\/div>\n\t\t\t\t\t\t\t\t<\/div>\n\t\t\t\t<\/div>\n\t\t\t\t\t<\/div>\n\t\t<\/div>\n\t\t\t\t<div class=\"elementor-column elementor-col-33 elementor-top-column elementor-element elementor-element-2385e3e\" data-id=\"2385e3e\" data-element_type=\"column\" data-e-type=\"column\">\n\t\t\t<div class=\"elementor-widget-wrap\">\n\t\t\t\t\t\t\t<\/div>\n\t\t<\/div>\n\t\t\t\t\t<\/div>\n\t\t<\/section>\n\t\t\t\t<section class=\"elementor-section elementor-top-section elementor-element elementor-element-c5e4049 elementor-section-boxed elementor-section-height-default elementor-section-height-default\" data-id=\"c5e4049\" data-element_type=\"section\" data-e-type=\"section\">\n\t\t\t\t\t\t<div class=\"elementor-container elementor-column-gap-default\">\n\t\t\t\t\t<div class=\"elementor-column elementor-col-33 elementor-top-column elementor-element elementor-element-0e9639f\" data-id=\"0e9639f\" data-element_type=\"column\" data-e-type=\"column\">\n\t\t\t<div class=\"elementor-widget-wrap elementor-element-populated\">\n\t\t\t\t\t\t<div class=\"elementor-element elementor-element-b261e6f elementor-widget elementor-widget-image\" data-id=\"b261e6f\" data-element_type=\"widget\" data-e-type=\"widget\" data-widget_type=\"image.default\">\n\t\t\t\t<div class=\"elementor-widget-container\">\n\t\t\t\t\t\t\t\t\t\t\t\t\t\t\t\t<a href=\"https:\/\/www.medicredit.ee\/\" target=\"_blank\" rel=\"noopener\">\n\t\t\t\t\t\t\t<img decoding=\"async\" width=\"1024\" height=\"258\" src=\"https:\/\/bodymed.ee\/wp-content\/uploads\/2023\/04\/medicredit_logo.png\" class=\"attachment-large size-large wp-image-2559\" alt=\"\" srcset=\"https:\/\/bodymed.ee\/wp-content\/uploads\/2023\/04\/medicredit_logo.png 1024w, https:\/\/bodymed.ee\/wp-content\/uploads\/2023\/04\/medicredit_logo-600x151.png 600w, https:\/\/bodymed.ee\/wp-content\/uploads\/2023\/04\/medicredit_logo-300x76.png 300w, https:\/\/bodymed.ee\/wp-content\/uploads\/2023\/04\/medicredit_logo-768x194.png 768w\" sizes=\"(max-width: 1024px) 100vw, 1024px\" \/>\t\t\t\t\t\t\t\t<\/a>\n\t\t\t\t\t\t\t\t\t\t\t\t\t\t\t<\/div>\n\t\t\t\t<\/div>\n\t\t\t\t<div class=\"elementor-element elementor-element-981f4c4 elementor-align-center elementor-widget elementor-widget-button\" data-id=\"981f4c4\" data-element_type=\"widget\" data-e-type=\"widget\" data-widget_type=\"button.default\">\n\t\t\t\t<div class=\"elementor-widget-container\">\n\t\t\t\t\t\t\t\t\t<div class=\"elementor-button-wrapper\">\n\t\t\t\t\t<a class=\"elementor-button elementor-button-link elementor-size-sm\" href=\"https:\/\/www.medicredit.ee\/laenu-taotlemine\/\" target=\"_blank\" rel=\"noopener\">\n\t\t\t\t\t\t<span class=\"elementor-button-content-wrapper\">\n\t\t\t\t\t\t\t\t\t<span class=\"elementor-button-text\">K\u00e4yt\u00e4<\/span>\n\t\t\t\t\t<\/span>\n\t\t\t\t\t<\/a>\n\t\t\t\t<\/div>\n\t\t\t\t\t\t\t\t<\/div>\n\t\t\t\t<\/div>\n\t\t\t\t\t<\/div>\n\t\t<\/div>\n\t\t\t\t<div class=\"elementor-column elementor-col-33 elementor-top-column elementor-element elementor-element-f3df8db\" data-id=\"f3df8db\" data-element_type=\"column\" data-e-type=\"column\">\n\t\t\t<div class=\"elementor-widget-wrap elementor-element-populated\">\n\t\t\t\t\t\t<div class=\"elementor-element elementor-element-e4bb731 elementor-widget elementor-widget-image\" data-id=\"e4bb731\" data-element_type=\"widget\" data-e-type=\"widget\" data-widget_type=\"image.default\">\n\t\t\t\t<div class=\"elementor-widget-container\">\n\t\t\t\t\t\t\t\t\t\t\t\t\t\t\t\t<a href=\"https:\/\/esto.eu\/ee?lang=et\" target=\"_blank\" rel=\"noopener\">\n\t\t\t\t\t\t\t<img decoding=\"async\" width=\"258\" height=\"149\" src=\"https:\/\/bodymed.ee\/wp-content\/uploads\/2023\/04\/estojarelmaks-logo.png\" class=\"attachment-large size-large wp-image-2564\" alt=\"\" \/>\t\t\t\t\t\t\t\t<\/a>\n\t\t\t\t\t\t\t\t\t\t\t\t\t\t\t<\/div>\n\t\t\t\t<\/div>\n\t\t\t\t<div class=\"elementor-element elementor-element-fd5d67d elementor-align-center elementor-widget elementor-widget-button\" data-id=\"fd5d67d\" data-element_type=\"widget\" data-e-type=\"widget\" data-widget_type=\"button.default\">\n\t\t\t\t<div class=\"elementor-widget-container\">\n\t\t\t\t\t\t\t\t\t<div class=\"elementor-button-wrapper\">\n\t\t\t\t\t<a class=\"elementor-button elementor-button-link elementor-size-sm\" href=\"https:\/\/profile.esto.ee\/register?cookie_accepted=false&#038;gt_enabled=false&#038;zk_enabled=false\" target=\"_blank\" rel=\"noopener\">\n\t\t\t\t\t\t<span class=\"elementor-button-content-wrapper\">\n\t\t\t\t\t\t\t\t\t<span class=\"elementor-button-text\">K\u00e4yt\u00e4<\/span>\n\t\t\t\t\t<\/span>\n\t\t\t\t\t<\/a>\n\t\t\t\t<\/div>\n\t\t\t\t\t\t\t\t<\/div>\n\t\t\t\t<\/div>\n\t\t\t\t\t<\/div>\n\t\t<\/div>\n\t\t\t\t<div class=\"elementor-column elementor-col-33 elementor-top-column elementor-element elementor-element-591d208\" data-id=\"591d208\" data-element_type=\"column\" data-e-type=\"column\">\n\t\t\t<div class=\"elementor-widget-wrap elementor-element-populated\">\n\t\t\t\t\t\t<div class=\"elementor-element elementor-element-5e7303f elementor-widget elementor-widget-image\" data-id=\"5e7303f\" data-element_type=\"widget\" data-e-type=\"widget\" data-widget_type=\"image.default\">\n\t\t\t\t<div class=\"elementor-widget-container\">\n\t\t\t\t\t\t\t\t\t\t\t\t\t\t\t\t<a href=\"https:\/\/modena.ee\/\" target=\"_blank\" rel=\"noopener\">\n\t\t\t\t\t\t\t<img loading=\"lazy\" decoding=\"async\" width=\"301\" height=\"97\" src=\"https:\/\/bodymed.ee\/wp-content\/uploads\/2023\/04\/modena-.png\" class=\"attachment-large size-large wp-image-2565\" alt=\"\" \/>\t\t\t\t\t\t\t\t<\/a>\n\t\t\t\t\t\t\t\t\t\t\t\t\t\t\t<\/div>\n\t\t\t\t<\/div>\n\t\t\t\t<div class=\"elementor-element elementor-element-f97b1bf elementor-align-center elementor-widget elementor-widget-button\" data-id=\"f97b1bf\" data-element_type=\"widget\" data-e-type=\"widget\" data-widget_type=\"button.default\">\n\t\t\t\t<div class=\"elementor-widget-container\">\n\t\t\t\t\t\t\t\t\t<div class=\"elementor-button-wrapper\">\n\t\t\t\t\t<a class=\"elementor-button elementor-button-link elementor-size-sm\" href=\"https:\/\/onboarding.modena.ee\/c9ea1c3d-cff1-43f4-addd-f228c1c7038f\" target=\"_blank\" rel=\"noopener\">\n\t\t\t\t\t\t<span class=\"elementor-button-content-wrapper\">\n\t\t\t\t\t\t\t\t\t<span class=\"elementor-button-text\">K\u00e4yt\u00e4<\/span>\n\t\t\t\t\t<\/span>\n\t\t\t\t\t<\/a>\n\t\t\t\t<\/div>\n\t\t\t\t\t\t\t\t<\/div>\n\t\t\t\t<\/div>\n\t\t\t\t\t<\/div>\n\t\t<\/div>\n\t\t\t\t\t<\/div>\n\t\t<\/section>\n\t\t\t\t<\/div>\n\t\t","protected":false},"excerpt":{"rendered":"<p>Etk\u00f6 halua maksaa koko summaa kerralla? Maksa eriss\u00e4!Verkkosivuillamme oleva lainalaskuri on yksinkertainen ja tehokas ty\u00f6kalu, jonka avulla voit nopeasti laskea lainaan liittyv\u00e4n kuukausier\u00e4n. Sy\u00f6t\u00e4 lainan m\u00e4\u00e4r\u00e4 ja laina-aika laskimeen, niin laskemme sinulle kuukausier\u00e4n. Valitse sinulle sopiva lainasumma ja laina-aika Laenusumma: 1000 \u20ac 1000 \u20ac 1000 \u20ac 10,000 \u20ac Periood (kuud): 3 kuud 3 kuud 3 [&hellip;]<\/p>\n","protected":false},"author":1,"featured_media":0,"parent":0,"menu_order":0,"comment_status":"closed","ping_status":"closed","template":"","meta":{"site-sidebar-layout":"no-sidebar","site-content-layout":"page-builder","ast-site-content-layout":"full-width-container","site-content-style":"unboxed","site-sidebar-style":"unboxed","ast-global-header-display":"","ast-banner-title-visibility":"","ast-main-header-display":"","ast-hfb-above-header-display":"","ast-hfb-below-header-display":"","ast-hfb-mobile-header-display":"","site-post-title":"disabled","ast-breadcrumbs-content":"","ast-featured-img":"disabled","footer-sml-layout":"","ast-disable-related-posts":"","theme-transparent-header-meta":"default","adv-header-id-meta":"","stick-header-meta":"","header-above-stick-meta":"","header-main-stick-meta":"","header-below-stick-meta":"","astra-migrate-meta-layouts":"set","ast-page-background-enabled":"default","ast-page-background-meta":{"desktop":{"background-color":"","background-image":"","background-repeat":"repeat","background-position":"center center","background-size":"auto","background-attachment":"scroll","background-type":"","background-media":"","overlay-type":"","overlay-color":"","overlay-opacity":"","overlay-gradient":""},"tablet":{"background-color":"","background-image":"","background-repeat":"repeat","background-position":"center center","background-size":"auto","background-attachment":"scroll","background-type":"","background-media":"","overlay-type":"","overlay-color":"","overlay-opacity":"","overlay-gradient":""},"mobile":{"background-color":"","background-image":"","background-repeat":"repeat","background-position":"center center","background-size":"auto","background-attachment":"scroll","background-type":"","background-media":"","overlay-type":"","overlay-color":"","overlay-opacity":"","overlay-gradient":""}},"ast-content-background-meta":{"desktop":{"background-color":"var(--ast-global-color-5)","background-image":"","background-repeat":"repeat","background-position":"center center","background-size":"auto","background-attachment":"scroll","background-type":"","background-media":"","overlay-type":"","overlay-color":"","overlay-opacity":"","overlay-gradient":""},"tablet":{"background-color":"var(--ast-global-color-5)","background-image":"","background-repeat":"repeat","background-position":"center center","background-size":"auto","background-attachment":"scroll","background-type":"","background-media":"","overlay-type":"","overlay-color":"","overlay-opacity":"","overlay-gradient":""},"mobile":{"background-color":"var(--ast-global-color-5)","background-image":"","background-repeat":"repeat","background-position":"center center","background-size":"auto","background-attachment":"scroll","background-type":"","background-media":"","overlay-type":"","overlay-color":"","overlay-opacity":"","overlay-gradient":""}},"_themeisle_gutenberg_block_has_review":false,"footnotes":""},"class_list":["post-4482","page","type-page","status-publish","hentry"],"_links":{"self":[{"href":"https:\/\/bodymed.ee\/fi\/wp-json\/wp\/v2\/pages\/4482","targetHints":{"allow":["GET"]}}],"collection":[{"href":"https:\/\/bodymed.ee\/fi\/wp-json\/wp\/v2\/pages"}],"about":[{"href":"https:\/\/bodymed.ee\/fi\/wp-json\/wp\/v2\/types\/page"}],"author":[{"embeddable":true,"href":"https:\/\/bodymed.ee\/fi\/wp-json\/wp\/v2\/users\/1"}],"replies":[{"embeddable":true,"href":"https:\/\/bodymed.ee\/fi\/wp-json\/wp\/v2\/comments?post=4482"}],"version-history":[{"count":11,"href":"https:\/\/bodymed.ee\/fi\/wp-json\/wp\/v2\/pages\/4482\/revisions"}],"predecessor-version":[{"id":4612,"href":"https:\/\/bodymed.ee\/fi\/wp-json\/wp\/v2\/pages\/4482\/revisions\/4612"}],"wp:attachment":[{"href":"https:\/\/bodymed.ee\/fi\/wp-json\/wp\/v2\/media?parent=4482"}],"curies":[{"name":"wp","href":"https:\/\/api.w.org\/{rel}","templated":true}]}}