{"id":5272,"date":"2024-01-15T10:22:51","date_gmt":"2024-01-15T10:22:51","guid":{"rendered":"https:\/\/bodymed.ee\/elery-lugu\/"},"modified":"2024-01-15T10:47:49","modified_gmt":"2024-01-15T10:47:49","slug":"eleryn-tarina","status":"publish","type":"page","link":"https:\/\/bodymed.ee\/fi\/eleryn-tarina\/","title":{"rendered":"Eleryn tarina"},"content":{"rendered":"\t\t<div data-elementor-type=\"wp-page\" data-elementor-id=\"5272\" class=\"elementor elementor-5272 elementor-5155\">\n\t\t\t\t\t\t<section class=\"elementor-section elementor-top-section elementor-element elementor-element-dfc92b4 elementor-section-boxed elementor-section-height-default elementor-section-height-default\" data-id=\"dfc92b4\" data-element_type=\"section\" data-e-type=\"section\">\n\t\t\t\t\t\t<div class=\"elementor-container elementor-column-gap-default\">\n\t\t\t\t\t<div class=\"elementor-column elementor-col-100 elementor-top-column elementor-element elementor-element-776a2ef\" data-id=\"776a2ef\" data-element_type=\"column\" data-e-type=\"column\">\n\t\t\t<div class=\"elementor-widget-wrap elementor-element-populated\">\n\t\t\t\t\t\t<div class=\"elementor-element elementor-element-556af89 elementor-widget elementor-widget-heading\" data-id=\"556af89\" data-element_type=\"widget\" data-e-type=\"widget\" data-widget_type=\"heading.default\">\n\t\t\t\t<div class=\"elementor-widget-container\">\n\t\t\t\t\t<h4 class=\"elementor-heading-title elementor-size-default\">Eleryn tarina<\/h4>\t\t\t\t<\/div>\n\t\t\t\t<\/div>\n\t\t\t\t<div class=\"elementor-element elementor-element-469f582 elementor-widget elementor-widget-text-editor\" data-id=\"469f582\" data-element_type=\"widget\" data-e-type=\"widget\" data-widget_type=\"text-editor.default\">\n\t\t\t\t<div class=\"elementor-widget-container\">\n\t\t\t\t\t\t\t\t\t<p><img fetchpriority=\"high\" decoding=\"async\" class=\"size-medium wp-image-5219 alignleft\" src=\"https:\/\/bodymed.ee\/wp-content\/uploads\/2024\/01\/Bodymed-Eesti-Elery-lugu-10-225x300.jpeg\" alt=\"\" width=\"225\" height=\"300\" srcset=\"https:\/\/bodymed.ee\/wp-content\/uploads\/2024\/01\/Bodymed-Eesti-Elery-lugu-10-225x300.jpeg 225w, https:\/\/bodymed.ee\/wp-content\/uploads\/2024\/01\/Bodymed-Eesti-Elery-lugu-10-768x1024.jpeg 768w, https:\/\/bodymed.ee\/wp-content\/uploads\/2024\/01\/Bodymed-Eesti-Elery-lugu-10-1152x1536.jpeg 1152w, https:\/\/bodymed.ee\/wp-content\/uploads\/2024\/01\/Bodymed-Eesti-Elery-lugu-10-600x800.jpeg 600w, https:\/\/bodymed.ee\/wp-content\/uploads\/2024\/01\/Bodymed-Eesti-Elery-lugu-10.jpeg 1536w\" sizes=\"(max-width: 225px) 100vw, 225px\" \/>Elery S on 31-vuotias, kasvattaa yksin pikkupoikaa ja ty\u00f6skentelee sisustussuunnittelijana sek\u00e4 omistaa siivousyrityksen, <span style=\"text-decoration: underline;\"><strong><a href=\"https:\/\/www.facebook.com\/SaaronEllie\" target=\"_blank\" rel=\"noopener\">Koduhaldjas Ellie<\/a><\/strong><\/span><\/p><p>Elery itse kertoo, mit\u00e4 tapahtui ja miksi h\u00e4n p\u00e4\u00e4tti k\u00e4\u00e4nty\u00e4 tarkastusyhti\u00f6n puoleen:<\/p><p>&#8221;Oli mukava ilta, kun sain v\u00e4h\u00e4n rentoutua ja nauttia mukavasta perjantai-illasta yst\u00e4v\u00e4ni C\u00e4rolan kanssa, ilta alkoi niin, ett\u00e4 putosin skootteriltani 25 km\/h teknisten ongelmien takia. siraki, jalkak\u00e4yt\u00e4v\u00e4ll\u00e4 ja etuhampaat osuivat ensimm\u00e4isin\u00e4. Illan hammaskeiju oli yst\u00e4v\u00e4ni C\u00e4rol, joka vei etuhampaan p\u00e4ivystykseen, jotta l\u00e4\u00e4k\u00e4ri laittoi sen takaisin.Olen nuori, enk\u00e4 pystynyt liikkumaan eteenp\u00e4in ilman etuhammasta jota ei l\u00f6ytynyt. el\u00e4m\u00e4ss\u00e4.<\/p><p>K\u00e4vin Tallinnan hammasklinikalla, jossa tarjottiin tarjouksia 18 500 euroon asti, implantti- ja kaappihoitoa. Sitten kirjoitin kauneuskirurgian Facebook-ryhm\u00e4\u00e4n, jossa tutkin erilaisia \u200b\u200bmahdollisuuksia tehd\u00e4 annettu ty\u00f6 edullisesti Virossa tai ulkomailla. Minuun otti yhteytt\u00e4 valvontaklinikan kokenut asiantuntija Triin, joka jakoi matkansa Turkissa, ja h\u00e4nen ansiostaan \u200b\u200bp\u00e4\u00e4sin Bodymed-kontrolliyhti\u00f6\u00f6n.<\/p><p>Matka on ollut minulle ihana, kivuton ja olen entist\u00e4 tietoisempi hampaista ja siit\u00e4, kuinka t\u00e4rke\u00e4\u00e4 on, ett\u00e4 hampaat ovat kunnossa, sill\u00e4 terveytesi alkaa hampaista.<\/p><p>Tulosta en voi sanoin pukea, en ole koskaan saanut sellaista palvelua, jota minulle tarjottiin klinikalla ja Triinulle henkil\u00f6kohtaisesti.<\/p><p>Valitettavasti on my\u00f6nnett\u00e4v\u00e4, ett\u00e4 Viron hammashoito on j\u00e4rjett\u00f6m\u00e4n kallista ja t\u00e4m\u00e4n vuoksi monilla ei ole varaa hammashoitoon.Suosittelen jokaista toteuttamaan unelmansa ja l\u00f6yt\u00e4m\u00e4\u00e4n 1-kertaisen summan hampaiden kuntoon.<\/p><p>Positiivista koko matkaa: nopea, kivuton, lompakkoyst\u00e4v\u00e4llinen verrattuna Viroon. Bodymedin tukihenkil\u00f6 k\u00e4ytett\u00e4viss\u00e4 24\/7, tulkki tarvittaessa, vip-kuljetus, mukava hotelli, jossa kaikki ja tietysti loma: aurinko ja meri.<\/p><p>Mainitsen haitat: ep\u00e4mukavuus, koska kukaan meist\u00e4 ei halua olla hammasl\u00e4\u00e4k\u00e4riss\u00e4 ja n\u00e4hd\u00e4 kaikkea, mutta t\u00e4t\u00e4 varten on mahdollista j\u00e4rjest\u00e4\u00e4 yleispuudutus.<\/p><p>Toistaiseksi minulla on silmieni edess\u00e4, ett\u00e4 tytt\u00f6yst\u00e4v\u00e4st\u00e4ni tulee hammaskeijuni ikuisesti, koska h\u00e4n piti hampaani p\u00e4ivystyksen oven takana \ud83d\ude0a<\/p><p>Tunnen itseni luottavaiseksi ja rakastan hymyill\u00e4.&#8221;<\/p>\t\t\t\t\t\t\t\t<\/div>\n\t\t\t\t<\/div>\n\t\t\t\t<div class=\"elementor-element elementor-element-7fa64a1 elementor-widget elementor-widget-heading\" data-id=\"7fa64a1\" data-element_type=\"widget\" data-e-type=\"widget\" data-widget_type=\"heading.default\">\n\t\t\t\t<div class=\"elementor-widget-container\">\n\t\t\t\t\t<h3 class=\"elementor-heading-title elementor-size-default\">Ennen<\/h3>\t\t\t\t<\/div>\n\t\t\t\t<\/div>\n\t\t\t\t\t<\/div>\n\t\t<\/div>\n\t\t\t\t\t<\/div>\n\t\t<\/section>\n\t\t\t\t<section class=\"elementor-section elementor-top-section elementor-element elementor-element-7f980ce elementor-section-boxed elementor-section-height-default elementor-section-height-default\" data-id=\"7f980ce\" data-element_type=\"section\" data-e-type=\"section\">\n\t\t\t\t\t\t<div class=\"elementor-container elementor-column-gap-default\">\n\t\t\t\t\t<div class=\"elementor-column elementor-col-100 elementor-top-column elementor-element elementor-element-0d77a7c\" data-id=\"0d77a7c\" data-element_type=\"column\" data-e-type=\"column\">\n\t\t\t<div class=\"elementor-widget-wrap elementor-element-populated\">\n\t\t\t\t\t\t<div class=\"elementor-element elementor-element-d23f98e elementor-widget elementor-widget-image-gallery\" data-id=\"d23f98e\" data-element_type=\"widget\" data-e-type=\"widget\" data-widget_type=\"image-gallery.default\">\n\t\t\t\t<div class=\"elementor-widget-container\">\n\t\t\t\t\t\t\t<div class=\"elementor-image-gallery\">\n\t\t\t<div id='gallery-1' class='gallery galleryid-5272 gallery-columns-4 gallery-size-woocommerce_thumbnail'><figure class='gallery-item'>\n\t\t\t<div class='gallery-icon landscape'>\n\t\t\t\t<a data-elementor-open-lightbox=\"yes\" data-elementor-lightbox-slideshow=\"d23f98e\" data-elementor-lightbox-title=\"Bodymed Eesti Elery lugu\" data-e-action-hash=\"#elementor-action%3Aaction%3Dlightbox%26settings%3DeyJpZCI6NTE4OSwidXJsIjoiaHR0cHM6XC9cL2JvZHltZWQuZWVcL3dwLWNvbnRlbnRcL3VwbG9hZHNcLzIwMjRcLzAxXC9Cb2R5bWVkLUVlc3RpLUVsZXJ5LWx1Z3UtMS5qcGVnIiwic2xpZGVzaG93IjoiZDIzZjk4ZSJ9\" href=\"https:\/\/bodymed.ee\/wp-content\/uploads\/2024\/01\/Bodymed-Eesti-Elery-lugu-1.jpeg\"><img decoding=\"async\" width=\"300\" height=\"300\" src=\"https:\/\/bodymed.ee\/wp-content\/uploads\/2024\/01\/Bodymed-Eesti-Elery-lugu-1-300x300.jpeg\" class=\"attachment-woocommerce_thumbnail size-woocommerce_thumbnail\" alt=\"\" srcset=\"https:\/\/bodymed.ee\/wp-content\/uploads\/2024\/01\/Bodymed-Eesti-Elery-lugu-1-300x300.jpeg 300w, https:\/\/bodymed.ee\/wp-content\/uploads\/2024\/01\/Bodymed-Eesti-Elery-lugu-1-150x150.jpeg 150w, https:\/\/bodymed.ee\/wp-content\/uploads\/2024\/01\/Bodymed-Eesti-Elery-lugu-1-100x100.jpeg 100w\" sizes=\"(max-width: 300px) 100vw, 300px\" \/><\/a>\n\t\t\t<\/div><\/figure><figure class='gallery-item'>\n\t\t\t<div class='gallery-icon portrait'>\n\t\t\t\t<a data-elementor-open-lightbox=\"yes\" data-elementor-lightbox-slideshow=\"d23f98e\" data-elementor-lightbox-title=\"Bodymed Eesti Elery lugu 4\" data-e-action-hash=\"#elementor-action%3Aaction%3Dlightbox%26settings%3DeyJpZCI6NTE4NCwidXJsIjoiaHR0cHM6XC9cL2JvZHltZWQuZWVcL3dwLWNvbnRlbnRcL3VwbG9hZHNcLzIwMjRcLzAxXC9Cb2R5bWVkLUVlc3RpLUVsZXJ5LWx1Z3UtNC5qcGVnIiwic2xpZGVzaG93IjoiZDIzZjk4ZSJ9\" href=\"https:\/\/bodymed.ee\/wp-content\/uploads\/2024\/01\/Bodymed-Eesti-Elery-lugu-4.jpeg\"><img decoding=\"async\" width=\"300\" height=\"300\" src=\"https:\/\/bodymed.ee\/wp-content\/uploads\/2024\/01\/Bodymed-Eesti-Elery-lugu-4-300x300.jpeg\" class=\"attachment-woocommerce_thumbnail size-woocommerce_thumbnail\" alt=\"\" srcset=\"https:\/\/bodymed.ee\/wp-content\/uploads\/2024\/01\/Bodymed-Eesti-Elery-lugu-4-300x300.jpeg 300w, https:\/\/bodymed.ee\/wp-content\/uploads\/2024\/01\/Bodymed-Eesti-Elery-lugu-4-150x150.jpeg 150w, https:\/\/bodymed.ee\/wp-content\/uploads\/2024\/01\/Bodymed-Eesti-Elery-lugu-4-100x100.jpeg 100w\" sizes=\"(max-width: 300px) 100vw, 300px\" \/><\/a>\n\t\t\t<\/div><\/figure><figure class='gallery-item'>\n\t\t\t<div class='gallery-icon landscape'>\n\t\t\t\t<a data-elementor-open-lightbox=\"yes\" data-elementor-lightbox-slideshow=\"d23f98e\" data-elementor-lightbox-title=\"Bodymed Eesti Elery lugu 2\" data-e-action-hash=\"#elementor-action%3Aaction%3Dlightbox%26settings%3DeyJpZCI6NTE3NCwidXJsIjoiaHR0cHM6XC9cL2JvZHltZWQuZWVcL3dwLWNvbnRlbnRcL3VwbG9hZHNcLzIwMjRcLzAxXC9Cb2R5bWVkLUVlc3RpLUVsZXJ5LWx1Z3UtMi5qcGVnIiwic2xpZGVzaG93IjoiZDIzZjk4ZSJ9\" href=\"https:\/\/bodymed.ee\/wp-content\/uploads\/2024\/01\/Bodymed-Eesti-Elery-lugu-2.jpeg\"><img loading=\"lazy\" decoding=\"async\" width=\"300\" height=\"300\" src=\"https:\/\/bodymed.ee\/wp-content\/uploads\/2024\/01\/Bodymed-Eesti-Elery-lugu-2-300x300.jpeg\" class=\"attachment-woocommerce_thumbnail size-woocommerce_thumbnail\" alt=\"\" srcset=\"https:\/\/bodymed.ee\/wp-content\/uploads\/2024\/01\/Bodymed-Eesti-Elery-lugu-2-300x300.jpeg 300w, https:\/\/bodymed.ee\/wp-content\/uploads\/2024\/01\/Bodymed-Eesti-Elery-lugu-2-150x150.jpeg 150w, https:\/\/bodymed.ee\/wp-content\/uploads\/2024\/01\/Bodymed-Eesti-Elery-lugu-2-100x100.jpeg 100w\" sizes=\"(max-width: 300px) 100vw, 300px\" \/><\/a>\n\t\t\t<\/div><\/figure><figure class='gallery-item'>\n\t\t\t<div class='gallery-icon landscape'>\n\t\t\t\t<a data-elementor-open-lightbox=\"yes\" data-elementor-lightbox-slideshow=\"d23f98e\" data-elementor-lightbox-title=\"Bodymed Eesti Elery lugu 3\" data-e-action-hash=\"#elementor-action%3Aaction%3Dlightbox%26settings%3DeyJpZCI6NTE3OSwidXJsIjoiaHR0cHM6XC9cL2JvZHltZWQuZWVcL3dwLWNvbnRlbnRcL3VwbG9hZHNcLzIwMjRcLzAxXC9Cb2R5bWVkLUVlc3RpLUVsZXJ5LWx1Z3UtMy5qcGVnIiwic2xpZGVzaG93IjoiZDIzZjk4ZSJ9\" href=\"https:\/\/bodymed.ee\/wp-content\/uploads\/2024\/01\/Bodymed-Eesti-Elery-lugu-3.jpeg\"><img loading=\"lazy\" decoding=\"async\" width=\"300\" height=\"300\" src=\"https:\/\/bodymed.ee\/wp-content\/uploads\/2024\/01\/Bodymed-Eesti-Elery-lugu-3-300x300.jpeg\" class=\"attachment-woocommerce_thumbnail size-woocommerce_thumbnail\" alt=\"\" srcset=\"https:\/\/bodymed.ee\/wp-content\/uploads\/2024\/01\/Bodymed-Eesti-Elery-lugu-3-300x300.jpeg 300w, https:\/\/bodymed.ee\/wp-content\/uploads\/2024\/01\/Bodymed-Eesti-Elery-lugu-3-150x150.jpeg 150w, https:\/\/bodymed.ee\/wp-content\/uploads\/2024\/01\/Bodymed-Eesti-Elery-lugu-3-100x100.jpeg 100w\" sizes=\"(max-width: 300px) 100vw, 300px\" \/><\/a>\n\t\t\t<\/div><\/figure>\n\t\t<\/div>\n\t\t<\/div>\n\t\t\t\t\t\t<\/div>\n\t\t\t\t<\/div>\n\t\t\t\t<div class=\"elementor-element elementor-element-dc11617 elementor-widget elementor-widget-heading\" data-id=\"dc11617\" data-element_type=\"widget\" data-e-type=\"widget\" data-widget_type=\"heading.default\">\n\t\t\t\t<div class=\"elementor-widget-container\">\n\t\t\t\t\t<h3 class=\"elementor-heading-title elementor-size-default\">J\u00e4lkeen<\/h3>\t\t\t\t<\/div>\n\t\t\t\t<\/div>\n\t\t\t\t\t<\/div>\n\t\t<\/div>\n\t\t\t\t\t<\/div>\n\t\t<\/section>\n\t\t\t\t<section class=\"elementor-section elementor-top-section elementor-element elementor-element-1e98c7e elementor-section-boxed elementor-section-height-default elementor-section-height-default\" data-id=\"1e98c7e\" data-element_type=\"section\" data-e-type=\"section\">\n\t\t\t\t\t\t<div class=\"elementor-container elementor-column-gap-default\">\n\t\t\t\t\t<div class=\"elementor-column elementor-col-100 elementor-top-column elementor-element elementor-element-6940ea2\" data-id=\"6940ea2\" data-element_type=\"column\" data-e-type=\"column\">\n\t\t\t<div class=\"elementor-widget-wrap elementor-element-populated\">\n\t\t\t\t\t\t<div class=\"elementor-element elementor-element-9f5dc63 elementor-widget elementor-widget-image-gallery\" data-id=\"9f5dc63\" data-element_type=\"widget\" data-e-type=\"widget\" data-widget_type=\"image-gallery.default\">\n\t\t\t\t<div class=\"elementor-widget-container\">\n\t\t\t\t\t\t\t<div class=\"elementor-image-gallery\">\n\t\t\t<div id='gallery-2' class='gallery galleryid-5272 gallery-columns-5 gallery-size-woocommerce_thumbnail'><figure class='gallery-item'>\n\t\t\t<div class='gallery-icon portrait'>\n\t\t\t\t<a data-elementor-open-lightbox=\"yes\" data-elementor-lightbox-slideshow=\"9f5dc63\" data-elementor-lightbox-title=\"Bodymed Eesti Elery lugu 5\" data-e-action-hash=\"#elementor-action%3Aaction%3Dlightbox%26settings%3DeyJpZCI6NTE5NCwidXJsIjoiaHR0cHM6XC9cL2JvZHltZWQuZWVcL3dwLWNvbnRlbnRcL3VwbG9hZHNcLzIwMjRcLzAxXC9Cb2R5bWVkLUVlc3RpLUVsZXJ5LWx1Z3UtNS5qcGVnIiwic2xpZGVzaG93IjoiOWY1ZGM2MyJ9\" href=\"https:\/\/bodymed.ee\/wp-content\/uploads\/2024\/01\/Bodymed-Eesti-Elery-lugu-5.jpeg\"><img loading=\"lazy\" decoding=\"async\" width=\"300\" height=\"300\" src=\"https:\/\/bodymed.ee\/wp-content\/uploads\/2024\/01\/Bodymed-Eesti-Elery-lugu-5-300x300.jpeg\" class=\"attachment-woocommerce_thumbnail size-woocommerce_thumbnail\" alt=\"\" srcset=\"https:\/\/bodymed.ee\/wp-content\/uploads\/2024\/01\/Bodymed-Eesti-Elery-lugu-5-300x300.jpeg 300w, https:\/\/bodymed.ee\/wp-content\/uploads\/2024\/01\/Bodymed-Eesti-Elery-lugu-5-150x150.jpeg 150w, https:\/\/bodymed.ee\/wp-content\/uploads\/2024\/01\/Bodymed-Eesti-Elery-lugu-5-100x100.jpeg 100w\" sizes=\"(max-width: 300px) 100vw, 300px\" \/><\/a>\n\t\t\t<\/div><\/figure><figure class='gallery-item'>\n\t\t\t<div class='gallery-icon landscape'>\n\t\t\t\t<a data-elementor-open-lightbox=\"yes\" data-elementor-lightbox-slideshow=\"9f5dc63\" data-elementor-lightbox-title=\"Bodymed Eesti Elery lugu 6\" data-e-action-hash=\"#elementor-action%3Aaction%3Dlightbox%26settings%3DeyJpZCI6NTE5OSwidXJsIjoiaHR0cHM6XC9cL2JvZHltZWQuZWVcL3dwLWNvbnRlbnRcL3VwbG9hZHNcLzIwMjRcLzAxXC9Cb2R5bWVkLUVlc3RpLUVsZXJ5LWx1Z3UtNi5qcGVnIiwic2xpZGVzaG93IjoiOWY1ZGM2MyJ9\" href=\"https:\/\/bodymed.ee\/wp-content\/uploads\/2024\/01\/Bodymed-Eesti-Elery-lugu-6.jpeg\"><img loading=\"lazy\" decoding=\"async\" width=\"300\" height=\"300\" src=\"https:\/\/bodymed.ee\/wp-content\/uploads\/2024\/01\/Bodymed-Eesti-Elery-lugu-6-300x300.jpeg\" class=\"attachment-woocommerce_thumbnail size-woocommerce_thumbnail\" alt=\"\" srcset=\"https:\/\/bodymed.ee\/wp-content\/uploads\/2024\/01\/Bodymed-Eesti-Elery-lugu-6-300x300.jpeg 300w, https:\/\/bodymed.ee\/wp-content\/uploads\/2024\/01\/Bodymed-Eesti-Elery-lugu-6-150x150.jpeg 150w, https:\/\/bodymed.ee\/wp-content\/uploads\/2024\/01\/Bodymed-Eesti-Elery-lugu-6-100x100.jpeg 100w\" sizes=\"(max-width: 300px) 100vw, 300px\" \/><\/a>\n\t\t\t<\/div><\/figure><figure class='gallery-item'>\n\t\t\t<div class='gallery-icon portrait'>\n\t\t\t\t<a data-elementor-open-lightbox=\"yes\" data-elementor-lightbox-slideshow=\"9f5dc63\" data-elementor-lightbox-title=\"Bodymed Eesti Elery lugu 7\" data-e-action-hash=\"#elementor-action%3Aaction%3Dlightbox%26settings%3DeyJpZCI6NTIwNCwidXJsIjoiaHR0cHM6XC9cL2JvZHltZWQuZWVcL3dwLWNvbnRlbnRcL3VwbG9hZHNcLzIwMjRcLzAxXC9Cb2R5bWVkLUVlc3RpLUVsZXJ5LWx1Z3UtNy0xLmpwZWciLCJzbGlkZXNob3ciOiI5ZjVkYzYzIn0%3D\" href=\"https:\/\/bodymed.ee\/wp-content\/uploads\/2024\/01\/Bodymed-Eesti-Elery-lugu-7-1.jpeg\"><img loading=\"lazy\" decoding=\"async\" width=\"300\" height=\"300\" src=\"https:\/\/bodymed.ee\/wp-content\/uploads\/2024\/01\/Bodymed-Eesti-Elery-lugu-7-1-300x300.jpeg\" class=\"attachment-woocommerce_thumbnail size-woocommerce_thumbnail\" alt=\"\" srcset=\"https:\/\/bodymed.ee\/wp-content\/uploads\/2024\/01\/Bodymed-Eesti-Elery-lugu-7-1-300x300.jpeg 300w, https:\/\/bodymed.ee\/wp-content\/uploads\/2024\/01\/Bodymed-Eesti-Elery-lugu-7-1-150x150.jpeg 150w, https:\/\/bodymed.ee\/wp-content\/uploads\/2024\/01\/Bodymed-Eesti-Elery-lugu-7-1-100x100.jpeg 100w\" sizes=\"(max-width: 300px) 100vw, 300px\" \/><\/a>\n\t\t\t<\/div><\/figure><figure class='gallery-item'>\n\t\t\t<div class='gallery-icon landscape'>\n\t\t\t\t<a data-elementor-open-lightbox=\"yes\" data-elementor-lightbox-slideshow=\"9f5dc63\" data-elementor-lightbox-title=\"Bodymed Eesti Elery lugu 8\" data-e-action-hash=\"#elementor-action%3Aaction%3Dlightbox%26settings%3DeyJpZCI6NTIwOSwidXJsIjoiaHR0cHM6XC9cL2JvZHltZWQuZWVcL3dwLWNvbnRlbnRcL3VwbG9hZHNcLzIwMjRcLzAxXC9Cb2R5bWVkLUVlc3RpLUVsZXJ5LWx1Z3UtOC5qcGVnIiwic2xpZGVzaG93IjoiOWY1ZGM2MyJ9\" href=\"https:\/\/bodymed.ee\/wp-content\/uploads\/2024\/01\/Bodymed-Eesti-Elery-lugu-8.jpeg\"><img loading=\"lazy\" decoding=\"async\" width=\"300\" height=\"300\" src=\"https:\/\/bodymed.ee\/wp-content\/uploads\/2024\/01\/Bodymed-Eesti-Elery-lugu-8-300x300.jpeg\" class=\"attachment-woocommerce_thumbnail size-woocommerce_thumbnail\" alt=\"\" srcset=\"https:\/\/bodymed.ee\/wp-content\/uploads\/2024\/01\/Bodymed-Eesti-Elery-lugu-8-300x300.jpeg 300w, https:\/\/bodymed.ee\/wp-content\/uploads\/2024\/01\/Bodymed-Eesti-Elery-lugu-8-150x150.jpeg 150w, https:\/\/bodymed.ee\/wp-content\/uploads\/2024\/01\/Bodymed-Eesti-Elery-lugu-8-100x100.jpeg 100w\" sizes=\"(max-width: 300px) 100vw, 300px\" \/><\/a>\n\t\t\t<\/div><\/figure><figure class='gallery-item'>\n\t\t\t<div class='gallery-icon landscape'>\n\t\t\t\t<a data-elementor-open-lightbox=\"yes\" data-elementor-lightbox-slideshow=\"9f5dc63\" data-elementor-lightbox-title=\"Bodymed Eesti Elery lugu 9\" data-e-action-hash=\"#elementor-action%3Aaction%3Dlightbox%26settings%3DeyJpZCI6NTIxNCwidXJsIjoiaHR0cHM6XC9cL2JvZHltZWQuZWVcL3dwLWNvbnRlbnRcL3VwbG9hZHNcLzIwMjRcLzAxXC9Cb2R5bWVkLUVlc3RpLUVsZXJ5LWx1Z3UtOS5qcGVnIiwic2xpZGVzaG93IjoiOWY1ZGM2MyJ9\" href=\"https:\/\/bodymed.ee\/wp-content\/uploads\/2024\/01\/Bodymed-Eesti-Elery-lugu-9.jpeg\"><img loading=\"lazy\" decoding=\"async\" width=\"300\" height=\"300\" src=\"https:\/\/bodymed.ee\/wp-content\/uploads\/2024\/01\/Bodymed-Eesti-Elery-lugu-9-300x300.jpeg\" class=\"attachment-woocommerce_thumbnail size-woocommerce_thumbnail\" alt=\"\" srcset=\"https:\/\/bodymed.ee\/wp-content\/uploads\/2024\/01\/Bodymed-Eesti-Elery-lugu-9-300x300.jpeg 300w, https:\/\/bodymed.ee\/wp-content\/uploads\/2024\/01\/Bodymed-Eesti-Elery-lugu-9-150x150.jpeg 150w, https:\/\/bodymed.ee\/wp-content\/uploads\/2024\/01\/Bodymed-Eesti-Elery-lugu-9-100x100.jpeg 100w\" sizes=\"(max-width: 300px) 100vw, 300px\" \/><\/a>\n\t\t\t<\/div><\/figure>\n\t\t<\/div>\n\t\t<\/div>\n\t\t\t\t\t\t<\/div>\n\t\t\t\t<\/div>\n\t\t\t\t\t<\/div>\n\t\t<\/div>\n\t\t\t\t\t<\/div>\n\t\t<\/section>\n\t\t\t\t<\/div>\n\t\t","protected":false},"excerpt":{"rendered":"<p>Eleryn tarina Elery S on 31-vuotias, kasvattaa yksin pikkupoikaa ja ty\u00f6skentelee sisustussuunnittelijana sek\u00e4 omistaa siivousyrityksen, Koduhaldjas Ellie Elery itse kertoo, mit\u00e4 tapahtui ja miksi h\u00e4n p\u00e4\u00e4tti k\u00e4\u00e4nty\u00e4 tarkastusyhti\u00f6n puoleen: &#8221;Oli mukava ilta, kun sain v\u00e4h\u00e4n rentoutua ja nauttia mukavasta perjantai-illasta yst\u00e4v\u00e4ni C\u00e4rolan kanssa, ilta alkoi niin, ett\u00e4 putosin skootteriltani 25 km\/h teknisten ongelmien takia. siraki, [&hellip;]<\/p>\n","protected":false},"author":14,"featured_media":0,"parent":0,"menu_order":0,"comment_status":"closed","ping_status":"closed","template":"","meta":{"site-sidebar-layout":"no-sidebar","site-content-layout":"page-builder","ast-site-content-layout":"full-width-container","site-content-style":"unboxed","site-sidebar-style":"unboxed","ast-global-header-display":"","ast-banner-title-visibility":"","ast-main-header-display":"","ast-hfb-above-header-display":"","ast-hfb-below-header-display":"","ast-hfb-mobile-header-display":"","site-post-title":"disabled","ast-breadcrumbs-content":"","ast-featured-img":"disabled","footer-sml-layout":"","ast-disable-related-posts":"","theme-transparent-header-meta":"default","adv-header-id-meta":"","stick-header-meta":"","header-above-stick-meta":"","header-main-stick-meta":"","header-below-stick-meta":"","astra-migrate-meta-layouts":"set","ast-page-background-enabled":"default","ast-page-background-meta":{"desktop":{"background-color":"","background-image":"","background-repeat":"repeat","background-position":"center center","background-size":"auto","background-attachment":"scroll","background-type":"","background-media":"","overlay-type":"","overlay-color":"","overlay-opacity":"","overlay-gradient":""},"tablet":{"background-color":"","background-image":"","background-repeat":"repeat","background-position":"center center","background-size":"auto","background-attachment":"scroll","background-type":"","background-media":"","overlay-type":"","overlay-color":"","overlay-opacity":"","overlay-gradient":""},"mobile":{"background-color":"","background-image":"","background-repeat":"repeat","background-position":"center center","background-size":"auto","background-attachment":"scroll","background-type":"","background-media":"","overlay-type":"","overlay-color":"","overlay-opacity":"","overlay-gradient":""}},"ast-content-background-meta":{"desktop":{"background-color":"var(--ast-global-color-5)","background-image":"","background-repeat":"repeat","background-position":"center center","background-size":"auto","background-attachment":"scroll","background-type":"","background-media":"","overlay-type":"","overlay-color":"","overlay-opacity":"","overlay-gradient":""},"tablet":{"background-color":"var(--ast-global-color-5)","background-image":"","background-repeat":"repeat","background-position":"center center","background-size":"auto","background-attachment":"scroll","background-type":"","background-media":"","overlay-type":"","overlay-color":"","overlay-opacity":"","overlay-gradient":""},"mobile":{"background-color":"var(--ast-global-color-5)","background-image":"","background-repeat":"repeat","background-position":"center center","background-size":"auto","background-attachment":"scroll","background-type":"","background-media":"","overlay-type":"","overlay-color":"","overlay-opacity":"","overlay-gradient":""}},"_themeisle_gutenberg_block_has_review":false,"footnotes":""},"class_list":["post-5272","page","type-page","status-publish","hentry"],"_links":{"self":[{"href":"https:\/\/bodymed.ee\/fi\/wp-json\/wp\/v2\/pages\/5272","targetHints":{"allow":["GET"]}}],"collection":[{"href":"https:\/\/bodymed.ee\/fi\/wp-json\/wp\/v2\/pages"}],"about":[{"href":"https:\/\/bodymed.ee\/fi\/wp-json\/wp\/v2\/types\/page"}],"author":[{"embeddable":true,"href":"https:\/\/bodymed.ee\/fi\/wp-json\/wp\/v2\/users\/14"}],"replies":[{"embeddable":true,"href":"https:\/\/bodymed.ee\/fi\/wp-json\/wp\/v2\/comments?post=5272"}],"version-history":[{"count":11,"href":"https:\/\/bodymed.ee\/fi\/wp-json\/wp\/v2\/pages\/5272\/revisions"}],"predecessor-version":[{"id":5319,"href":"https:\/\/bodymed.ee\/fi\/wp-json\/wp\/v2\/pages\/5272\/revisions\/5319"}],"wp:attachment":[{"href":"https:\/\/bodymed.ee\/fi\/wp-json\/wp\/v2\/media?parent=5272"}],"curies":[{"name":"wp","href":"https:\/\/api.w.org\/{rel}","templated":true}]}}