{"id":5381,"date":"2024-02-03T09:50:19","date_gmt":"2024-02-03T09:50:19","guid":{"rendered":"https:\/\/bodymed.ee\/raivo-lugu\/"},"modified":"2024-03-26T12:25:17","modified_gmt":"2024-03-26T12:25:17","slug":"raivo-tarina","status":"publish","type":"page","link":"https:\/\/bodymed.ee\/fi\/raivo-tarina\/","title":{"rendered":"Raivo tarina"},"content":{"rendered":"\t\t<div data-elementor-type=\"wp-page\" data-elementor-id=\"5381\" class=\"elementor elementor-5381 elementor-5366\">\n\t\t\t\t\t\t<section class=\"elementor-section elementor-top-section elementor-element elementor-element-e66eeb5 elementor-section-boxed elementor-section-height-default elementor-section-height-default\" data-id=\"e66eeb5\" data-element_type=\"section\" data-e-type=\"section\">\n\t\t\t\t\t\t<div class=\"elementor-container elementor-column-gap-default\">\n\t\t\t\t\t<div class=\"elementor-column elementor-col-100 elementor-top-column elementor-element elementor-element-27658e6\" data-id=\"27658e6\" data-element_type=\"column\" data-e-type=\"column\">\n\t\t\t<div class=\"elementor-widget-wrap elementor-element-populated\">\n\t\t\t\t\t\t<div class=\"elementor-element elementor-element-5adaa37 elementor-widget elementor-widget-text-editor\" data-id=\"5adaa37\" data-element_type=\"widget\" data-e-type=\"widget\" data-widget_type=\"text-editor.default\">\n\t\t\t\t<div class=\"elementor-widget-container\">\n\t\t\t\t\t\t\t\t\t<p><img fetchpriority=\"high\" decoding=\"async\" src=\"https:\/\/bodymed.ee\/wp-content\/uploads\/2024\/02\/Bodymed-Eesti-Raivo-lugu--241x300.jpeg\" alt=\"\" width=\"218\" height=\"271\" \/><\/p><p>Tehty, lev\u00e4nnyt ja onnellinen!<\/p><p>Yksi suurimmista unelmista pitk\u00e4\u00e4n t\u00e4ss\u00e4 el\u00e4m\u00e4ss\u00e4 oli saada takaisin itseluottamus ja hymy, joka on aina seurannut minua lapsuudesta asti<\/p><p>Ensimm\u00e4inen takaisku t\u00e4h\u00e4n hymyyn tuli toisella luokalla, kun lastenaltaan pohja osui yll\u00e4tt\u00e4en lastenaltaan pohjaan ja rikkoi etuhampaat toisella luokalla. Sen j\u00e4lkeen en ole koskaan el\u00e4m\u00e4ss\u00e4ni hyp\u00e4nnyt p\u00e4\u00e4 edell\u00e4 veteen, enk\u00e4 aio tehd\u00e4k\u00e4\u00e4n. Ja hammasl\u00e4\u00e4k\u00e4riss\u00e4 k\u00e4yminen oli el\u00e4m\u00e4ni suurin pelko.<\/p><p>Jossain vaiheessa sinne laitettiin kruunuja ja kymmenen vuotta sitten nekin vaihdettiin uuteen, mutta ajan my\u00f6t\u00e4 ne upposivat, sivuhampaiden v\u00e4ri vaaleni ja hammasl\u00e4\u00e4k\u00e4rin pelko oli mielet\u00f6n.<\/p><p>Ajat muuttuivat, materiaalit muuttuivat, l\u00e4\u00e4k\u00e4rit vaihtuivat, mutta my\u00f6s Virossa hinnat muuttuivat samalla tavalla, eik\u00e4 x (kertaa) kerran, vaan huomattavasti enemm\u00e4n. Viimeisin hintatarjous Virossa kaikesta ty\u00f6st\u00e4, joka minulle tehtiin Istanbulissa, oli suuruusluokkaa 32 000 plus euroa ja ylim\u00e4\u00e4r\u00e4inen jokaisesta lis\u00e4siirrosta.<\/p><p>Jossain vaiheessa el\u00e4m\u00e4 kuitenkin toi minut yhteen Bodymed Estonian ja Triin Randloo kanssa, joka tarjoaa turvaa ja mahdollisuuden l\u00e4hte\u00e4 luotettaville klinikoille Turkissa. Ker\u00e4sin rohkeusni, otin ensimm\u00e4iset kuvat Virossa ja l\u00e4hetin ne suositellulle klinikalle Istanbuliin. Ei kest\u00e4nyt kauan, kun sielt\u00e4 saapui alkuper\u00e4inen hintatarjous mit\u00e4 tehd\u00e4, miten tehd\u00e4 ja mit\u00e4 lis\u00e4vaihtoehtoja on. Katsoimme Triinan kanssa sen l\u00e4pi ja se vaikutti j\u00e4rkev\u00e4lt\u00e4, joitain asioita piti vain t\u00e4sment\u00e4\u00e4 ja neuvotella.<\/p><p>Asiat laitettiin lukkoon ja sitten j\u00e4rjestettiin ensimm\u00e4inen k\u00e4ynti, kunnollinen majoitus, vastaanotto ja kuljetukset sis\u00e4ltyiv\u00e4t hintaan kuten luvattiin. Klinikalle saapuessa l\u00e4\u00e4k\u00e4ri k\u00e4vi l\u00e4pi kaiken, keskusteltiin riskeist\u00e4 ja mahdollisuuksista, lis\u00e4ttiin asioita, vaihdettiin materiaali parempaan ja sovittiin lopullinen hintatarjous. T\u00e4ss\u00e4 vaiheessa on syyt\u00e4 huomioida, ett\u00e4 Triin oli minuun yhteydess\u00e4 Virosta WhatsAppissa koko prosessin ajan ja sill\u00e4 v\u00e4lin h\u00e4n k\u00e4vi my\u00f6s kiivaita keskusteluja klinikan ihmisten kanssa, jotta ei tulisi kielimuuria ja meid\u00e4n molempien kanssa. ymm\u00e4rt\u00e4isi selv\u00e4sti mit\u00e4 tehtiin, miksi ja miten. Lopulta p\u00e4\u00e4simme selke\u00e4\u00e4n yhteisymm\u00e4rrykseen, laitoimme asian paperille ja teimme sopimuksen molempia osapuolia tyydytt\u00e4v\u00e4ll\u00e4 numerolla.<\/p><p>Ja ty\u00f6 saattoi alkaa. Ensimm\u00e4isen Turkissa oleskelun aikana tehtiin kaikki tarvittavat juurihoidot ja -poistot, laitettiin uudet zirkoniumkruunut ja lopuksi 7 implanttia kerralla\ud83d\ude0a.<\/p><p>Minulle t\u00e4rkeint\u00e4 oli, ett\u00e4 se tehtiin k\u00e4yt\u00e4nn\u00f6ss\u00e4 kivuttomasti. Joka kerta kun asiat meniv\u00e4t liian pahaksi, pyysin viel\u00e4 toisen ja toisen injektion p\u00e4\u00e4st\u00e4kseni yli suurimmasta pelostani (hammasl\u00e4\u00e4k\u00e4ri\ud83d\ude0a) hengiss\u00e4. T\u00e4rke\u00e4\u00e4 on my\u00f6s se, ett\u00e4 jos olimme lopulta sopineet tietyn summan, niin se my\u00f6s pysyi. Jokaisesta uudesta injektiosta (kuten Virossa) tai tehdyst\u00e4 lis\u00e4ty\u00f6st\u00e4 ei tarvinnut maksaa ylim\u00e4\u00e4r\u00e4ist\u00e4.<\/p><p>Sitten j\u00e4i nelj\u00e4 kuukautta v\u00e4liin varmistaakseni, ett\u00e4 kaikki implantit olivat paikoillaan, ja tammikuun lopussa p\u00e4\u00e4sin toiselle k\u00e4ynnille. Se oli muutaman p\u00e4iv\u00e4n pidempi kuin ensimm\u00e4inen, mutta prosessissa kaikki implantit saivat oikeat kruunut, ajoitusta ja sovittamista oli paljon. My\u00f6s aiemmat hiottiin hieman tarkemmin ja uudet sovitettiin t\u00e4sm\u00e4lleen aiemmin asennettujen kanssa. Ja koska pelk\u00e4sin edelleen kipua, annoin rohkeasti heid\u00e4n pit\u00e4\u00e4 hauskaa injektioiden parissa, jotta minun ei tarvitsisi pel\u00e4t\u00e4.<\/p><p>T\u00e4n\u00e4\u00e4n on kaikki tehty, juuret k\u00e4sitelty, kaikkiin hampaisiin laitettu uudet kruunut ja &#8221;Hollywood-hymy&#8221; on saatavilla.<\/p><p>Ja mik\u00e4 t\u00e4rkeint\u00e4, implanteilla on elinik\u00e4inen takuu ja kruunut sen mukaan, mink\u00e4 materiaalin valitset. Muuten valitsin parhaan ja kokonaisinvestointi terveyteeni oli 3 kertaa halvempi kuin viimeinen hintatarjous Virossa\ud83d\ude0a<\/p><p>Suuri kiitos tohtori Erdin\u00e7 Denizille, h\u00e4nen avustajalleen, k\u00e4\u00e4nt\u00e4j\u00e4lleen ja koko Dentakay Clinicin tiimille. Kiitos Triin ja Bodymed Estonia, ett\u00e4 olette aina auttaneet minua t\u00e4ll\u00e4 matkalla tarpeen tullen.<\/p><p>Nyt olen vain iloinen, sill\u00e4 vointini on vihdoin &#8221;korjattu&#8221; viimeisen viiden vuoden aikana ja kaikki tarvittavat &#8221;varaosat&#8221; on vaihdettu ja Vilbaste 3.0 luotu\ud83d\ude0a<\/p><p>J\u00e4\u00e4 vain odottaa tarjouksia Hollywoodista&#8230;<br \/>Raivo toiminta:\u00a0www.icake.ee<\/p>\t\t\t\t\t\t\t\t<\/div>\n\t\t\t\t<\/div>\n\t\t\t\t<div class=\"elementor-element elementor-element-5041870 elementor-widget elementor-widget-image-gallery\" data-id=\"5041870\" data-element_type=\"widget\" data-e-type=\"widget\" data-widget_type=\"image-gallery.default\">\n\t\t\t\t<div class=\"elementor-widget-container\">\n\t\t\t\t\t\t\t<div class=\"elementor-image-gallery\">\n\t\t\t<div id='gallery-1' class='gallery galleryid-5381 gallery-columns-6 gallery-size-medium_large'><figure class='gallery-item'>\n\t\t\t<div class='gallery-icon landscape'>\n\t\t\t\t<a data-elementor-open-lightbox=\"yes\" data-elementor-lightbox-slideshow=\"5041870\" data-elementor-lightbox-title=\"Raivo-lugu-bodymed-.jpg\" data-e-action-hash=\"#elementor-action%3Aaction%3Dlightbox%26settings%3DeyJpZCI6NTU2MSwidXJsIjoiaHR0cHM6XC9cL2JvZHltZWQuZWVcL3dwLWNvbnRlbnRcL3VwbG9hZHNcLzIwMjRcLzAzXC9SYWl2by1sdWd1LWJvZHltZWQtMS01LmpwZyIsInNsaWRlc2hvdyI6IjUwNDE4NzAifQ%3D%3D\" href='https:\/\/bodymed.ee\/wp-content\/uploads\/2024\/03\/Raivo-lugu-bodymed-1-5.jpg'><img decoding=\"async\" width=\"768\" height=\"572\" src=\"https:\/\/bodymed.ee\/wp-content\/uploads\/2024\/03\/Raivo-lugu-bodymed-1-5-768x572.jpg\" class=\"attachment-medium_large size-medium_large\" alt=\"\" srcset=\"https:\/\/bodymed.ee\/wp-content\/uploads\/2024\/03\/Raivo-lugu-bodymed-1-5-768x572.jpg 768w, https:\/\/bodymed.ee\/wp-content\/uploads\/2024\/03\/Raivo-lugu-bodymed-1-5-300x223.jpg 300w, https:\/\/bodymed.ee\/wp-content\/uploads\/2024\/03\/Raivo-lugu-bodymed-1-5-1024x762.jpg 1024w, https:\/\/bodymed.ee\/wp-content\/uploads\/2024\/03\/Raivo-lugu-bodymed-1-5-600x447.jpg 600w, https:\/\/bodymed.ee\/wp-content\/uploads\/2024\/03\/Raivo-lugu-bodymed-1-5.jpg 1284w\" sizes=\"(max-width: 768px) 100vw, 768px\" \/><\/a>\n\t\t\t<\/div><\/figure><figure class='gallery-item'>\n\t\t\t<div class='gallery-icon landscape'>\n\t\t\t\t<a data-elementor-open-lightbox=\"yes\" data-elementor-lightbox-slideshow=\"5041870\" data-elementor-lightbox-title=\"Raivo-lugu-bodymed-1-3.jpg\" data-e-action-hash=\"#elementor-action%3Aaction%3Dlightbox%26settings%3DeyJpZCI6NTU2NiwidXJsIjoiaHR0cHM6XC9cL2JvZHltZWQuZWVcL3dwLWNvbnRlbnRcL3VwbG9hZHNcLzIwMjRcLzAzXC9SYWl2by1sdWd1LWJvZHltZWQtMS0zLTEuanBnIiwic2xpZGVzaG93IjoiNTA0MTg3MCJ9\" href='https:\/\/bodymed.ee\/wp-content\/uploads\/2024\/03\/Raivo-lugu-bodymed-1-3-1.jpg'><img decoding=\"async\" width=\"768\" height=\"569\" src=\"https:\/\/bodymed.ee\/wp-content\/uploads\/2024\/03\/Raivo-lugu-bodymed-1-3-1-768x569.jpg\" class=\"attachment-medium_large size-medium_large\" alt=\"\" srcset=\"https:\/\/bodymed.ee\/wp-content\/uploads\/2024\/03\/Raivo-lugu-bodymed-1-3-1-768x569.jpg 768w, https:\/\/bodymed.ee\/wp-content\/uploads\/2024\/03\/Raivo-lugu-bodymed-1-3-1-300x222.jpg 300w, https:\/\/bodymed.ee\/wp-content\/uploads\/2024\/03\/Raivo-lugu-bodymed-1-3-1-1024x759.jpg 1024w, https:\/\/bodymed.ee\/wp-content\/uploads\/2024\/03\/Raivo-lugu-bodymed-1-3-1-600x445.jpg 600w, https:\/\/bodymed.ee\/wp-content\/uploads\/2024\/03\/Raivo-lugu-bodymed-1-3-1.jpg 1284w\" sizes=\"(max-width: 768px) 100vw, 768px\" \/><\/a>\n\t\t\t<\/div><\/figure><figure class='gallery-item'>\n\t\t\t<div class='gallery-icon landscape'>\n\t\t\t\t<a data-elementor-open-lightbox=\"yes\" data-elementor-lightbox-slideshow=\"5041870\" data-elementor-lightbox-title=\"Raivo-lugu-bodymed-.-.jpg\" data-e-action-hash=\"#elementor-action%3Aaction%3Dlightbox%26settings%3DeyJpZCI6NTU3MSwidXJsIjoiaHR0cHM6XC9cL2JvZHltZWQuZWVcL3dwLWNvbnRlbnRcL3VwbG9hZHNcLzIwMjRcLzAzXC9SYWl2by1sdWd1LWJvZHltZWQtLi0xLTEuanBnIiwic2xpZGVzaG93IjoiNTA0MTg3MCJ9\" href='https:\/\/bodymed.ee\/wp-content\/uploads\/2024\/03\/Raivo-lugu-bodymed-.-1-1.jpg'><img loading=\"lazy\" decoding=\"async\" width=\"768\" height=\"565\" src=\"https:\/\/bodymed.ee\/wp-content\/uploads\/2024\/03\/Raivo-lugu-bodymed-.-1-1-768x565.jpg\" class=\"attachment-medium_large size-medium_large\" alt=\"\" srcset=\"https:\/\/bodymed.ee\/wp-content\/uploads\/2024\/03\/Raivo-lugu-bodymed-.-1-1-768x565.jpg 768w, https:\/\/bodymed.ee\/wp-content\/uploads\/2024\/03\/Raivo-lugu-bodymed-.-1-1-300x221.jpg 300w, https:\/\/bodymed.ee\/wp-content\/uploads\/2024\/03\/Raivo-lugu-bodymed-.-1-1-1024x754.jpg 1024w, https:\/\/bodymed.ee\/wp-content\/uploads\/2024\/03\/Raivo-lugu-bodymed-.-1-1-600x442.jpg 600w, https:\/\/bodymed.ee\/wp-content\/uploads\/2024\/03\/Raivo-lugu-bodymed-.-1-1.jpg 1284w\" sizes=\"(max-width: 768px) 100vw, 768px\" \/><\/a>\n\t\t\t<\/div><\/figure><figure class='gallery-item'>\n\t\t\t<div class='gallery-icon landscape'>\n\t\t\t\t<a data-elementor-open-lightbox=\"yes\" data-elementor-lightbox-slideshow=\"5041870\" data-elementor-lightbox-title=\"Raivo-lugu-bodymed-1-1.jpg\" data-e-action-hash=\"#elementor-action%3Aaction%3Dlightbox%26settings%3DeyJpZCI6NTU3NiwidXJsIjoiaHR0cHM6XC9cL2JvZHltZWQuZWVcL3dwLWNvbnRlbnRcL3VwbG9hZHNcLzIwMjRcLzAzXC9SYWl2by1sdWd1LWJvZHltZWQtMS0xLTEuanBnIiwic2xpZGVzaG93IjoiNTA0MTg3MCJ9\" href='https:\/\/bodymed.ee\/wp-content\/uploads\/2024\/03\/Raivo-lugu-bodymed-1-1-1.jpg'><img loading=\"lazy\" decoding=\"async\" width=\"768\" height=\"580\" src=\"https:\/\/bodymed.ee\/wp-content\/uploads\/2024\/03\/Raivo-lugu-bodymed-1-1-1-768x580.jpg\" class=\"attachment-medium_large size-medium_large\" alt=\"\" srcset=\"https:\/\/bodymed.ee\/wp-content\/uploads\/2024\/03\/Raivo-lugu-bodymed-1-1-1-768x580.jpg 768w, https:\/\/bodymed.ee\/wp-content\/uploads\/2024\/03\/Raivo-lugu-bodymed-1-1-1-300x227.jpg 300w, https:\/\/bodymed.ee\/wp-content\/uploads\/2024\/03\/Raivo-lugu-bodymed-1-1-1-1024x774.jpg 1024w, https:\/\/bodymed.ee\/wp-content\/uploads\/2024\/03\/Raivo-lugu-bodymed-1-1-1-600x453.jpg 600w, https:\/\/bodymed.ee\/wp-content\/uploads\/2024\/03\/Raivo-lugu-bodymed-1-1-1.jpg 1284w\" sizes=\"(max-width: 768px) 100vw, 768px\" \/><\/a>\n\t\t\t<\/div><\/figure><figure class='gallery-item'>\n\t\t\t<div class='gallery-icon landscape'>\n\t\t\t\t<a data-elementor-open-lightbox=\"yes\" data-elementor-lightbox-slideshow=\"5041870\" data-elementor-lightbox-title=\"Raivo-lugu-bodymed-1-2.jpg\" data-e-action-hash=\"#elementor-action%3Aaction%3Dlightbox%26settings%3DeyJpZCI6NTU4MSwidXJsIjoiaHR0cHM6XC9cL2JvZHltZWQuZWVcL3dwLWNvbnRlbnRcL3VwbG9hZHNcLzIwMjRcLzAzXC9SYWl2by1sdWd1LWJvZHltZWQtMS0yLTEuanBnIiwic2xpZGVzaG93IjoiNTA0MTg3MCJ9\" href='https:\/\/bodymed.ee\/wp-content\/uploads\/2024\/03\/Raivo-lugu-bodymed-1-2-1.jpg'><img loading=\"lazy\" decoding=\"async\" width=\"768\" height=\"577\" src=\"https:\/\/bodymed.ee\/wp-content\/uploads\/2024\/03\/Raivo-lugu-bodymed-1-2-1-768x577.jpg\" class=\"attachment-medium_large size-medium_large\" alt=\"\" srcset=\"https:\/\/bodymed.ee\/wp-content\/uploads\/2024\/03\/Raivo-lugu-bodymed-1-2-1-768x577.jpg 768w, https:\/\/bodymed.ee\/wp-content\/uploads\/2024\/03\/Raivo-lugu-bodymed-1-2-1-300x225.jpg 300w, https:\/\/bodymed.ee\/wp-content\/uploads\/2024\/03\/Raivo-lugu-bodymed-1-2-1-1024x769.jpg 1024w, https:\/\/bodymed.ee\/wp-content\/uploads\/2024\/03\/Raivo-lugu-bodymed-1-2-1-600x450.jpg 600w, https:\/\/bodymed.ee\/wp-content\/uploads\/2024\/03\/Raivo-lugu-bodymed-1-2-1.jpg 1284w\" sizes=\"(max-width: 768px) 100vw, 768px\" \/><\/a>\n\t\t\t<\/div><\/figure><figure class='gallery-item'>\n\t\t\t<div class='gallery-icon landscape'>\n\t\t\t\t<a data-elementor-open-lightbox=\"yes\" data-elementor-lightbox-slideshow=\"5041870\" data-elementor-lightbox-title=\"Raivo-lugu-bodymed-1-4.jpg\" data-e-action-hash=\"#elementor-action%3Aaction%3Dlightbox%26settings%3DeyJpZCI6NTU4NiwidXJsIjoiaHR0cHM6XC9cL2JvZHltZWQuZWVcL3dwLWNvbnRlbnRcL3VwbG9hZHNcLzIwMjRcLzAzXC9SYWl2by1sdWd1LWJvZHltZWQtMS00LTEuanBnIiwic2xpZGVzaG93IjoiNTA0MTg3MCJ9\" href='https:\/\/bodymed.ee\/wp-content\/uploads\/2024\/03\/Raivo-lugu-bodymed-1-4-1.jpg'><img loading=\"lazy\" decoding=\"async\" width=\"768\" height=\"570\" src=\"https:\/\/bodymed.ee\/wp-content\/uploads\/2024\/03\/Raivo-lugu-bodymed-1-4-1-768x570.jpg\" class=\"attachment-medium_large size-medium_large\" alt=\"\" srcset=\"https:\/\/bodymed.ee\/wp-content\/uploads\/2024\/03\/Raivo-lugu-bodymed-1-4-1-768x570.jpg 768w, https:\/\/bodymed.ee\/wp-content\/uploads\/2024\/03\/Raivo-lugu-bodymed-1-4-1-300x223.jpg 300w, https:\/\/bodymed.ee\/wp-content\/uploads\/2024\/03\/Raivo-lugu-bodymed-1-4-1-1024x760.jpg 1024w, https:\/\/bodymed.ee\/wp-content\/uploads\/2024\/03\/Raivo-lugu-bodymed-1-4-1-600x445.jpg 600w, https:\/\/bodymed.ee\/wp-content\/uploads\/2024\/03\/Raivo-lugu-bodymed-1-4-1.jpg 1284w\" sizes=\"(max-width: 768px) 100vw, 768px\" \/><\/a>\n\t\t\t<\/div><\/figure>\n\t\t<\/div>\n\t\t<\/div>\n\t\t\t\t\t\t<\/div>\n\t\t\t\t<\/div>\n\t\t\t\t\t<\/div>\n\t\t<\/div>\n\t\t\t\t\t<\/div>\n\t\t<\/section>\n\t\t\t\t<\/div>\n\t\t","protected":false},"excerpt":{"rendered":"<p>Tehty, lev\u00e4nnyt ja onnellinen! Yksi suurimmista unelmista pitk\u00e4\u00e4n t\u00e4ss\u00e4 el\u00e4m\u00e4ss\u00e4 oli saada takaisin itseluottamus ja hymy, joka on aina seurannut minua lapsuudesta asti Ensimm\u00e4inen takaisku t\u00e4h\u00e4n hymyyn tuli toisella luokalla, kun lastenaltaan pohja osui yll\u00e4tt\u00e4en lastenaltaan pohjaan ja rikkoi etuhampaat toisella luokalla. Sen j\u00e4lkeen en ole koskaan el\u00e4m\u00e4ss\u00e4ni hyp\u00e4nnyt p\u00e4\u00e4 edell\u00e4 veteen, enk\u00e4 aio tehd\u00e4k\u00e4\u00e4n. [&hellip;]<\/p>\n","protected":false},"author":14,"featured_media":0,"parent":0,"menu_order":0,"comment_status":"closed","ping_status":"closed","template":"","meta":{"site-sidebar-layout":"no-sidebar","site-content-layout":"page-builder","ast-site-content-layout":"full-width-container","site-content-style":"unboxed","site-sidebar-style":"unboxed","ast-global-header-display":"","ast-banner-title-visibility":"","ast-main-header-display":"","ast-hfb-above-header-display":"","ast-hfb-below-header-display":"","ast-hfb-mobile-header-display":"","site-post-title":"disabled","ast-breadcrumbs-content":"","ast-featured-img":"disabled","footer-sml-layout":"","ast-disable-related-posts":"","theme-transparent-header-meta":"default","adv-header-id-meta":"","stick-header-meta":"","header-above-stick-meta":"","header-main-stick-meta":"","header-below-stick-meta":"","astra-migrate-meta-layouts":"set","ast-page-background-enabled":"default","ast-page-background-meta":{"desktop":{"background-color":"","background-image":"","background-repeat":"repeat","background-position":"center center","background-size":"auto","background-attachment":"scroll","background-type":"","background-media":"","overlay-type":"","overlay-color":"","overlay-opacity":"","overlay-gradient":""},"tablet":{"background-color":"","background-image":"","background-repeat":"repeat","background-position":"center center","background-size":"auto","background-attachment":"scroll","background-type":"","background-media":"","overlay-type":"","overlay-color":"","overlay-opacity":"","overlay-gradient":""},"mobile":{"background-color":"","background-image":"","background-repeat":"repeat","background-position":"center center","background-size":"auto","background-attachment":"scroll","background-type":"","background-media":"","overlay-type":"","overlay-color":"","overlay-opacity":"","overlay-gradient":""}},"ast-content-background-meta":{"desktop":{"background-color":"var(--ast-global-color-5)","background-image":"","background-repeat":"repeat","background-position":"center center","background-size":"auto","background-attachment":"scroll","background-type":"","background-media":"","overlay-type":"","overlay-color":"","overlay-opacity":"","overlay-gradient":""},"tablet":{"background-color":"var(--ast-global-color-5)","background-image":"","background-repeat":"repeat","background-position":"center center","background-size":"auto","background-attachment":"scroll","background-type":"","background-media":"","overlay-type":"","overlay-color":"","overlay-opacity":"","overlay-gradient":""},"mobile":{"background-color":"var(--ast-global-color-5)","background-image":"","background-repeat":"repeat","background-position":"center center","background-size":"auto","background-attachment":"scroll","background-type":"","background-media":"","overlay-type":"","overlay-color":"","overlay-opacity":"","overlay-gradient":""}},"_themeisle_gutenberg_block_has_review":false,"footnotes":""},"class_list":["post-5381","page","type-page","status-publish","hentry"],"_links":{"self":[{"href":"https:\/\/bodymed.ee\/fi\/wp-json\/wp\/v2\/pages\/5381","targetHints":{"allow":["GET"]}}],"collection":[{"href":"https:\/\/bodymed.ee\/fi\/wp-json\/wp\/v2\/pages"}],"about":[{"href":"https:\/\/bodymed.ee\/fi\/wp-json\/wp\/v2\/types\/page"}],"author":[{"embeddable":true,"href":"https:\/\/bodymed.ee\/fi\/wp-json\/wp\/v2\/users\/14"}],"replies":[{"embeddable":true,"href":"https:\/\/bodymed.ee\/fi\/wp-json\/wp\/v2\/comments?post=5381"}],"version-history":[{"count":14,"href":"https:\/\/bodymed.ee\/fi\/wp-json\/wp\/v2\/pages\/5381\/revisions"}],"predecessor-version":[{"id":5641,"href":"https:\/\/bodymed.ee\/fi\/wp-json\/wp\/v2\/pages\/5381\/revisions\/5641"}],"wp:attachment":[{"href":"https:\/\/bodymed.ee\/fi\/wp-json\/wp\/v2\/media?parent=5381"}],"curies":[{"name":"wp","href":"https:\/\/api.w.org\/{rel}","templated":true}]}}