{"id":6697,"date":"2024-08-29T09:42:26","date_gmt":"2024-08-29T09:42:26","guid":{"rendered":"https:\/\/bodymed.ee\/uus-sarav-naeratus\/"},"modified":"2025-01-03T17:40:28","modified_gmt":"2025-01-03T17:40:28","slug":"uudet-hammaskruunut-turkissa","status":"publish","type":"page","link":"https:\/\/bodymed.ee\/fi\/uudet-hammaskruunut-turkissa\/","title":{"rendered":"Uudet hammaskruunut Turkissa"},"content":{"rendered":"\t\t<div data-elementor-type=\"wp-page\" data-elementor-id=\"6697\" class=\"elementor elementor-6697 elementor-6663\">\n\t\t\t\t\t\t<section class=\"elementor-section elementor-top-section elementor-element elementor-element-85c4504 elementor-section-boxed elementor-section-height-default elementor-section-height-default\" data-id=\"85c4504\" data-element_type=\"section\" data-e-type=\"section\">\n\t\t\t\t\t\t<div class=\"elementor-container elementor-column-gap-default\">\n\t\t\t\t\t<div class=\"elementor-column elementor-col-100 elementor-top-column elementor-element elementor-element-53c66dc\" data-id=\"53c66dc\" data-element_type=\"column\" data-e-type=\"column\">\n\t\t\t<div class=\"elementor-widget-wrap elementor-element-populated\">\n\t\t\t\t\t\t<div class=\"elementor-element elementor-element-2b4a296 elementor-widget elementor-widget-heading\" data-id=\"2b4a296\" data-element_type=\"widget\" data-e-type=\"widget\" data-widget_type=\"heading.default\">\n\t\t\t\t<div class=\"elementor-widget-container\">\n\t\t\t\t\t<h2 class=\"elementor-heading-title elementor-size-default\">Uudet hammaskruunut Turkissa Uusi Kirkas Hymy\n<\/h2>\t\t\t\t<\/div>\n\t\t\t\t<\/div>\n\t\t\t\t<div class=\"elementor-element elementor-element-aefc571 elementor-widget elementor-widget-image\" data-id=\"aefc571\" data-element_type=\"widget\" data-e-type=\"widget\" data-widget_type=\"image.default\">\n\t\t\t\t<div class=\"elementor-widget-container\">\n\t\t\t\t\t\t\t\t\t\t\t\t\t\t\t<img fetchpriority=\"high\" decoding=\"async\" width=\"768\" height=\"511\" src=\"https:\/\/bodymed.ee\/wp-content\/uploads\/2024\/08\/Bodymed-k-768x511.jpeg\" class=\"attachment-medium_large size-medium_large wp-image-6664\" alt=\"\" srcset=\"https:\/\/bodymed.ee\/wp-content\/uploads\/2024\/08\/Bodymed-k-768x511.jpeg 768w, https:\/\/bodymed.ee\/wp-content\/uploads\/2024\/08\/Bodymed-k-300x200.jpeg 300w, https:\/\/bodymed.ee\/wp-content\/uploads\/2024\/08\/Bodymed-k-1024x682.jpeg 1024w, https:\/\/bodymed.ee\/wp-content\/uploads\/2024\/08\/Bodymed-k-1536x1022.jpeg 1536w, https:\/\/bodymed.ee\/wp-content\/uploads\/2024\/08\/Bodymed-k-600x399.jpeg 600w, https:\/\/bodymed.ee\/wp-content\/uploads\/2024\/08\/Bodymed-k.jpeg 2048w\" sizes=\"(max-width: 768px) 100vw, 768px\" \/>\t\t\t\t\t\t\t\t\t\t\t\t\t\t\t<\/div>\n\t\t\t\t<\/div>\n\t\t\t\t<div class=\"elementor-element elementor-element-c3000b6 elementor-widget elementor-widget-text-editor\" data-id=\"c3000b6\" data-element_type=\"widget\" data-e-type=\"widget\" data-widget_type=\"text-editor.default\">\n\t\t\t\t<div class=\"elementor-widget-container\">\n\t\t\t\t\t\t\t\t\t<p>Olin pitk\u00e4\u00e4n haaveillut rintojen lis\u00e4\u00e4misest\u00e4 ja uudesta loistavasta hymyst\u00e4. Ajattelematta kauemmin aloin tutkia erilaisia \u200b\u200btapoja. L\u00f6ysin Instagramista sopivan yrityksen, joka tarjosi tarkalleen tarvitsemani palvelut. Otin yhteytt\u00e4 Bodymed. Aluksi voin aluksi tuntea v\u00e4h\u00e4n tiet\u00e4m\u00e4tt\u00f6myyden pelkoa, mutta viestint\u00e4 heid\u00e4n tiimins\u00e4 kanssa oli eritt\u00e4in l\u00e4mmin ja herkk\u00e4, mik\u00e4 antoi minulle rohkeutta ja luottamusta. Lis\u00e4ksi se oli pelk\u00e4st\u00e4\u00e4n ensimm\u00e4inen matkani, mik\u00e4 teki tilanteesta viel\u00e4kin ahdistuneemman. BodymeDestonia oli siell\u00e4 minulle 24\/7. Aina hy\u00f6dyllinen ja valmis vastaamaan kaikkiin kysymyksiin. Tiesin heti, ett\u00e4 vieress\u00e4ni oli luotettava kumppani ja olin tehnyt oikean p\u00e4\u00e4t\u00f6ksen. Ensimm\u00e4iset toimenpiteeni kulkivat eritt\u00e4in nopeasti ja kivuttomasti, ylitt\u00e4en kaikki odotukseni. Kaikki pelot h\u00e4visiv\u00e4t ja tunsin heti olevan paljon varmempi. L\u00e4mpim\u00e4n ja hy\u00f6dyllisen viestinn\u00e4n BodymeDestonian ansiosta kaikki kokemukset olivat eritt\u00e4in positiivisia. T\u00e4n\u00e4\u00e4n uskallan ehdottomasti suositella BodymeDestonia -yrityst\u00e4 jokaiselle naiselle, joka on haaveillut jostakin vastaavasta, Carol!<\/p>\t\t\t\t\t\t\t\t<\/div>\n\t\t\t\t<\/div>\n\t\t\t\t\t<\/div>\n\t\t<\/div>\n\t\t\t\t\t<\/div>\n\t\t<\/section>\n\t\t\t\t<\/div>\n\t\t","protected":false},"excerpt":{"rendered":"<p>Uudet hammaskruunut Turkissa Uusi Kirkas Hymy Olin pitk\u00e4\u00e4n haaveillut rintojen lis\u00e4\u00e4misest\u00e4 ja uudesta loistavasta hymyst\u00e4. Ajattelematta kauemmin aloin tutkia erilaisia \u200b\u200btapoja. L\u00f6ysin Instagramista sopivan yrityksen, joka tarjosi tarkalleen tarvitsemani palvelut. Otin yhteytt\u00e4 Bodymed. Aluksi voin aluksi tuntea v\u00e4h\u00e4n tiet\u00e4m\u00e4tt\u00f6myyden pelkoa, mutta viestint\u00e4 heid\u00e4n tiimins\u00e4 kanssa oli eritt\u00e4in l\u00e4mmin ja herkk\u00e4, mik\u00e4 antoi minulle rohkeutta ja [&hellip;]<\/p>\n","protected":false},"author":1,"featured_media":0,"parent":0,"menu_order":0,"comment_status":"closed","ping_status":"closed","template":"","meta":{"site-sidebar-layout":"no-sidebar","site-content-layout":"page-builder","ast-site-content-layout":"full-width-container","site-content-style":"unboxed","site-sidebar-style":"unboxed","ast-global-header-display":"","ast-banner-title-visibility":"","ast-main-header-display":"","ast-hfb-above-header-display":"","ast-hfb-below-header-display":"","ast-hfb-mobile-header-display":"","site-post-title":"disabled","ast-breadcrumbs-content":"","ast-featured-img":"disabled","footer-sml-layout":"","ast-disable-related-posts":"","theme-transparent-header-meta":"default","adv-header-id-meta":"","stick-header-meta":"","header-above-stick-meta":"","header-main-stick-meta":"","header-below-stick-meta":"","astra-migrate-meta-layouts":"set","ast-page-background-enabled":"default","ast-page-background-meta":{"desktop":{"background-color":"","background-image":"","background-repeat":"repeat","background-position":"center center","background-size":"auto","background-attachment":"scroll","background-type":"","background-media":"","overlay-type":"","overlay-color":"","overlay-opacity":"","overlay-gradient":""},"tablet":{"background-color":"","background-image":"","background-repeat":"repeat","background-position":"center center","background-size":"auto","background-attachment":"scroll","background-type":"","background-media":"","overlay-type":"","overlay-color":"","overlay-opacity":"","overlay-gradient":""},"mobile":{"background-color":"","background-image":"","background-repeat":"repeat","background-position":"center center","background-size":"auto","background-attachment":"scroll","background-type":"","background-media":"","overlay-type":"","overlay-color":"","overlay-opacity":"","overlay-gradient":""}},"ast-content-background-meta":{"desktop":{"background-color":"var(--ast-global-color-5)","background-image":"","background-repeat":"repeat","background-position":"center center","background-size":"auto","background-attachment":"scroll","background-type":"","background-media":"","overlay-type":"","overlay-color":"","overlay-opacity":"","overlay-gradient":""},"tablet":{"background-color":"var(--ast-global-color-5)","background-image":"","background-repeat":"repeat","background-position":"center center","background-size":"auto","background-attachment":"scroll","background-type":"","background-media":"","overlay-type":"","overlay-color":"","overlay-opacity":"","overlay-gradient":""},"mobile":{"background-color":"var(--ast-global-color-5)","background-image":"","background-repeat":"repeat","background-position":"center center","background-size":"auto","background-attachment":"scroll","background-type":"","background-media":"","overlay-type":"","overlay-color":"","overlay-opacity":"","overlay-gradient":""}},"_themeisle_gutenberg_block_has_review":false,"footnotes":""},"class_list":["post-6697","page","type-page","status-publish","hentry"],"_links":{"self":[{"href":"https:\/\/bodymed.ee\/fi\/wp-json\/wp\/v2\/pages\/6697","targetHints":{"allow":["GET"]}}],"collection":[{"href":"https:\/\/bodymed.ee\/fi\/wp-json\/wp\/v2\/pages"}],"about":[{"href":"https:\/\/bodymed.ee\/fi\/wp-json\/wp\/v2\/types\/page"}],"author":[{"embeddable":true,"href":"https:\/\/bodymed.ee\/fi\/wp-json\/wp\/v2\/users\/1"}],"replies":[{"embeddable":true,"href":"https:\/\/bodymed.ee\/fi\/wp-json\/wp\/v2\/comments?post=6697"}],"version-history":[{"count":17,"href":"https:\/\/bodymed.ee\/fi\/wp-json\/wp\/v2\/pages\/6697\/revisions"}],"predecessor-version":[{"id":7395,"href":"https:\/\/bodymed.ee\/fi\/wp-json\/wp\/v2\/pages\/6697\/revisions\/7395"}],"wp:attachment":[{"href":"https:\/\/bodymed.ee\/fi\/wp-json\/wp\/v2\/media?parent=6697"}],"curies":[{"name":"wp","href":"https:\/\/api.w.org\/{rel}","templated":true}]}}