{"id":7374,"date":"2025-01-03T17:23:55","date_gmt":"2025-01-03T17:23:55","guid":{"rendered":"https:\/\/bodymed.ee\/eve-hambaravi-turgis\/"},"modified":"2025-01-03T17:27:00","modified_gmt":"2025-01-03T17:27:00","slug":"eve-hammaslaaketiede-turkissa","status":"publish","type":"page","link":"https:\/\/bodymed.ee\/fi\/eve-hammaslaaketiede-turkissa\/","title":{"rendered":"Eve hammasl\u00e4\u00e4ketiede Turkissa"},"content":{"rendered":"\t\t<div data-elementor-type=\"wp-page\" data-elementor-id=\"7374\" class=\"elementor elementor-7374 elementor-6928\">\n\t\t\t\t\t\t<section class=\"elementor-section elementor-top-section elementor-element elementor-element-5f10240 elementor-section-boxed elementor-section-height-default elementor-section-height-default\" data-id=\"5f10240\" data-element_type=\"section\" data-e-type=\"section\">\n\t\t\t\t\t\t<div class=\"elementor-container elementor-column-gap-default\">\n\t\t\t\t\t<div class=\"elementor-column elementor-col-100 elementor-top-column elementor-element elementor-element-4254fa3\" data-id=\"4254fa3\" data-element_type=\"column\" data-e-type=\"column\">\n\t\t\t<div class=\"elementor-widget-wrap elementor-element-populated\">\n\t\t\t\t\t\t<div class=\"elementor-element elementor-element-7f6569b elementor-widget elementor-widget-heading\" data-id=\"7f6569b\" data-element_type=\"widget\" data-e-type=\"widget\" data-widget_type=\"heading.default\">\n\t\t\t\t<div class=\"elementor-widget-container\">\n\t\t\t\t\t<h2 class=\"elementor-heading-title elementor-size-default\">Eve hammasl\u00e4\u00e4ketiede Turkissa<\/h2>\t\t\t\t<\/div>\n\t\t\t\t<\/div>\n\t\t\t\t<div class=\"elementor-element elementor-element-84b69a3 elementor-widget elementor-widget-image\" data-id=\"84b69a3\" data-element_type=\"widget\" data-e-type=\"widget\" data-widget_type=\"image.default\">\n\t\t\t\t<div class=\"elementor-widget-container\">\n\t\t\t\t\t\t\t\t\t\t\t\t\t\t\t<img fetchpriority=\"high\" decoding=\"async\" width=\"474\" height=\"286\" src=\"https:\/\/bodymed.ee\/wp-content\/uploads\/2024\/09\/Screenshot-2024-09-13-at-23.26.34.png\" class=\"attachment-large size-large wp-image-6934\" alt=\"Eve hammasl\u00e4\u00e4ketiede Turkissa\" srcset=\"https:\/\/bodymed.ee\/wp-content\/uploads\/2024\/09\/Screenshot-2024-09-13-at-23.26.34.png 474w, https:\/\/bodymed.ee\/wp-content\/uploads\/2024\/09\/Screenshot-2024-09-13-at-23.26.34-300x181.png 300w\" sizes=\"(max-width: 474px) 100vw, 474px\" \/>\t\t\t\t\t\t\t\t\t\t\t\t\t\t\t<\/div>\n\t\t\t\t<\/div>\n\t\t\t\t\t<\/div>\n\t\t<\/div>\n\t\t\t\t\t<\/div>\n\t\t<\/section>\n\t\t\t\t<section class=\"elementor-section elementor-top-section elementor-element elementor-element-aaae3c4 elementor-section-boxed elementor-section-height-default elementor-section-height-default\" data-id=\"aaae3c4\" data-element_type=\"section\" data-e-type=\"section\">\n\t\t\t\t\t\t<div class=\"elementor-container elementor-column-gap-default\">\n\t\t\t\t\t<div class=\"elementor-column elementor-col-100 elementor-top-column elementor-element elementor-element-0fad255\" data-id=\"0fad255\" data-element_type=\"column\" data-e-type=\"column\">\n\t\t\t<div class=\"elementor-widget-wrap elementor-element-populated\">\n\t\t\t\t\t\t<div class=\"elementor-element elementor-element-2aa5f36 elementor-widget elementor-widget-text-editor\" data-id=\"2aa5f36\" data-element_type=\"widget\" data-e-type=\"widget\" data-widget_type=\"text-editor.default\">\n\t\t\t\t<div class=\"elementor-widget-container\">\n\t\t\t\t\t\t\t\t\t<p><strong>Olin tilanteessa, jossa minun piti tehd\u00e4 p\u00e4\u00e4t\u00f6s: aloittaako eritt\u00e4in pitk\u00e4 ja kallis hammashoito Virossa vai voittaa pelkoni ja lent\u00e4\u00e4 Turkkiin, jossa kaikki ty\u00f6t voitaisiin tehd\u00e4 vain 7\u20138 p\u00e4iv\u00e4ss\u00e4 huomattavasti edullisemmin.<\/strong><\/p><p>Koska minulla ei ollut varaa maksaa sit\u00e4 summaa, joka olisi pit\u00e4nyt maksaa kotimaassa, aloin etsi\u00e4 tarkemmin vaihtoehtoja hammashoitoon Turkissa. N\u00e4in l\u00f6ysin <strong>BodyMed Estonian<\/strong> sivuston ja otin yhteytt\u00e4 Triinuun, joka on yksi tukihenkil\u00f6ist\u00e4. Kerroin h\u00e4nelle huolistani, peloistani, ep\u00e4r\u00f6innist\u00e4ni ja ep\u00e4ilyksist\u00e4ni. Triinu vastasi kaikkiin kysymyksiini, rohkaisi minua ja tuki joka askeleella alusta loppuun. H\u00e4n oli todellakin k\u00e4ytett\u00e4viss\u00e4 24\/7. Minun teht\u00e4v\u00e4ni oli vain ostaa lentoliput ja lent\u00e4\u00e4 Istanbuliin.<\/p><p>Olin tietysti my\u00f6s tehnyt perusteellista tutkimusta BodyMedin suosittelemasta klinikasta ja olin vakuuttunut, ett\u00e4 voisin luottaa itseni rauhallisin mielin kyseisen klinikan l\u00e4\u00e4k\u00e4reiden k\u00e4siin. Nyt olen palannut ja olen eritt\u00e4in tyytyv\u00e4inen lopputulokseen. L\u00e4\u00e4k\u00e4reiden ty\u00f6 oli eritt\u00e4in ammattitaitoista, ja klinikka oli varustettu nykyaikaisimmalla teknologialla. K\u00e4ytettiin parhaita materiaaleja ja anestesiaa. Kaikki oli hyvin organisoitua, eik\u00e4 minun tarvinnut huolehtia mist\u00e4\u00e4n.<\/p><p>Kaikki klinikan ty\u00f6ntekij\u00e4t olivat omistautuneita, syd\u00e4mellisi\u00e4 ja tekiv\u00e4t kaikkensa, jotta tunsin oloni turvalliseksi ja hyvin hoidetuksi. Olen niin onnellinen, ett\u00e4 l\u00e4hdin t\u00e4lle matkalle. Sain kaikki hampaani kuntoon, mik\u00e4 olikin p\u00e4\u00e4tavoitteeni. Bonuksena sain kauniin, valkoisen ja s\u00e4teilev\u00e4n hymyn. Nyt minun tarvitsee vain oppia hymyilem\u00e4\u00e4n rohkeasti.<\/p><p><strong>Triinu<\/strong>, ilman rohkaisua ja tukeasi en olisi uskaltanut l\u00e4hte\u00e4 t\u00e4lle matkalle. Navigointi niin suurella ja monipuolisella klinikkakent\u00e4ll\u00e4 kuin Turkissa on eritt\u00e4in haastavaa. Te olette kuitenkin tehneet t\u00e4m\u00e4n ty\u00f6n puolestamme, l\u00f6yt\u00e4neet parhaista parhaat klinikat ja l\u00e4\u00e4k\u00e4rit ja voitte suositella heit\u00e4 luottavaisin mielin. T\u00e4m\u00e4 tuo varmuutta ja mielenrauhaa.<\/p><p>Olen syd\u00e4meni pohjasta kiitollinen koko BodyMed Estonia -tiimille. Ty\u00f6, jota teette, on mittaamattoman arvokasta!<\/p>\t\t\t\t\t\t\t\t<\/div>\n\t\t\t\t<\/div>\n\t\t\t\t<div class=\"elementor-element elementor-element-2438364 gallery-spacing-custom elementor-widget elementor-widget-image-gallery\" data-id=\"2438364\" data-element_type=\"widget\" data-e-type=\"widget\" data-widget_type=\"image-gallery.default\">\n\t\t\t\t<div class=\"elementor-widget-container\">\n\t\t\t\t\t\t\t<div class=\"elementor-image-gallery\">\n\t\t\t<div id='gallery-1' class='gallery galleryid-7374 gallery-columns-5 gallery-size-large'><figure class='gallery-item'>\n\t\t\t<div class='gallery-icon landscape'>\n\t\t\t\t<a data-elementor-open-lightbox=\"yes\" data-elementor-lightbox-slideshow=\"2438364\" data-elementor-lightbox-title=\"WhatsApp Image 2024-10-30 at 11.41.30 (3)\" data-e-action-hash=\"#elementor-action%3Aaction%3Dlightbox%26settings%3DeyJpZCI6NzI5MSwidXJsIjoiaHR0cHM6XC9cL2JvZHltZWQuZWVcL3dwLWNvbnRlbnRcL3VwbG9hZHNcLzIwMjRcLzEwXC9XaGF0c0FwcC1JbWFnZS0yMDI0LTEwLTMwLWF0LTExLjQxLjMwLTMuanBlZyIsInNsaWRlc2hvdyI6IjI0MzgzNjQifQ%3D%3D\" href='https:\/\/bodymed.ee\/wp-content\/uploads\/2024\/10\/WhatsApp-Image-2024-10-30-at-11.41.30-3.jpeg'><img decoding=\"async\" width=\"1024\" height=\"683\" src=\"https:\/\/bodymed.ee\/wp-content\/uploads\/2024\/10\/WhatsApp-Image-2024-10-30-at-11.41.30-3-1024x683.jpeg\" class=\"attachment-large size-large\" alt=\"Eve hambaravi t\u00fcrgis\" srcset=\"https:\/\/bodymed.ee\/wp-content\/uploads\/2024\/10\/WhatsApp-Image-2024-10-30-at-11.41.30-3-1024x683.jpeg 1024w, https:\/\/bodymed.ee\/wp-content\/uploads\/2024\/10\/WhatsApp-Image-2024-10-30-at-11.41.30-3-300x200.jpeg 300w, https:\/\/bodymed.ee\/wp-content\/uploads\/2024\/10\/WhatsApp-Image-2024-10-30-at-11.41.30-3-768x512.jpeg 768w, https:\/\/bodymed.ee\/wp-content\/uploads\/2024\/10\/WhatsApp-Image-2024-10-30-at-11.41.30-3-1536x1024.jpeg 1536w, https:\/\/bodymed.ee\/wp-content\/uploads\/2024\/10\/WhatsApp-Image-2024-10-30-at-11.41.30-3-600x400.jpeg 600w, https:\/\/bodymed.ee\/wp-content\/uploads\/2024\/10\/WhatsApp-Image-2024-10-30-at-11.41.30-3.jpeg 1600w\" sizes=\"(max-width: 1024px) 100vw, 1024px\" \/><\/a>\n\t\t\t<\/div><\/figure><figure class='gallery-item'>\n\t\t\t<div class='gallery-icon landscape'>\n\t\t\t\t<a data-elementor-open-lightbox=\"yes\" data-elementor-lightbox-slideshow=\"2438364\" data-elementor-lightbox-title=\"WhatsApp Image 2024-10-30 at 11.41.31\" data-e-action-hash=\"#elementor-action%3Aaction%3Dlightbox%26settings%3DeyJpZCI6NzMwNiwidXJsIjoiaHR0cHM6XC9cL2JvZHltZWQuZWVcL3dwLWNvbnRlbnRcL3VwbG9hZHNcLzIwMjRcLzEwXC9XaGF0c0FwcC1JbWFnZS0yMDI0LTEwLTMwLWF0LTExLjQxLjMxLmpwZWciLCJzbGlkZXNob3ciOiIyNDM4MzY0In0%3D\" href='https:\/\/bodymed.ee\/wp-content\/uploads\/2024\/10\/WhatsApp-Image-2024-10-30-at-11.41.31.jpeg'><img decoding=\"async\" width=\"1024\" height=\"683\" src=\"https:\/\/bodymed.ee\/wp-content\/uploads\/2024\/10\/WhatsApp-Image-2024-10-30-at-11.41.31-1024x683.jpeg\" class=\"attachment-large size-large\" alt=\"Eve hambaravi t\u00fcrgis\" srcset=\"https:\/\/bodymed.ee\/wp-content\/uploads\/2024\/10\/WhatsApp-Image-2024-10-30-at-11.41.31-1024x683.jpeg 1024w, https:\/\/bodymed.ee\/wp-content\/uploads\/2024\/10\/WhatsApp-Image-2024-10-30-at-11.41.31-300x200.jpeg 300w, https:\/\/bodymed.ee\/wp-content\/uploads\/2024\/10\/WhatsApp-Image-2024-10-30-at-11.41.31-768x512.jpeg 768w, https:\/\/bodymed.ee\/wp-content\/uploads\/2024\/10\/WhatsApp-Image-2024-10-30-at-11.41.31-1536x1024.jpeg 1536w, https:\/\/bodymed.ee\/wp-content\/uploads\/2024\/10\/WhatsApp-Image-2024-10-30-at-11.41.31-600x400.jpeg 600w, https:\/\/bodymed.ee\/wp-content\/uploads\/2024\/10\/WhatsApp-Image-2024-10-30-at-11.41.31.jpeg 1600w\" sizes=\"(max-width: 1024px) 100vw, 1024px\" \/><\/a>\n\t\t\t<\/div><\/figure><figure class='gallery-item'>\n\t\t\t<div class='gallery-icon landscape'>\n\t\t\t\t<a data-elementor-open-lightbox=\"yes\" data-elementor-lightbox-slideshow=\"2438364\" data-elementor-lightbox-title=\"WhatsApp Image 2024-10-30 at 11.41.29\" data-e-action-hash=\"#elementor-action%3Aaction%3Dlightbox%26settings%3DeyJpZCI6NzMxNiwidXJsIjoiaHR0cHM6XC9cL2JvZHltZWQuZWVcL3dwLWNvbnRlbnRcL3VwbG9hZHNcLzIwMjRcLzEwXC9XaGF0c0FwcC1JbWFnZS0yMDI0LTEwLTMwLWF0LTExLjQxLjI5LmpwZWciLCJzbGlkZXNob3ciOiIyNDM4MzY0In0%3D\" href='https:\/\/bodymed.ee\/wp-content\/uploads\/2024\/10\/WhatsApp-Image-2024-10-30-at-11.41.29.jpeg'><img loading=\"lazy\" decoding=\"async\" width=\"1024\" height=\"683\" src=\"https:\/\/bodymed.ee\/wp-content\/uploads\/2024\/10\/WhatsApp-Image-2024-10-30-at-11.41.29-1024x683.jpeg\" class=\"attachment-large size-large\" alt=\"Eve hambaravi t\u00fcrgis\" srcset=\"https:\/\/bodymed.ee\/wp-content\/uploads\/2024\/10\/WhatsApp-Image-2024-10-30-at-11.41.29-1024x683.jpeg 1024w, https:\/\/bodymed.ee\/wp-content\/uploads\/2024\/10\/WhatsApp-Image-2024-10-30-at-11.41.29-300x200.jpeg 300w, https:\/\/bodymed.ee\/wp-content\/uploads\/2024\/10\/WhatsApp-Image-2024-10-30-at-11.41.29-768x512.jpeg 768w, https:\/\/bodymed.ee\/wp-content\/uploads\/2024\/10\/WhatsApp-Image-2024-10-30-at-11.41.29-1536x1024.jpeg 1536w, https:\/\/bodymed.ee\/wp-content\/uploads\/2024\/10\/WhatsApp-Image-2024-10-30-at-11.41.29-600x400.jpeg 600w, https:\/\/bodymed.ee\/wp-content\/uploads\/2024\/10\/WhatsApp-Image-2024-10-30-at-11.41.29.jpeg 1600w\" sizes=\"(max-width: 1024px) 100vw, 1024px\" \/><\/a>\n\t\t\t<\/div><\/figure><figure class='gallery-item'>\n\t\t\t<div class='gallery-icon landscape'>\n\t\t\t\t<a data-elementor-open-lightbox=\"yes\" data-elementor-lightbox-slideshow=\"2438364\" data-elementor-lightbox-title=\"2\" data-e-action-hash=\"#elementor-action%3Aaction%3Dlightbox%26settings%3DeyJpZCI6NzMxMSwidXJsIjoiaHR0cHM6XC9cL2JvZHltZWQuZWVcL3dwLWNvbnRlbnRcL3VwbG9hZHNcLzIwMjRcLzEwXC8yLmpwZWciLCJzbGlkZXNob3ciOiIyNDM4MzY0In0%3D\" href='https:\/\/bodymed.ee\/wp-content\/uploads\/2024\/10\/2.jpeg'><img loading=\"lazy\" decoding=\"async\" width=\"1024\" height=\"683\" src=\"https:\/\/bodymed.ee\/wp-content\/uploads\/2024\/10\/2-1024x683.jpeg\" class=\"attachment-large size-large\" alt=\"Eve hambaravi t\u00fcrgis\" srcset=\"https:\/\/bodymed.ee\/wp-content\/uploads\/2024\/10\/2-1024x683.jpeg 1024w, https:\/\/bodymed.ee\/wp-content\/uploads\/2024\/10\/2-300x200.jpeg 300w, https:\/\/bodymed.ee\/wp-content\/uploads\/2024\/10\/2-768x512.jpeg 768w, https:\/\/bodymed.ee\/wp-content\/uploads\/2024\/10\/2-1536x1024.jpeg 1536w, https:\/\/bodymed.ee\/wp-content\/uploads\/2024\/10\/2-600x400.jpeg 600w, https:\/\/bodymed.ee\/wp-content\/uploads\/2024\/10\/2.jpeg 1600w\" sizes=\"(max-width: 1024px) 100vw, 1024px\" \/><\/a>\n\t\t\t<\/div><\/figure><figure class='gallery-item'>\n\t\t\t<div class='gallery-icon landscape'>\n\t\t\t\t<a data-elementor-open-lightbox=\"yes\" data-elementor-lightbox-slideshow=\"2438364\" data-elementor-lightbox-title=\"WhatsApp Image 2024-10-30 at 11.41.30\" data-e-action-hash=\"#elementor-action%3Aaction%3Dlightbox%26settings%3DeyJpZCI6NzI5NiwidXJsIjoiaHR0cHM6XC9cL2JvZHltZWQuZWVcL3dwLWNvbnRlbnRcL3VwbG9hZHNcLzIwMjRcLzEwXC9XaGF0c0FwcC1JbWFnZS0yMDI0LTEwLTMwLWF0LTExLjQxLjMwLmpwZWciLCJzbGlkZXNob3ciOiIyNDM4MzY0In0%3D\" href='https:\/\/bodymed.ee\/wp-content\/uploads\/2024\/10\/WhatsApp-Image-2024-10-30-at-11.41.30.jpeg'><img loading=\"lazy\" decoding=\"async\" width=\"1024\" height=\"683\" src=\"https:\/\/bodymed.ee\/wp-content\/uploads\/2024\/10\/WhatsApp-Image-2024-10-30-at-11.41.30-1024x683.jpeg\" class=\"attachment-large size-large\" alt=\"Eve hambaravi t\u00fcrgis\" srcset=\"https:\/\/bodymed.ee\/wp-content\/uploads\/2024\/10\/WhatsApp-Image-2024-10-30-at-11.41.30-1024x683.jpeg 1024w, https:\/\/bodymed.ee\/wp-content\/uploads\/2024\/10\/WhatsApp-Image-2024-10-30-at-11.41.30-300x200.jpeg 300w, https:\/\/bodymed.ee\/wp-content\/uploads\/2024\/10\/WhatsApp-Image-2024-10-30-at-11.41.30-768x512.jpeg 768w, https:\/\/bodymed.ee\/wp-content\/uploads\/2024\/10\/WhatsApp-Image-2024-10-30-at-11.41.30-1536x1024.jpeg 1536w, https:\/\/bodymed.ee\/wp-content\/uploads\/2024\/10\/WhatsApp-Image-2024-10-30-at-11.41.30-600x400.jpeg 600w, https:\/\/bodymed.ee\/wp-content\/uploads\/2024\/10\/WhatsApp-Image-2024-10-30-at-11.41.30.jpeg 1600w\" sizes=\"(max-width: 1024px) 100vw, 1024px\" \/><\/a>\n\t\t\t<\/div><\/figure>\n\t\t<\/div>\n\t\t<\/div>\n\t\t\t\t\t\t<\/div>\n\t\t\t\t<\/div>\n\t\t\t\t\t<\/div>\n\t\t<\/div>\n\t\t\t\t\t<\/div>\n\t\t<\/section>\n\t\t\t\t<\/div>\n\t\t","protected":false},"excerpt":{"rendered":"<p>Eve hammasl\u00e4\u00e4ketiede Turkissa Olin tilanteessa, jossa minun piti tehd\u00e4 p\u00e4\u00e4t\u00f6s: aloittaako eritt\u00e4in pitk\u00e4 ja kallis hammashoito Virossa vai voittaa pelkoni ja lent\u00e4\u00e4 Turkkiin, jossa kaikki ty\u00f6t voitaisiin tehd\u00e4 vain 7\u20138 p\u00e4iv\u00e4ss\u00e4 huomattavasti edullisemmin. Koska minulla ei ollut varaa maksaa sit\u00e4 summaa, joka olisi pit\u00e4nyt maksaa kotimaassa, aloin etsi\u00e4 tarkemmin vaihtoehtoja hammashoitoon Turkissa. N\u00e4in l\u00f6ysin BodyMed [&hellip;]<\/p>\n","protected":false},"author":1,"featured_media":6937,"parent":0,"menu_order":0,"comment_status":"closed","ping_status":"closed","template":"","meta":{"site-sidebar-layout":"no-sidebar","site-content-layout":"page-builder","ast-site-content-layout":"full-width-container","site-content-style":"unboxed","site-sidebar-style":"unboxed","ast-global-header-display":"","ast-banner-title-visibility":"","ast-main-header-display":"","ast-hfb-above-header-display":"","ast-hfb-below-header-display":"","ast-hfb-mobile-header-display":"","site-post-title":"disabled","ast-breadcrumbs-content":"","ast-featured-img":"disabled","footer-sml-layout":"","ast-disable-related-posts":"","theme-transparent-header-meta":"default","adv-header-id-meta":"","stick-header-meta":"","header-above-stick-meta":"","header-main-stick-meta":"","header-below-stick-meta":"","astra-migrate-meta-layouts":"set","ast-page-background-enabled":"default","ast-page-background-meta":{"desktop":{"background-color":"","background-image":"","background-repeat":"repeat","background-position":"center center","background-size":"auto","background-attachment":"scroll","background-type":"","background-media":"","overlay-type":"","overlay-color":"","overlay-opacity":"","overlay-gradient":""},"tablet":{"background-color":"","background-image":"","background-repeat":"repeat","background-position":"center center","background-size":"auto","background-attachment":"scroll","background-type":"","background-media":"","overlay-type":"","overlay-color":"","overlay-opacity":"","overlay-gradient":""},"mobile":{"background-color":"","background-image":"","background-repeat":"repeat","background-position":"center center","background-size":"auto","background-attachment":"scroll","background-type":"","background-media":"","overlay-type":"","overlay-color":"","overlay-opacity":"","overlay-gradient":""}},"ast-content-background-meta":{"desktop":{"background-color":"var(--ast-global-color-5)","background-image":"","background-repeat":"repeat","background-position":"center center","background-size":"auto","background-attachment":"scroll","background-type":"","background-media":"","overlay-type":"","overlay-color":"","overlay-opacity":"","overlay-gradient":""},"tablet":{"background-color":"var(--ast-global-color-5)","background-image":"","background-repeat":"repeat","background-position":"center center","background-size":"auto","background-attachment":"scroll","background-type":"","background-media":"","overlay-type":"","overlay-color":"","overlay-opacity":"","overlay-gradient":""},"mobile":{"background-color":"var(--ast-global-color-5)","background-image":"","background-repeat":"repeat","background-position":"center center","background-size":"auto","background-attachment":"scroll","background-type":"","background-media":"","overlay-type":"","overlay-color":"","overlay-opacity":"","overlay-gradient":""}},"_themeisle_gutenberg_block_has_review":false,"footnotes":""},"class_list":["post-7374","page","type-page","status-publish","has-post-thumbnail","hentry"],"_links":{"self":[{"href":"https:\/\/bodymed.ee\/fi\/wp-json\/wp\/v2\/pages\/7374","targetHints":{"allow":["GET"]}}],"collection":[{"href":"https:\/\/bodymed.ee\/fi\/wp-json\/wp\/v2\/pages"}],"about":[{"href":"https:\/\/bodymed.ee\/fi\/wp-json\/wp\/v2\/types\/page"}],"author":[{"embeddable":true,"href":"https:\/\/bodymed.ee\/fi\/wp-json\/wp\/v2\/users\/1"}],"replies":[{"embeddable":true,"href":"https:\/\/bodymed.ee\/fi\/wp-json\/wp\/v2\/comments?post=7374"}],"version-history":[{"count":7,"href":"https:\/\/bodymed.ee\/fi\/wp-json\/wp\/v2\/pages\/7374\/revisions"}],"predecessor-version":[{"id":7382,"href":"https:\/\/bodymed.ee\/fi\/wp-json\/wp\/v2\/pages\/7374\/revisions\/7382"}],"wp:featuredmedia":[{"embeddable":true,"href":"https:\/\/bodymed.ee\/fi\/wp-json\/wp\/v2\/media\/6937"}],"wp:attachment":[{"href":"https:\/\/bodymed.ee\/fi\/wp-json\/wp\/v2\/media?parent=7374"}],"curies":[{"name":"wp","href":"https:\/\/api.w.org\/{rel}","templated":true}]}}